{"id":12183,"date":"2023-08-24T09:58:12","date_gmt":"2023-08-24T09:58:12","guid":{"rendered":"https:\/\/dgzx.hk?post_type=product&#038;p=12183"},"modified":"2025-03-05T11:21:12","modified_gmt":"2025-03-05T11:21:12","slug":"4k-ov8856-sensor-cmos-8mp-hdr-af-auto-focus-with-isp-camera-module-mipi","status":"publish","type":"product","link":"https:\/\/dgzx.hk\/de\/produkt\/4k-ov8856-sensor-cmos-8mp-hdr-af-autofokus-mit-isp-kameramodul-mipi\/","title":{"rendered":"DGZX-AA858A88M12-90 ov8856 Sensor CMOS 8MP 4K HDR AF Autofokus mit ISP MIPI Kameramodul"},"content":{"rendered":"<p style=\"line-height: 2em;\"><span style=\"font-size: 16px; font-family: arial, helvetica, sans-serif;\">Das Sensorkameramodul DGZX-AA858A88M12-90 ov8856 ist eine leistungsstarke Bildgebungsl\u00f6sung mit 8 MP-Aufl\u00f6sung und 4K-HDR-Funktionen. Es verf\u00fcgt \u00fcber Autofokus mit ISP (Bildsignalprozessor) und MIPI-Schnittstelle zur Aufnahme klarer und detaillierter Bilder. Das Modul eignet sich f\u00fcr verschiedene Anwendungen wie \u00dcberwachung, Sicherheit und allgemeine Bildgebung. Das Sensorkameramodul DGZX-AA858A88M12-90 ov8856 liefert qualitativ hochwertige Bilder und ist eine kosteng\u00fcnstige L\u00f6sung f\u00fcr hochaufl\u00f6sende und HDR-Bildgebungsanforderungen.<\/span><\/p>\n<p><img decoding=\"async\" src=\"\/wp-content\/uploads\/image\/20230824\/1692871030681527.jpg\" title=\"1692871030681527.jpg\" alt=\"1.jpg\"\/><img decoding=\"async\" src=\"\/wp-content\/uploads\/image\/20230824\/1692871033677222.jpg\" title=\"1692871033677222.jpg\" alt=\"2.jpg\"\/><img decoding=\"async\" src=\"\/wp-content\/uploads\/image\/20230824\/1692871036961362.jpg\" title=\"1692871036961362.jpg\" alt=\"3.jpg\"\/><img decoding=\"async\" src=\"\/wp-content\/uploads\/image\/20230824\/1692871040967036.jpg\" title=\"1692871040967036.jpg\" alt=\"4.jpg\"\/><img decoding=\"async\" src=\"\/wp-content\/uploads\/image\/20230824\/1692871044900101.jpg\" title=\"1692871044900101.jpg\" alt=\"5.jpg\"\/><img decoding=\"async\" src=\"\/wp-content\/uploads\/image\/20230824\/1692871048983632.jpg\" title=\"1692871048983632.jpg\" alt=\"6.jpg\"\/><img decoding=\"async\" src=\"\/wp-content\/uploads\/image\/20230824\/1692871057235441.jpg\" title=\"1692871057235441.jpg\" alt=\"Hd467726d50bb4f419f0961f9fa143967e.jpg\"\/><\/p>\n<p><img decoding=\"async\" src=\"\/wp-content\/uploads\/image\/20230824\/1692871066341832.jpg\" title=\"1692871066341832.jpg\" alt=\"DGZX-AA858A88M12-90 ov8856 sensor cmos 8mp 4k hdr af auto focus with isp mipi camera module\u63d2\u56fe7\" \/><\/p>\n<p><img decoding=\"async\" src=\"\/wp-content\/uploads\/image\/20230824\/1692871066241976.png\" title=\"1692871066241976.png\" alt=\"DGZX-AA858A88M12-90 ov8856 sensor cmos 8mp 4k hdr af auto focus with isp mipi camera module\u63d2\u56fe8\" \/><\/p>\n<p><img decoding=\"async\" src=\"\/wp-content\/uploads\/image\/20230824\/1692871067121811.png\" title=\"1692871067121811.png\" alt=\"DGZX-AA858A88M12-90 ov8856 sensor cmos 8mp 4k hdr af auto focus with isp mipi camera module\u63d2\u56fe9\" \/><\/p>\n<p><img decoding=\"async\" src=\"\/wp-content\/uploads\/image\/20230824\/1692871067615869.png\" title=\"1692871067615869.png\" alt=\"DGZX-AA858A88M12-90 ov8856 sensor cmos 8mp 4k hdr af auto focus with isp mipi camera module\u63d2\u56fe10\" \/><\/p>\n<p><\/p>","protected":false},"excerpt":{"rendered":"<p>Das Sensorkameramodul DGZX-AA858A88M12-90 ov8856 ist eine leistungsstarke Bildgebungsl\u00f6sung mit 8 MP-Aufl\u00f6sung und 4K-HDR-Funktionen. Es verf\u00fcgt \u00fcber Autofokus mit ISP (Bildsignalprozessor) und MIPI-Schnittstelle zur Aufnahme klarer und detaillierter Bilder. Das Modul eignet sich f\u00fcr verschiedene Anwendungen wie \u00dcberwachung, Sicherheit und allgemeine Bildgebung. Das Sensorkameramodul DGZX-AA858A88M12-90 ov8856 liefert qualitativ hochwertige Bilder und ist eine kosteng\u00fcnstige L\u00f6sung f\u00fcr hochaufl\u00f6sende und HDR-Bildgebungsanforderungen.<\/p>","protected":false},"featured_media":12184,"comment_status":"closed","ping_status":"closed","template":"","meta":{"_eb_attr":""},"product_cat":[312],"product_tag":[483,484,485,473],"class_list":{"0":"post-12183","1":"product","2":"type-product","3":"status-publish","4":"has-post-thumbnail","6":"product_cat-mipi-camera-module","7":"product_tag-ov8858","8":"product_tag-8mp","9":"product_tag-csi","10":"product_tag-mipi","11":"pa_resolution-8mp-4k-camera-module","13":"first","14":"instock","15":"shipping-taxable","16":"product-type-simple"},"_links":{"self":[{"href":"https:\/\/dgzx.hk\/de\/wp-json\/wp\/v2\/product\/12183","targetHints":{"allow":["GET"]}}],"collection":[{"href":"https:\/\/dgzx.hk\/de\/wp-json\/wp\/v2\/product"}],"about":[{"href":"https:\/\/dgzx.hk\/de\/wp-json\/wp\/v2\/types\/product"}],"replies":[{"embeddable":true,"href":"https:\/\/dgzx.hk\/de\/wp-json\/wp\/v2\/comments?post=12183"}],"version-history":[{"count":0,"href":"https:\/\/dgzx.hk\/de\/wp-json\/wp\/v2\/product\/12183\/revisions"}],"wp:featuredmedia":[{"embeddable":true,"href":"https:\/\/dgzx.hk\/de\/wp-json\/wp\/v2\/media\/12184"}],"wp:attachment":[{"href":"https:\/\/dgzx.hk\/de\/wp-json\/wp\/v2\/media?parent=12183"}],"wp:term":[{"taxonomy":"product_cat","embeddable":true,"href":"https:\/\/dgzx.hk\/de\/wp-json\/wp\/v2\/product_cat?post=12183"},{"taxonomy":"product_tag","embeddable":true,"href":"https:\/\/dgzx.hk\/de\/wp-json\/wp\/v2\/product_tag?post=12183"}],"curies":[{"name":"wp","href":"https:\/\/api.w.org\/{rel}","templated":true}]}}