{"id":11359,"date":"2023-06-20T12:20:41","date_gmt":"2023-06-20T12:20:41","guid":{"rendered":"https:\/\/dgzx.hkproduct\/0-3mp-black-and-white-wide-angle-scan-qr-code-mipi-global-exposure-camera-module\/"},"modified":"2025-03-10T11:55:01","modified_gmt":"2025-03-10T11:55:01","slug":"dgzx-ba158a27m29-70-0-3mp-mipi-global-exposure-black-and-white-wide-angle-scan-qr-code-camera-module","status":"publish","type":"product","link":"https:\/\/dgzx.hk\/es\/producto\/modulo-de-camara-con-codigo-qr-y-gran-angular-en-blanco-y-negro-con-exposicion-global-mipi-dgzx-ba158a27m29-de-700-y-3-mp\/","title":{"rendered":"M\u00f3dulo de c\u00e1mara con c\u00f3digo QR de gran angular en blanco y negro con exposici\u00f3n global MIPI de 0,3 MP DGZX-BA158A27M29-70"},"content":{"rendered":"<p><span style=\"color: #1E1F24; font-size: 16px; text-align: justify; font-family: arial, helvetica, sans-serif;\">El m\u00f3dulo de c\u00e1mara de escaneo de c\u00f3digo QR en blanco y negro con exposici\u00f3n global MIPI de 0,3 MP y \u00e1ngulo amplio es un m\u00f3dulo de c\u00e1mara de alta definici\u00f3n con una interfaz MIPI. Utiliza tecnolog\u00eda de exposici\u00f3n global para ofrecer una excelente calidad de imagen y admite escaneo en \u00e1ngulo amplio. Este m\u00f3dulo de c\u00e1mara es ideal para una variedad de aplicaciones que requieren un reconocimiento r\u00e1pido y preciso, como pagos m\u00f3viles y seguridad inteligente. Al capturar im\u00e1genes de c\u00f3digos QR, permite una transmisi\u00f3n de datos y una verificaci\u00f3n de identidad r\u00e1pidas y convenientes.<\/span><\/p>\n<table align=\"left\" border=\"1\" style=\"height:120px;width:790px; border:1px solid #c3c3c3;\">\n<tbody>\n<tr class=\"firstRow\">\n<th colspan=\"2\" style=\"text-align: center;\"><span style=\"line-height:2.2;\">SOPORTE PERSONALIZACI\u00d3N<\/span><\/th>\n<\/tr>\n<tr style=\"background-color:#f3f3f3;\">\n<td><span style=\"line-height:2.2;\">Lugar de origen<\/span><\/td>\n<td><span style=\"line-height:2.2;\">Guangdong, China (Continental)<\/span><\/td>\n<\/tr>\n<tr>\n<td><span style=\"line-height:2.2;\">Sensor de imagen<\/span><\/td>\n<td><span style=\"line-height:2.2;\">CMOS<\/span><\/td>\n<\/tr>\n<tr style=\"background-color:#f3f3f3;\">\n<td><span style=\"line-height:2.2;\">P\u00edxel<\/span><\/td>\n<td><span style=\"line-height:2.2;\">0,2 MP \u2013 48 MP, tambi\u00e9n se puede hacer seg\u00fan los requisitos espec\u00edficos del cliente<\/span><\/td>\n<\/tr>\n<tr>\n<td><span style=\"line-height:2.2;\">Aplicaciones<\/span><\/td>\n<td><span style=\"line-height:2.2;\">reconocimiento facial, biometr\u00eda, detecci\u00f3n de cuerpos vivos, visi\u00f3n artificial con IA, veh\u00edculo, UAV, terminal de autoservicio,<br \/>\n\t\t\tTransmisi\u00f3n de im\u00e1genes, escaneo de c\u00f3digos de barras, detecci\u00f3n de infrarrojos, hogar inteligente, monitoreo de seguridad,<br \/>\n\t\t\tC\u00e1mara de movimiento, industria y otros campos.<\/span><\/td>\n<\/tr>\n<tr style=\"background-color:#f3f3f3;\">\n<td><span style=\"line-height:2.2;\">Interfaz<\/span><\/td>\n<td><span style=\"line-height:2.2;\">USB USB 2.0 USB 3.0 MIPI CSI CSI2 DVP<\/span><\/td>\n<\/tr>\n<tr>\n<td><span style=\"line-height:2.2;\">Marca de chips<\/span><\/td>\n<td><span style=\"line-height:2.2;\">IMX, Omnivision, Gokway, ON, Micron, etc.<\/span><\/td>\n<\/tr>\n<tr style=\"background-color:#f3f3f3;\">\n<td><span style=\"line-height:2.2;\">Caracter\u00edstica<\/span><\/td>\n<td><span style=\"line-height:2.2;\">Iluminaci\u00f3n baja, exposici\u00f3n global, luz de estrellas, s\u00faper luz de estrellas, HDR din\u00e1mico amplio, JPEG, YUV<\/span><\/td>\n<\/tr>\n<tr>\n<td style=\"word-break: break-all;\"><span style=\"line-height:2.2;\">AS-BA158A27M29-70<\/span><\/td>\n<td style=\"word-break: break-all;\"><span style=\"line-height:2.2;\">M\u00f3dulo de c\u00e1mara con exposici\u00f3n global MIPI, gran angular en blanco y negro de 0,3 MP, escaneo de c\u00f3digo QR<\/span><\/td>\n<\/tr>\n<\/tbody>\n<\/table>\n<p><\/p>\n<p><img decoding=\"async\"  src=\"https:\/\/dgzx.hkwp-content\/siteimages\/1683797723_AS-BA158A27M29-70-%E8%AF%A6%E6%83%85_01.jpg\" title=\"DGZX-BA158A27M29-70 0.3MP MIPI Global exposure Black and White Wide Angle Scan QR Code Camera Module\u63d2\u56fe\" alt=\"DGZX-BA158A27M29-70 0.3MP MIPI Global exposure Black and White Wide Angle Scan QR Code Camera Module\u63d2\u56fe\" \/><img decoding=\"async\"  src=\"https:\/\/dgzx.hkwp-content\/siteimages\/1683797730_AS-BA158A27M29-70-%E8%AF%A6%E6%83%85_02.jpg\" title=\"DGZX-BA158A27M29-70 0.3MP MIPI Global exposure Black and White Wide Angle Scan QR Code Camera Module\u63d2\u56fe1\" alt=\"DGZX-BA158A27M29-70 0.3MP MIPI Global exposure Black and White Wide Angle Scan QR Code Camera Module\u63d2\u56fe1\" \/><img decoding=\"async\"  src=\"https:\/\/dgzx.hkwp-content\/siteimages\/1683797737_AS-BA158A27M29-70-%E8%AF%A6%E6%83%85_03.jpg\" title=\"DGZX-BA158A27M29-70 0.3MP MIPI Global exposure Black and White Wide Angle Scan QR Code Camera Module\u63d2\u56fe2\" alt=\"DGZX-BA158A27M29-70 0.3MP MIPI Global exposure Black and White Wide Angle Scan QR Code Camera Module\u63d2\u56fe2\" \/><img decoding=\"async\"  src=\"https:\/\/dgzx.hkwp-content\/siteimages\/1683797744_AS-BA158A27M29-70-%E8%AF%A6%E6%83%85_04.jpg\" title=\"DGZX-BA158A27M29-70 0.3MP MIPI Global exposure Black and White Wide Angle Scan QR Code Camera Module\u63d2\u56fe3\" alt=\"DGZX-BA158A27M29-70 0.3MP MIPI Global exposure Black and White Wide Angle Scan QR Code Camera Module\u63d2\u56fe3\" \/><img decoding=\"async\"  src=\"https:\/\/dgzx.hkwp-content\/siteimages\/1683797751_AS-BA158A27M29-70-%E8%AF%A6%E6%83%85_05.jpg\" title=\"DGZX-BA158A27M29-70 0.3MP MIPI Global exposure Black and White Wide Angle Scan QR Code Camera Module\u63d2\u56fe4\" alt=\"DGZX-BA158A27M29-70 0.3MP MIPI Global exposure Black and White Wide Angle Scan QR Code Camera Module\u63d2\u56fe4\" \/><\/p>","protected":false},"excerpt":{"rendered":"<p>The 0.3MP MIPI Global Exposure Black and White Wide Angle Scan QR Code Camera Module is a high-definition camera module with a MIPI interface. It utilizes global exposure technology to deliver excellent image quality and supports wide-angle scanning. This camera module is ideal for a range of applications that require fast and accurate recognition, such as mobile payment and smart security. By capturing QR code images, it enables quick and convenient data transmission and identity verification. SUPPORT CUSTOMIZATION Place of Origin Guangdong, China (Mainland) Image Sensor CMOS Pixel 0.2MP &#8211; 48MP\uff0calso could do according to customer&#39;s specific requirements Applications face recognition, biometrics, living body detection, AI machine vision, vehicle, UAV, self-service terminal, picture transmission,bar code scanning, infrared detection, smart home, security monitoring, motion camera, industry and other fields Interfacel USB USB2.0 USB3.0 MIPI CSI CSI2 DVP Chip brand IMX\u3001Omnivision\u3001Gokway\u3001ON\u3001Micron etc. Feature Low illumination\uff0cGlobal exposure\uff0cStarlight\uff0c Super Starlight\uff0cWide dynamic HDR\uff0cJPEG,YUV AS-BA158A27M29-70 0.3MP Black and White Wide Angle Scan QR Code MIPI Global exposure Camera Module<\/p>","protected":false},"featured_media":7671,"comment_status":"open","ping_status":"closed","template":"","meta":{"_eb_attr":""},"product_cat":[338,348],"product_tag":[],"class_list":{"0":"post-11359","1":"product","2":"type-product","3":"status-publish","4":"has-post-thumbnail","6":"product_cat-cmos-camera-module","7":"product_cat-global-shutter-camera-module","8":"pa_resolution-vag-0-3mp-camera-module","10":"first","11":"instock","12":"shipping-taxable","13":"product-type-simple"},"_links":{"self":[{"href":"https:\/\/dgzx.hk\/es\/wp-json\/wp\/v2\/product\/11359","targetHints":{"allow":["GET"]}}],"collection":[{"href":"https:\/\/dgzx.hk\/es\/wp-json\/wp\/v2\/product"}],"about":[{"href":"https:\/\/dgzx.hk\/es\/wp-json\/wp\/v2\/types\/product"}],"replies":[{"embeddable":true,"href":"https:\/\/dgzx.hk\/es\/wp-json\/wp\/v2\/comments?post=11359"}],"version-history":[{"count":0,"href":"https:\/\/dgzx.hk\/es\/wp-json\/wp\/v2\/product\/11359\/revisions"}],"wp:featuredmedia":[{"embeddable":true,"href":"https:\/\/dgzx.hk\/es\/wp-json\/wp\/v2\/media\/7671"}],"wp:attachment":[{"href":"https:\/\/dgzx.hk\/es\/wp-json\/wp\/v2\/media?parent=11359"}],"wp:term":[{"taxonomy":"product_cat","embeddable":true,"href":"https:\/\/dgzx.hk\/es\/wp-json\/wp\/v2\/product_cat?post=11359"},{"taxonomy":"product_tag","embeddable":true,"href":"https:\/\/dgzx.hk\/es\/wp-json\/wp\/v2\/product_tag?post=11359"}],"curies":[{"name":"wp","href":"https:\/\/api.w.org\/{rel}","templated":true}]}}