{"id":11451,"date":"2023-06-20T12:20:45","date_gmt":"2023-06-20T12:20:45","guid":{"rendered":"https:\/\/dgzx.hkproduct\/720p-ar0144-global-exposure-anti-fog-refrigerator-monitoring-usb-camera-module\/"},"modified":"2025-03-14T11:39:18","modified_gmt":"2025-03-14T11:39:18","slug":"720p-ar0144-global-exposure-anti-fog-refrigerator-monitoring-usb-camera-module","status":"publish","type":"product","link":"https:\/\/dgzx.hk\/es\/producto\/720p-ar0144-global-exposure-anti-fog-refrigerator-monitoring-usb-camera-module\/","title":{"rendered":"M\u00f3dulo de c\u00e1mara USB para monitoreo de refrigerador antivaho con exposici\u00f3n global Dogoozx 720P AR0144"},"content":{"rendered":"<table align=\"left\" border=\"1\" cellpadding=\"1\" cellspacing=\"1\" style=\"height:120px;width:790px; border:1px solid #c3c3c3;\">\n<tbody>\n<tr>\n<th colspan=\"2\" style=\"text-align: center;\"><span style=\"line-height:2.2;\">SOPORTE PERSONALIZACI\u00d3N<\/span><\/th>\n<\/tr>\n<tr style=\"background-color:#f3f3f3;\">\n<td><span style=\"line-height:2.2;\">Lugar de origen<\/span><\/td>\n<td><span style=\"line-height:2.2;\">Guangdong, China (Continental)<\/span><\/td>\n<\/tr>\n<tr>\n<td><span style=\"line-height:2.2;\">Sensor de imagen<\/span><\/td>\n<td><span style=\"line-height:2.2;\">CMOS<\/span><\/td>\n<\/tr>\n<tr style=\"background-color:#f3f3f3;\">\n<td><span style=\"line-height:2.2;\">P\u00edxel<\/span><\/td>\n<td><span style=\"line-height:2.2;\">0,2 MP \u2013 48 MP, tambi\u00e9n se puede hacer seg\u00fan los requisitos espec\u00edficos del cliente<\/span><\/td>\n<\/tr>\n<tr>\n<td><span style=\"line-height:2.2;\">Aplicaciones<\/span><\/td>\n<td><span style=\"line-height:2.2;\">reconocimiento facial, biometr\u00eda, detecci\u00f3n de cuerpos vivos, visi\u00f3n artificial con IA, veh\u00edculo, UAV, terminal de autoservicio,<br \/>\n\t\t\tTransmisi\u00f3n de im\u00e1genes, escaneo de c\u00f3digos de barras, detecci\u00f3n de infrarrojos, hogar inteligente, monitoreo de seguridad,<br \/>\n\t\t\tC\u00e1mara de movimiento, industria y otros campos.<\/span><\/td>\n<\/tr>\n<tr style=\"background-color:#f3f3f3;\">\n<td><span style=\"line-height:2.2;\">Interfaz<\/span><\/td>\n<td><span style=\"line-height:2.2;\">USB USB 2.0 USB 3.0 MIPI CSI CSI2 DVP<\/span><\/td>\n<\/tr>\n<tr>\n<td><span style=\"line-height:2.2;\">Marca de chips<\/span><\/td>\n<td><span style=\"line-height:2.2;\">IMX, Omnivision, Gokway, ON, Micron, etc.<\/span><\/td>\n<\/tr>\n<tr style=\"background-color:#f3f3f3;\">\n<td><span style=\"line-height:2.2;\">Caracter\u00edstica<\/span><\/td>\n<td><span style=\"line-height:2.2;\">Iluminaci\u00f3n baja, exposici\u00f3n global, luz de estrellas, s\u00faper luz de estrellas, HDR din\u00e1mico amplio, JPEG, YUV<\/span><\/td>\n<\/tr>\n<tr>\n<td><span style=\"line-height:2.2;\">QQSJ-8954<\/span><\/td>\n<td><span style=\"line-height:2.2;\">720P AR0144 Global exposure anti fog refrigerator monitoring USB camera module<\/span><\/td>\n<\/tr>\n<\/tbody>\n<\/table>\n<p><img decoding=\"async\"  src=\"https:\/\/dgzx.hkwp-content\/siteimages\/1681292619_QQSJ-8954-%E8%AF%A6%E6%83%85_01.jpg\" style=\"width: 790px; height: 1150px;\" title=\"Dogoozx 720P AR0144 Global exposure anti fog refrigerator monitoring USB camera module\u63d2\u56fe\" alt=\"Dogoozx 720P AR0144 Global exposure anti fog refrigerator monitoring USB camera module\u63d2\u56fe\" \/><img decoding=\"async\"  src=\"https:\/\/dgzx.hkwp-content\/siteimages\/1681292626_QQSJ-8954-%E8%AF%A6%E6%83%85_02.jpg\" style=\"width: 790px; height: 1894px;\" title=\"Dogoozx 720P AR0144 Global exposure anti fog refrigerator monitoring USB camera module\u63d2\u56fe1\" alt=\"Dogoozx 720P AR0144 Global exposure anti fog refrigerator monitoring USB camera module\u63d2\u56fe1\" \/><img decoding=\"async\"  src=\"https:\/\/dgzx.hkwp-content\/siteimages\/1681292633_QQSJ-8954-%E8%AF%A6%E6%83%85_03.jpg\" style=\"width: 790px; height: 1722px;\" title=\"Dogoozx 720P AR0144 Global exposure anti fog refrigerator monitoring USB camera module\u63d2\u56fe2\" alt=\"Dogoozx 720P AR0144 Global exposure anti fog refrigerator monitoring USB camera module\u63d2\u56fe2\" \/><img decoding=\"async\"  src=\"https:\/\/dgzx.hkwp-content\/siteimages\/1681292643_QQSJ-8954-%E8%AF%A6%E6%83%85_04.jpg\" style=\"width: 790px; height: 1955px;\" title=\"Dogoozx 720P AR0144 Global exposure anti fog refrigerator monitoring USB camera module\u63d2\u56fe3\" alt=\"Dogoozx 720P AR0144 Global exposure anti fog refrigerator monitoring USB camera module\u63d2\u56fe3\" \/><\/p>","protected":false},"excerpt":{"rendered":"<p>SUPPORT CUSTOMIZATION Place of Origin Guangdong, China (Mainland) Image Sensor CMOS Pixel 0.2MP &#8211; 48MP\uff0calso could do according to customer&#8217;s specific requirements Applications face recognition, biometrics, living body detection, AI machine vision, vehicle, UAV, self-service terminal, picture transmission,bar code scanning, infrared detection, smart home, security monitoring, motion camera, industry and other fields Interfacel USB USB2.0 USB3.0 MIPI CSI CSI2 DVP Chip brand IMX\u3001Omnivision\u3001Gokway\u3001ON\u3001Micron etc. Feature Low illumination\uff0cGlobal exposure\uff0cStarlight\uff0c Super Starlight\uff0cWide dynamic HDR\uff0cJPEG,YUV QQSJ-8954 720P AR0144 Global exposure anti fog refrigerator monitoring USB camera module<\/p>","protected":false},"featured_media":8194,"comment_status":"open","ping_status":"closed","template":"","meta":{"_eb_attr":""},"product_cat":[338,348],"product_tag":[],"class_list":{"0":"post-11451","1":"product","2":"type-product","3":"status-publish","4":"has-post-thumbnail","6":"product_cat-cmos-camera-module","7":"product_cat-global-shutter-camera-module","8":"pa_resolution-1mp-camera-module-2","10":"first","11":"instock","12":"shipping-taxable","13":"product-type-simple"},"_links":{"self":[{"href":"https:\/\/dgzx.hk\/es\/wp-json\/wp\/v2\/product\/11451","targetHints":{"allow":["GET"]}}],"collection":[{"href":"https:\/\/dgzx.hk\/es\/wp-json\/wp\/v2\/product"}],"about":[{"href":"https:\/\/dgzx.hk\/es\/wp-json\/wp\/v2\/types\/product"}],"replies":[{"embeddable":true,"href":"https:\/\/dgzx.hk\/es\/wp-json\/wp\/v2\/comments?post=11451"}],"version-history":[{"count":0,"href":"https:\/\/dgzx.hk\/es\/wp-json\/wp\/v2\/product\/11451\/revisions"}],"wp:featuredmedia":[{"embeddable":true,"href":"https:\/\/dgzx.hk\/es\/wp-json\/wp\/v2\/media\/8194"}],"wp:attachment":[{"href":"https:\/\/dgzx.hk\/es\/wp-json\/wp\/v2\/media?parent=11451"}],"wp:term":[{"taxonomy":"product_cat","embeddable":true,"href":"https:\/\/dgzx.hk\/es\/wp-json\/wp\/v2\/product_cat?post=11451"},{"taxonomy":"product_tag","embeddable":true,"href":"https:\/\/dgzx.hk\/es\/wp-json\/wp\/v2\/product_tag?post=11451"}],"curies":[{"name":"wp","href":"https:\/\/api.w.org\/{rel}","templated":true}]}}