{"id":11516,"date":"2023-06-20T12:20:49","date_gmt":"2023-06-20T12:20:49","guid":{"rendered":"https:\/\/dgzx.hkproduct\/factory-hot-sales-esp32-cam-ov2640-cmos-sensor-dvp-2mp-yuv-jpeg-camera-module\/"},"modified":"2025-03-15T06:27:49","modified_gmt":"2025-03-15T06:27:49","slug":"factory-hot-sales-esp32-cam-ov2640-cmos-sensor-dvp-2mp-yuv-jpeg-camera-module","status":"publish","type":"product","link":"https:\/\/dgzx.hk\/es\/producto\/factory-hot-sales-esp32-cam-ov2640-cmos-sensor-dvp-2mp-yuv-jpeg-camera-module\/","title":{"rendered":"Dogoozx Factory Hot Sales ESP32 Cam OV2640 Cmos Sensor DVP 2mp YUV JPEG Camera Module"},"content":{"rendered":"<table align=\"left\" border=\"1\" cellpadding=\"1\" cellspacing=\"1\" style=\"height:120px;width:790px; border:1px solid #c3c3c3;\">\n<tbody>\n<tr>\n<th colspan=\"2\" style=\"text-align: center;\"><span style=\"line-height:2.2;\">SOPORTE PERSONALIZACI\u00d3N<\/span><\/th>\n<\/tr>\n<tr style=\"background-color:#f3f3f3;\">\n<td><span style=\"line-height:2.2;\">Lugar de origen<\/span><\/td>\n<td><span style=\"line-height:2.2;\">Guangdong, China (Continental)<\/span><\/td>\n<\/tr>\n<tr>\n<td><span style=\"line-height:2.2;\">Sensor de imagen<\/span><\/td>\n<td><span style=\"line-height:2.2;\">CMOS<\/span><\/td>\n<\/tr>\n<tr style=\"background-color:#f3f3f3;\">\n<td><span style=\"line-height:2.2;\">P\u00edxel<\/span><\/td>\n<td><span style=\"line-height:2.2;\">0,2 MP \u2013 48 MP, tambi\u00e9n se puede hacer seg\u00fan los requisitos espec\u00edficos del cliente<\/span><\/td>\n<\/tr>\n<tr>\n<td><span style=\"line-height:2.2;\">Aplicaciones<\/span><\/td>\n<td><span style=\"line-height:2.2;\">reconocimiento facial, biometr\u00eda, detecci\u00f3n de cuerpos vivos, visi\u00f3n artificial con IA, veh\u00edculo, UAV, terminal de autoservicio,<br \/>\n\t\t\tTransmisi\u00f3n de im\u00e1genes, escaneo de c\u00f3digos de barras, detecci\u00f3n de infrarrojos, hogar inteligente, monitoreo de seguridad,<br \/>\n\t\t\tC\u00e1mara de movimiento, industria y otros campos.<\/span><\/td>\n<\/tr>\n<tr style=\"background-color:#f3f3f3;\">\n<td><span style=\"line-height:2.2;\">Interfaz<\/span><\/td>\n<td><span style=\"line-height:2.2;\">USB USB 2.0 USB 3.0 MIPI CSI CSI2 DVP<\/span><\/td>\n<\/tr>\n<tr>\n<td><span style=\"line-height:2.2;\">Marca de chips<\/span><\/td>\n<td><span style=\"line-height:2.2;\">IMX, Omnivision, Gokway, ON, Micron, etc.<\/span><\/td>\n<\/tr>\n<tr style=\"background-color:#f3f3f3;\">\n<td><span style=\"line-height:2.2;\">Caracter\u00edstica<\/span><\/td>\n<td><span style=\"line-height:2.2;\">Iluminaci\u00f3n baja, exposici\u00f3n global, luz de estrellas, s\u00faper luz de estrellas, HDR din\u00e1mico amplio, JPEG, YUV<\/span><\/td>\n<\/tr>\n<tr>\n<td>Product<\/td>\n<td><span style=\"line-height:2.2;\">Factory Hot Sales ESP32 Cam OV2640 Cmos Sensor DVP 2mp YUV JPEG Camera Module<\/span><\/td>\n<\/tr>\n<\/tbody>\n<\/table>\n<p>Model Number: OV2640 sensor camera module<br \/>\nCaracter\u00edsticas especiales: Reconocimiento facial, enfoque fijo, reconocimiento de objetos<br \/>\nFunction: Support JPEG\/YUV\/ESP32\/Wide Angle<br \/>\nFormato de compresi\u00f3n de video: RAW MJPG YUV<br \/>\nSoporte personalizado: OEM, ODM<br \/>\nImage Sensor: OmniVision OV2640<br \/>\nModule Dimensions: Customizable<br \/>\nHD: 2MP 720P<br \/>\nInterface: MIPI DVP USB<br \/>\nPixel: 2MP\uff081600*1200\uff09<br \/>\nFrame rate: 15-60fps<br \/>\nTama\u00f1o de la lente: 1\/4 de pulgada<br \/>\nSistema compatible: Windows Android Linux<br \/>\nCertificaci\u00f3n: RoHS<\/p>","protected":false},"excerpt":{"rendered":"<p>SUPPORT CUSTOMIZATION Place of Origin Guangdong, China (Mainland) Image Sensor CMOS Pixel 0.2MP &#8211; 48MP\uff0calso could do according to customer&#8217;s specific requirements Applications face recognition, biometrics, living body detection, AI machine vision, vehicle, UAV, self-service terminal, picture transmission,bar code scanning, infrared detection, smart home, security monitoring, motion camera, industry and other fields Interfacel USB USB2.0 USB3.0 MIPI CSI CSI2 DVP Chip brand IMX\u3001Omnivision\u3001Gokway\u3001ON\u3001Micron etc. Feature Low illumination\uff0cGlobal exposure\uff0cStarlight\uff0c Super Starlight\uff0cWide dynamic HDR\uff0cJPEG,YUV Product Factory Hot Sales ESP32 Cam OV2640 Cmos Sensor DVP 2mp YUV JPEG Camera Module Model Number: OV2640 sensor camera module Special Features: Face Recognition; fixed-focus; object recognition Function: Support JPEG\/YUV\/ESP32\/Wide Angle Video Compression Format: RAW MJPG YUV Customized support: OEM, ODM Image Sensor: OmniVision OV2640 Module Dimensions: Customizable HD: 2MP 720P Interface: MIPI DVP USB Pixel: 2MP\uff081600*1200\uff09 Frame rate: 15-60fps Lens Size: 1\/4 inch System compatible: Windows Android Linux Certification: RoHS<\/p>","protected":false},"featured_media":8576,"comment_status":"open","ping_status":"closed","template":"","meta":{"_eb_attr":""},"product_cat":[338,341],"product_tag":[],"class_list":{"0":"post-11516","1":"product","2":"type-product","3":"status-publish","4":"has-post-thumbnail","6":"product_cat-cmos-camera-module","7":"product_cat-esp32-camera-module","8":"pa_resolution-2mp-1080p-camera-module","10":"first","11":"instock","12":"shipping-taxable","13":"product-type-simple"},"_links":{"self":[{"href":"https:\/\/dgzx.hk\/es\/wp-json\/wp\/v2\/product\/11516","targetHints":{"allow":["GET"]}}],"collection":[{"href":"https:\/\/dgzx.hk\/es\/wp-json\/wp\/v2\/product"}],"about":[{"href":"https:\/\/dgzx.hk\/es\/wp-json\/wp\/v2\/types\/product"}],"replies":[{"embeddable":true,"href":"https:\/\/dgzx.hk\/es\/wp-json\/wp\/v2\/comments?post=11516"}],"version-history":[{"count":0,"href":"https:\/\/dgzx.hk\/es\/wp-json\/wp\/v2\/product\/11516\/revisions"}],"wp:featuredmedia":[{"embeddable":true,"href":"https:\/\/dgzx.hk\/es\/wp-json\/wp\/v2\/media\/8576"}],"wp:attachment":[{"href":"https:\/\/dgzx.hk\/es\/wp-json\/wp\/v2\/media?parent=11516"}],"wp:term":[{"taxonomy":"product_cat","embeddable":true,"href":"https:\/\/dgzx.hk\/es\/wp-json\/wp\/v2\/product_cat?post=11516"},{"taxonomy":"product_tag","embeddable":true,"href":"https:\/\/dgzx.hk\/es\/wp-json\/wp\/v2\/product_tag?post=11516"}],"curies":[{"name":"wp","href":"https:\/\/api.w.org\/{rel}","templated":true}]}}