{"id":12111,"date":"2023-08-17T07:12:54","date_gmt":"2023-08-17T07:12:54","guid":{"rendered":"https:\/\/dgzx.hk?post_type=product&#038;p=12111"},"modified":"2025-03-10T11:37:22","modified_gmt":"2025-03-10T11:37:22","slug":"hd-2mp-wdr-hdr-60fps-ir-cut-infrared-imx327-sensor-1080p-mipi-camera-module","status":"publish","type":"product","link":"https:\/\/dgzx.hk\/es\/producto\/modulo-de-camara-mipi-1080p-sensor-imx327-infrarrojo-con-corte-ir-y-hd-2mp-wdr-hdr-60fps\/","title":{"rendered":"M\u00f3dulo de c\u00e1mara DGZX-AC728A3M5-38\u00d738 IMX327 1080p MIPI HD 2MP WDR HDR 60fps IR-CUT Infrarrojos"},"content":{"rendered":"<p style=\"margin-bottom: 0.12rem; padding: 0px; color: rgb(30, 31, 36); font-family: -apple-system, BlinkMacSystemFont, &quot;Segoe UI&quot;, Helvetica, Arial, sans-serif, &quot;Apple Color Emoji&quot;, &quot;Segoe UI Emoji&quot;; font-size: 16px; text-align: justify; white-space: normal; text-indent: 2em; line-height: 2em;\"><span style=\"font-size: 16px; font-family: arial, helvetica, sans-serif;\">El m\u00f3dulo de c\u00e1mara DGZX-AC728A3M5-38x38IMX327 con sensor 1080p MIPI HD 2MP WDR HDR 60fps IR-CUT Infrared es un m\u00f3dulo de c\u00e1mara de alto rendimiento desarrollado por la empresa DGZX. Adopta componentes \u00f3pticos y electr\u00f3nicos avanzados y proporciona una calidad de imagen de alta definici\u00f3n y funciones inteligentes. El m\u00f3dulo tiene las siguientes caracter\u00edsticas:<\/span><\/p>\n<ol style=\"margin-bottom: 0.12rem; padding: 0px 0px 0px 2em; list-style-position: initial; list-style-image: initial; padding-inline-start: 0.23rem; color: rgb(30, 31, 36); font-family: -apple-system, BlinkMacSystemFont, &quot;Segoe UI&quot;, Helvetica, Arial, sans-serif, &quot;Apple Color Emoji&quot;, &quot;Segoe UI Emoji&quot;; font-size: 16px; text-align: justify; white-space: normal;\" class=\"list-paddingleft-2\">\n<li>\n<p style=\"margin-bottom: 0px; padding: 0px; text-indent: 2em; line-height: 2em;\"><span style=\"font-size: 16px; font-family: arial, helvetica, sans-serif;\">Calidad de imagen de alta definici\u00f3n: el m\u00f3dulo admite captura de im\u00e1genes de alta definici\u00f3n de 1080p y puede lograr una captura de im\u00e1genes continua de 60 fps.<\/span><\/p>\n<\/li>\n<li>\n<p style=\"margin-bottom: 0px; padding: 0px; text-indent: 2em; line-height: 2em;\"><span style=\"font-size: 16px; font-family: arial, helvetica, sans-serif;\">Interfaz MIPI: El m\u00f3dulo adopta la interfaz MIPI, que garantiza la estabilidad y confiabilidad de la transmisi\u00f3n de datos y es f\u00e1cil de integrar con otros sistemas.<\/span><\/p>\n<\/li>\n<li>\n<p style=\"margin-bottom: 0px; padding: 0px; text-indent: 2em; line-height: 2em;\"><span style=\"font-size: 16px; font-family: arial, helvetica, sans-serif;\">Sensor de 2MP: El m\u00f3dulo adopta un sensor de 2MP, que puede lograr una captura de im\u00e1genes de alta definici\u00f3n y un amplio rango din\u00e1mico.<\/span><\/p>\n<\/li>\n<li>\n<p style=\"margin-bottom: 0px; padding: 0px; text-indent: 2em; line-height: 2em;\"><span style=\"font-size: 16px; font-family: arial, helvetica, sans-serif;\">Funci\u00f3n WDR: El m\u00f3dulo admite la tecnolog\u00eda WDR (amplio rango din\u00e1mico), que puede mejorar el brillo y el contraste de las im\u00e1genes y proporcionar im\u00e1genes de mayor calidad.<\/span><\/p>\n<\/li>\n<li>\n<p style=\"margin-bottom: 0px; padding: 0px; text-indent: 2em; line-height: 2em;\"><span style=\"font-size: 16px; font-family: arial, helvetica, sans-serif;\">Funci\u00f3n HDR: el m\u00f3dulo admite la tecnolog\u00eda HDR (alto rango din\u00e1mico), que puede mejorar el brillo y la reproducci\u00f3n del color de las im\u00e1genes y proporcionar im\u00e1genes de mayor calidad.<\/span><\/p>\n<\/li>\n<li>\n<p style=\"margin-bottom: 0px; padding: 0px; text-indent: 2em; line-height: 2em;\"><span style=\"font-size: 16px; font-family: arial, helvetica, sans-serif;\">Filtro IR-CUT: el m\u00f3dulo admite la funci\u00f3n de filtro IR-CUT, que puede filtrar eficazmente la interferencia de luz infrarroja y mejorar la reproducci\u00f3n del color de las im\u00e1genes.<\/span><\/p>\n<\/li>\n<li>\n<p style=\"margin-bottom: 0px; padding: 0px; text-indent: 2em; line-height: 2em;\"><span style=\"font-size: 16px; font-family: arial, helvetica, sans-serif;\">Funci\u00f3n infrarroja: el m\u00f3dulo est\u00e1 equipado con luces LED infrarrojas, que pueden lograr la funci\u00f3n de visi\u00f3n nocturna en condiciones de poca luz.<\/span><\/p>\n<\/li>\n<\/ol>\n<p style=\"text-indent: 2em; line-height: 2em;\"><img decoding=\"async\" src=\"\/wp-content\/uploads\/image\/20230817\/1692256341992183.jpg\" title=\"1692256341992183.jpg\" alt=\"1.jpg\"\/><img decoding=\"async\" src=\"\/wp-content\/uploads\/image\/20230817\/1692256346192141.jpg\" title=\"1692256346192141.jpg\" alt=\"2.jpg\"\/><img decoding=\"async\" src=\"\/wp-content\/uploads\/image\/20230817\/1692256350809483.jpg\" title=\"1692256350809483.jpg\" alt=\"3.jpg\"\/><img decoding=\"async\" src=\"\/wp-content\/uploads\/image\/20230817\/1692256354389062.jpg\" title=\"1692256354389062.jpg\" alt=\"4.jpg\"\/><img decoding=\"async\" src=\"\/wp-content\/uploads\/image\/20230817\/1692256358950914.jpg\" title=\"1692256358950914.jpg\" alt=\"5.jpg\"\/><\/p>\n<p style=\"text-indent: 2em; line-height: 2em;\"><img decoding=\"async\" src=\"\/wp-content\/uploads\/image\/20230817\/1692256369838948.jpg\" title=\"1692256369838948.jpg\" alt=\"DGZX-AC728A3M5-38&#215;38 IMX327 Sensor 1080p MIPI Camera Module HD 2MP WDR HDR 60fps IR-CUT Infrared\u63d2\u56fe5\" \/><\/p>\n<p style=\"text-indent: 2em; line-height: 2em;\"><img decoding=\"async\" src=\"\/wp-content\/uploads\/image\/20230817\/1692256369494473.png\" title=\"1692256369494473.png\" alt=\"DGZX-AC728A3M5-38&#215;38 IMX327 Sensor 1080p MIPI Camera Module HD 2MP WDR HDR 60fps IR-CUT Infrared\u63d2\u56fe6\" \/><\/p>\n<p style=\"text-indent: 2em; line-height: 2em;\"><img decoding=\"async\" src=\"\/wp-content\/uploads\/image\/20230817\/1692256370630313.png\" title=\"1692256370630313.png\" alt=\"DGZX-AC728A3M5-38&#215;38 IMX327 Sensor 1080p MIPI Camera Module HD 2MP WDR HDR 60fps IR-CUT Infrared\u63d2\u56fe7\" \/><\/p>\n<p style=\"text-indent: 2em; line-height: 2em;\"><img decoding=\"async\" src=\"\/wp-content\/uploads\/image\/20230817\/1692256370534681.png\" title=\"1692256370534681.png\" alt=\"DGZX-AC728A3M5-38&#215;38 IMX327 Sensor 1080p MIPI Camera Module HD 2MP WDR HDR 60fps IR-CUT Infrared\u63d2\u56fe8\" \/><\/p>\n<p><\/p>","protected":false},"excerpt":{"rendered":"<p>DGZX-AC728A3M5-38x38IMX327 Sensor 1080p MIPI Camera Module HD 2MP WDR HDR 60fps IR-CUT Infrared is a high-performance camera module developed by DGZX company. It adopts advanced optical and electronic components, and provides high-definition image quality and intelligent functions. The module has the following features: High definition image quality: The module supports 1080p high-definition image capture, and can achieve 60fps continuous image capture. MIPI interface: The module adopts MIPI interface, which ensures the stability and reliability of data transmission, and is easy to integrate with other systems. 2MP sensor: The module adopts a 2MP sensor, which can achieve high definition image capture and wide dynamic range. WDR function: The module supports WDR (Wide Dynamic Range) technology, which can improve the brightness and contrast of images, and provide higher quality images. HDR function: The module supports HDR (High Dynamic Range) technology, which can enhance the brightness and color rendering of images, and provide higher quality images. IR-CUT filter: The module supports IR-CUT filter function, which can effectively filter out infrared light interference, and improve the color rendering of images. Infrared function: The module is equipped with infrared LED lights, which can achieve night vision function under low light conditions.<\/p>","protected":false},"featured_media":12116,"comment_status":"closed","ping_status":"closed","template":"","meta":{"_eb_attr":""},"product_cat":[312],"product_tag":[547,548,549,473],"class_list":{"0":"post-12111","1":"product","2":"type-product","3":"status-publish","4":"has-post-thumbnail","6":"product_cat-mipi-camera-module","7":"product_tag-imx327","8":"product_tag-ir-cut-infrared","9":"product_tag-wdr-hdr","10":"product_tag-mipi","11":"pa_resolution-2mp-1080p-camera-module","13":"first","14":"instock","15":"shipping-taxable","16":"product-type-simple"},"_links":{"self":[{"href":"https:\/\/dgzx.hk\/es\/wp-json\/wp\/v2\/product\/12111","targetHints":{"allow":["GET"]}}],"collection":[{"href":"https:\/\/dgzx.hk\/es\/wp-json\/wp\/v2\/product"}],"about":[{"href":"https:\/\/dgzx.hk\/es\/wp-json\/wp\/v2\/types\/product"}],"replies":[{"embeddable":true,"href":"https:\/\/dgzx.hk\/es\/wp-json\/wp\/v2\/comments?post=12111"}],"version-history":[{"count":0,"href":"https:\/\/dgzx.hk\/es\/wp-json\/wp\/v2\/product\/12111\/revisions"}],"wp:featuredmedia":[{"embeddable":true,"href":"https:\/\/dgzx.hk\/es\/wp-json\/wp\/v2\/media\/12116"}],"wp:attachment":[{"href":"https:\/\/dgzx.hk\/es\/wp-json\/wp\/v2\/media?parent=12111"}],"wp:term":[{"taxonomy":"product_cat","embeddable":true,"href":"https:\/\/dgzx.hk\/es\/wp-json\/wp\/v2\/product_cat?post=12111"},{"taxonomy":"product_tag","embeddable":true,"href":"https:\/\/dgzx.hk\/es\/wp-json\/wp\/v2\/product_tag?post=12111"}],"curies":[{"name":"wp","href":"https:\/\/api.w.org\/{rel}","templated":true}]}}