{"id":12183,"date":"2023-08-24T09:58:12","date_gmt":"2023-08-24T09:58:12","guid":{"rendered":"https:\/\/dgzx.hk?post_type=product&#038;p=12183"},"modified":"2025-03-05T11:21:12","modified_gmt":"2025-03-05T11:21:12","slug":"4k-ov8856-sensor-cmos-8mp-hdr-af-auto-focus-with-isp-camera-module-mipi","status":"publish","type":"product","link":"https:\/\/dgzx.hk\/es\/producto\/sensor-cmos-ov8856-4k-8-mp-hdr-af-enfoque-automatico-modulo-de-camara-isp-mipi\/","title":{"rendered":"DGZX-AA858A88M12-90 ov8856 sensor cmos 8mp 4k hdr af enfoque autom\u00e1tico con m\u00f3dulo de c\u00e1mara isp mipi"},"content":{"rendered":"<p style=\"line-height: 2em;\"><span style=\"font-size: 16px; font-family: arial, helvetica, sans-serif;\">El m\u00f3dulo de c\u00e1mara con sensor ov8856 DGZX-AA858A88M12-90 es una soluci\u00f3n de im\u00e1genes de alto rendimiento con una resoluci\u00f3n de 8 MP y capacidades HDR 4K. Cuenta con enfoque autom\u00e1tico con ISP (procesador de se\u00f1al de imagen) e interfaz MIPI para capturar im\u00e1genes claras y detalladas. El m\u00f3dulo es adecuado para diversas aplicaciones, como vigilancia, seguridad e im\u00e1genes de uso general. El m\u00f3dulo de c\u00e1mara con sensor ov8856 DGZX-AA858A88M12-90 proporciona im\u00e1genes de alta calidad y es una soluci\u00f3n rentable para requisitos de im\u00e1genes HDR y de alta resoluci\u00f3n.<\/span><\/p>\n<p><img decoding=\"async\" src=\"\/wp-content\/uploads\/image\/20230824\/1692871030681527.jpg\" title=\"1692871030681527.jpg\" alt=\"1.jpg\"\/><img decoding=\"async\" src=\"\/wp-content\/uploads\/image\/20230824\/1692871033677222.jpg\" title=\"1692871033677222.jpg\" alt=\"2.jpg\"\/><img decoding=\"async\" src=\"\/wp-content\/uploads\/image\/20230824\/1692871036961362.jpg\" title=\"1692871036961362.jpg\" alt=\"3.jpg\"\/><img decoding=\"async\" src=\"\/wp-content\/uploads\/image\/20230824\/1692871040967036.jpg\" title=\"1692871040967036.jpg\" alt=\"4.jpg\"\/><img decoding=\"async\" src=\"\/wp-content\/uploads\/image\/20230824\/1692871044900101.jpg\" title=\"1692871044900101.jpg\" alt=\"5.jpg\"\/><img decoding=\"async\" src=\"\/wp-content\/uploads\/image\/20230824\/1692871048983632.jpg\" title=\"1692871048983632.jpg\" alt=\"6.jpg\"\/><img decoding=\"async\" src=\"\/wp-content\/uploads\/image\/20230824\/1692871057235441.jpg\" title=\"1692871057235441.jpg\" alt=\"Imagen: Hd467726d50bb4f419f0961f9fa143967e.jpg\"\/><\/p>\n<p><img decoding=\"async\" src=\"\/wp-content\/uploads\/image\/20230824\/1692871066341832.jpg\" title=\"1692871066341832.jpg\" alt=\"DGZX-AA858A88M12-90 ov8856 sensor cmos 8mp 4k hdr af enfoque autom\u00e1tico con m\u00f3dulo de c\u00e1mara isp mipi\u63d2\u56fe7\" \/><\/p>\n<p><img decoding=\"async\" src=\"\/wp-content\/uploads\/image\/20230824\/1692871066241976.png\" title=\"1692871066241976.png\" alt=\"DGZX-AA858A88M12-90 ov8856 sensor cmos 8mp 4k hdr af enfoque autom\u00e1tico con m\u00f3dulo de c\u00e1mara isp mipi\u63d2\u56fe8\" \/><\/p>\n<p><img decoding=\"async\" src=\"\/wp-content\/uploads\/image\/20230824\/1692871067121811.png\" title=\"1692871067121811.png\" alt=\"DGZX-AA858A88M12-90 ov8856 sensor cmos 8mp 4k hdr af enfoque autom\u00e1tico con m\u00f3dulo de c\u00e1mara isp mipi\u63d2\u56fe9\" \/><\/p>\n<p><img decoding=\"async\" src=\"\/wp-content\/uploads\/image\/20230824\/1692871067615869.png\" title=\"1692871067615869.png\" alt=\"DGZX-AA858A88M12-90 ov8856 sensor cmos 8mp 4k hdr af enfoque autom\u00e1tico con m\u00f3dulo de c\u00e1mara isp mipi\u63d2\u56fe10\" \/><\/p>\n<p><\/p>","protected":false},"excerpt":{"rendered":"<p>El m\u00f3dulo de c\u00e1mara con sensor ov8856 DGZX-AA858A88M12-90 es una soluci\u00f3n de im\u00e1genes de alto rendimiento con una resoluci\u00f3n de 8 MP y capacidades HDR 4K. Cuenta con enfoque autom\u00e1tico con ISP (procesador de se\u00f1al de imagen) e interfaz MIPI para capturar im\u00e1genes claras y detalladas. El m\u00f3dulo es adecuado para diversas aplicaciones, como vigilancia, seguridad e im\u00e1genes de uso general. El m\u00f3dulo de c\u00e1mara con sensor ov8856 DGZX-AA858A88M12-90 proporciona im\u00e1genes de alta calidad y es una soluci\u00f3n rentable para requisitos de im\u00e1genes HDR y de alta resoluci\u00f3n.<\/p>","protected":false},"featured_media":12184,"comment_status":"closed","ping_status":"closed","template":"","meta":{"_eb_attr":""},"product_cat":[312],"product_tag":[483,484,485,473],"class_list":{"0":"post-12183","1":"product","2":"type-product","3":"status-publish","4":"has-post-thumbnail","6":"product_cat-mipi-camera-module","7":"product_tag-ov8858","8":"product_tag-8mp","9":"product_tag-csi","10":"product_tag-mipi","11":"pa_resolution-8mp-4k-camera-module","13":"first","14":"instock","15":"shipping-taxable","16":"product-type-simple"},"_links":{"self":[{"href":"https:\/\/dgzx.hk\/es\/wp-json\/wp\/v2\/product\/12183","targetHints":{"allow":["GET"]}}],"collection":[{"href":"https:\/\/dgzx.hk\/es\/wp-json\/wp\/v2\/product"}],"about":[{"href":"https:\/\/dgzx.hk\/es\/wp-json\/wp\/v2\/types\/product"}],"replies":[{"embeddable":true,"href":"https:\/\/dgzx.hk\/es\/wp-json\/wp\/v2\/comments?post=12183"}],"version-history":[{"count":0,"href":"https:\/\/dgzx.hk\/es\/wp-json\/wp\/v2\/product\/12183\/revisions"}],"wp:featuredmedia":[{"embeddable":true,"href":"https:\/\/dgzx.hk\/es\/wp-json\/wp\/v2\/media\/12184"}],"wp:attachment":[{"href":"https:\/\/dgzx.hk\/es\/wp-json\/wp\/v2\/media?parent=12183"}],"wp:term":[{"taxonomy":"product_cat","embeddable":true,"href":"https:\/\/dgzx.hk\/es\/wp-json\/wp\/v2\/product_cat?post=12183"},{"taxonomy":"product_tag","embeddable":true,"href":"https:\/\/dgzx.hk\/es\/wp-json\/wp\/v2\/product_tag?post=12183"}],"curies":[{"name":"wp","href":"https:\/\/api.w.org\/{rel}","templated":true}]}}