{"id":12231,"date":"2023-08-30T09:44:32","date_gmt":"2023-08-30T09:44:32","guid":{"rendered":"https:\/\/dgzx.hk?post_type=product&#038;p=12231"},"modified":"2025-03-05T11:18:38","modified_gmt":"2025-03-05T11:18:38","slug":"1-megapixel-hd-720p-60fps-h63-hdr-wdr-led-fill-light-night-vision-surveillance-camera-module","status":"publish","type":"product","link":"https:\/\/dgzx.hk\/es\/producto\/1-megapixel-hd-720p-60fps-h63-hdr-wdr-led-fill-light-night-vision-surveillance-camera-module\/","title":{"rendered":"M\u00f3dulo de c\u00e1mara de vigilancia con visi\u00f3n nocturna y luz LED de relleno HDR WDR DGZX-AL368AHM8 de 30 x 22, 1 megap\u00edxel, HD 720P, 60 fps"},"content":{"rendered":"<p style=\"text-indent: 2em; line-height: 2em;\"><span style=\"color: #1E1F24; font-size: 16px; text-align: justify; font-family: arial, helvetica, sans-serif;\">The DGZX-AL368AHM8-30&#215;22 +LED 1 Megapixel HD 720P 60fps H63 HDR WDR LED Fill Light Night Vision Surveillance Camera Module is a high-performance surveillance camera module with 1 Megapixel HD 720P resolution and 60 frames per second capture rate. It supports H63 HDR and WDR technology for improved image quality in various lighting conditions. The module also features LED fill light and night vision capabilities for enhanced surveillance in low-light environments. The DGZX-AL368AHM8-30&#215;22 +LED 1 Megapixel HD 720P 60fps H63 HDR WDR LED Fill Light Night Vision Surveillance Camera Module is suitable for various security and surveillance applications.<\/span><img decoding=\"async\" src=\"\/wp-content\/uploads\/image\/20230830\/1693388629560536.jpg\" title=\"1693388629560536.jpg\" alt=\"1.jpg\"\/><\/p>\n<p style=\"text-indent: 2em; line-height: 2em;\"><img decoding=\"async\" src=\"\/wp-content\/uploads\/image\/20230830\/1693388636722676.jpg\" title=\"1693388636722676.jpg\" alt=\"2.jpg\"\/><img decoding=\"async\" src=\"\/wp-content\/uploads\/image\/20230830\/1693388640328466.jpg\" title=\"1693388640328466.jpg\" alt=\"3.jpg\"\/><img decoding=\"async\" src=\"\/wp-content\/uploads\/image\/20230830\/1693388645719408.jpg\" title=\"1693388645719408.jpg\" alt=\"4.jpg\"\/><img decoding=\"async\" src=\"\/wp-content\/uploads\/image\/20230830\/1693388652125326.jpg\" title=\"1693388652125326.jpg\" alt=\"5.jpg\"\/><img decoding=\"async\" src=\"\/wp-content\/uploads\/image\/20230830\/1693388659689919.jpg\" title=\"1693388659689919.jpg\" alt=\"6.jpg\"\/><\/p>\n<p style=\"text-indent: 2em; line-height: 2em;\"><img decoding=\"async\" src=\"\/wp-content\/uploads\/image\/20230830\/1693388666568818.jpg\" title=\"1693388666568818.jpg\" alt=\"DGZX-AL368AHM8-30&#215;22 HDR WDR LED Fill Light Night Vision Surveillance Camera Module 1 Megapixel HD 720P 60fps\u63d2\u56fe6\" \/><\/p>\n<p style=\"text-indent: 2em; line-height: 2em;\"><img decoding=\"async\" src=\"\/wp-content\/uploads\/image\/20230830\/1693388667658023.png\" title=\"1693388667658023.png\" alt=\"DGZX-AL368AHM8-30&#215;22 HDR WDR LED Fill Light Night Vision Surveillance Camera Module 1 Megapixel HD 720P 60fps\u63d2\u56fe7\" \/><\/p>\n<p style=\"text-indent: 2em; line-height: 2em;\"><img decoding=\"async\" src=\"\/wp-content\/uploads\/image\/20230830\/1693388667376150.png\" title=\"1693388667376150.png\" alt=\"DGZX-AL368AHM8-30&#215;22 HDR WDR LED Fill Light Night Vision Surveillance Camera Module 1 Megapixel HD 720P 60fps\u63d2\u56fe8\" \/><\/p>\n<p style=\"text-indent: 2em; line-height: 2em;\"><img decoding=\"async\" src=\"\/wp-content\/uploads\/image\/20230830\/1693388667345132.png\" title=\"1693388667345132.png\" alt=\"DGZX-AL368AHM8-30&#215;22 HDR WDR LED Fill Light Night Vision Surveillance Camera Module 1 Megapixel HD 720P 60fps\u63d2\u56fe9\" \/><\/p>\n<p><\/p>","protected":false},"excerpt":{"rendered":"<p>The DGZX-AL368AHM8-30&#215;22 +LED 1 Megapixel HD 720P 60fps H63 HDR WDR LED Fill Light Night Vision Surveillance Camera Module is a high-performance surveillance camera module with 1 Megapixel HD 720P resolution and 60 frames per second capture rate. It supports H63 HDR and WDR technology for improved image quality in various lighting conditions. The module also features LED fill light and night vision capabilities for enhanced surveillance in low-light environments. The DGZX-AL368AHM8-30&#215;22 +LED 1 Megapixel HD 720P 60fps H63 HDR WDR LED Fill Light Night Vision Surveillance Camera Module is suitable for various security and surveillance applications.<\/p>","protected":false},"featured_media":12232,"comment_status":"closed","ping_status":"closed","template":"","meta":{"_eb_attr":""},"product_cat":[312],"product_tag":[468,469,470,471],"class_list":{"0":"post-12231","1":"product","2":"type-product","3":"status-publish","4":"has-post-thumbnail","6":"product_cat-mipi-camera-module","7":"product_tag-hdr","8":"product_tag-wdr","9":"product_tag-led-fill-light-night","10":"product_tag-vision-surveillance","11":"pa_resolution-1mp-camera-module-2","13":"first","14":"instock","15":"shipping-taxable","16":"product-type-simple"},"_links":{"self":[{"href":"https:\/\/dgzx.hk\/es\/wp-json\/wp\/v2\/product\/12231","targetHints":{"allow":["GET"]}}],"collection":[{"href":"https:\/\/dgzx.hk\/es\/wp-json\/wp\/v2\/product"}],"about":[{"href":"https:\/\/dgzx.hk\/es\/wp-json\/wp\/v2\/types\/product"}],"replies":[{"embeddable":true,"href":"https:\/\/dgzx.hk\/es\/wp-json\/wp\/v2\/comments?post=12231"}],"version-history":[{"count":0,"href":"https:\/\/dgzx.hk\/es\/wp-json\/wp\/v2\/product\/12231\/revisions"}],"wp:featuredmedia":[{"embeddable":true,"href":"https:\/\/dgzx.hk\/es\/wp-json\/wp\/v2\/media\/12232"}],"wp:attachment":[{"href":"https:\/\/dgzx.hk\/es\/wp-json\/wp\/v2\/media?parent=12231"}],"wp:term":[{"taxonomy":"product_cat","embeddable":true,"href":"https:\/\/dgzx.hk\/es\/wp-json\/wp\/v2\/product_cat?post=12231"},{"taxonomy":"product_tag","embeddable":true,"href":"https:\/\/dgzx.hk\/es\/wp-json\/wp\/v2\/product_tag?post=12231"}],"curies":[{"name":"wp","href":"https:\/\/api.w.org\/{rel}","templated":true}]}}