{"id":12324,"date":"2023-09-10T07:14:03","date_gmt":"2023-09-10T07:14:03","guid":{"rendered":"https:\/\/dgzx.hk?post_type=product&#038;p=12324"},"modified":"2025-03-05T11:20:43","modified_gmt":"2025-03-05T11:20:43","slug":"dgzx-al368ahm8-30x22-led-with-led-h63-cmos-sensor-wdr-mipi-camera-module-1mp-720p-60fps","status":"publish","type":"product","link":"https:\/\/dgzx.hk\/es\/producto\/dgzx-al368ahm8-30x22-led-with-led-h63-cmos-sensor-wdr-mipi-camera-module-1mp-720p-60fps\/","title":{"rendered":"M\u00f3dulo de c\u00e1mara DGZX-AL368AHM8-30\u00d722 +LED con sensor CMOS H63 LED WDR MIPI 1MP 720P 60fps"},"content":{"rendered":"<p style=\"line-height: 2em;\"><span style=\"color: #1E1F24; text-align: justify; font-size: 16px; font-family: arial, helvetica, sans-serif;\">The DGZX-AL368AHM8-30&#215;22+LED with LED H63 CMOS sensor WDR MIPI Camera Module is a high-performance imaging solution designed for various applications such as surveillance, security, and general purpose imaging. It features a 1MP sensor resolution and supports 720P 60fps recording for clear and smooth videos. The module comes with LED lights for low-light situations and has a wide dynamic range (WDR) for capturing images with excellent details and contrast. The DGZX-AL368AHM8-30&#215;22+LED with LED H63 CMOS sensor WDR MIPI Camera Module provides high-quality images and is a cost-effective solution for high-resolution and wide dynamic range requirements.<\/span><span style=\"font-family: inherit; font-size: inherit; font-style: inherit; font-variant-ligatures: inherit; font-variant-caps: inherit; font-weight: inherit;\"><img decoding=\"async\" src=\"\/wp-content\/uploads\/image\/20230826\/1693043243299350.jpg\" title=\"1693043243299350.jpg\" alt=\"1.jpg\"\/><img decoding=\"async\" src=\"\/wp-content\/uploads\/image\/20230826\/1693043247876963.jpg\" title=\"1693043247876963.jpg\" alt=\"2.jpg\"\/><img decoding=\"async\" src=\"\/wp-content\/uploads\/image\/20230826\/1693043251662353.jpg\" title=\"1693043251662353.jpg\" alt=\"3.jpg\"\/><img decoding=\"async\" src=\"\/wp-content\/uploads\/image\/20230826\/1693043255873461.jpg\" title=\"1693043255873461.jpg\" alt=\"4.jpg\"\/><img decoding=\"async\" src=\"\/wp-content\/uploads\/image\/20230826\/1693043259920826.jpg\" title=\"1693043259920826.jpg\" alt=\"5.jpg\"\/><img decoding=\"async\" src=\"\/wp-content\/uploads\/image\/20230826\/1693043263108781.jpg\" title=\"1693043263108781.jpg\" alt=\"6.jpg\"\/><\/span><\/p>\n<p><span style=\"font-family: inherit; font-size: inherit; font-style: inherit; font-variant-ligatures: inherit; font-variant-caps: inherit; font-weight: inherit;\"><\/span><\/p>\n<p><img decoding=\"async\" src=\"\/wp-content\/uploads\/image\/20230826\/1693043276279384.jpg\" title=\"1693043276279384.jpg\" alt=\"DGZX-AL368AHM8-30&#215;22 +LED with led  H63 CMOS sensor WDR MIPI  Camera Module 1MP 720P 60fps\u63d2\u56fe6\" \/><\/p>\n<p><img decoding=\"async\" src=\"\/wp-content\/uploads\/image\/20230826\/1693043276417184.png\" title=\"1693043276417184.png\" alt=\"DGZX-AL368AHM8-30&#215;22 +LED with led  H63 CMOS sensor WDR MIPI  Camera Module 1MP 720P 60fps\u63d2\u56fe7\" \/><\/p>\n<p><img decoding=\"async\" src=\"\/wp-content\/uploads\/image\/20230826\/1693043277623366.png\" title=\"1693043277623366.png\" alt=\"DGZX-AL368AHM8-30&#215;22 +LED with led  H63 CMOS sensor WDR MIPI  Camera Module 1MP 720P 60fps\u63d2\u56fe8\" \/><\/p>\n<p><img decoding=\"async\" src=\"\/wp-content\/uploads\/image\/20230826\/1693043277116006.png\" title=\"1693043277116006.png\" alt=\"DGZX-AL368AHM8-30&#215;22 +LED with led  H63 CMOS sensor WDR MIPI  Camera Module 1MP 720P 60fps\u63d2\u56fe9\" \/><\/p>\n<p><span style=\"font-family: inherit; font-size: inherit; font-style: inherit; font-variant-ligatures: inherit; font-variant-caps: inherit; font-weight: inherit;\"><br \/><\/span><\/p>\n<p><span style=\"font-family: inherit; font-size: inherit; font-style: inherit; font-variant-ligatures: inherit; font-variant-caps: inherit; font-weight: inherit;\"><br \/><\/span><\/p>\n<p><\/p>","protected":false},"excerpt":{"rendered":"<p>The DGZX-AL368AHM8-30&#215;22+LED with LED H63 CMOS sensor WDR MIPI Camera Module is a high-performance imaging solution designed for various applications such as surveillance, security, and general purpose imaging. It features a 1MP sensor resolution and supports 720P 60fps recording for clear and smooth videos. The module comes with LED lights for low-light situations and has a wide dynamic range (WDR) for capturing images with excellent details and contrast. The DGZX-AL368AHM8-30&#215;22+LED with LED H63 CMOS sensor WDR MIPI Camera Module provides high-quality images and is a cost-effective solution for high-resolution and wide dynamic range requirements.<\/p>","protected":false},"featured_media":12199,"comment_status":"closed","ping_status":"closed","template":"","meta":{"_eb_attr":""},"product_cat":[312],"product_tag":[481,482,473],"class_list":{"0":"post-12324","1":"product","2":"type-product","3":"status-publish","4":"has-post-thumbnail","6":"product_cat-mipi-camera-module","7":"product_tag-jx-h63","8":"product_tag-1mp","9":"product_tag-mipi","10":"pa_resolution-1mp-camera-module-2","12":"first","13":"instock","14":"shipping-taxable","15":"product-type-simple"},"_links":{"self":[{"href":"https:\/\/dgzx.hk\/es\/wp-json\/wp\/v2\/product\/12324","targetHints":{"allow":["GET"]}}],"collection":[{"href":"https:\/\/dgzx.hk\/es\/wp-json\/wp\/v2\/product"}],"about":[{"href":"https:\/\/dgzx.hk\/es\/wp-json\/wp\/v2\/types\/product"}],"replies":[{"embeddable":true,"href":"https:\/\/dgzx.hk\/es\/wp-json\/wp\/v2\/comments?post=12324"}],"version-history":[{"count":0,"href":"https:\/\/dgzx.hk\/es\/wp-json\/wp\/v2\/product\/12324\/revisions"}],"wp:featuredmedia":[{"embeddable":true,"href":"https:\/\/dgzx.hk\/es\/wp-json\/wp\/v2\/media\/12199"}],"wp:attachment":[{"href":"https:\/\/dgzx.hk\/es\/wp-json\/wp\/v2\/media?parent=12324"}],"wp:term":[{"taxonomy":"product_cat","embeddable":true,"href":"https:\/\/dgzx.hk\/es\/wp-json\/wp\/v2\/product_cat?post=12324"},{"taxonomy":"product_tag","embeddable":true,"href":"https:\/\/dgzx.hk\/es\/wp-json\/wp\/v2\/product_tag?post=12324"}],"curies":[{"name":"wp","href":"https:\/\/api.w.org\/{rel}","templated":true}]}}