{"id":13392,"date":"2024-10-28T11:05:59","date_gmt":"2024-10-28T11:05:59","guid":{"rendered":"https:\/\/dgzx.hk?post_type=product&#038;p=13392"},"modified":"2025-03-05T11:12:48","modified_gmt":"2025-03-05T11:12:48","slug":"gc0308-dvp-camera-module-for-esp32-board","status":"publish","type":"product","link":"https:\/\/dgzx.hk\/es\/producto\/modulo-de-camara-dvp-gc0308-para-placa-esp32\/","title":{"rendered":"M\u00f3dulo de c\u00e1mara DVP GC0308 para placa ESP32"},"content":{"rendered":"<div data-elementor-type=\"wp-post\" data-elementor-id=\"13392\" class=\"elementor elementor-13392\" data-elementor-post-type=\"product\">\n\t\t\t\t\t\t<section data-particle_enable=\"false\" data-particle-mobile-disabled=\"false\" class=\"elementor-section elementor-top-section elementor-element elementor-element-39fd58e8 elementor-section-boxed elementor-section-height-default elementor-section-height-default wpr-particle-no wpr-jarallax-no wpr-parallax-no wpr-sticky-section-no\" data-id=\"39fd58e8\" data-element_type=\"section\" data-e-type=\"section\">\n\t\t\t\t\t\t<div class=\"elementor-container elementor-column-gap-default\">\n\t\t\t\t\t<div class=\"elementor-column elementor-col-100 elementor-top-column elementor-element elementor-element-4ce73a80\" data-id=\"4ce73a80\" data-element_type=\"column\" data-e-type=\"column\">\n\t\t\t<div class=\"elementor-widget-wrap elementor-element-populated\">\n\t\t\t\t\t\t<div class=\"elementor-element elementor-element-7eadf384 elementor-widget elementor-widget-text-editor\" data-id=\"7eadf384\" data-element_type=\"widget\" data-e-type=\"widget\" data-widget_type=\"text-editor.default\">\n\t\t\t\t\t\t\t\t\t<h2 style=\"line-height: 2em; text-align: left;\"><span style=\"font-style: inherit; font-variant-ligatures: inherit; font-variant-caps: inherit; font-weight: inherit; line-height: 21px; white-space: pre-wrap; caret-color: #FB4A3E; font-family: arial, helvetica, sans-serif; font-size: 16px; color: #0c0c0c;\">GZX0308-A35 GC0308 es un m\u00f3dulo de c\u00e1mara de escaneo DVP (Digital Video Port) de alto rendimiento dise\u00f1ado para satisfacer una variedad de necesidades de captura de im\u00e1genes. A continuaci\u00f3n, se incluye una introducci\u00f3n detallada del m\u00f3dulo de c\u00e1mara:<\/span><\/h2><h3 style=\"text-align: left;\">B<b>par\u00e1metros asic<\/b><\/h3><p style=\"text-align: left;\"><strong>Resoluci\u00f3n:<\/strong> 300.000 p\u00edxeles, con un tama\u00f1o de sensor espec\u00edfico de 640 x 480 p\u00edxeles. Esta resoluci\u00f3n es suficiente para satisfacer muchas necesidades b\u00e1sicas de captura de im\u00e1genes, manteniendo al mismo tiempo los requisitos de hardware y el consumo de energ\u00eda bajos.<br \/>Velocidad m\u00e1xima de cuadros: 30 cuadros por segundo. Esta velocidad de cuadros garantiza un video fluido y es adecuada para monitoreo en tiempo real y captura de escenas din\u00e1micas.<\/p><h3 style=\"text-align: left;\">yo<b>Caracter\u00edsticas t\u00e9cnicas<\/b><\/h3><p style=\"text-align: left;\"><strong>Tecnolog\u00eda ISP:<\/strong> El m\u00f3dulo de la c\u00e1mara integra tecnolog\u00eda ISP (procesador de se\u00f1al de imagen), lo que significa que puede realizar el procesamiento de im\u00e1genes como eliminaci\u00f3n de ruido, balance de blancos autom\u00e1tico, exposici\u00f3n autom\u00e1tica, etc. dentro del m\u00f3dulo, reduciendo as\u00ed la carga de procesamiento en el host.<br \/><strong>Soporte para placa de desarrollo ESP32:<\/strong> El m\u00f3dulo de c\u00e1mara GZX0308-A35 GC0308 es altamente compatible con la placa de desarrollo ESP32, lo que permite a los desarrolladores integrar f\u00e1cilmente funciones de captura de im\u00e1genes en proyectos basados en ESP32. Al mismo tiempo, gracias al soporte de la tecnolog\u00eda ISP, el m\u00f3dulo puede lograr un procesamiento sin distorsiones y garantizar la calidad de la imagen.<br \/><strong>Procesamiento de im\u00e1genes en tiempo real:<\/strong> Con la ayuda de la tecnolog\u00eda ISP y un mecanismo de transmisi\u00f3n de im\u00e1genes eficiente, el m\u00f3dulo de c\u00e1mara puede capturar y procesar im\u00e1genes en tiempo real para satisfacer las necesidades de monitoreo en tiempo real y captura din\u00e1mica.<\/p><h3 style=\"text-align: left;\"><strong>\u00c1reas de aplicaci\u00f3n<\/strong><\/h3><p style=\"text-align: left;\"><strong>Casa inteligente:<\/strong> Se puede utilizar en cerraduras de puertas inteligentes, c\u00e1maras inteligentes y otros dispositivos para proporcionar una soluci\u00f3n de monitoreo seguro del hogar.<br \/>Electr\u00f3nica automotriz: se puede utilizar para grabadoras de conducci\u00f3n, im\u00e1genes de marcha atr\u00e1s y otros sistemas para mejorar la seguridad y la comodidad de la conducci\u00f3n.<br \/><strong>Escucha:<\/strong> Es adecuado para monitoreo comercial, monitoreo de lugares p\u00fablicos y otros escenarios, brindando servicios de monitoreo de video claros y fluidos.<br \/><strong>Seguridad:<\/strong> Se puede utilizar en equipos de seguridad como sistemas de control de acceso y sistemas de alarma para mejorar las capacidades de protecci\u00f3n de seguridad.<\/p><p style=\"text-align: left;\"><img decoding=\"async\" class=\"magic-3 aligncenter\" src=\"https:\/\/sc04.alicdn.com\/kf\/H3c73ce6fc11e4535ab39c51ef1251e904\/252249410\/H3c73ce6fc11e4535ab39c51ef1251e904.jpg\" title=\"GC0308 DVP Camera Module for ESP32 Board\u63d2\u56fe\" alt=\"GC0308 DVP Camera Module for ESP32 Board\u63d2\u56fe\" \/><\/p><p style=\"line-height: 1.5em; text-align: left;\"><img decoding=\"async\" class=\"magic-3\" src=\"https:\/\/sc04.alicdn.com\/kf\/Hd8107e1a29f240ce96dec3ab90e1db91q\/252249410\/Hd8107e1a29f240ce96dec3ab90e1db91q.jpg\" title=\"GC0308 DVP Camera Module for ESP32 Board\u63d2\u56fe1\" alt=\"GC0308 DVP Camera Module for ESP32 Board\u63d2\u56fe1\" \/><\/p><p style=\"line-height: 1.5em; text-align: left;\"><img decoding=\"async\" class=\"magic-3\" src=\"https:\/\/sc04.alicdn.com\/kf\/H21795a71543640ab956b91531b9cbad77\/252249410\/H21795a71543640ab956b91531b9cbad77.jpg\" title=\"GC0308 DVP Camera Module for ESP32 Board\u63d2\u56fe2\" alt=\"GC0308 DVP Camera Module for ESP32 Board\u63d2\u56fe2\" \/><\/p><p style=\"line-height: 1.5em; text-align: left;\"><img decoding=\"async\" title=\"1694166314285534.jpg\" src=\"\/wp-content\/uploads\/image\/20230908\/1694166314285534.jpg\" alt=\"GC0308 DVP Camera Module for ESP32 Board\u63d2\u56fe3\" \/><\/p><p style=\"line-height: 1.5em; text-align: left;\"><img decoding=\"async\" title=\"1694166314968612.png\" src=\"\/wp-content\/uploads\/image\/20230908\/1694166314968612.png\" alt=\"GC0308 DVP Camera Module for ESP32 Board\u63d2\u56fe4\" \/><\/p><p style=\"text-align: left;\"><img decoding=\"async\" title=\"1694166314132510.png\" src=\"\/wp-content\/uploads\/image\/20230908\/1694166314132510.png\" alt=\"GC0308 DVP Camera Module for ESP32 Board\u63d2\u56fe5\" \/><\/p><p style=\"line-height: 1.5em; text-align: left;\"><img decoding=\"async\" title=\"1694166314167987.png\" src=\"\/wp-content\/uploads\/image\/20230908\/1694166314167987.png\" alt=\"GC0308 DVP Camera Module for ESP32 Board\u63d2\u56fe6\" \/><\/p><p style=\"line-height: 1.5em; text-align: left;\">\u00a0<\/p><p style=\"text-align: left;\">\u00a0<\/p>\t\t\t\t\t\t\t\t<\/div>\n\t\t\t\t\t<\/div>\n\t\t<\/div>\n\t\t\t\t\t<\/div>\n\t\t<\/section>\n\t\t\t\t<\/div>","protected":false},"excerpt":{"rendered":"<p>GZX0308-A35 GC0308 is a high-performance DVP (Digital Video Port) scanning camera module designed to meet a variety of image capture needs. The following is a detailed introduction to the camera module: Basic parameters Resolution: 300,000 pixels, with a specific sensor size of 640 x 480 pixels. This resolution is sufficient to meet many basic image capture needs while keeping hardware requirements and power consumption low. Maximum frame rate: 30 frames per second. This frame rate ensures smooth video and is suitable for real-time monitoring and dynamic scene capture. Technical features ISP technology: The camera module integrates ISP (Image Signal Processor) technology, which means that it can perform image processing such as denoising, automatic white balance, automatic exposure, etc. inside the module, thereby reducing the processing burden on the host. Support for ESP32 development board: The GZX0308-A35 GC0308 camera module is highly compatible with the ESP32 development board, which allows developers to easily integrate image capture functions into ESP32-based projects. At the same time, due to the support of ISP technology, the module can achieve distortion-free processing and ensure image quality. Real-time image processing: With the help of ISP technology and efficient image transmission mechanism, the camera module can capture and process images in real time to meet the needs of real-time monitoring and dynamic capture. Application areas Smart home: It can be used for smart door locks, smart cameras and other devices to provide a safe home monitoring solution. Automotive electronics: It can be used for driving recorders, reversing images and other systems to improve driving safety and convenience. Monitoring: It is suitable for commercial monitoring, public place monitoring and other scenarios, providing clear and smooth video monitoring services. Security: It can be used for security equipment such as access control systems and alarm systems to enhance security protection capabilities.<\/p>","protected":false},"featured_media":12300,"comment_status":"closed","ping_status":"closed","template":"","meta":{"_eb_attr":""},"product_cat":[35],"product_tag":[460,454,455],"class_list":{"0":"post-13392","1":"product","2":"type-product","3":"status-publish","4":"has-post-thumbnail","6":"product_cat-oem-camera-module","7":"product_tag-0-3mp","8":"product_tag-gc0308","9":"product_tag-esp32","10":"pa_resolution-vag-0-3mp-camera-module","12":"first","13":"instock","14":"shipping-taxable","15":"product-type-simple"},"_links":{"self":[{"href":"https:\/\/dgzx.hk\/es\/wp-json\/wp\/v2\/product\/13392","targetHints":{"allow":["GET"]}}],"collection":[{"href":"https:\/\/dgzx.hk\/es\/wp-json\/wp\/v2\/product"}],"about":[{"href":"https:\/\/dgzx.hk\/es\/wp-json\/wp\/v2\/types\/product"}],"replies":[{"embeddable":true,"href":"https:\/\/dgzx.hk\/es\/wp-json\/wp\/v2\/comments?post=13392"}],"version-history":[{"count":0,"href":"https:\/\/dgzx.hk\/es\/wp-json\/wp\/v2\/product\/13392\/revisions"}],"wp:featuredmedia":[{"embeddable":true,"href":"https:\/\/dgzx.hk\/es\/wp-json\/wp\/v2\/media\/12300"}],"wp:attachment":[{"href":"https:\/\/dgzx.hk\/es\/wp-json\/wp\/v2\/media?parent=13392"}],"wp:term":[{"taxonomy":"product_cat","embeddable":true,"href":"https:\/\/dgzx.hk\/es\/wp-json\/wp\/v2\/product_cat?post=13392"},{"taxonomy":"product_tag","embeddable":true,"href":"https:\/\/dgzx.hk\/es\/wp-json\/wp\/v2\/product_tag?post=13392"}],"curies":[{"name":"wp","href":"https:\/\/api.w.org\/{rel}","templated":true}]}}