{"id":11359,"date":"2023-06-20T12:20:41","date_gmt":"2023-06-20T12:20:41","guid":{"rendered":"https:\/\/dgzx.hkproduct\/0-3mp-black-and-white-wide-angle-scan-qr-code-mipi-global-exposure-camera-module\/"},"modified":"2025-03-10T11:55:01","modified_gmt":"2025-03-10T11:55:01","slug":"dgzx-ba158a27m29-70-0-3mp-mipi-global-exposure-black-and-white-wide-angle-scan-qr-code-camera-module","status":"publish","type":"product","link":"https:\/\/dgzx.hk\/fr\/produit\/dgzx-ba158a27m29-70-0-3mp-mipi-exposition-globale-module-de-camera-de-code-qr-grand-angle-noir-et-blanc\/","title":{"rendered":"Module de cam\u00e9ra de code QR \u00e0 balayage grand angle noir et blanc DGZX-BA158A27M29-70 0,3 MP MIPI exposition globale"},"content":{"rendered":"<p><span style=\"color: #1E1F24; font-size: 16px; text-align: justify; font-family: arial, helvetica, sans-serif;\">Le module de cam\u00e9ra de code QR \u00e0 grand angle noir et blanc \u00e0 exposition globale MIPI de 0,3\u00a0MP est un module de cam\u00e9ra haute d\u00e9finition avec une interface MIPI. Il utilise la technologie d&#039;exposition globale pour offrir une excellente qualit\u00e9 d&#039;image et prend en charge la num\u00e9risation grand angle. Ce module de cam\u00e9ra est id\u00e9al pour une gamme d&#039;applications qui n\u00e9cessitent une reconnaissance rapide et pr\u00e9cise, telles que le paiement mobile et la s\u00e9curit\u00e9 intelligente. En capturant des images de code QR, il permet une transmission de donn\u00e9es et une v\u00e9rification d&#039;identit\u00e9 rapides et pratiques.<\/span><\/p>\n<table align=\"left\" border=\"1\" style=\"height:120px;width:790px; border:1px solid #c3c3c3;\">\n<tbody>\n<tr class=\"firstRow\">\n<th colspan=\"2\" style=\"text-align: center;\"><span style=\"line-height:2.2;\">PERSONNALISATION DU SUPPORT<\/span><\/th>\n<\/tr>\n<tr style=\"background-color:#f3f3f3;\">\n<td><span style=\"line-height:2.2;\">Lieu d&#039;origine<\/span><\/td>\n<td><span style=\"line-height:2.2;\">Guangdong, Chine (continentale)<\/span><\/td>\n<\/tr>\n<tr>\n<td><span style=\"line-height:2.2;\">Capteur d&#039;images<\/span><\/td>\n<td><span style=\"line-height:2.2;\">CMOS<\/span><\/td>\n<\/tr>\n<tr style=\"background-color:#f3f3f3;\">\n<td><span style=\"line-height:2.2;\">Pixel<\/span><\/td>\n<td><span style=\"line-height:2.2;\">0,2 MP \u2013 48 MP, peut \u00e9galement \u00eatre r\u00e9alis\u00e9 selon les exigences sp\u00e9cifiques du client<\/span><\/td>\n<\/tr>\n<tr>\n<td><span style=\"line-height:2.2;\">Applications<\/span><\/td>\n<td><span style=\"line-height:2.2;\">reconnaissance faciale, biom\u00e9trie, d\u00e9tection de corps vivants, vision artificielle IA, v\u00e9hicule, drone, terminal libre-service,<br \/>\n\t\t\ttransmission d&#039;images, lecture de codes-barres, d\u00e9tection infrarouge, maison intelligente, surveillance de s\u00e9curit\u00e9,<br \/>\n\t\t\tcam\u00e9ra de mouvement, industrie et autres domaines<\/span><\/td>\n<\/tr>\n<tr style=\"background-color:#f3f3f3;\">\n<td><span style=\"line-height:2.2;\">Interfacel<\/span><\/td>\n<td><span style=\"line-height:2.2;\">USB USB 2.0 USB 3.0 MIPI CSI CSI2 DVP<\/span><\/td>\n<\/tr>\n<tr>\n<td><span style=\"line-height:2.2;\">Marque de chips<\/span><\/td>\n<td><span style=\"line-height:2.2;\">IMX, Omnivision, Gokway, ON, Micron etc.<\/span><\/td>\n<\/tr>\n<tr style=\"background-color:#f3f3f3;\">\n<td><span style=\"line-height:2.2;\">Fonctionnalit\u00e9<\/span><\/td>\n<td><span style=\"line-height:2.2;\">Faible \u00e9clairage, exposition globale, Starlight, Super Starlight, HDR dynamique large, JPEG, YUV<\/span><\/td>\n<\/tr>\n<tr>\n<td style=\"word-break: break-all;\"><span style=\"line-height:2.2;\">AS-BA158A27M29-70<\/span><\/td>\n<td style=\"word-break: break-all;\"><span style=\"line-height:2.2;\">Module de cam\u00e9ra d&#039;exposition globale MIPI avec code QR \u00e0 balayage grand angle noir et blanc de 0,3 MP<\/span><\/td>\n<\/tr>\n<\/tbody>\n<\/table>\n<p><\/p>\n<p><img decoding=\"async\"  src=\"https:\/\/dgzx.hkwp-content\/siteimages\/1683797723_AS-BA158A27M29-70-%E8%AF%A6%E6%83%85_01.jpg\" title=\"DGZX-BA158A27M29-70 0.3MP MIPI Global exposure Black and White Wide Angle Scan QR Code Camera Module\u63d2\u56fe\" alt=\"DGZX-BA158A27M29-70 0.3MP MIPI Global exposure Black and White Wide Angle Scan QR Code Camera Module\u63d2\u56fe\" \/><img decoding=\"async\"  src=\"https:\/\/dgzx.hkwp-content\/siteimages\/1683797730_AS-BA158A27M29-70-%E8%AF%A6%E6%83%85_02.jpg\" title=\"DGZX-BA158A27M29-70 0.3MP MIPI Global exposure Black and White Wide Angle Scan QR Code Camera Module\u63d2\u56fe1\" alt=\"DGZX-BA158A27M29-70 0.3MP MIPI Global exposure Black and White Wide Angle Scan QR Code Camera Module\u63d2\u56fe1\" \/><img decoding=\"async\"  src=\"https:\/\/dgzx.hkwp-content\/siteimages\/1683797737_AS-BA158A27M29-70-%E8%AF%A6%E6%83%85_03.jpg\" title=\"DGZX-BA158A27M29-70 0.3MP MIPI Global exposure Black and White Wide Angle Scan QR Code Camera Module\u63d2\u56fe2\" alt=\"DGZX-BA158A27M29-70 0.3MP MIPI Global exposure Black and White Wide Angle Scan QR Code Camera Module\u63d2\u56fe2\" \/><img decoding=\"async\"  src=\"https:\/\/dgzx.hkwp-content\/siteimages\/1683797744_AS-BA158A27M29-70-%E8%AF%A6%E6%83%85_04.jpg\" title=\"DGZX-BA158A27M29-70 0.3MP MIPI Global exposure Black and White Wide Angle Scan QR Code Camera Module\u63d2\u56fe3\" alt=\"DGZX-BA158A27M29-70 0.3MP MIPI Global exposure Black and White Wide Angle Scan QR Code Camera Module\u63d2\u56fe3\" \/><img decoding=\"async\"  src=\"https:\/\/dgzx.hkwp-content\/siteimages\/1683797751_AS-BA158A27M29-70-%E8%AF%A6%E6%83%85_05.jpg\" title=\"DGZX-BA158A27M29-70 0.3MP MIPI Global exposure Black and White Wide Angle Scan QR Code Camera Module\u63d2\u56fe4\" alt=\"DGZX-BA158A27M29-70 0.3MP MIPI Global exposure Black and White Wide Angle Scan QR Code Camera Module\u63d2\u56fe4\" \/><\/p>","protected":false},"excerpt":{"rendered":"<p>The 0.3MP MIPI Global Exposure Black and White Wide Angle Scan QR Code Camera Module is a high-definition camera module with a MIPI interface. It utilizes global exposure technology to deliver excellent image quality and supports wide-angle scanning. This camera module is ideal for a range of applications that require fast and accurate recognition, such as mobile payment and smart security. By capturing QR code images, it enables quick and convenient data transmission and identity verification. SUPPORT CUSTOMIZATION Place of Origin Guangdong, China (Mainland) Image Sensor CMOS Pixel 0.2MP &#8211; 48MP\uff0calso could do according to customer&#39;s specific requirements Applications face recognition, biometrics, living body detection, AI machine vision, vehicle, UAV, self-service terminal, picture transmission,bar code scanning, infrared detection, smart home, security monitoring, motion camera, industry and other fields Interfacel USB USB2.0 USB3.0 MIPI CSI CSI2 DVP Chip brand IMX\u3001Omnivision\u3001Gokway\u3001ON\u3001Micron etc. Feature Low illumination\uff0cGlobal exposure\uff0cStarlight\uff0c Super Starlight\uff0cWide dynamic HDR\uff0cJPEG,YUV AS-BA158A27M29-70 0.3MP Black and White Wide Angle Scan QR Code MIPI Global exposure Camera Module<\/p>","protected":false},"featured_media":7671,"comment_status":"open","ping_status":"closed","template":"","meta":{"_eb_attr":""},"product_cat":[338,348],"product_tag":[],"class_list":{"0":"post-11359","1":"product","2":"type-product","3":"status-publish","4":"has-post-thumbnail","6":"product_cat-cmos-camera-module","7":"product_cat-global-shutter-camera-module","8":"pa_resolution-vag-0-3mp-camera-module","10":"first","11":"instock","12":"shipping-taxable","13":"product-type-simple"},"_links":{"self":[{"href":"https:\/\/dgzx.hk\/fr\/wp-json\/wp\/v2\/product\/11359","targetHints":{"allow":["GET"]}}],"collection":[{"href":"https:\/\/dgzx.hk\/fr\/wp-json\/wp\/v2\/product"}],"about":[{"href":"https:\/\/dgzx.hk\/fr\/wp-json\/wp\/v2\/types\/product"}],"replies":[{"embeddable":true,"href":"https:\/\/dgzx.hk\/fr\/wp-json\/wp\/v2\/comments?post=11359"}],"version-history":[{"count":0,"href":"https:\/\/dgzx.hk\/fr\/wp-json\/wp\/v2\/product\/11359\/revisions"}],"wp:featuredmedia":[{"embeddable":true,"href":"https:\/\/dgzx.hk\/fr\/wp-json\/wp\/v2\/media\/7671"}],"wp:attachment":[{"href":"https:\/\/dgzx.hk\/fr\/wp-json\/wp\/v2\/media?parent=11359"}],"wp:term":[{"taxonomy":"product_cat","embeddable":true,"href":"https:\/\/dgzx.hk\/fr\/wp-json\/wp\/v2\/product_cat?post=11359"},{"taxonomy":"product_tag","embeddable":true,"href":"https:\/\/dgzx.hk\/fr\/wp-json\/wp\/v2\/product_tag?post=11359"}],"curies":[{"name":"wp","href":"https:\/\/api.w.org\/{rel}","templated":true}]}}