{"id":11435,"date":"2023-06-20T12:20:45","date_gmt":"2023-06-20T12:20:45","guid":{"rendered":"https:\/\/dgzx.hkproduct\/8mp-12mp-imx415-imx377-imx477-imx577-cmos-af-ff-for-sony-imx-4k-2k-camera-module\/"},"modified":"2025-03-14T11:29:15","modified_gmt":"2025-03-14T11:29:15","slug":"8mp-12mp-imx415-imx377-imx477-imx577-cmos-af-ff-for-sony-imx-4k-2k-camera-module","status":"publish","type":"product","link":"https:\/\/dgzx.hk\/fr\/produit\/8mp-12mp-imx415-imx377-imx477-imx577-cmos-af-ff-for-sony-imx-4k-2k-camera-module\/","title":{"rendered":"Dogoozx 8mp 12mp IMX415 IMX377 IMX477 IMX577 Cmos AF FF pour module de cam\u00e9ra Sony IMX 4K 2K"},"content":{"rendered":"<table align=\"left\" border=\"1\" cellpadding=\"1\" cellspacing=\"1\" style=\"height:120px;width:790px; border:1px solid #c3c3c3;\">\n<tbody>\n<tr>\n<th colspan=\"2\" style=\"text-align: center;\"><span style=\"line-height:2.2;\">PERSONNALISATION DU SUPPORT<\/span><\/th>\n<\/tr>\n<tr style=\"background-color:#f3f3f3;\">\n<td><span style=\"line-height:2.2;\">Lieu d&#039;origine<\/span><\/td>\n<td><span style=\"line-height:2.2;\">Guangdong, Chine (continentale)<\/span><\/td>\n<\/tr>\n<tr>\n<td><span style=\"line-height:2.2;\">Capteur d&#039;images<\/span><\/td>\n<td><span style=\"line-height:2.2;\">CMOS<\/span><\/td>\n<\/tr>\n<tr style=\"background-color:#f3f3f3;\">\n<td><span style=\"line-height:2.2;\">Pixel<\/span><\/td>\n<td><span style=\"line-height:2.2;\">0,2 MP \u2013 48 MP, peut \u00e9galement \u00eatre r\u00e9alis\u00e9 selon les exigences sp\u00e9cifiques du client<\/span><\/td>\n<\/tr>\n<tr>\n<td><span style=\"line-height:2.2;\">Applications<\/span><\/td>\n<td><span style=\"line-height:2.2;\">reconnaissance faciale, biom\u00e9trie, d\u00e9tection de corps vivants, vision artificielle IA, v\u00e9hicule, drone, terminal libre-service,<br \/>\n\t\t\ttransmission d&#039;images, lecture de codes-barres, d\u00e9tection infrarouge, maison intelligente, surveillance de s\u00e9curit\u00e9,<br \/>\n\t\t\tcam\u00e9ra de mouvement, industrie et autres domaines<\/span><\/td>\n<\/tr>\n<tr style=\"background-color:#f3f3f3;\">\n<td><span style=\"line-height:2.2;\">Interfacel<\/span><\/td>\n<td><span style=\"line-height:2.2;\">USB USB 2.0 USB 3.0 MIPI CSI CSI2 DVP<\/span><\/td>\n<\/tr>\n<tr>\n<td><span style=\"line-height:2.2;\">Marque de chips<\/span><\/td>\n<td><span style=\"line-height:2.2;\">IMX, Omnivision, Gokway, ON, Micron etc.<\/span><\/td>\n<\/tr>\n<tr style=\"background-color:#f3f3f3;\">\n<td><span style=\"line-height:2.2;\">Fonctionnalit\u00e9<\/span><\/td>\n<td><span style=\"line-height:2.2;\">Faible \u00e9clairage, exposition globale, Starlight, Super Starlight, HDR dynamique large, JPEG, YUV<\/span><\/td>\n<\/tr>\n<tr>\n<td>\u00a0<\/td>\n<td><span style=\"line-height:2.2;\">8mp 12mp IMX415 IMX377 IMX477 IMX577 Cmos AF FF For sony imx 4k 2K camera module<\/span><\/td>\n<\/tr>\n<\/tbody>\n<\/table>\n<p>Model Number: 4K 2K camera module<br \/>\nSpecial Features: Face Recognition; object recognition; UAV aerial photography; Motion camera<br \/>\nFunction: AF\/FF optional; Support Wide Angle\/Lens optional<br \/>\nFormat de compression vid\u00e9o : RAW MJPG YUV<br \/>\nSupport personnalis\u00e9 : OEM, ODM<br \/>\nImage Sensor: Sony IMX415 IMX377 IMX477 IMX577<br \/>\nDimensions du module : Personnalisable<br \/>\nHD : 4K 2K 1080P<br \/>\nInterface: MIPI USB<br \/>\nPixel: 8MP 12MP<br \/>\nFr\u00e9quence d&#039;images : 30-240 ips\u00a0<br \/>\nLens Size: 1\/2.3 inch<br \/>\nSyst\u00e8mes compatibles : Windows Android Linux<br \/>\nCertification: RoHS<\/p>","protected":false},"excerpt":{"rendered":"<p>SUPPORT CUSTOMIZATION Place of Origin Guangdong, China (Mainland) Image Sensor CMOS Pixel 0.2MP &#8211; 48MP\uff0calso could do according to customer&#8217;s specific requirements Applications face recognition, biometrics, living body detection, AI machine vision, vehicle, UAV, self-service terminal, picture transmission,bar code scanning, infrared detection, smart home, security monitoring, motion camera, industry and other fields Interfacel USB USB2.0 USB3.0 MIPI CSI CSI2 DVP Chip brand IMX\u3001Omnivision\u3001Gokway\u3001ON\u3001Micron etc. Feature Low illumination\uff0cGlobal exposure\uff0cStarlight\uff0c Super Starlight\uff0cWide dynamic HDR\uff0cJPEG,YUV \u00a0 8mp 12mp IMX415 IMX377 IMX477 IMX577 Cmos AF FF For sony imx 4k 2K camera module Model Number: 4K 2K camera module Special Features: Face Recognition; object recognition; UAV aerial photography; Motion camera Function: AF\/FF optional; Support Wide Angle\/Lens optional Video Compression Format: RAW MJPG YUV Customized support: OEM, ODM Image Sensor: Sony IMX415 IMX377 IMX477 IMX577 Module Dimensions: Customizable HD: 4K 2K 1080P Interface: MIPI USB Pixel: 8MP 12MP Frame rate: 30-240fps\u00a0 Lens Size: 1\/2.3 inch System compatible: Windows Android Linux Certification: RoHS<\/p>","protected":false},"featured_media":8099,"comment_status":"open","ping_status":"closed","template":"","meta":{"_eb_attr":""},"product_cat":[338,340],"product_tag":[],"class_list":{"0":"post-11435","1":"product","2":"type-product","3":"status-publish","4":"has-post-thumbnail","6":"product_cat-cmos-camera-module","7":"product_cat-4k-8k-camera-module","8":"pa_resolution-8mp-4k-camera-module","10":"first","11":"instock","12":"shipping-taxable","13":"product-type-simple"},"_links":{"self":[{"href":"https:\/\/dgzx.hk\/fr\/wp-json\/wp\/v2\/product\/11435","targetHints":{"allow":["GET"]}}],"collection":[{"href":"https:\/\/dgzx.hk\/fr\/wp-json\/wp\/v2\/product"}],"about":[{"href":"https:\/\/dgzx.hk\/fr\/wp-json\/wp\/v2\/types\/product"}],"replies":[{"embeddable":true,"href":"https:\/\/dgzx.hk\/fr\/wp-json\/wp\/v2\/comments?post=11435"}],"version-history":[{"count":0,"href":"https:\/\/dgzx.hk\/fr\/wp-json\/wp\/v2\/product\/11435\/revisions"}],"wp:featuredmedia":[{"embeddable":true,"href":"https:\/\/dgzx.hk\/fr\/wp-json\/wp\/v2\/media\/8099"}],"wp:attachment":[{"href":"https:\/\/dgzx.hk\/fr\/wp-json\/wp\/v2\/media?parent=11435"}],"wp:term":[{"taxonomy":"product_cat","embeddable":true,"href":"https:\/\/dgzx.hk\/fr\/wp-json\/wp\/v2\/product_cat?post=11435"},{"taxonomy":"product_tag","embeddable":true,"href":"https:\/\/dgzx.hk\/fr\/wp-json\/wp\/v2\/product_tag?post=11435"}],"curies":[{"name":"wp","href":"https:\/\/api.w.org\/{rel}","templated":true}]}}