{"id":11443,"date":"2023-06-20T12:20:45","date_gmt":"2023-06-20T12:20:45","guid":{"rendered":"https:\/\/dgzx.hkproduct\/12mp-4k2k-1080p-240fps-video-capture-wdr-imx577-imx477-drone-camera-module-mipi\/"},"modified":"2025-03-14T11:33:38","modified_gmt":"2025-03-14T11:33:38","slug":"12mp-4k2k-1080p-240fps-video-capture-wdr-imx577-imx477-drone-camera-module-mipi","status":"publish","type":"product","link":"https:\/\/dgzx.hk\/fr\/produit\/12mp-4k2k-1080p-240fps-video-capture-wdr-imx577-imx477-drone-camera-module-mipi\/","title":{"rendered":"Module de cam\u00e9ra de drone Dogoozx 12MP 4K2K 1080P 240fps capture vid\u00e9o WDR IMX577 IMX477 MIPI"},"content":{"rendered":"<table align=\"left\" border=\"1\" cellpadding=\"1\" cellspacing=\"1\" style=\"height:120px;width:790px; border:1px solid #c3c3c3;\">\n<tbody>\n<tr>\n<th colspan=\"2\" style=\"text-align: center;\"><span style=\"line-height:2.2;\">PERSONNALISATION DU SUPPORT<\/span><\/th>\n<\/tr>\n<tr style=\"background-color:#f3f3f3;\">\n<td><span style=\"line-height:2.2;\">Lieu d&#039;origine<\/span><\/td>\n<td><span style=\"line-height:2.2;\">Guangdong, Chine (continentale)<\/span><\/td>\n<\/tr>\n<tr>\n<td><span style=\"line-height:2.2;\">Capteur d&#039;images<\/span><\/td>\n<td><span style=\"line-height:2.2;\">CMOS<\/span><\/td>\n<\/tr>\n<tr style=\"background-color:#f3f3f3;\">\n<td><span style=\"line-height:2.2;\">Pixel<\/span><\/td>\n<td><span style=\"line-height:2.2;\">0,2 MP \u2013 48 MP, peut \u00e9galement \u00eatre r\u00e9alis\u00e9 selon les exigences sp\u00e9cifiques du client<\/span><\/td>\n<\/tr>\n<tr>\n<td><span style=\"line-height:2.2;\">Applications<\/span><\/td>\n<td><span style=\"line-height:2.2;\">reconnaissance faciale, biom\u00e9trie, d\u00e9tection de corps vivants, vision artificielle IA, v\u00e9hicule, drone, terminal libre-service,<br \/>\n\t\t\ttransmission d&#039;images, lecture de codes-barres, d\u00e9tection infrarouge, maison intelligente, surveillance de s\u00e9curit\u00e9,<br \/>\n\t\t\tcam\u00e9ra de mouvement, industrie et autres domaines<\/span><\/td>\n<\/tr>\n<tr style=\"background-color:#f3f3f3;\">\n<td><span style=\"line-height:2.2;\">Interfacel<\/span><\/td>\n<td><span style=\"line-height:2.2;\">USB USB 2.0 USB 3.0 MIPI CSI CSI2 DVP<\/span><\/td>\n<\/tr>\n<tr>\n<td><span style=\"line-height:2.2;\">Marque de chips<\/span><\/td>\n<td><span style=\"line-height:2.2;\">IMX, Omnivision, Gokway, ON, Micron etc.<\/span><\/td>\n<\/tr>\n<tr style=\"background-color:#f3f3f3;\">\n<td><span style=\"line-height:2.2;\">Fonctionnalit\u00e9<\/span><\/td>\n<td><span style=\"line-height:2.2;\">Faible \u00e9clairage, exposition globale, Starlight, Super Starlight, HDR dynamique large, JPEG, YUV<\/span><\/td>\n<\/tr>\n<tr>\n<td><span style=\"line-height:2.2;\">AS-AC778A5M2-23&#215;30<\/span><\/td>\n<td><span style=\"line-height:2.2;\">12MP 4K2K 1080P 240fps video capture WDR IMX577 IMX477 drone camera module MIPI<\/span><\/td>\n<\/tr>\n<\/tbody>\n<\/table>\n<p>\n<img decoding=\"async\"  src=\"https:\/\/dgzx.hkwp-content\/siteimages\/1683960176_AS-AC778A5M2-23x30-%E8%AF%A6%E6%83%85_01.jpg\" style=\"width: 790px; height: 1132px;\" title=\"Dogoozx 12MP 4K2K 1080P 240fps video capture WDR IMX577 IMX477 drone camera module MIPI\u63d2\u56fe\" alt=\"Dogoozx 12MP 4K2K 1080P 240fps video capture WDR IMX577 IMX477 drone camera module MIPI\u63d2\u56fe\" \/><img decoding=\"async\"  src=\"https:\/\/dgzx.hkwp-content\/siteimages\/1683960182_AS-AC778A5M2-23x30-%E8%AF%A6%E6%83%85_02.jpg\" style=\"width: 790px; height: 2231px;\" title=\"Dogoozx 12MP 4K2K 1080P 240fps video capture WDR IMX577 IMX477 drone camera module MIPI\u63d2\u56fe1\" alt=\"Dogoozx 12MP 4K2K 1080P 240fps video capture WDR IMX577 IMX477 drone camera module MIPI\u63d2\u56fe1\" \/><img decoding=\"async\"  src=\"https:\/\/dgzx.hkwp-content\/siteimages\/1683960189_AS-AC778A5M2-23x30-%E8%AF%A6%E6%83%85_03.jpg\" style=\"width: 790px; height: 1891px;\" title=\"Dogoozx 12MP 4K2K 1080P 240fps video capture WDR IMX577 IMX477 drone camera module MIPI\u63d2\u56fe2\" alt=\"Dogoozx 12MP 4K2K 1080P 240fps video capture WDR IMX577 IMX477 drone camera module MIPI\u63d2\u56fe2\" \/><img decoding=\"async\"  src=\"https:\/\/dgzx.hkwp-content\/siteimages\/1683960196_AS-AC778A5M2-23x30-%E8%AF%A6%E6%83%85_04.jpg\" style=\"width: 790px; height: 2135px;\" title=\"Dogoozx 12MP 4K2K 1080P 240fps video capture WDR IMX577 IMX477 drone camera module MIPI\u63d2\u56fe3\" alt=\"Dogoozx 12MP 4K2K 1080P 240fps video capture WDR IMX577 IMX477 drone camera module MIPI\u63d2\u56fe3\" \/><\/p>","protected":false},"excerpt":{"rendered":"<p>SUPPORT CUSTOMIZATION Place of Origin Guangdong, China (Mainland) Image Sensor CMOS Pixel 0.2MP &#8211; 48MP\uff0calso could do according to customer&#8217;s specific requirements Applications face recognition, biometrics, living body detection, AI machine vision, vehicle, UAV, self-service terminal, picture transmission,bar code scanning, infrared detection, smart home, security monitoring, motion camera, industry and other fields Interfacel USB USB2.0 USB3.0 MIPI CSI CSI2 DVP Chip brand IMX\u3001Omnivision\u3001Gokway\u3001ON\u3001Micron etc. Feature Low illumination\uff0cGlobal exposure\uff0cStarlight\uff0c Super Starlight\uff0cWide dynamic HDR\uff0cJPEG,YUV AS-AC778A5M2-23&#215;30 12MP 4K2K 1080P 240fps video capture WDR IMX577 IMX477 drone camera module MIPI<\/p>","protected":false},"featured_media":8145,"comment_status":"open","ping_status":"closed","template":"","meta":{"_eb_attr":""},"product_cat":[312],"product_tag":[],"class_list":{"0":"post-11443","1":"product","2":"type-product","3":"status-publish","4":"has-post-thumbnail","6":"product_cat-mipi-camera-module","7":"pa_resolution-13mp-4k-camera-module","9":"first","10":"instock","11":"shipping-taxable","12":"product-type-simple"},"_links":{"self":[{"href":"https:\/\/dgzx.hk\/fr\/wp-json\/wp\/v2\/product\/11443","targetHints":{"allow":["GET"]}}],"collection":[{"href":"https:\/\/dgzx.hk\/fr\/wp-json\/wp\/v2\/product"}],"about":[{"href":"https:\/\/dgzx.hk\/fr\/wp-json\/wp\/v2\/types\/product"}],"replies":[{"embeddable":true,"href":"https:\/\/dgzx.hk\/fr\/wp-json\/wp\/v2\/comments?post=11443"}],"version-history":[{"count":0,"href":"https:\/\/dgzx.hk\/fr\/wp-json\/wp\/v2\/product\/11443\/revisions"}],"wp:featuredmedia":[{"embeddable":true,"href":"https:\/\/dgzx.hk\/fr\/wp-json\/wp\/v2\/media\/8145"}],"wp:attachment":[{"href":"https:\/\/dgzx.hk\/fr\/wp-json\/wp\/v2\/media?parent=11443"}],"wp:term":[{"taxonomy":"product_cat","embeddable":true,"href":"https:\/\/dgzx.hk\/fr\/wp-json\/wp\/v2\/product_cat?post=11443"},{"taxonomy":"product_tag","embeddable":true,"href":"https:\/\/dgzx.hk\/fr\/wp-json\/wp\/v2\/product_tag?post=11443"}],"curies":[{"name":"wp","href":"https:\/\/api.w.org\/{rel}","templated":true}]}}