{"id":11701,"date":"2023-06-20T12:20:57","date_gmt":"2023-06-20T12:20:57","guid":{"rendered":"https:\/\/dgzx.hkproduct\/support-uvc-protocol-mic-usb-autofocus-imx179-8mp-4kp-videophone-camera-module\/"},"modified":"2023-06-20T12:20:57","modified_gmt":"2023-06-20T12:20:57","slug":"support-uvc-protocol-mic-usb-autofocus-imx179-8mp-4kp-videophone-camera-module","status":"publish","type":"product","link":"https:\/\/dgzx.hk\/fr\/produit\/support-uvc-protocol-mic-usb-autofocus-imx179-8mp-4kp-videophone-camera-module\/","title":{"rendered":"Dogoozx Support UVC Protocol Mic USB Autofocus IMX179 8MP 4KP Videophone Camera Module"},"content":{"rendered":"<table align=\"left\" border=\"1\" cellpadding=\"1\" cellspacing=\"1\" style=\"height:120px;width:790px; border:1px solid #c3c3c3;\">\n<tbody>\n<tr>\n<th colspan=\"2\" style=\"text-align: center;\"><span style=\"line-height:2.2;\">PERSONNALISATION DU SUPPORT<\/span><\/th>\n<\/tr>\n<tr style=\"background-color:#f3f3f3;\">\n<td><span style=\"line-height:2.2;\">Lieu d&#039;origine<\/span><\/td>\n<td><span style=\"line-height:2.2;\">Guangdong, Chine (continentale)<\/span><\/td>\n<\/tr>\n<tr>\n<td><span style=\"line-height:2.2;\">Capteur d&#039;images<\/span><\/td>\n<td><span style=\"line-height:2.2;\">CMOS<\/span><\/td>\n<\/tr>\n<tr style=\"background-color:#f3f3f3;\">\n<td><span style=\"line-height:2.2;\">Pixel<\/span><\/td>\n<td><span style=\"line-height:2.2;\">0,2 MP \u2013 48 MP, peut \u00e9galement \u00eatre r\u00e9alis\u00e9 selon les exigences sp\u00e9cifiques du client<\/span><\/td>\n<\/tr>\n<tr>\n<td><span style=\"line-height:2.2;\">Applications<\/span><\/td>\n<td><span style=\"line-height:2.2;\">reconnaissance faciale, biom\u00e9trie, d\u00e9tection de corps vivants, vision artificielle IA, v\u00e9hicule, drone, terminal libre-service,<br \/>\n\t\t\ttransmission d&#039;images, lecture de codes-barres, d\u00e9tection infrarouge, maison intelligente, surveillance de s\u00e9curit\u00e9,<br \/>\n\t\t\tcam\u00e9ra de mouvement, industrie et autres domaines<\/span><\/td>\n<\/tr>\n<tr style=\"background-color:#f3f3f3;\">\n<td><span style=\"line-height:2.2;\">Interfacel<\/span><\/td>\n<td><span style=\"line-height:2.2;\">USB USB 2.0 USB 3.0 MIPI CSI CSI2 DVP<\/span><\/td>\n<\/tr>\n<tr>\n<td><span style=\"line-height:2.2;\">Marque de chips<\/span><\/td>\n<td><span style=\"line-height:2.2;\">IMX, Omnivision, Gokway, ON, Micron etc.<\/span><\/td>\n<\/tr>\n<tr style=\"background-color:#f3f3f3;\">\n<td><span style=\"line-height:2.2;\">Fonctionnalit\u00e9<\/span><\/td>\n<td><span style=\"line-height:2.2;\">Faible \u00e9clairage, exposition globale, Starlight, Super Starlight, HDR dynamique large, JPEG, YUV<\/span><\/td>\n<\/tr>\n<tr>\n<td><span style=\"line-height:2.2;\">QQSJ-8813\u00a0<\/span><\/td>\n<td><span style=\"line-height:2.2;\">Support UVC Protocol Mic USB Autofocus IMX179 8MP 4KP Videophone Camera Module<\/span><\/td>\n<\/tr>\n<\/tbody>\n<\/table>\n<p><img decoding=\"async\"  src=\"https:\/\/dgzx.hkwp-content\/siteimages\/1676971955_QQSJ-8813-AF-xq-_01.jpg\" style=\"width: 750px; height: 1334px;\" title=\"Dogoozx Support UVC Protocol Mic USB Autofocus IMX179 8MP 4KP Videophone Camera Module\u63d2\u56fe\" alt=\"Dogoozx Support UVC Protocol Mic USB Autofocus IMX179 8MP 4KP Videophone Camera Module\u63d2\u56fe\" \/><img decoding=\"async\"  src=\"https:\/\/dgzx.hkwp-content\/siteimages\/1676971964_QQSJ-8813-AF-xq-_02.jpg\" style=\"width: 750px; height: 1528px;\" title=\"Dogoozx Support UVC Protocol Mic USB Autofocus IMX179 8MP 4KP Videophone Camera Module\u63d2\u56fe1\" alt=\"Dogoozx Support UVC Protocol Mic USB Autofocus IMX179 8MP 4KP Videophone Camera Module\u63d2\u56fe1\" \/><img decoding=\"async\"  src=\"https:\/\/dgzx.hkwp-content\/siteimages\/1676971973_QQSJ-8813-AF-xq-_03.jpg\" style=\"width: 750px; height: 784px;\" title=\"Dogoozx Support UVC Protocol Mic USB Autofocus IMX179 8MP 4KP Videophone Camera Module\u63d2\u56fe2\" alt=\"Dogoozx Support UVC Protocol Mic USB Autofocus IMX179 8MP 4KP Videophone Camera Module\u63d2\u56fe2\" \/><img decoding=\"async\"  src=\"https:\/\/dgzx.hkwp-content\/siteimages\/1676971980_QQSJ-8813-AF-xq-_04.jpg\" style=\"width: 750px; height: 886px;\" title=\"Dogoozx Support UVC Protocol Mic USB Autofocus IMX179 8MP 4KP Videophone Camera Module\u63d2\u56fe3\" alt=\"Dogoozx Support UVC Protocol Mic USB Autofocus IMX179 8MP 4KP Videophone Camera Module\u63d2\u56fe3\" \/><img decoding=\"async\"  src=\"https:\/\/dgzx.hkwp-content\/siteimages\/1676971988_QQSJ-8813-AF-xq-_05.jpg\" style=\"width: 750px; height: 1097px;\" title=\"Dogoozx Support UVC Protocol Mic USB Autofocus IMX179 8MP 4KP Videophone Camera Module\u63d2\u56fe4\" alt=\"Dogoozx Support UVC Protocol Mic USB Autofocus IMX179 8MP 4KP Videophone Camera Module\u63d2\u56fe4\" \/><\/p>","protected":false},"excerpt":{"rendered":"<p>SUPPORT CUSTOMIZATION Place of Origin Guangdong, China (Mainland) Image Sensor CMOS Pixel 0.2MP &#8211; 48MP\uff0calso could do according to customer&#8217;s specific requirements Applications face recognition, biometrics, living body detection, AI machine vision, vehicle, UAV, self-service terminal, picture transmission,bar code scanning, infrared detection, smart home, security monitoring, motion camera, industry and other fields Interfacel USB USB2.0 USB3.0 MIPI CSI CSI2 DVP Chip brand IMX\u3001Omnivision\u3001Gokway\u3001ON\u3001Micron etc. Feature Low illumination\uff0cGlobal exposure\uff0cStarlight\uff0c Super Starlight\uff0cWide dynamic HDR\uff0cJPEG,YUV QQSJ-8813\u00a0 Support UVC Protocol Mic USB Autofocus IMX179 8MP 4KP Videophone Camera Module<\/p>","protected":false},"featured_media":9640,"comment_status":"open","ping_status":"closed","template":"","meta":{"_eb_attr":""},"product_cat":[302],"product_tag":[],"class_list":{"0":"post-11701","1":"product","2":"type-product","3":"status-publish","4":"has-post-thumbnail","6":"product_cat-usb-camera-module","8":"first","9":"instock","10":"shipping-taxable","11":"product-type-simple"},"_links":{"self":[{"href":"https:\/\/dgzx.hk\/fr\/wp-json\/wp\/v2\/product\/11701","targetHints":{"allow":["GET"]}}],"collection":[{"href":"https:\/\/dgzx.hk\/fr\/wp-json\/wp\/v2\/product"}],"about":[{"href":"https:\/\/dgzx.hk\/fr\/wp-json\/wp\/v2\/types\/product"}],"replies":[{"embeddable":true,"href":"https:\/\/dgzx.hk\/fr\/wp-json\/wp\/v2\/comments?post=11701"}],"version-history":[{"count":0,"href":"https:\/\/dgzx.hk\/fr\/wp-json\/wp\/v2\/product\/11701\/revisions"}],"wp:featuredmedia":[{"embeddable":true,"href":"https:\/\/dgzx.hk\/fr\/wp-json\/wp\/v2\/media\/9640"}],"wp:attachment":[{"href":"https:\/\/dgzx.hk\/fr\/wp-json\/wp\/v2\/media?parent=11701"}],"wp:term":[{"taxonomy":"product_cat","embeddable":true,"href":"https:\/\/dgzx.hk\/fr\/wp-json\/wp\/v2\/product_cat?post=11701"},{"taxonomy":"product_tag","embeddable":true,"href":"https:\/\/dgzx.hk\/fr\/wp-json\/wp\/v2\/product_tag?post=11701"}],"curies":[{"name":"wp","href":"https:\/\/api.w.org\/{rel}","templated":true}]}}