{"id":12369,"date":"2023-09-20T00:33:45","date_gmt":"2023-09-20T00:33:45","guid":{"rendered":"https:\/\/dgzx.hk?post_type=product&#038;p=12369"},"modified":"2025-03-05T11:26:38","modified_gmt":"2025-03-05T11:26:38","slug":"dgzx-aa018aa50m2-50x50-os05a10-sensor-cmos-pcb-camera-module-mipi-5mp-60fps-hdr-backlight-surveillance","status":"publish","type":"product","link":"https:\/\/dgzx.hk\/fr\/produit\/dgzx-aa018aa50m2-50x50-os05a10-capteur-cmos-pcb-module-de-camera-mipi-5mp-60fps-hdr-retroeclairage-surveillance\/","title":{"rendered":"DGZX-AA018AA50M2-50\u00d750 OS05A10 Capteur Cmos PCB Module de cam\u00e9ra Mipi 5MP 60fps HDR R\u00e9tro\u00e9clairage Surveillance"},"content":{"rendered":"<p style=\"margin-bottom: 0px; padding: 0px; cursor: text; counter-reset: list-1 0 list-2 0 list-3 0 list-4 0 list-5 0 list-6 0 list-7 0 list-8 0 list-9 0; color: rgb(80, 82, 85); font-family: Helvetica, Arial, sans-serif; font-size: 13px; white-space: pre-wrap; text-indent: 2em; line-height: 2em;\"><span style=\"color: #1E1F24; text-align: justify; font-size: 16px; font-family: arial, helvetica, sans-serif;\">Le module de cam\u00e9ra PCB \u00e0 capteur CMOS DGZX-AA018AA50M2-50\u00d750 OS05A10 est un module de cam\u00e9ra de surveillance hautes performances 5MP 60fps avec des capacit\u00e9s de compensation de r\u00e9tro\u00e9clairage HDR (High Dynamic Range). Le module est dot\u00e9 d&#039;un capteur CMOS qui offre une sensibilit\u00e9 \u00e9lev\u00e9e et de faibles niveaux de bruit pour une meilleure qualit\u00e9 d&#039;image, m\u00eame dans des conditions de faible luminosit\u00e9. L&#039;interface MIPI assure une transmission de donn\u00e9es \u00e0 haut d\u00e9bit, permettant une diffusion vid\u00e9o fluide et une surveillance en temps r\u00e9el. La technologie HDR permet une reproduction pr\u00e9cise des zones claires et sombres, ce qui donne une image plus d\u00e9taill\u00e9e et plus r\u00e9aliste. La fonction de compensation du r\u00e9tro\u00e9clairage am\u00e9liore encore la qualit\u00e9 de l&#039;image en corrigeant la luminosit\u00e9 et l&#039;\u00e9quilibre des couleurs de l&#039;image dans les environnements r\u00e9tro\u00e9clair\u00e9s. Le DGZX-AA018AA50M2-50\u00d750 OS05A10 convient \u00e0 diverses applications de s\u00e9curit\u00e9 et de surveillance, notamment les villes intelligentes, les maisons intelligentes et l&#039;automatisation industrielle.<\/span><\/p>\n<p><img decoding=\"async\" src=\"\/wp-content\/uploads\/image\/20230822\/1692694538562640.jpg\" title=\"1692694538562640.jpg\" alt=\"1.jpg\"\/><img decoding=\"async\" src=\"\/wp-content\/uploads\/image\/20230822\/1692694543402961.jpg\" title=\"1692694543402961.jpg\" alt=\"2.jpg\"\/><img decoding=\"async\" src=\"\/wp-content\/uploads\/image\/20230822\/1692694548842737.jpg\" title=\"1692694548842737.jpg\" alt=\"3.jpg\"\/><img decoding=\"async\" src=\"\/wp-content\/uploads\/image\/20230822\/1692694552755456.jpg\" title=\"1692694552755456.jpg\" alt=\"4.jpg\"\/><img decoding=\"async\" src=\"\/wp-content\/uploads\/image\/20230822\/1692694557147237.jpg\" title=\"1692694557147237.jpg\" alt=\"5.jpg\"\/><img decoding=\"async\" src=\"\/wp-content\/uploads\/image\/20230822\/1692694561682365.jpg\" title=\"1692694561682365.jpg\" alt=\"6.jpg\"\/><\/p>\n<p><img decoding=\"async\" src=\"\/wp-content\/uploads\/image\/20230822\/1692694570430104.png\" title=\"1692694570430104.png\" alt=\"DGZX-AA018AA50M2-50&#215;50 OS05A10 Sensor Cmos pcb camera module Mipi 5MP 60fps HDR backlight Surveillance\u63d2\u56fe6\" \/><\/p>\n<p><img decoding=\"async\" src=\"\/wp-content\/uploads\/image\/20230822\/1692694570728912.jpg\" title=\"1692694570728912.jpg\" alt=\"DGZX-AA018AA50M2-50&#215;50 OS05A10 Sensor Cmos pcb camera module Mipi 5MP 60fps HDR backlight Surveillance\u63d2\u56fe7\" \/><\/p>\n<p><img decoding=\"async\" src=\"\/wp-content\/uploads\/image\/20230822\/1692694571929668.png\" title=\"1692694571929668.png\" alt=\"DGZX-AA018AA50M2-50&#215;50 OS05A10 Sensor Cmos pcb camera module Mipi 5MP 60fps HDR backlight Surveillance\u63d2\u56fe8\" \/><\/p>\n<p><img decoding=\"async\" src=\"\/wp-content\/uploads\/image\/20230822\/1692694572427268.png\" title=\"1692694572427268.png\" alt=\"DGZX-AA018AA50M2-50&#215;50 OS05A10 Sensor Cmos pcb camera module Mipi 5MP 60fps HDR backlight Surveillance\u63d2\u56fe9\" \/><\/p>\n<p><\/p>","protected":false},"excerpt":{"rendered":"<p>Le module de cam\u00e9ra PCB \u00e0 capteur CMOS DGZX-AA018AA50M2-50\u00d750 OS05A10 est un module de cam\u00e9ra de surveillance hautes performances 5MP 60fps avec des capacit\u00e9s de compensation de r\u00e9tro\u00e9clairage HDR (High Dynamic Range). Le module est dot\u00e9 d&#039;un capteur CMOS qui offre une sensibilit\u00e9 \u00e9lev\u00e9e et de faibles niveaux de bruit pour une meilleure qualit\u00e9 d&#039;image, m\u00eame dans des conditions de faible luminosit\u00e9. L&#039;interface MIPI assure une transmission de donn\u00e9es \u00e0 haut d\u00e9bit, permettant une diffusion vid\u00e9o fluide et une surveillance en temps r\u00e9el. La technologie HDR permet une reproduction pr\u00e9cise des zones claires et sombres, ce qui donne une image plus d\u00e9taill\u00e9e et plus r\u00e9aliste. La fonction de compensation du r\u00e9tro\u00e9clairage am\u00e9liore encore la qualit\u00e9 de l&#039;image en corrigeant la luminosit\u00e9 et l&#039;\u00e9quilibre des couleurs de l&#039;image dans les environnements r\u00e9tro\u00e9clair\u00e9s. Le DGZX-AA018AA50M2-50\u00d750 OS05A10 convient \u00e0 diverses applications de s\u00e9curit\u00e9 et de surveillance, notamment les villes intelligentes, les maisons intelligentes et l&#039;automatisation industrielle.<\/p>","protected":false},"featured_media":12151,"comment_status":"closed","ping_status":"closed","template":"","meta":{"_eb_attr":""},"product_cat":[312],"product_tag":[519,520,521,518,515],"class_list":{"0":"post-12369","1":"product","2":"type-product","3":"status-publish","4":"has-post-thumbnail","6":"product_cat-mipi-camera-module","7":"product_tag-os05a10-camera-module","8":"product_tag-5mp-camera-module","9":"product_tag-hdr-backlight-surveillance-camera-module","10":"product_tag-os05a10","11":"product_tag-mipi-camera-module","12":"pa_resolution-5mp-2k-camera-module","14":"first","15":"instock","16":"shipping-taxable","17":"product-type-simple"},"_links":{"self":[{"href":"https:\/\/dgzx.hk\/fr\/wp-json\/wp\/v2\/product\/12369","targetHints":{"allow":["GET"]}}],"collection":[{"href":"https:\/\/dgzx.hk\/fr\/wp-json\/wp\/v2\/product"}],"about":[{"href":"https:\/\/dgzx.hk\/fr\/wp-json\/wp\/v2\/types\/product"}],"replies":[{"embeddable":true,"href":"https:\/\/dgzx.hk\/fr\/wp-json\/wp\/v2\/comments?post=12369"}],"version-history":[{"count":0,"href":"https:\/\/dgzx.hk\/fr\/wp-json\/wp\/v2\/product\/12369\/revisions"}],"wp:featuredmedia":[{"embeddable":true,"href":"https:\/\/dgzx.hk\/fr\/wp-json\/wp\/v2\/media\/12151"}],"wp:attachment":[{"href":"https:\/\/dgzx.hk\/fr\/wp-json\/wp\/v2\/media?parent=12369"}],"wp:term":[{"taxonomy":"product_cat","embeddable":true,"href":"https:\/\/dgzx.hk\/fr\/wp-json\/wp\/v2\/product_cat?post=12369"},{"taxonomy":"product_tag","embeddable":true,"href":"https:\/\/dgzx.hk\/fr\/wp-json\/wp\/v2\/product_tag?post=12369"}],"curies":[{"name":"wp","href":"https:\/\/api.w.org\/{rel}","templated":true}]}}