{"id":13392,"date":"2024-10-28T11:05:59","date_gmt":"2024-10-28T11:05:59","guid":{"rendered":"https:\/\/dgzx.hk?post_type=product&#038;p=13392"},"modified":"2025-03-05T11:12:48","modified_gmt":"2025-03-05T11:12:48","slug":"gc0308-dvp-camera-module-for-esp32-board","status":"publish","type":"product","link":"https:\/\/dgzx.hk\/fr\/produit\/module-de-camera-dvp-gc0308-pour-carte-esp32\/","title":{"rendered":"Module de cam\u00e9ra DVP GC0308 pour carte ESP32"},"content":{"rendered":"<div data-elementor-type=\"wp-post\" data-elementor-id=\"13392\" class=\"elementor elementor-13392\" data-elementor-post-type=\"product\">\n\t\t\t\t\t\t<section data-particle_enable=\"false\" data-particle-mobile-disabled=\"false\" class=\"elementor-section elementor-top-section elementor-element elementor-element-39fd58e8 elementor-section-boxed elementor-section-height-default elementor-section-height-default wpr-particle-no wpr-jarallax-no wpr-parallax-no wpr-sticky-section-no\" data-id=\"39fd58e8\" data-element_type=\"section\" data-e-type=\"section\">\n\t\t\t\t\t\t<div class=\"elementor-container elementor-column-gap-default\">\n\t\t\t\t\t<div class=\"elementor-column elementor-col-100 elementor-top-column elementor-element elementor-element-4ce73a80\" data-id=\"4ce73a80\" data-element_type=\"column\" data-e-type=\"column\">\n\t\t\t<div class=\"elementor-widget-wrap elementor-element-populated\">\n\t\t\t\t\t\t<div class=\"elementor-element elementor-element-7eadf384 elementor-widget elementor-widget-text-editor\" data-id=\"7eadf384\" data-element_type=\"widget\" data-e-type=\"widget\" data-widget_type=\"text-editor.default\">\n\t\t\t\t\t\t\t\t\t<h2 style=\"line-height: 2em; text-align: left;\"><span style=\"font-style: inherit; font-variant-ligatures: inherit; font-variant-caps: inherit; font-weight: inherit; line-height: 21px; white-space: pre-wrap; caret-color: #FB4A3E; font-family: arial, helvetica, sans-serif; font-size: 16px; color: #0c0c0c;\">Le GZX0308-A35 GC0308 est un module de cam\u00e9ra \u00e0 balayage DVP (Digital Video Port) hautes performances con\u00e7u pour r\u00e9pondre \u00e0 une vari\u00e9t\u00e9 de besoins de capture d&#039;images. Voici une introduction d\u00e9taill\u00e9e au module de cam\u00e9ra\u00a0:<\/span><\/h2><h3 style=\"text-align: left;\">B<b>param\u00e8tres asic<\/b><\/h3><p style=\"text-align: left;\"><strong>R\u00e9solution:<\/strong> 300 000 pixels, avec une taille de capteur sp\u00e9cifique de 640 x 480 pixels. Cette r\u00e9solution est suffisante pour r\u00e9pondre \u00e0 de nombreux besoins de capture d&#039;images de base tout en maintenant les exigences mat\u00e9rielles et la consommation d&#039;\u00e9nergie \u00e0 un niveau bas.<br \/>Fr\u00e9quence d&#039;images maximale : 30 images par seconde. Cette fr\u00e9quence d&#039;images garantit une vid\u00e9o fluide et convient \u00e0 la surveillance en temps r\u00e9el et \u00e0 la capture de sc\u00e8nes dynamiques.<\/p><h3 style=\"text-align: left;\">T<b>Caract\u00e9ristiques techniques<\/b><\/h3><p style=\"text-align: left;\"><strong>Technologie FAI :<\/strong> Le module de cam\u00e9ra int\u00e8gre la technologie ISP (Image Signal Processor), ce qui signifie qu&#039;il peut effectuer un traitement d&#039;image tel que la d\u00e9bruitisation, la balance des blancs automatique, l&#039;exposition automatique, etc. \u00e0 l&#039;int\u00e9rieur du module, r\u00e9duisant ainsi la charge de traitement sur l&#039;h\u00f4te.<br \/><strong>Prise en charge de la carte de d\u00e9veloppement ESP32\u00a0:<\/strong> Le module de cam\u00e9ra GZX0308-A35 GC0308 est hautement compatible avec la carte de d\u00e9veloppement ESP32, ce qui permet aux d\u00e9veloppeurs d&#039;int\u00e9grer facilement des fonctions de capture d&#039;images dans des projets bas\u00e9s sur ESP32. Dans le m\u00eame temps, gr\u00e2ce \u00e0 la prise en charge de la technologie ISP, le module peut r\u00e9aliser un traitement sans distorsion et garantir la qualit\u00e9 de l&#039;image.<br \/><strong>Traitement d&#039;image en temps r\u00e9el :<\/strong> Gr\u00e2ce \u00e0 la technologie ISP et \u00e0 un m\u00e9canisme de transmission d&#039;image efficace, le module de cam\u00e9ra peut capturer et traiter des images en temps r\u00e9el pour r\u00e9pondre aux besoins de surveillance en temps r\u00e9el et de capture dynamique.<\/p><h3 style=\"text-align: left;\"><strong>Domaines d&#039;application<\/strong><\/h3><p style=\"text-align: left;\"><strong>Maison intelligente :<\/strong> Il peut \u00eatre utilis\u00e9 pour les serrures de porte intelligentes, les cam\u00e9ras intelligentes et d&#039;autres appareils pour fournir une solution de surveillance domestique s\u00fbre.<br \/>Electronique automobile : Elle peut \u00eatre utilis\u00e9e pour les enregistreurs de conduite, les images de recul et d&#039;autres syst\u00e8mes pour am\u00e9liorer la s\u00e9curit\u00e9 et le confort de conduite.<br \/><strong>Surveillance:<\/strong> Il convient \u00e0 la surveillance commerciale, \u00e0 la surveillance des lieux publics et \u00e0 d&#039;autres sc\u00e9narios, offrant des services de surveillance vid\u00e9o clairs et fluides.<br \/><strong>S\u00e9curit\u00e9:<\/strong> Il peut \u00eatre utilis\u00e9 pour les \u00e9quipements de s\u00e9curit\u00e9 tels que les syst\u00e8mes de contr\u00f4le d&#039;acc\u00e8s et les syst\u00e8mes d&#039;alarme pour am\u00e9liorer les capacit\u00e9s de protection de s\u00e9curit\u00e9.<\/p><p style=\"text-align: left;\"><img decoding=\"async\" class=\"magic-3 aligncenter\" src=\"https:\/\/sc04.alicdn.com\/kf\/H3c73ce6fc11e4535ab39c51ef1251e904\/252249410\/H3c73ce6fc11e4535ab39c51ef1251e904.jpg\" title=\"GC0308 DVP Camera Module for ESP32 Board\u63d2\u56fe\" alt=\"GC0308 DVP Camera Module for ESP32 Board\u63d2\u56fe\" \/><\/p><p style=\"line-height: 1.5em; text-align: left;\"><img decoding=\"async\" class=\"magic-3\" src=\"https:\/\/sc04.alicdn.com\/kf\/Hd8107e1a29f240ce96dec3ab90e1db91q\/252249410\/Hd8107e1a29f240ce96dec3ab90e1db91q.jpg\" title=\"GC0308 DVP Camera Module for ESP32 Board\u63d2\u56fe1\" alt=\"GC0308 DVP Camera Module for ESP32 Board\u63d2\u56fe1\" \/><\/p><p style=\"line-height: 1.5em; text-align: left;\"><img decoding=\"async\" class=\"magic-3\" src=\"https:\/\/sc04.alicdn.com\/kf\/H21795a71543640ab956b91531b9cbad77\/252249410\/H21795a71543640ab956b91531b9cbad77.jpg\" title=\"GC0308 DVP Camera Module for ESP32 Board\u63d2\u56fe2\" alt=\"GC0308 DVP Camera Module for ESP32 Board\u63d2\u56fe2\" \/><\/p><p style=\"line-height: 1.5em; text-align: left;\"><img decoding=\"async\" title=\"1694166314285534.jpg\" src=\"\/wp-content\/uploads\/image\/20230908\/1694166314285534.jpg\" alt=\"GC0308 DVP Camera Module for ESP32 Board\u63d2\u56fe3\" \/><\/p><p style=\"line-height: 1.5em; text-align: left;\"><img decoding=\"async\" title=\"1694166314968612.png\" src=\"\/wp-content\/uploads\/image\/20230908\/1694166314968612.png\" alt=\"GC0308 DVP Camera Module for ESP32 Board\u63d2\u56fe4\" \/><\/p><p style=\"text-align: left;\"><img decoding=\"async\" title=\"1694166314132510.png\" src=\"\/wp-content\/uploads\/image\/20230908\/1694166314132510.png\" alt=\"GC0308 DVP Camera Module for ESP32 Board\u63d2\u56fe5\" \/><\/p><p style=\"line-height: 1.5em; text-align: left;\"><img decoding=\"async\" title=\"1694166314167987.png\" src=\"\/wp-content\/uploads\/image\/20230908\/1694166314167987.png\" alt=\"GC0308 DVP Camera Module for ESP32 Board\u63d2\u56fe6\" \/><\/p><p style=\"line-height: 1.5em; text-align: left;\">\u00a0<\/p><p style=\"text-align: left;\">\u00a0<\/p>\t\t\t\t\t\t\t\t<\/div>\n\t\t\t\t\t<\/div>\n\t\t<\/div>\n\t\t\t\t\t<\/div>\n\t\t<\/section>\n\t\t\t\t<\/div>","protected":false},"excerpt":{"rendered":"<p>GZX0308-A35 GC0308 is a high-performance DVP (Digital Video Port) scanning camera module designed to meet a variety of image capture needs. The following is a detailed introduction to the camera module: Basic parameters Resolution: 300,000 pixels, with a specific sensor size of 640 x 480 pixels. This resolution is sufficient to meet many basic image capture needs while keeping hardware requirements and power consumption low. Maximum frame rate: 30 frames per second. This frame rate ensures smooth video and is suitable for real-time monitoring and dynamic scene capture. Technical features ISP technology: The camera module integrates ISP (Image Signal Processor) technology, which means that it can perform image processing such as denoising, automatic white balance, automatic exposure, etc. inside the module, thereby reducing the processing burden on the host. Support for ESP32 development board: The GZX0308-A35 GC0308 camera module is highly compatible with the ESP32 development board, which allows developers to easily integrate image capture functions into ESP32-based projects. At the same time, due to the support of ISP technology, the module can achieve distortion-free processing and ensure image quality. Real-time image processing: With the help of ISP technology and efficient image transmission mechanism, the camera module can capture and process images in real time to meet the needs of real-time monitoring and dynamic capture. Application areas Smart home: It can be used for smart door locks, smart cameras and other devices to provide a safe home monitoring solution. Automotive electronics: It can be used for driving recorders, reversing images and other systems to improve driving safety and convenience. Monitoring: It is suitable for commercial monitoring, public place monitoring and other scenarios, providing clear and smooth video monitoring services. Security: It can be used for security equipment such as access control systems and alarm systems to enhance security protection capabilities.<\/p>","protected":false},"featured_media":12300,"comment_status":"closed","ping_status":"closed","template":"","meta":{"_eb_attr":""},"product_cat":[35],"product_tag":[460,454,455],"class_list":{"0":"post-13392","1":"product","2":"type-product","3":"status-publish","4":"has-post-thumbnail","6":"product_cat-oem-camera-module","7":"product_tag-0-3mp","8":"product_tag-gc0308","9":"product_tag-esp32","10":"pa_resolution-vag-0-3mp-camera-module","12":"first","13":"instock","14":"shipping-taxable","15":"product-type-simple"},"_links":{"self":[{"href":"https:\/\/dgzx.hk\/fr\/wp-json\/wp\/v2\/product\/13392","targetHints":{"allow":["GET"]}}],"collection":[{"href":"https:\/\/dgzx.hk\/fr\/wp-json\/wp\/v2\/product"}],"about":[{"href":"https:\/\/dgzx.hk\/fr\/wp-json\/wp\/v2\/types\/product"}],"replies":[{"embeddable":true,"href":"https:\/\/dgzx.hk\/fr\/wp-json\/wp\/v2\/comments?post=13392"}],"version-history":[{"count":0,"href":"https:\/\/dgzx.hk\/fr\/wp-json\/wp\/v2\/product\/13392\/revisions"}],"wp:featuredmedia":[{"embeddable":true,"href":"https:\/\/dgzx.hk\/fr\/wp-json\/wp\/v2\/media\/12300"}],"wp:attachment":[{"href":"https:\/\/dgzx.hk\/fr\/wp-json\/wp\/v2\/media?parent=13392"}],"wp:term":[{"taxonomy":"product_cat","embeddable":true,"href":"https:\/\/dgzx.hk\/fr\/wp-json\/wp\/v2\/product_cat?post=13392"},{"taxonomy":"product_tag","embeddable":true,"href":"https:\/\/dgzx.hk\/fr\/wp-json\/wp\/v2\/product_tag?post=13392"}],"curies":[{"name":"wp","href":"https:\/\/api.w.org\/{rel}","templated":true}]}}