{"id":11359,"date":"2023-06-20T12:20:41","date_gmt":"2023-06-20T12:20:41","guid":{"rendered":"https:\/\/dgzx.hkproduct\/0-3mp-black-and-white-wide-angle-scan-qr-code-mipi-global-exposure-camera-module\/"},"modified":"2025-03-10T11:55:01","modified_gmt":"2025-03-10T11:55:01","slug":"dgzx-ba158a27m29-70-0-3mp-mipi-global-exposure-black-and-white-wide-angle-scan-qr-code-camera-module","status":"publish","type":"product","link":"https:\/\/dgzx.hk\/pt\/produto\/dgzx-ba158a27m29-70-0-3mp-mipi-exposicao-global-preto-e-branco-grande-angular-digitalizacao-codigo-qr-modulo-de-camera\/","title":{"rendered":"DGZX-BA158A27M29-70 0.3MP MIPI Exposi\u00e7\u00e3o global Preto e branco Grande angular Digitaliza\u00e7\u00e3o QR Code M\u00f3dulo de c\u00e2mera"},"content":{"rendered":"<p><span style=\"color: #1E1F24; font-size: 16px; text-align: justify; font-family: arial, helvetica, sans-serif;\">O m\u00f3dulo de c\u00e2mera de QR Code de digitaliza\u00e7\u00e3o grande angular preto e branco MIPI Global Exposure 0.3MP \u00e9 um m\u00f3dulo de c\u00e2mera de alta defini\u00e7\u00e3o com uma interface MIPI. Ele utiliza tecnologia de exposi\u00e7\u00e3o global para fornecer excelente qualidade de imagem e suporta digitaliza\u00e7\u00e3o grande angular. Este m\u00f3dulo de c\u00e2mera \u00e9 ideal para uma variedade de aplica\u00e7\u00f5es que exigem reconhecimento r\u00e1pido e preciso, como pagamento m\u00f3vel e seguran\u00e7a inteligente. Ao capturar imagens de QR code, ele permite transmiss\u00e3o de dados r\u00e1pida e conveniente e verifica\u00e7\u00e3o de identidade.<\/span><\/p>\n<table align=\"left\" border=\"1\" style=\"height:120px;width:790px; border:1px solid #c3c3c3;\">\n<tbody>\n<tr class=\"firstRow\">\n<th colspan=\"2\" style=\"text-align: center;\"><span style=\"line-height:2.2;\">SUPORTE \u00c0 PERSONALIZA\u00c7\u00c3O<\/span><\/th>\n<\/tr>\n<tr style=\"background-color:#f3f3f3;\">\n<td><span style=\"line-height:2.2;\">Lugar de origem<\/span><\/td>\n<td><span style=\"line-height:2.2;\">Guangdong, China (continente)<\/span><\/td>\n<\/tr>\n<tr>\n<td><span style=\"line-height:2.2;\">Sensor de imagem<\/span><\/td>\n<td><span style=\"line-height:2.2;\">CMOS<\/span><\/td>\n<\/tr>\n<tr style=\"background-color:#f3f3f3;\">\n<td><span style=\"line-height:2.2;\">Pixel<\/span><\/td>\n<td><span style=\"line-height:2.2;\">0,2 MP \u2013 48 MP, tamb\u00e9m pode ser feito de acordo com os requisitos espec\u00edficos do cliente<\/span><\/td>\n<\/tr>\n<tr>\n<td><span style=\"line-height:2.2;\">Aplica\u00e7\u00f5es<\/span><\/td>\n<td><span style=\"line-height:2.2;\">reconhecimento facial, biometria, detec\u00e7\u00e3o de corpos vivos, vis\u00e3o de m\u00e1quina de IA, ve\u00edculo, UAV, terminal de autoatendimento,<br \/>\n\t\t\ttransmiss\u00e3o de imagem, leitura de c\u00f3digo de barras, detec\u00e7\u00e3o infravermelha, casa inteligente, monitoramento de seguran\u00e7a,<br \/>\n\t\t\tc\u00e2mera de movimento, ind\u00fastria e outros campos<\/span><\/td>\n<\/tr>\n<tr style=\"background-color:#f3f3f3;\">\n<td><span style=\"line-height:2.2;\">Interfacel<\/span><\/td>\n<td><span style=\"line-height:2.2;\">USB USB 2.0 USB 3.0 MIPI CSI CSI2 DVP<\/span><\/td>\n<\/tr>\n<tr>\n<td><span style=\"line-height:2.2;\">Marca de chip<\/span><\/td>\n<td><span style=\"line-height:2.2;\">IMX, Omnivision, Gokway, ON, Micron etc.<\/span><\/td>\n<\/tr>\n<tr style=\"background-color:#f3f3f3;\">\n<td><span style=\"line-height:2.2;\">Recurso<\/span><\/td>\n<td><span style=\"line-height:2.2;\">Baixa ilumina\u00e7\u00e3o, exposi\u00e7\u00e3o global, luz das estrelas, super luz das estrelas, HDR din\u00e2mico amplo, JPEG, YUV<\/span><\/td>\n<\/tr>\n<tr>\n<td style=\"word-break: break-all;\"><span style=\"line-height:2.2;\">AS-BA158A27M29-70<\/span><\/td>\n<td style=\"word-break: break-all;\"><span style=\"line-height:2.2;\">M\u00f3dulo de c\u00e2mera de exposi\u00e7\u00e3o global MIPI de c\u00f3digo QR de digitaliza\u00e7\u00e3o grande angular preto e branco de 0,3 MP<\/span><\/td>\n<\/tr>\n<\/tbody>\n<\/table>\n<p><\/p>\n<p><img decoding=\"async\"  src=\"https:\/\/dgzx.hkwp-content\/siteimages\/1683797723_AS-BA158A27M29-70-%E8%AF%A6%E6%83%85_01.jpg\" title=\"DGZX-BA158A27M29-70 0.3MP MIPI Global exposure Black and White Wide Angle Scan QR Code Camera Module\u63d2\u56fe\" alt=\"DGZX-BA158A27M29-70 0.3MP MIPI Global exposure Black and White Wide Angle Scan QR Code Camera Module\u63d2\u56fe\" \/><img decoding=\"async\"  src=\"https:\/\/dgzx.hkwp-content\/siteimages\/1683797730_AS-BA158A27M29-70-%E8%AF%A6%E6%83%85_02.jpg\" title=\"DGZX-BA158A27M29-70 0.3MP MIPI Global exposure Black and White Wide Angle Scan QR Code Camera Module\u63d2\u56fe1\" alt=\"DGZX-BA158A27M29-70 0.3MP MIPI Global exposure Black and White Wide Angle Scan QR Code Camera Module\u63d2\u56fe1\" \/><img decoding=\"async\"  src=\"https:\/\/dgzx.hkwp-content\/siteimages\/1683797737_AS-BA158A27M29-70-%E8%AF%A6%E6%83%85_03.jpg\" title=\"DGZX-BA158A27M29-70 0.3MP MIPI Global exposure Black and White Wide Angle Scan QR Code Camera Module\u63d2\u56fe2\" alt=\"DGZX-BA158A27M29-70 0.3MP MIPI Global exposure Black and White Wide Angle Scan QR Code Camera Module\u63d2\u56fe2\" \/><img decoding=\"async\"  src=\"https:\/\/dgzx.hkwp-content\/siteimages\/1683797744_AS-BA158A27M29-70-%E8%AF%A6%E6%83%85_04.jpg\" title=\"DGZX-BA158A27M29-70 0.3MP MIPI Global exposure Black and White Wide Angle Scan QR Code Camera Module\u63d2\u56fe3\" alt=\"DGZX-BA158A27M29-70 0.3MP MIPI Global exposure Black and White Wide Angle Scan QR Code Camera Module\u63d2\u56fe3\" \/><img decoding=\"async\"  src=\"https:\/\/dgzx.hkwp-content\/siteimages\/1683797751_AS-BA158A27M29-70-%E8%AF%A6%E6%83%85_05.jpg\" title=\"DGZX-BA158A27M29-70 0.3MP MIPI Global exposure Black and White Wide Angle Scan QR Code Camera Module\u63d2\u56fe4\" alt=\"DGZX-BA158A27M29-70 0.3MP MIPI Global exposure Black and White Wide Angle Scan QR Code Camera Module\u63d2\u56fe4\" \/><\/p>","protected":false},"excerpt":{"rendered":"<p>The 0.3MP MIPI Global Exposure Black and White Wide Angle Scan QR Code Camera Module is a high-definition camera module with a MIPI interface. It utilizes global exposure technology to deliver excellent image quality and supports wide-angle scanning. This camera module is ideal for a range of applications that require fast and accurate recognition, such as mobile payment and smart security. By capturing QR code images, it enables quick and convenient data transmission and identity verification. SUPPORT CUSTOMIZATION Place of Origin Guangdong, China (Mainland) Image Sensor CMOS Pixel 0.2MP &#8211; 48MP\uff0calso could do according to customer&#39;s specific requirements Applications face recognition, biometrics, living body detection, AI machine vision, vehicle, UAV, self-service terminal, picture transmission,bar code scanning, infrared detection, smart home, security monitoring, motion camera, industry and other fields Interfacel USB USB2.0 USB3.0 MIPI CSI CSI2 DVP Chip brand IMX\u3001Omnivision\u3001Gokway\u3001ON\u3001Micron etc. Feature Low illumination\uff0cGlobal exposure\uff0cStarlight\uff0c Super Starlight\uff0cWide dynamic HDR\uff0cJPEG,YUV AS-BA158A27M29-70 0.3MP Black and White Wide Angle Scan QR Code MIPI Global exposure Camera Module<\/p>","protected":false},"featured_media":7671,"comment_status":"open","ping_status":"closed","template":"","meta":{"_eb_attr":""},"product_cat":[338,348],"product_tag":[],"class_list":{"0":"post-11359","1":"product","2":"type-product","3":"status-publish","4":"has-post-thumbnail","6":"product_cat-cmos-camera-module","7":"product_cat-global-shutter-camera-module","8":"pa_resolution-vag-0-3mp-camera-module","10":"first","11":"instock","12":"shipping-taxable","13":"product-type-simple"},"_links":{"self":[{"href":"https:\/\/dgzx.hk\/pt\/wp-json\/wp\/v2\/product\/11359","targetHints":{"allow":["GET"]}}],"collection":[{"href":"https:\/\/dgzx.hk\/pt\/wp-json\/wp\/v2\/product"}],"about":[{"href":"https:\/\/dgzx.hk\/pt\/wp-json\/wp\/v2\/types\/product"}],"replies":[{"embeddable":true,"href":"https:\/\/dgzx.hk\/pt\/wp-json\/wp\/v2\/comments?post=11359"}],"version-history":[{"count":0,"href":"https:\/\/dgzx.hk\/pt\/wp-json\/wp\/v2\/product\/11359\/revisions"}],"wp:featuredmedia":[{"embeddable":true,"href":"https:\/\/dgzx.hk\/pt\/wp-json\/wp\/v2\/media\/7671"}],"wp:attachment":[{"href":"https:\/\/dgzx.hk\/pt\/wp-json\/wp\/v2\/media?parent=11359"}],"wp:term":[{"taxonomy":"product_cat","embeddable":true,"href":"https:\/\/dgzx.hk\/pt\/wp-json\/wp\/v2\/product_cat?post=11359"},{"taxonomy":"product_tag","embeddable":true,"href":"https:\/\/dgzx.hk\/pt\/wp-json\/wp\/v2\/product_tag?post=11359"}],"curies":[{"name":"wp","href":"https:\/\/api.w.org\/{rel}","templated":true}]}}