{"id":11362,"date":"2023-06-20T12:20:41","date_gmt":"2023-06-20T12:20:41","guid":{"rendered":"https:\/\/dgzx.hkproduct\/1-2-8-cmos-1080p-sensor-for-sony-imx327-monitoring-hdr-with-ir-cut-camera-module\/"},"modified":"2025-03-10T11:56:24","modified_gmt":"2025-03-10T11:56:24","slug":"1-2-8-cmos-1080p-sensor-for-sony-imx327-monitoring-hdr-with-ir-cut-camera-module","status":"publish","type":"product","link":"https:\/\/dgzx.hk\/pt\/produto\/1-2-8-cmos-1080p-sensor-for-sony-imx327-monitoring-hdr-with-ir-cut-camera-module\/","title":{"rendered":"Sensor Dogoozx 1\/2.8 CMOS 1080P para monitoramento Sony IMX327 HDR com m\u00f3dulo de c\u00e2mera IR-CUT"},"content":{"rendered":"<table align=\"left\" border=\"1\" cellpadding=\"1\" cellspacing=\"1\" style=\"height:120px;width:790px; border:1px solid #c3c3c3;\">\n<tbody>\n<tr>\n<th colspan=\"2\" style=\"text-align: center;\"><span style=\"line-height:2.2;\">SUPORTE \u00c0 PERSONALIZA\u00c7\u00c3O<\/span><\/th>\n<\/tr>\n<tr style=\"background-color:#f3f3f3;\">\n<td><span style=\"line-height:2.2;\">Lugar de origem<\/span><\/td>\n<td><span style=\"line-height:2.2;\">Guangdong, China (continente)<\/span><\/td>\n<\/tr>\n<tr>\n<td><span style=\"line-height:2.2;\">Sensor de imagem<\/span><\/td>\n<td><span style=\"line-height:2.2;\">CMOS<\/span><\/td>\n<\/tr>\n<tr style=\"background-color:#f3f3f3;\">\n<td><span style=\"line-height:2.2;\">Pixel<\/span><\/td>\n<td><span style=\"line-height:2.2;\">0,2 MP \u2013 48 MP, tamb\u00e9m pode ser feito de acordo com os requisitos espec\u00edficos do cliente<\/span><\/td>\n<\/tr>\n<tr>\n<td><span style=\"line-height:2.2;\">Aplica\u00e7\u00f5es<\/span><\/td>\n<td><span style=\"line-height:2.2;\">reconhecimento facial, biometria, detec\u00e7\u00e3o de corpos vivos, vis\u00e3o de m\u00e1quina de IA, ve\u00edculo, UAV, terminal de autoatendimento,<br \/>\n\t\t\ttransmiss\u00e3o de imagem, leitura de c\u00f3digo de barras, detec\u00e7\u00e3o infravermelha, casa inteligente, monitoramento de seguran\u00e7a,<br \/>\n\t\t\tc\u00e2mera de movimento, ind\u00fastria e outros campos<\/span><\/td>\n<\/tr>\n<tr style=\"background-color:#f3f3f3;\">\n<td><span style=\"line-height:2.2;\">Interfacel<\/span><\/td>\n<td><span style=\"line-height:2.2;\">USB USB 2.0 USB 3.0 MIPI CSI CSI2 DVP<\/span><\/td>\n<\/tr>\n<tr>\n<td><span style=\"line-height:2.2;\">Marca de chip<\/span><\/td>\n<td><span style=\"line-height:2.2;\">IMX, Omnivision, Gokway, ON, Micron etc.<\/span><\/td>\n<\/tr>\n<tr style=\"background-color:#f3f3f3;\">\n<td><span style=\"line-height:2.2;\">Recurso<\/span><\/td>\n<td><span style=\"line-height:2.2;\">Baixa ilumina\u00e7\u00e3o, exposi\u00e7\u00e3o global, luz das estrelas, super luz das estrelas, HDR din\u00e2mico amplo, JPEG, YUV<\/span><\/td>\n<\/tr>\n<tr>\n<td><span style=\"line-height:2.2;\">AS-AC728A3M5-38&#215;38<\/span><\/td>\n<td><span style=\"line-height:2.2;\">1\/2.8 CMOS 1080P sensor for Sony IMX327 monitoring HDR with IR-CUT camera module<\/span><\/td>\n<\/tr>\n<\/tbody>\n<\/table>\n<p><img decoding=\"async\"  src=\"https:\/\/dgzx.hkwp-content\/siteimages\/1677206316_AS-AC728A3M5-38x38-%E8%AF%A6%E6%83%85_01.jpg\" style=\"width: 790px; height: 1156px;\" title=\"Dogoozx 1\/2.8 CMOS 1080P sensor for Sony IMX327 monitoring HDR with IR-CUT camera module\u63d2\u56fe\" alt=\"Dogoozx 1\/2.8 CMOS 1080P sensor for Sony IMX327 monitoring HDR with IR-CUT camera module\u63d2\u56fe\" \/><img decoding=\"async\"  src=\"https:\/\/dgzx.hkwp-content\/siteimages\/1677206325_AS-AC728A3M5-38x38-%E8%AF%A6%E6%83%85_02.jpg\" style=\"width: 790px; height: 1194px;\" title=\"Dogoozx 1\/2.8 CMOS 1080P sensor for Sony IMX327 monitoring HDR with IR-CUT camera module\u63d2\u56fe1\" alt=\"Dogoozx 1\/2.8 CMOS 1080P sensor for Sony IMX327 monitoring HDR with IR-CUT camera module\u63d2\u56fe1\" \/><img decoding=\"async\"  src=\"https:\/\/dgzx.hkwp-content\/siteimages\/1677206333_AS-AC728A3M5-38x38-%E8%AF%A6%E6%83%85_03.jpg\" style=\"width: 790px; height: 1663px;\" title=\"Dogoozx 1\/2.8 CMOS 1080P sensor for Sony IMX327 monitoring HDR with IR-CUT camera module\u63d2\u56fe2\" alt=\"Dogoozx 1\/2.8 CMOS 1080P sensor for Sony IMX327 monitoring HDR with IR-CUT camera module\u63d2\u56fe2\" \/><img decoding=\"async\"  src=\"https:\/\/dgzx.hkwp-content\/siteimages\/1677206341_AS-AC728A3M5-38x38-%E8%AF%A6%E6%83%85_04.jpg\" style=\"width: 790px; height: 1816px;\" title=\"Dogoozx 1\/2.8 CMOS 1080P sensor for Sony IMX327 monitoring HDR with IR-CUT camera module\u63d2\u56fe3\" alt=\"Dogoozx 1\/2.8 CMOS 1080P sensor for Sony IMX327 monitoring HDR with IR-CUT camera module\u63d2\u56fe3\" \/><img decoding=\"async\"  src=\"https:\/\/dgzx.hkwp-content\/siteimages\/1677206354_AS-AC728A3M5-38x38-%E8%AF%A6%E6%83%85_05.jpg\" style=\"width: 790px; height: 2118px;\" title=\"Dogoozx 1\/2.8 CMOS 1080P sensor for Sony IMX327 monitoring HDR with IR-CUT camera module\u63d2\u56fe4\" alt=\"Dogoozx 1\/2.8 CMOS 1080P sensor for Sony IMX327 monitoring HDR with IR-CUT camera module\u63d2\u56fe4\" \/><\/p>","protected":false},"excerpt":{"rendered":"<p>SUPPORT CUSTOMIZATION Place of Origin Guangdong, China (Mainland) Image Sensor CMOS Pixel 0.2MP &#8211; 48MP\uff0calso could do according to customer&#8217;s specific requirements Applications face recognition, biometrics, living body detection, AI machine vision, vehicle, UAV, self-service terminal, picture transmission,bar code scanning, infrared detection, smart home, security monitoring, motion camera, industry and other fields Interfacel USB USB2.0 USB3.0 MIPI CSI CSI2 DVP Chip brand IMX\u3001Omnivision\u3001Gokway\u3001ON\u3001Micron etc. Feature Low illumination\uff0cGlobal exposure\uff0cStarlight\uff0c Super Starlight\uff0cWide dynamic HDR\uff0cJPEG,YUV AS-AC728A3M5-38&#215;38 1\/2.8 CMOS 1080P sensor for Sony IMX327 monitoring HDR with IR-CUT camera module<\/p>","protected":false},"featured_media":7691,"comment_status":"open","ping_status":"closed","template":"","meta":{"_eb_attr":""},"product_cat":[312],"product_tag":[],"class_list":{"0":"post-11362","1":"product","2":"type-product","3":"status-publish","4":"has-post-thumbnail","6":"product_cat-mipi-camera-module","7":"pa_resolution-8mp-4k-camera-module","9":"first","10":"instock","11":"shipping-taxable","12":"product-type-simple"},"_links":{"self":[{"href":"https:\/\/dgzx.hk\/pt\/wp-json\/wp\/v2\/product\/11362","targetHints":{"allow":["GET"]}}],"collection":[{"href":"https:\/\/dgzx.hk\/pt\/wp-json\/wp\/v2\/product"}],"about":[{"href":"https:\/\/dgzx.hk\/pt\/wp-json\/wp\/v2\/types\/product"}],"replies":[{"embeddable":true,"href":"https:\/\/dgzx.hk\/pt\/wp-json\/wp\/v2\/comments?post=11362"}],"version-history":[{"count":0,"href":"https:\/\/dgzx.hk\/pt\/wp-json\/wp\/v2\/product\/11362\/revisions"}],"wp:featuredmedia":[{"embeddable":true,"href":"https:\/\/dgzx.hk\/pt\/wp-json\/wp\/v2\/media\/7691"}],"wp:attachment":[{"href":"https:\/\/dgzx.hk\/pt\/wp-json\/wp\/v2\/media?parent=11362"}],"wp:term":[{"taxonomy":"product_cat","embeddable":true,"href":"https:\/\/dgzx.hk\/pt\/wp-json\/wp\/v2\/product_cat?post=11362"},{"taxonomy":"product_tag","embeddable":true,"href":"https:\/\/dgzx.hk\/pt\/wp-json\/wp\/v2\/product_tag?post=11362"}],"curies":[{"name":"wp","href":"https:\/\/api.w.org\/{rel}","templated":true}]}}