{"id":11435,"date":"2023-06-20T12:20:45","date_gmt":"2023-06-20T12:20:45","guid":{"rendered":"https:\/\/dgzx.hkproduct\/8mp-12mp-imx415-imx377-imx477-imx577-cmos-af-ff-for-sony-imx-4k-2k-camera-module\/"},"modified":"2025-03-14T11:29:15","modified_gmt":"2025-03-14T11:29:15","slug":"8mp-12mp-imx415-imx377-imx477-imx577-cmos-af-ff-for-sony-imx-4k-2k-camera-module","status":"publish","type":"product","link":"https:\/\/dgzx.hk\/pt\/produto\/8mp-12mp-imx415-imx377-imx477-imx577-cmos-af-ff-for-sony-imx-4k-2k-camera-module\/","title":{"rendered":"Dogoozx 8mp 12mp IMX415 IMX377 IMX477 IMX577 Cmos AF FF para m\u00f3dulo de c\u00e2mera sony imx 4k 2K"},"content":{"rendered":"<table align=\"left\" border=\"1\" cellpadding=\"1\" cellspacing=\"1\" style=\"height:120px;width:790px; border:1px solid #c3c3c3;\">\n<tbody>\n<tr>\n<th colspan=\"2\" style=\"text-align: center;\"><span style=\"line-height:2.2;\">SUPORTE \u00c0 PERSONALIZA\u00c7\u00c3O<\/span><\/th>\n<\/tr>\n<tr style=\"background-color:#f3f3f3;\">\n<td><span style=\"line-height:2.2;\">Lugar de origem<\/span><\/td>\n<td><span style=\"line-height:2.2;\">Guangdong, China (continente)<\/span><\/td>\n<\/tr>\n<tr>\n<td><span style=\"line-height:2.2;\">Sensor de imagem<\/span><\/td>\n<td><span style=\"line-height:2.2;\">CMOS<\/span><\/td>\n<\/tr>\n<tr style=\"background-color:#f3f3f3;\">\n<td><span style=\"line-height:2.2;\">Pixel<\/span><\/td>\n<td><span style=\"line-height:2.2;\">0,2 MP \u2013 48 MP, tamb\u00e9m pode ser feito de acordo com os requisitos espec\u00edficos do cliente<\/span><\/td>\n<\/tr>\n<tr>\n<td><span style=\"line-height:2.2;\">Aplica\u00e7\u00f5es<\/span><\/td>\n<td><span style=\"line-height:2.2;\">reconhecimento facial, biometria, detec\u00e7\u00e3o de corpos vivos, vis\u00e3o de m\u00e1quina de IA, ve\u00edculo, UAV, terminal de autoatendimento,<br \/>\n\t\t\ttransmiss\u00e3o de imagem, leitura de c\u00f3digo de barras, detec\u00e7\u00e3o infravermelha, casa inteligente, monitoramento de seguran\u00e7a,<br \/>\n\t\t\tc\u00e2mera de movimento, ind\u00fastria e outros campos<\/span><\/td>\n<\/tr>\n<tr style=\"background-color:#f3f3f3;\">\n<td><span style=\"line-height:2.2;\">Interfacel<\/span><\/td>\n<td><span style=\"line-height:2.2;\">USB USB 2.0 USB 3.0 MIPI CSI CSI2 DVP<\/span><\/td>\n<\/tr>\n<tr>\n<td><span style=\"line-height:2.2;\">Marca de chip<\/span><\/td>\n<td><span style=\"line-height:2.2;\">IMX, Omnivision, Gokway, ON, Micron etc.<\/span><\/td>\n<\/tr>\n<tr style=\"background-color:#f3f3f3;\">\n<td><span style=\"line-height:2.2;\">Recurso<\/span><\/td>\n<td><span style=\"line-height:2.2;\">Baixa ilumina\u00e7\u00e3o, exposi\u00e7\u00e3o global, luz das estrelas, super luz das estrelas, HDR din\u00e2mico amplo, JPEG, YUV<\/span><\/td>\n<\/tr>\n<tr>\n<td>\u00a0<\/td>\n<td><span style=\"line-height:2.2;\">8mp 12mp IMX415 IMX377 IMX477 IMX577 Cmos AF FF For sony imx 4k 2K camera module<\/span><\/td>\n<\/tr>\n<\/tbody>\n<\/table>\n<p>Model Number: 4K 2K camera module<br \/>\nSpecial Features: Face Recognition; object recognition; UAV aerial photography; Motion camera<br \/>\nFunction: AF\/FF optional; Support Wide Angle\/Lens optional<br \/>\nFormato de compress\u00e3o de v\u00eddeo: RAW MJPG YUV<br \/>\nSuporte personalizado: OEM, ODM<br \/>\nImage Sensor: Sony IMX415 IMX377 IMX477 IMX577<br \/>\nDimens\u00f5es do m\u00f3dulo: personaliz\u00e1vel<br \/>\nPortugu\u00eas: Alta defini\u00e7\u00e3o: 4K 2K 1080P<br \/>\nInterface: MIPI USB<br \/>\nPixels: 8MP 12MP<br \/>\nFrame rate: 30-240fps\u00a0<br \/>\nLens Size: 1\/2.3 inch<br \/>\nSistema compat\u00edvel: Windows Android Linux<br \/>\nCertifica\u00e7\u00e3o: RoHS<\/p>","protected":false},"excerpt":{"rendered":"<p>SUPPORT CUSTOMIZATION Place of Origin Guangdong, China (Mainland) Image Sensor CMOS Pixel 0.2MP &#8211; 48MP\uff0calso could do according to customer&#8217;s specific requirements Applications face recognition, biometrics, living body detection, AI machine vision, vehicle, UAV, self-service terminal, picture transmission,bar code scanning, infrared detection, smart home, security monitoring, motion camera, industry and other fields Interfacel USB USB2.0 USB3.0 MIPI CSI CSI2 DVP Chip brand IMX\u3001Omnivision\u3001Gokway\u3001ON\u3001Micron etc. Feature Low illumination\uff0cGlobal exposure\uff0cStarlight\uff0c Super Starlight\uff0cWide dynamic HDR\uff0cJPEG,YUV \u00a0 8mp 12mp IMX415 IMX377 IMX477 IMX577 Cmos AF FF For sony imx 4k 2K camera module Model Number: 4K 2K camera module Special Features: Face Recognition; object recognition; UAV aerial photography; Motion camera Function: AF\/FF optional; Support Wide Angle\/Lens optional Video Compression Format: RAW MJPG YUV Customized support: OEM, ODM Image Sensor: Sony IMX415 IMX377 IMX477 IMX577 Module Dimensions: Customizable HD: 4K 2K 1080P Interface: MIPI USB Pixel: 8MP 12MP Frame rate: 30-240fps\u00a0 Lens Size: 1\/2.3 inch System compatible: Windows Android Linux Certification: RoHS<\/p>","protected":false},"featured_media":8099,"comment_status":"open","ping_status":"closed","template":"","meta":{"_eb_attr":""},"product_cat":[338,340],"product_tag":[],"class_list":{"0":"post-11435","1":"product","2":"type-product","3":"status-publish","4":"has-post-thumbnail","6":"product_cat-cmos-camera-module","7":"product_cat-4k-8k-camera-module","8":"pa_resolution-8mp-4k-camera-module","10":"first","11":"instock","12":"shipping-taxable","13":"product-type-simple"},"_links":{"self":[{"href":"https:\/\/dgzx.hk\/pt\/wp-json\/wp\/v2\/product\/11435","targetHints":{"allow":["GET"]}}],"collection":[{"href":"https:\/\/dgzx.hk\/pt\/wp-json\/wp\/v2\/product"}],"about":[{"href":"https:\/\/dgzx.hk\/pt\/wp-json\/wp\/v2\/types\/product"}],"replies":[{"embeddable":true,"href":"https:\/\/dgzx.hk\/pt\/wp-json\/wp\/v2\/comments?post=11435"}],"version-history":[{"count":0,"href":"https:\/\/dgzx.hk\/pt\/wp-json\/wp\/v2\/product\/11435\/revisions"}],"wp:featuredmedia":[{"embeddable":true,"href":"https:\/\/dgzx.hk\/pt\/wp-json\/wp\/v2\/media\/8099"}],"wp:attachment":[{"href":"https:\/\/dgzx.hk\/pt\/wp-json\/wp\/v2\/media?parent=11435"}],"wp:term":[{"taxonomy":"product_cat","embeddable":true,"href":"https:\/\/dgzx.hk\/pt\/wp-json\/wp\/v2\/product_cat?post=11435"},{"taxonomy":"product_tag","embeddable":true,"href":"https:\/\/dgzx.hk\/pt\/wp-json\/wp\/v2\/product_tag?post=11435"}],"curies":[{"name":"wp","href":"https:\/\/api.w.org\/{rel}","templated":true}]}}