{"id":11495,"date":"2023-06-20T12:20:48","date_gmt":"2023-06-20T12:20:48","guid":{"rendered":"https:\/\/dgzx.hkproduct\/ar0331-ar0330-rgb-ir-wide-angle-3mp-usb-binocular-in-vivo-detection-camera-module\/"},"modified":"2025-03-15T06:15:43","modified_gmt":"2025-03-15T06:15:43","slug":"ar0331-ar0330-rgb-ir-wide-angle-3mp-usb-binocular-in-vivo-detection-camera-module","status":"publish","type":"product","link":"https:\/\/dgzx.hk\/pt\/produto\/ar0331-ar0330-rgb-ir-wide-angle-3mp-usb-binocular-in-vivo-detection-camera-module\/","title":{"rendered":"Dogoozx AR0331 AR0330 RGB IR grande angular 3MP USB Binocular In Vivo M\u00f3dulo de c\u00e2mera de detec\u00e7\u00e3o"},"content":{"rendered":"","protected":false},"excerpt":{"rendered":"","protected":false},"featured_media":8455,"comment_status":"open","ping_status":"closed","template":"","meta":{"_eb_attr":""},"product_cat":[351],"product_tag":[],"class_list":{"0":"post-11495","1":"product","2":"type-product","3":"status-publish","4":"has-post-thumbnail","6":"product_cat-binocular-camera-module","7":"pa_resolution-3mp-1080p-camera-module","9":"first","10":"instock","11":"shipping-taxable","12":"product-type-simple"},"_links":{"self":[{"href":"https:\/\/dgzx.hk\/pt\/wp-json\/wp\/v2\/product\/11495","targetHints":{"allow":["GET"]}}],"collection":[{"href":"https:\/\/dgzx.hk\/pt\/wp-json\/wp\/v2\/product"}],"about":[{"href":"https:\/\/dgzx.hk\/pt\/wp-json\/wp\/v2\/types\/product"}],"replies":[{"embeddable":true,"href":"https:\/\/dgzx.hk\/pt\/wp-json\/wp\/v2\/comments?post=11495"}],"version-history":[{"count":0,"href":"https:\/\/dgzx.hk\/pt\/wp-json\/wp\/v2\/product\/11495\/revisions"}],"wp:featuredmedia":[{"embeddable":true,"href":"https:\/\/dgzx.hk\/pt\/wp-json\/wp\/v2\/media\/8455"}],"wp:attachment":[{"href":"https:\/\/dgzx.hk\/pt\/wp-json\/wp\/v2\/media?parent=11495"}],"wp:term":[{"taxonomy":"product_cat","embeddable":true,"href":"https:\/\/dgzx.hk\/pt\/wp-json\/wp\/v2\/product_cat?post=11495"},{"taxonomy":"product_tag","embeddable":true,"href":"https:\/\/dgzx.hk\/pt\/wp-json\/wp\/v2\/product_tag?post=11495"}],"curies":[{"name":"wp","href":"https:\/\/api.w.org\/{rel}","templated":true}]}}