{"id":11521,"date":"2023-06-20T12:20:49","date_gmt":"2023-06-20T12:20:49","guid":{"rendered":"https:\/\/dgzx.hkproduct\/for-sony-imx323-imx317-imx290-ar0231-web-cam-mipi-dvp-cctv-network-camera-module\/"},"modified":"2025-03-15T06:30:38","modified_gmt":"2025-03-15T06:30:38","slug":"for-sony-imx323-imx317-imx290-ar0231-web-cam-mipi-dvp-cctv-network-camera-module","status":"publish","type":"product","link":"https:\/\/dgzx.hk\/pt\/produto\/for-sony-imx323-imx317-imx290-ar0231-web-cam-mipi-dvp-cctv-network-camera-module\/","title":{"rendered":"Dogoozx para Sony IMX323 IMX317 IMX290 Ar0231 Web Cam Mipi Dvp Cctv M\u00f3dulo de c\u00e2mera de rede"},"content":{"rendered":"<table align=\"left\" border=\"1\" cellpadding=\"1\" cellspacing=\"1\" style=\"height:120px;width:790px; border:1px solid #c3c3c3;\">\n<tbody>\n<tr>\n<th colspan=\"2\" style=\"text-align: center;\"><span style=\"line-height:2.2;\">SUPORTE \u00c0 PERSONALIZA\u00c7\u00c3O<\/span><\/th>\n<\/tr>\n<tr style=\"background-color:#f3f3f3;\">\n<td><span style=\"line-height:2.2;\">Lugar de origem<\/span><\/td>\n<td><span style=\"line-height:2.2;\">Guangdong, China (continente)<\/span><\/td>\n<\/tr>\n<tr>\n<td><span style=\"line-height:2.2;\">Sensor de imagem<\/span><\/td>\n<td><span style=\"line-height:2.2;\">CMOS<\/span><\/td>\n<\/tr>\n<tr style=\"background-color:#f3f3f3;\">\n<td><span style=\"line-height:2.2;\">Pixel<\/span><\/td>\n<td><span style=\"line-height:2.2;\">0,2 MP \u2013 48 MP, tamb\u00e9m pode ser feito de acordo com os requisitos espec\u00edficos do cliente<\/span><\/td>\n<\/tr>\n<tr>\n<td><span style=\"line-height:2.2;\">Aplica\u00e7\u00f5es<\/span><\/td>\n<td><span style=\"line-height:2.2;\">reconhecimento facial, biometria, detec\u00e7\u00e3o de corpos vivos, vis\u00e3o de m\u00e1quina de IA, ve\u00edculo, UAV, terminal de autoatendimento,<br \/>\n\t\t\ttransmiss\u00e3o de imagem, leitura de c\u00f3digo de barras, detec\u00e7\u00e3o infravermelha, casa inteligente, monitoramento de seguran\u00e7a,<br \/>\n\t\t\tc\u00e2mera de movimento, ind\u00fastria e outros campos<\/span><\/td>\n<\/tr>\n<tr style=\"background-color:#f3f3f3;\">\n<td><span style=\"line-height:2.2;\">Interfacel<\/span><\/td>\n<td><span style=\"line-height:2.2;\">USB USB 2.0 USB 3.0 MIPI CSI CSI2 DVP<\/span><\/td>\n<\/tr>\n<tr>\n<td><span style=\"line-height:2.2;\">Marca de chip<\/span><\/td>\n<td><span style=\"line-height:2.2;\">IMX, Omnivision, Gokway, ON, Micron etc.<\/span><\/td>\n<\/tr>\n<tr style=\"background-color:#f3f3f3;\">\n<td><span style=\"line-height:2.2;\">Recurso<\/span><\/td>\n<td><span style=\"line-height:2.2;\">Baixa ilumina\u00e7\u00e3o, exposi\u00e7\u00e3o global, luz das estrelas, super luz das estrelas, HDR din\u00e2mico amplo, JPEG, YUV<\/span><\/td>\n<\/tr>\n<tr>\n<td><span style=\"line-height:2.2;\">AS-2MUSB7<\/span><\/td>\n<td><span style=\"line-height:2.2;\">For Sony IMX323 Imx317 Imx290 Ar0231 Web Cam Mipi Dvp Cctv Network Camera Module<\/span><\/td>\n<\/tr>\n<\/tbody>\n<\/table>\n<p><img decoding=\"async\"  src=\"https:\/\/dgzx.hkwp-content\/siteimages\/1685178550_AS-2MUSB7-%E8%AF%A6%E6%83%85_01.jpg\" style=\"width: 790px; height: 1097px;\" title=\"Dogoozx For Sony IMX323 Imx317 Imx290 Ar0231 Web Cam Mipi Dvp Cctv Network Camera Module\u63d2\u56fe\" alt=\"Dogoozx For Sony IMX323 Imx317 Imx290 Ar0231 Web Cam Mipi Dvp Cctv Network Camera Module\u63d2\u56fe\" \/><img decoding=\"async\"  src=\"https:\/\/dgzx.hkwp-content\/siteimages\/1685178584_AS-2MUSB7-%E8%AF%A6%E6%83%85_02.jpg\" style=\"width: 790px; height: 1183px;\" title=\"Dogoozx For Sony IMX323 Imx317 Imx290 Ar0231 Web Cam Mipi Dvp Cctv Network Camera Module\u63d2\u56fe1\" alt=\"Dogoozx For Sony IMX323 Imx317 Imx290 Ar0231 Web Cam Mipi Dvp Cctv Network Camera Module\u63d2\u56fe1\" \/><img decoding=\"async\"  src=\"https:\/\/dgzx.hkwp-content\/siteimages\/1685178592_AS-2MUSB7-%E8%AF%A6%E6%83%85_03.jpg\" style=\"width: 790px; height: 2093px;\" title=\"Dogoozx For Sony IMX323 Imx317 Imx290 Ar0231 Web Cam Mipi Dvp Cctv Network Camera Module\u63d2\u56fe2\" alt=\"Dogoozx For Sony IMX323 Imx317 Imx290 Ar0231 Web Cam Mipi Dvp Cctv Network Camera Module\u63d2\u56fe2\" \/><img decoding=\"async\"  src=\"https:\/\/dgzx.hkwp-content\/siteimages\/1685178599_AS-2MUSB7-%E8%AF%A6%E6%83%85_04.jpg\" style=\"width: 790px; height: 1222px;\" title=\"Dogoozx For Sony IMX323 Imx317 Imx290 Ar0231 Web Cam Mipi Dvp Cctv Network Camera Module\u63d2\u56fe3\" alt=\"Dogoozx For Sony IMX323 Imx317 Imx290 Ar0231 Web Cam Mipi Dvp Cctv Network Camera Module\u63d2\u56fe3\" \/><img decoding=\"async\"  src=\"https:\/\/dgzx.hkwp-content\/siteimages\/1685178606_AS-2MUSB7-%E8%AF%A6%E6%83%85_05.jpg\" style=\"width: 790px; height: 1631px;\" title=\"Dogoozx For Sony IMX323 Imx317 Imx290 Ar0231 Web Cam Mipi Dvp Cctv Network Camera Module\u63d2\u56fe4\" alt=\"Dogoozx For Sony IMX323 Imx317 Imx290 Ar0231 Web Cam Mipi Dvp Cctv Network Camera Module\u63d2\u56fe4\" \/><\/p>","protected":false},"excerpt":{"rendered":"<p>SUPPORT CUSTOMIZATION Place of Origin Guangdong, China (Mainland) Image Sensor CMOS Pixel 0.2MP &#8211; 48MP\uff0calso could do according to customer&#8217;s specific requirements Applications face recognition, biometrics, living body detection, AI machine vision, vehicle, UAV, self-service terminal, picture transmission,bar code scanning, infrared detection, smart home, security monitoring, motion camera, industry and other fields Interfacel USB USB2.0 USB3.0 MIPI CSI CSI2 DVP Chip brand IMX\u3001Omnivision\u3001Gokway\u3001ON\u3001Micron etc. Feature Low illumination\uff0cGlobal exposure\uff0cStarlight\uff0c Super Starlight\uff0cWide dynamic HDR\uff0cJPEG,YUV AS-2MUSB7 For Sony IMX323 Imx317 Imx290 Ar0231 Web Cam Mipi Dvp Cctv Network Camera Module<\/p>","protected":false},"featured_media":8607,"comment_status":"open","ping_status":"closed","template":"","meta":{"_eb_attr":""},"product_cat":[338,347],"product_tag":[],"class_list":{"0":"post-11521","1":"product","2":"type-product","3":"status-publish","4":"has-post-thumbnail","6":"product_cat-cmos-camera-module","7":"product_cat-infrared-camera-module","8":"pa_resolution-2mp-1080p-camera-module","10":"first","11":"instock","12":"shipping-taxable","13":"product-type-simple"},"_links":{"self":[{"href":"https:\/\/dgzx.hk\/pt\/wp-json\/wp\/v2\/product\/11521","targetHints":{"allow":["GET"]}}],"collection":[{"href":"https:\/\/dgzx.hk\/pt\/wp-json\/wp\/v2\/product"}],"about":[{"href":"https:\/\/dgzx.hk\/pt\/wp-json\/wp\/v2\/types\/product"}],"replies":[{"embeddable":true,"href":"https:\/\/dgzx.hk\/pt\/wp-json\/wp\/v2\/comments?post=11521"}],"version-history":[{"count":0,"href":"https:\/\/dgzx.hk\/pt\/wp-json\/wp\/v2\/product\/11521\/revisions"}],"wp:featuredmedia":[{"embeddable":true,"href":"https:\/\/dgzx.hk\/pt\/wp-json\/wp\/v2\/media\/8607"}],"wp:attachment":[{"href":"https:\/\/dgzx.hk\/pt\/wp-json\/wp\/v2\/media?parent=11521"}],"wp:term":[{"taxonomy":"product_cat","embeddable":true,"href":"https:\/\/dgzx.hk\/pt\/wp-json\/wp\/v2\/product_cat?post=11521"},{"taxonomy":"product_tag","embeddable":true,"href":"https:\/\/dgzx.hk\/pt\/wp-json\/wp\/v2\/product_tag?post=11521"}],"curies":[{"name":"wp","href":"https:\/\/api.w.org\/{rel}","templated":true}]}}