{"id":11577,"date":"2023-06-20T12:20:52","date_gmt":"2023-06-20T12:20:52","guid":{"rendered":"https:\/\/dgzx.hkproduct\/hd-720p-mini-pcb-mipi-global-shutter-ov9281-monochrome-cmos-hover-camera-module\/"},"modified":"2025-03-15T07:08:22","modified_gmt":"2025-03-15T07:08:22","slug":"hd-720p-mini-pcb-mipi-global-shutter-ov9281-monochrome-cmos-hover-camera-module","status":"publish","type":"product","link":"https:\/\/dgzx.hk\/pt\/produto\/hd-720p-mini-pcb-mipi-global-shutter-ov9281-monochrome-cmos-hover-camera-module\/","title":{"rendered":"Dogoozx HD 720p mini pcb mipi global shutter OV9281 Monochrome Cmos hover camera module"},"content":{"rendered":"<p><img decoding=\"async\" class=\"aligncenter\" style=\"width: 790px; height: 1912px;\" src=\"https:\/\/dgzx.hkwp-content\/siteimages\/1683699982_AS-AA188A29M15-%E8%AF%A6%E6%83%85_01.jpg\" title=\"Dogoozx HD 720p mini pcb mipi global shutter OV9281 Monochrome Cmos hover camera module\u63d2\u56fe\" alt=\"Dogoozx HD 720p mini pcb mipi global shutter OV9281 Monochrome Cmos hover camera module\u63d2\u56fe\" \/><img decoding=\"async\" class=\"aligncenter\" style=\"width: 790px; height: 1355px;\" src=\"https:\/\/dgzx.hkwp-content\/siteimages\/1683699989_AS-AA188A29M15-%E8%AF%A6%E6%83%85_02.jpg\" title=\"Dogoozx HD 720p mini pcb mipi global shutter OV9281 Monochrome Cmos hover camera module\u63d2\u56fe1\" alt=\"Dogoozx HD 720p mini pcb mipi global shutter OV9281 Monochrome Cmos hover camera module\u63d2\u56fe1\" \/><img decoding=\"async\" class=\"aligncenter\" style=\"width: 790px; height: 1741px;\" src=\"https:\/\/dgzx.hkwp-content\/siteimages\/1683699995_AS-AA188A29M15-%E8%AF%A6%E6%83%85_03.jpg\" title=\"Dogoozx HD 720p mini pcb mipi global shutter OV9281 Monochrome Cmos hover camera module\u63d2\u56fe2\" alt=\"Dogoozx HD 720p mini pcb mipi global shutter OV9281 Monochrome Cmos hover camera module\u63d2\u56fe2\" \/><img decoding=\"async\" class=\"aligncenter\" style=\"width: 790px; height: 1923px;\" src=\"https:\/\/dgzx.hkwp-content\/siteimages\/1683700006_AS-AA188A29M15-%E8%AF%A6%E6%83%85_04.jpg\" title=\"Dogoozx HD 720p mini pcb mipi global shutter OV9281 Monochrome Cmos hover camera module\u63d2\u56fe3\" alt=\"Dogoozx HD 720p mini pcb mipi global shutter OV9281 Monochrome Cmos hover camera module\u63d2\u56fe3\" \/><\/p>\n<table style=\"height: 120px; width: 790px; border: 1px solid #c3c3c3;\" border=\"1\" cellspacing=\"1\" cellpadding=\"1\" align=\"left\">\n<tbody>\n<tr>\n<th style=\"text-align: center;\" colspan=\"2\"><span style=\"line-height: 2.2;\">SUPORTE \u00c0 PERSONALIZA\u00c7\u00c3O<\/span><\/th>\n<\/tr>\n<tr style=\"background-color: #f3f3f3;\">\n<td><span style=\"line-height: 2.2;\">Lugar de origem<\/span><\/td>\n<td><span style=\"line-height: 2.2;\">Guangdong, China (continente)<\/span><\/td>\n<\/tr>\n<tr>\n<td><span style=\"line-height: 2.2;\">Sensor de imagem<\/span><\/td>\n<td><span style=\"line-height: 2.2;\">CMOS<\/span><\/td>\n<\/tr>\n<tr style=\"background-color: #f3f3f3;\">\n<td><span style=\"line-height: 2.2;\">Pixel<\/span><\/td>\n<td><span style=\"line-height: 2.2;\">0,2 MP \u2013 48 MP, tamb\u00e9m pode ser feito de acordo com os requisitos espec\u00edficos do cliente<\/span><\/td>\n<\/tr>\n<tr>\n<td><span style=\"line-height: 2.2;\">Aplica\u00e7\u00f5es<\/span><\/td>\n<td><span style=\"line-height: 2.2;\">reconhecimento facial, biometria, detec\u00e7\u00e3o de corpos vivos, vis\u00e3o de m\u00e1quina de IA, ve\u00edculo, UAV, terminal de autoatendimento,<br \/>\ntransmiss\u00e3o de imagem, leitura de c\u00f3digo de barras, detec\u00e7\u00e3o infravermelha, casa inteligente, monitoramento de seguran\u00e7a,<br \/>\nc\u00e2mera de movimento, ind\u00fastria e outros campos<\/span><\/td>\n<\/tr>\n<tr style=\"background-color: #f3f3f3;\">\n<td><span style=\"line-height: 2.2;\">Interfacel<\/span><\/td>\n<td><span style=\"line-height: 2.2;\">USB USB 2.0 USB 3.0 MIPI CSI CSI2 DVP<\/span><\/td>\n<\/tr>\n<tr>\n<td><span style=\"line-height: 2.2;\">Marca de chip<\/span><\/td>\n<td><span style=\"line-height: 2.2;\">IMX, Omnivision, Gokway, ON, Micron etc.<\/span><\/td>\n<\/tr>\n<tr style=\"background-color: #f3f3f3;\">\n<td><span style=\"line-height: 2.2;\">Recurso<\/span><\/td>\n<td><span style=\"line-height: 2.2;\">Baixa ilumina\u00e7\u00e3o, exposi\u00e7\u00e3o global, luz das estrelas, super luz das estrelas, HDR din\u00e2mico amplo, JPEG, YUV<\/span><\/td>\n<\/tr>\n<tr>\n<td><span style=\"line-height: 2.2;\">AS-AA188A29M15-30&#215;30<\/span><\/td>\n<td><span style=\"line-height: 2.2;\">HD 720p mini pcb mipi global shutter OV9281 Monochrome Cmos hover camera module<\/span><\/td>\n<\/tr>\n<\/tbody>\n<\/table>\n<p>&nbsp;<\/p>","protected":false},"excerpt":{"rendered":"<p>SUPPORT CUSTOMIZATION Place of Origin Guangdong, China (Mainland) Image Sensor CMOS Pixel 0.2MP &#8211; 48MP\uff0calso could do according to customer&#8217;s specific requirements Applications face recognition, biometrics, living body detection, AI machine vision, vehicle, UAV, self-service terminal, picture transmission,bar code scanning, infrared detection, smart home, security monitoring, motion camera, industry and other fields Interfacel USB USB2.0 USB3.0 MIPI CSI CSI2 DVP Chip brand IMX\u3001Omnivision\u3001Gokway\u3001ON\u3001Micron etc. Feature Low illumination\uff0cGlobal exposure\uff0cStarlight\uff0c Super Starlight\uff0cWide dynamic HDR\uff0cJPEG,YUV AS-AA188A29M15-30&#215;30 HD 720p mini pcb mipi global shutter OV9281 Monochrome Cmos hover camera module &nbsp;<\/p>","protected":false},"featured_media":8924,"comment_status":"open","ping_status":"closed","template":"","meta":{"_eb_attr":""},"product_cat":[338,348],"product_tag":[741,739],"class_list":{"0":"post-11577","1":"product","2":"type-product","3":"status-publish","4":"has-post-thumbnail","6":"product_cat-cmos-camera-module","7":"product_cat-global-shutter-camera-module","8":"product_tag-mini-camera","9":"product_tag-ov9281-camera","10":"pa_resolution-1mp-camera-module-2","12":"first","13":"instock","14":"shipping-taxable","15":"product-type-simple"},"_links":{"self":[{"href":"https:\/\/dgzx.hk\/pt\/wp-json\/wp\/v2\/product\/11577","targetHints":{"allow":["GET"]}}],"collection":[{"href":"https:\/\/dgzx.hk\/pt\/wp-json\/wp\/v2\/product"}],"about":[{"href":"https:\/\/dgzx.hk\/pt\/wp-json\/wp\/v2\/types\/product"}],"replies":[{"embeddable":true,"href":"https:\/\/dgzx.hk\/pt\/wp-json\/wp\/v2\/comments?post=11577"}],"version-history":[{"count":0,"href":"https:\/\/dgzx.hk\/pt\/wp-json\/wp\/v2\/product\/11577\/revisions"}],"wp:featuredmedia":[{"embeddable":true,"href":"https:\/\/dgzx.hk\/pt\/wp-json\/wp\/v2\/media\/8924"}],"wp:attachment":[{"href":"https:\/\/dgzx.hk\/pt\/wp-json\/wp\/v2\/media?parent=11577"}],"wp:term":[{"taxonomy":"product_cat","embeddable":true,"href":"https:\/\/dgzx.hk\/pt\/wp-json\/wp\/v2\/product_cat?post=11577"},{"taxonomy":"product_tag","embeddable":true,"href":"https:\/\/dgzx.hk\/pt\/wp-json\/wp\/v2\/product_tag?post=11577"}],"curies":[{"name":"wp","href":"https:\/\/api.w.org\/{rel}","templated":true}]}}