{"id":12081,"date":"2023-08-14T09:15:09","date_gmt":"2023-08-14T09:15:09","guid":{"rendered":"https:\/\/dgzx.hk?post_type=product&#038;p=12081"},"modified":"2025-03-10T11:38:53","modified_gmt":"2025-03-10T11:38:53","slug":"full-hd-imx327-starlight-night-vision-1080p-60fps-wdr-mipi-camera-module","status":"publish","type":"product","link":"https:\/\/dgzx.hk\/pt\/produto\/modulo-de-camera-full-hd-imx327-starlight-visao-noturna-1080p-60fps-wdr-mipi\/","title":{"rendered":"DGZX-BC728A3M8-67 Full HD IMX327 Starlight vis\u00e3o noturna 1080P 60fps WDR MIPI M\u00f3dulo de c\u00e2mera"},"content":{"rendered":"<p style=\"line-height: 2em;\"><span style=\"color: #1E1F24; text-align: justify; font-size: 16px; font-family: arial, helvetica, sans-serif;\">O m\u00f3dulo de c\u00e2mera Full HD IMX327 Starlight de vis\u00e3o noturna 1080P 60fps WDR MIPI \u00e9 uma solu\u00e7\u00e3o de imagem de alto desempenho projetada para uma variedade de aplica\u00e7\u00f5es de seguran\u00e7a e vigil\u00e2ncia. Ele apresenta um sensor de imagem IMX327 da Sony, que fornece excelente sensibilidade \u00e0 pouca luz e qualidade de imagem n\u00edtida. Com suporte para v\u00eddeo 1080P a 60 quadros por segundo, o m\u00f3dulo fornece imagens de v\u00eddeo suaves e detalhadas, mesmo em cen\u00e1rios de alto movimento. A tecnologia WDR (Wide Dynamic Range) permite excelente qualidade de imagem em \u00e1reas claras e escuras, garantindo que os detalhes do primeiro e do segundo plano sejam capturados com precis\u00e3o. A interface MIPI garante transfer\u00eancia de dados confi\u00e1vel para streaming e grava\u00e7\u00e3o de v\u00eddeo em tempo real, enquanto a capacidade de vis\u00e3o noturna Starlight permite imagens n\u00edtidas e detalhadas em condi\u00e7\u00f5es de pouca luz. O tamanho compacto e o baixo consumo de energia do m\u00f3dulo facilitam a integra\u00e7\u00e3o em v\u00e1rios sistemas embarcados para uma variedade de aplica\u00e7\u00f5es de seguran\u00e7a.<\/span><\/p>\n<p style=\"line-height: 2em;\"><img decoding=\"async\" src=\"\/wp-content\/uploads\/image\/20230814\/1692004327202753.jpg\" title=\"1692004327202753.jpg\" alt=\"1.jpg\"\/><img decoding=\"async\" src=\"\/wp-content\/uploads\/image\/20230814\/1692004337277172.jpg\" title=\"1692004337277172.jpg\" alt=\"2.jpg\"\/><img decoding=\"async\" src=\"\/wp-content\/uploads\/image\/20230814\/1692004342167099.jpg\" title=\"1692004342167099.jpg\" alt=\"3.jpg\"\/><img decoding=\"async\" src=\"\/wp-content\/uploads\/image\/20230814\/1692004345376970.jpg\" title=\"1692004345376970.jpg\" alt=\"4.jpg\"\/><\/p>\n<p style=\"line-height: 2em;\"><img decoding=\"async\" src=\"\/wp-content\/uploads\/image\/20230814\/1692004361723557.jpg\" title=\"1692004361723557.jpg\" alt=\"5.jpg\"\/><img decoding=\"async\" src=\"\/wp-content\/uploads\/image\/20230814\/1692004367424712.jpg\" title=\"1692004367424712.jpg\" alt=\"6.jpg\"\/><\/p>\n<p style=\"line-height: 2em;\"><img decoding=\"async\" src=\"\/wp-content\/uploads\/image\/20230814\/1692004392587273.jpg\" title=\"1692004392587273.jpg\" alt=\"DGZX-BC728A3M8-67 Full HD IMX327 Starlight night vision 1080P 60fps WDR MIPI Camera Module\u63d2\u56fe6\" \/><\/p>\n<p style=\"line-height: 2em;\"><img decoding=\"async\" src=\"\/wp-content\/uploads\/image\/20230814\/1692004392194780.png\" title=\"1692004392194780.png\" alt=\"DGZX-BC728A3M8-67 Full HD IMX327 Starlight night vision 1080P 60fps WDR MIPI Camera Module\u63d2\u56fe7\" \/><\/p>\n<p style=\"line-height: 2em;\"><img decoding=\"async\" src=\"\/wp-content\/uploads\/image\/20230814\/1692004393944403.png\" title=\"1692004393944403.png\" alt=\"DGZX-BC728A3M8-67 Full HD IMX327 Starlight night vision 1080P 60fps WDR MIPI Camera Module\u63d2\u56fe8\" \/><\/p>\n<p style=\"line-height: 2em;\"><img decoding=\"async\" src=\"\/wp-content\/uploads\/image\/20230814\/1692004393616629.png\" title=\"1692004393616629.png\" alt=\"DGZX-BC728A3M8-67 Full HD IMX327 Starlight night vision 1080P 60fps WDR MIPI Camera Module\u63d2\u56fe9\" \/><\/p>\n<p><\/p>","protected":false},"excerpt":{"rendered":"<p>O m\u00f3dulo de c\u00e2mera Full HD IMX327 Starlight de vis\u00e3o noturna 1080P 60fps WDR MIPI \u00e9 uma solu\u00e7\u00e3o de imagem de alto desempenho projetada para uma variedade de aplica\u00e7\u00f5es de seguran\u00e7a e vigil\u00e2ncia. Ele apresenta um sensor de imagem IMX327 da Sony, que fornece excelente sensibilidade \u00e0 pouca luz e qualidade de imagem n\u00edtida. Com suporte para v\u00eddeo 1080P a 60 quadros por segundo, o m\u00f3dulo fornece imagens de v\u00eddeo suaves e detalhadas, mesmo em cen\u00e1rios de alto movimento. A tecnologia WDR (Wide Dynamic Range) permite excelente qualidade de imagem em \u00e1reas claras e escuras, garantindo que os detalhes do primeiro e do segundo plano sejam capturados com precis\u00e3o. A interface MIPI garante transfer\u00eancia de dados confi\u00e1vel para streaming e grava\u00e7\u00e3o de v\u00eddeo em tempo real, enquanto a capacidade de vis\u00e3o noturna Starlight permite imagens n\u00edtidas e detalhadas em condi\u00e7\u00f5es de pouca luz. O tamanho compacto e o baixo consumo de energia do m\u00f3dulo facilitam a integra\u00e7\u00e3o em v\u00e1rios sistemas embarcados para uma variedade de aplica\u00e7\u00f5es de seguran\u00e7a.<\/p>","protected":false},"featured_media":12084,"comment_status":"closed","ping_status":"closed","template":"","meta":{"_eb_attr":""},"product_cat":[312],"product_tag":[556,547,495,473],"class_list":{"0":"post-12081","1":"product","2":"type-product","3":"status-publish","4":"has-post-thumbnail","6":"product_cat-mipi-camera-module","7":"product_tag-60fps","8":"product_tag-imx327","9":"product_tag-2mp","10":"product_tag-mipi","11":"pa_resolution-2mp-1080p-camera-module","13":"first","14":"instock","15":"shipping-taxable","16":"product-type-simple"},"_links":{"self":[{"href":"https:\/\/dgzx.hk\/pt\/wp-json\/wp\/v2\/product\/12081","targetHints":{"allow":["GET"]}}],"collection":[{"href":"https:\/\/dgzx.hk\/pt\/wp-json\/wp\/v2\/product"}],"about":[{"href":"https:\/\/dgzx.hk\/pt\/wp-json\/wp\/v2\/types\/product"}],"replies":[{"embeddable":true,"href":"https:\/\/dgzx.hk\/pt\/wp-json\/wp\/v2\/comments?post=12081"}],"version-history":[{"count":0,"href":"https:\/\/dgzx.hk\/pt\/wp-json\/wp\/v2\/product\/12081\/revisions"}],"wp:featuredmedia":[{"embeddable":true,"href":"https:\/\/dgzx.hk\/pt\/wp-json\/wp\/v2\/media\/12084"}],"wp:attachment":[{"href":"https:\/\/dgzx.hk\/pt\/wp-json\/wp\/v2\/media?parent=12081"}],"wp:term":[{"taxonomy":"product_cat","embeddable":true,"href":"https:\/\/dgzx.hk\/pt\/wp-json\/wp\/v2\/product_cat?post=12081"},{"taxonomy":"product_tag","embeddable":true,"href":"https:\/\/dgzx.hk\/pt\/wp-json\/wp\/v2\/product_tag?post=12081"}],"curies":[{"name":"wp","href":"https:\/\/api.w.org\/{rel}","templated":true}]}}