{"id":12117,"date":"2023-08-17T07:25:04","date_gmt":"2023-08-17T07:25:04","guid":{"rendered":"https:\/\/dgzx.hk?post_type=product&#038;p=12117"},"modified":"2025-03-10T11:36:56","modified_gmt":"2025-03-10T11:36:56","slug":"30w-high-speed-180fps-hdr-global-exposure-wide-angle-mipi-78mm-sc031gs-camera-module","status":"publish","type":"product","link":"https:\/\/dgzx.hk\/pt\/produto\/30w-high-speed-180fps-hdr-global-exposure-wide-angle-mipi-78mm-sc031gs-camera-module\/","title":{"rendered":"DGZX-AGSG8A130M2-78 SC031GS M\u00f3dulo de c\u00e2mera 30W Alta velocidade 180fps HDR Exposi\u00e7\u00e3o global Grande angular MIPI 78MM"},"content":{"rendered":"<p style=\"margin-bottom: 0.12rem; padding: 0px; color: rgb(30, 31, 36); font-family: -apple-system, BlinkMacSystemFont, &quot;Segoe UI&quot;, Helvetica, Arial, sans-serif, &quot;Apple Color Emoji&quot;, &quot;Segoe UI Emoji&quot;; font-size: 16px; text-align: justify; white-space: normal; text-indent: 0em; line-height: 2em;\"><span style=\"font-size: 16px; font-family: arial, helvetica, sans-serif;\">&nbsp; &nbsp; &nbsp; &nbsp;DGZX-AGSG8A130M2-78 SC031GS Camera Module 30W High-speed 180fps HDR Global Exposure Wide Angle MIPI 78MM 200 is a high-performance camera module developed by DGZX company. It adopts advanced optical and electronic components, and provides high-speed image capture and high definition image quality. The module has the following features:<\/span><\/p>\n<ol style=\"margin-bottom: 0.12rem; padding: 0px 0px 0px 2em; list-style-position: initial; list-style-image: initial; padding-inline-start: 0.23rem; color: rgb(30, 31, 36); font-family: -apple-system, BlinkMacSystemFont, &quot;Segoe UI&quot;, Helvetica, Arial, sans-serif, &quot;Apple Color Emoji&quot;, &quot;Segoe UI Emoji&quot;; font-size: 16px; text-align: justify; white-space: normal;\" class=\"list-paddingleft-2\">\n<li>\n<p style=\"margin-bottom: 0px; padding: 0px; text-indent: 0em; line-height: 2em;\"><span style=\"font-size: 16px; font-family: arial, helvetica, sans-serif;\">High speed image capture: The module can achieve 180fps high-speed image capture, which is suitable for high-speed dynamic image capture applications.<\/span><\/p>\n<\/li>\n<li>\n<p style=\"margin-bottom: 0px; padding: 0px; text-indent: 0em; line-height: 2em;\"><span style=\"font-size: 16px; font-family: arial, helvetica, sans-serif;\">High definition image quality: The module supports HDR (High Dynamic Range) technology, which can enhance the brightness and color rendering of images, and provide higher quality images.<\/span><\/p>\n<\/li>\n<li>\n<p style=\"margin-bottom: 0px; padding: 0px; text-indent: 0em; line-height: 2em;\"><span style=\"font-size: 16px; font-family: arial, helvetica, sans-serif;\">Global exposure: The module supports global exposure technology, which can ensure that all pixels of the image sensor can be exposed at the same time, and improve the brightness and definition of the image.<\/span><\/p>\n<\/li>\n<li>\n<p style=\"margin-bottom: 0px; padding: 0px; text-indent: 0em; line-height: 2em;\"><span style=\"font-size: 16px; font-family: arial, helvetica, sans-serif;\">Wide angle lens: The module comes with a wide angle lens, which can achieve a viewing angle of up to 130 degrees, suitable for wide angle shooting applications.<\/span><\/p>\n<\/li>\n<li>\n<p style=\"margin-bottom: 0px; padding: 0px; text-indent: 0em; line-height: 2em;\"><span style=\"font-size: 16px; font-family: arial, helvetica, sans-serif;\">Interface MIPI: O m\u00f3dulo adota a interface MIPI, que garante a estabilidade e a confiabilidade da transmiss\u00e3o de dados e \u00e9 f\u00e1cil de integrar com outros sistemas.<\/span><\/p>\n<\/li>\n<li>\n<p style=\"margin-bottom: 0px; padding: 0px; text-indent: 0em; line-height: 2em;\"><span style=\"font-size: 16px; font-family: arial, helvetica, sans-serif;\">30W output power: The module has a maximum output power of 30W, which can meet the needs of most low-light shooting applications.<\/span><\/p>\n<\/li>\n<\/ol>\n<p style=\"text-align: center;\"><img decoding=\"async\" src=\"\/wp-content\/uploads\/image\/20230817\/1692257069774623.jpg\" title=\"1692257069774623.jpg\" alt=\"1.jpg\"\/><img decoding=\"async\" src=\"\/wp-content\/uploads\/image\/20230817\/1692257078817320.jpg\" title=\"1692257078817320.jpg\" alt=\"2.jpg\"\/><img decoding=\"async\" src=\"\/wp-content\/uploads\/image\/20230817\/1692257082347687.jpg\" title=\"1692257082347687.jpg\" alt=\"3.jpg\"\/><img decoding=\"async\" src=\"\/wp-content\/uploads\/image\/20230817\/1692257089962929.jpg\" title=\"1692257089962929.jpg\" alt=\"4.jpg\"\/><\/p>\n<p style=\"text-align: center;\"><img decoding=\"async\" src=\"\/wp-content\/uploads\/image\/20230817\/1692257097123739.jpg\" title=\"1692257097123739.jpg\" alt=\"DGZX-AGSG8A130M2-78 SC031GS Camera Module 30W High-speed 180fps HDR Global Exposure Wide Angle MIPI 78MM\u63d2\u56fe4\" \/><\/p>\n<p style=\"text-align: center;\"><img decoding=\"async\" src=\"\/wp-content\/uploads\/image\/20230817\/1692257098829778.png\" title=\"1692257098829778.png\" alt=\"DGZX-AGSG8A130M2-78 SC031GS Camera Module 30W High-speed 180fps HDR Global Exposure Wide Angle MIPI 78MM\u63d2\u56fe5\" \/><\/p>\n<p style=\"text-align: center;\"><img decoding=\"async\" src=\"\/wp-content\/uploads\/image\/20230817\/1692257098780288.png\" title=\"1692257098780288.png\" alt=\"DGZX-AGSG8A130M2-78 SC031GS Camera Module 30W High-speed 180fps HDR Global Exposure Wide Angle MIPI 78MM\u63d2\u56fe6\" \/><\/p>\n<p style=\"text-align: center;\"><img decoding=\"async\" src=\"\/wp-content\/uploads\/image\/20230817\/1692257099361156.png\" title=\"1692257099361156.png\" alt=\"DGZX-AGSG8A130M2-78 SC031GS Camera Module 30W High-speed 180fps HDR Global Exposure Wide Angle MIPI 78MM\u63d2\u56fe7\" \/><\/p>\n<p><\/p>","protected":false},"excerpt":{"rendered":"<p>&nbsp; &nbsp; &nbsp; &nbsp;DGZX-AGSG8A130M2-78 SC031GS Camera Module 30W High-speed 180fps HDR Global Exposure Wide Angle MIPI 78MM 200 is a high-performance camera module developed by DGZX company. It adopts advanced optical and electronic components, and provides high-speed image capture and high definition image quality. The module has the following features: High speed image capture: The module can achieve 180fps high-speed image capture, which is suitable for high-speed dynamic image capture applications. High definition image quality: The module supports HDR (High Dynamic Range) technology, which can enhance the brightness and color rendering of images, and provide higher quality images. Global exposure: The module supports global exposure technology, which can ensure that all pixels of the image sensor can be exposed at the same time, and improve the brightness and definition of the image. Wide angle lens: The module comes with a wide angle lens, which can achieve a viewing angle of up to 130 degrees, suitable for wide angle shooting applications. MIPI interface: The module adopts MIPI interface, which ensures the stability and reliability of data transmission, and is easy to integrate with other systems. 30W output power: The module has a maximum output power of 30W, which can meet the needs of most low-light shooting applications.<\/p>","protected":false},"featured_media":12122,"comment_status":"closed","ping_status":"closed","template":"","meta":{"_eb_attr":""},"product_cat":[312,349],"product_tag":[722,723,685,681],"class_list":{"0":"post-12117","1":"product","2":"type-product","3":"status-publish","4":"has-post-thumbnail","6":"product_cat-mipi-camera-module","7":"product_cat-wide-angle-camera-module","8":"product_tag-sc031gs-camera","9":"product_tag-high-speed-camera","10":"product_tag-mipi-camera","11":"product_tag-wide-angle-camera","12":"pa_resolution-vag-0-3mp-camera-module","14":"first","15":"instock","16":"shipping-taxable","17":"product-type-simple"},"_links":{"self":[{"href":"https:\/\/dgzx.hk\/pt\/wp-json\/wp\/v2\/product\/12117","targetHints":{"allow":["GET"]}}],"collection":[{"href":"https:\/\/dgzx.hk\/pt\/wp-json\/wp\/v2\/product"}],"about":[{"href":"https:\/\/dgzx.hk\/pt\/wp-json\/wp\/v2\/types\/product"}],"replies":[{"embeddable":true,"href":"https:\/\/dgzx.hk\/pt\/wp-json\/wp\/v2\/comments?post=12117"}],"version-history":[{"count":0,"href":"https:\/\/dgzx.hk\/pt\/wp-json\/wp\/v2\/product\/12117\/revisions"}],"wp:featuredmedia":[{"embeddable":true,"href":"https:\/\/dgzx.hk\/pt\/wp-json\/wp\/v2\/media\/12122"}],"wp:attachment":[{"href":"https:\/\/dgzx.hk\/pt\/wp-json\/wp\/v2\/media?parent=12117"}],"wp:term":[{"taxonomy":"product_cat","embeddable":true,"href":"https:\/\/dgzx.hk\/pt\/wp-json\/wp\/v2\/product_cat?post=12117"},{"taxonomy":"product_tag","embeddable":true,"href":"https:\/\/dgzx.hk\/pt\/wp-json\/wp\/v2\/product_tag?post=12117"}],"curies":[{"name":"wp","href":"https:\/\/api.w.org\/{rel}","templated":true}]}}