{"id":12254,"date":"2023-09-01T06:02:34","date_gmt":"2023-09-01T06:02:34","guid":{"rendered":"https:\/\/dgzx.hk?post_type=product&#038;p=12254"},"modified":"2025-03-05T11:18:03","modified_gmt":"2025-03-05T11:18:03","slug":"customized-ov2640-with-jpeg-2mp-ircut-infrared-wide-angle-dvp-camera-module-ir","status":"publish","type":"product","link":"https:\/\/dgzx.hk\/pt\/produto\/customized-ov2640-with-jpeg-2mp-ircut-infrared-wide-angle-dvp-camera-module-ir\/","title":{"rendered":"DGZX-AA048A62D33 OV2640 IRCUT M\u00f3dulo de c\u00e2mera DVP infravermelho grande angular JPEG 2MP suporte personaliza\u00e7\u00e3o"},"content":{"rendered":"<p style=\"line-height: 2em;\"><span style=\"color: #1E1F24; text-align: justify; font-family: arial, helvetica, sans-serif; font-size: 16px;\">The DGZX-AA048A62D33 OV2640 IRCUT Infrared wide-angle DVP camera module is a high-performance imaging solution with support for JPEG format and 2MP resolution. It features a wide viewing angle and is suitable for various applications such as surveillance, security, and general purpose imaging. The module supports customization for added flexibility and can be easily integrated into various devices and systems. The DGZX-AA048A62D33 OV2640 IRCUT Infrared wide-angle DVP camera module provides high-quality images and is a cost-effective solution for infrared imaging requirements.<\/span><img decoding=\"async\" src=\"\/wp-content\/uploads\/image\/20230901\/1693548123829999.jpg\" title=\"1693548123829999.jpg\" alt=\"1.jpg\"\/><img decoding=\"async\" src=\"\/wp-content\/uploads\/image\/20230901\/1693548127489262.jpg\" title=\"1693548127489262.jpg\" alt=\"2.jpg\"\/><img decoding=\"async\" src=\"\/wp-content\/uploads\/image\/20230901\/1693548131240569.jpg\" title=\"1693548131240569.jpg\" alt=\"3.jpg\"\/><img decoding=\"async\" src=\"\/wp-content\/uploads\/image\/20230901\/1693548134272894.jpg\" title=\"1693548134272894.jpg\" alt=\"4.jpg\"\/><img decoding=\"async\" src=\"\/wp-content\/uploads\/image\/20230901\/1693548138604534.jpg\" title=\"1693548138604534.jpg\" alt=\"5.jpg\"\/><\/p>\n<p><img decoding=\"async\" src=\"\/wp-content\/uploads\/image\/20230901\/1693548150564489.jpg\" title=\"1693548150564489.jpg\" alt=\"DGZX-AA048A62D33 OV2640 IRCUT Infrared wide-angle DVP camera module JPEG 2MP support customization\u63d2\u56fe5\" \/><\/p>\n<p><img decoding=\"async\" src=\"\/wp-content\/uploads\/image\/20230901\/1693548151619076.png\" title=\"1693548151619076.png\" alt=\"DGZX-AA048A62D33 OV2640 IRCUT Infrared wide-angle DVP camera module JPEG 2MP support customization\u63d2\u56fe6\" \/><\/p>\n<p><img decoding=\"async\" src=\"\/wp-content\/uploads\/image\/20230901\/1693548151648920.png\" title=\"1693548151648920.png\" alt=\"DGZX-AA048A62D33 OV2640 IRCUT Infrared wide-angle DVP camera module JPEG 2MP support customization\u63d2\u56fe7\" \/><\/p>\n<p><img decoding=\"async\" src=\"\/wp-content\/uploads\/image\/20230901\/1693548151312509.png\" title=\"1693548151312509.png\" alt=\"DGZX-AA048A62D33 OV2640 IRCUT Infrared wide-angle DVP camera module JPEG 2MP support customization\u63d2\u56fe8\" \/><\/p>\n<p><\/p>","protected":false},"excerpt":{"rendered":"<p>The DGZX-AA048A62D33 OV2640 IRCUT Infrared wide-angle DVP camera module is a high-performance imaging solution with support for JPEG format and 2MP resolution. It features a wide viewing angle and is suitable for various applications such as surveillance, security, and general purpose imaging. The module supports customization for added flexibility and can be easily integrated into various devices and systems. The DGZX-AA048A62D33 OV2640 IRCUT Infrared wide-angle DVP camera module provides high-quality images and is a cost-effective solution for infrared imaging requirements.<\/p>","protected":false},"featured_media":12255,"comment_status":"closed","ping_status":"closed","template":"","meta":{"_eb_attr":""},"product_cat":[326],"product_tag":[465,466,467,459,138],"class_list":{"0":"post-12254","1":"product","2":"type-product","3":"status-publish","4":"has-post-thumbnail","6":"product_cat-dvp-camera-module","7":"product_tag-ircut","8":"product_tag-infrared","9":"product_tag-dvp","10":"product_tag-wide-angle","11":"product_tag-ov2640","12":"pa_resolution-2mp-1080p-camera-module","14":"first","15":"instock","16":"shipping-taxable","17":"product-type-simple"},"_links":{"self":[{"href":"https:\/\/dgzx.hk\/pt\/wp-json\/wp\/v2\/product\/12254","targetHints":{"allow":["GET"]}}],"collection":[{"href":"https:\/\/dgzx.hk\/pt\/wp-json\/wp\/v2\/product"}],"about":[{"href":"https:\/\/dgzx.hk\/pt\/wp-json\/wp\/v2\/types\/product"}],"replies":[{"embeddable":true,"href":"https:\/\/dgzx.hk\/pt\/wp-json\/wp\/v2\/comments?post=12254"}],"version-history":[{"count":0,"href":"https:\/\/dgzx.hk\/pt\/wp-json\/wp\/v2\/product\/12254\/revisions"}],"wp:featuredmedia":[{"embeddable":true,"href":"https:\/\/dgzx.hk\/pt\/wp-json\/wp\/v2\/media\/12255"}],"wp:attachment":[{"href":"https:\/\/dgzx.hk\/pt\/wp-json\/wp\/v2\/media?parent=12254"}],"wp:term":[{"taxonomy":"product_cat","embeddable":true,"href":"https:\/\/dgzx.hk\/pt\/wp-json\/wp\/v2\/product_cat?post=12254"},{"taxonomy":"product_tag","embeddable":true,"href":"https:\/\/dgzx.hk\/pt\/wp-json\/wp\/v2\/product_tag?post=12254"}],"curies":[{"name":"wp","href":"https:\/\/api.w.org\/{rel}","templated":true}]}}