{"id":11359,"date":"2023-06-20T12:20:41","date_gmt":"2023-06-20T12:20:41","guid":{"rendered":"https:\/\/dgzx.hkproduct\/0-3mp-black-and-white-wide-angle-scan-qr-code-mipi-global-exposure-camera-module\/"},"modified":"2025-03-10T11:55:01","modified_gmt":"2025-03-10T11:55:01","slug":"dgzx-ba158a27m29-70-0-3mp-mipi-global-exposure-black-and-white-wide-angle-scan-qr-code-camera-module","status":"publish","type":"product","link":"https:\/\/dgzx.hk\/vi\/san-pham\/dgzx-ba158a27m29-70-0-3mp-mipi-phoi-sang-toan-cau-den-trang-goc-rong-quet-ma-qr-mo-dun-may-anh\/","title":{"rendered":"DGZX-BA158A27M29-70 0.3MP MIPI Ph\u01a1i s\u00e1ng to\u00e0n c\u1ea7u \u0110en tr\u1eafng G\u00f3c r\u1ed9ng Qu\u00e9t M\u00e3 QR M\u00f4-\u0111un m\u00e1y \u1ea3nh"},"content":{"rendered":"<p><span style=\"color: #1E1F24; font-size: 16px; text-align: justify; font-family: arial, helvetica, sans-serif;\">M\u00f4-\u0111un camera qu\u00e9t m\u00e3 QR g\u00f3c r\u1ed9ng \u0111en tr\u1eafng MIPI Global Exposure 0,3MP l\u00e0 m\u00f4-\u0111un camera \u0111\u1ed9 n\u00e9t cao c\u00f3 giao di\u1ec7n MIPI. M\u00f4-\u0111un n\u00e0y s\u1eed d\u1ee5ng c\u00f4ng ngh\u1ec7 ph\u01a1i s\u00e1ng to\u00e0n c\u1ea7u \u0111\u1ec3 mang l\u1ea1i ch\u1ea5t l\u01b0\u1ee3ng h\u00ecnh \u1ea3nh tuy\u1ec7t v\u1eddi v\u00e0 h\u1ed7 tr\u1ee3 qu\u00e9t g\u00f3c r\u1ed9ng. M\u00f4-\u0111un camera n\u00e0y l\u00fd t\u01b0\u1edfng cho nhi\u1ec1u \u1ee9ng d\u1ee5ng \u0111\u00f2i h\u1ecfi nh\u1eadn d\u1ea1ng nhanh v\u00e0 ch\u00ednh x\u00e1c, ch\u1eb3ng h\u1ea1n nh\u01b0 thanh to\u00e1n di \u0111\u1ed9ng v\u00e0 b\u1ea3o m\u1eadt th\u00f4ng minh. B\u1eb1ng c\u00e1ch ch\u1ee5p \u1ea3nh m\u00e3 QR, m\u00f4-\u0111un cho ph\u00e9p truy\u1ec1n d\u1eef li\u1ec7u v\u00e0 x\u00e1c minh danh t\u00ednh nhanh ch\u00f3ng v\u00e0 thu\u1eadn ti\u1ec7n.<\/span><\/p>\n<table align=\"left\" border=\"1\" style=\"height:120px;width:790px; border:1px solid #c3c3c3;\">\n<tbody>\n<tr class=\"firstRow\">\n<th colspan=\"2\" style=\"text-align: center;\"><span style=\"line-height:2.2;\">H\u1ed6 TR\u1ee2 T\u00d9Y CH\u1ec8NH<\/span><\/th>\n<\/tr>\n<tr style=\"background-color:#f3f3f3;\">\n<td><span style=\"line-height:2.2;\">N\u01a1i xu\u1ea5t x\u1ee9<\/span><\/td>\n<td><span style=\"line-height:2.2;\">Qu\u1ea3ng \u0110\u00f4ng, Trung Qu\u1ed1c (\u0110\u1ea1i l\u1ee5c)<\/span><\/td>\n<\/tr>\n<tr>\n<td><span style=\"line-height:2.2;\">C\u1ea3m bi\u1ebfn h\u00ecnh \u1ea3nh<\/span><\/td>\n<td><span style=\"line-height:2.2;\">CMOS<\/span><\/td>\n<\/tr>\n<tr style=\"background-color:#f3f3f3;\">\n<td><span style=\"line-height:2.2;\">\u0110i\u1ec3m \u1ea3nh<\/span><\/td>\n<td><span style=\"line-height:2.2;\">0.2MP \u2013 48MP\uff0cc\u0169ng c\u00f3 th\u1ec3 th\u1ef1c hi\u1ec7n theo y\u00eau c\u1ea7u c\u1ee5 th\u1ec3 c\u1ee7a kh\u00e1ch h\u00e0ng<\/span><\/td>\n<\/tr>\n<tr>\n<td><span style=\"line-height:2.2;\">\u1ee8ng d\u1ee5ng<\/span><\/td>\n<td><span style=\"line-height:2.2;\">nh\u1eadn d\u1ea1ng khu\u00f4n m\u1eb7t, sinh tr\u1eafc h\u1ecdc, ph\u00e1t hi\u1ec7n c\u01a1 th\u1ec3 s\u1ed1ng, th\u1ecb gi\u00e1c m\u00e1y AI, xe c\u1ed9, UAV, thi\u1ebft b\u1ecb \u0111\u1ea7u cu\u1ed1i t\u1ef1 ph\u1ee5c v\u1ee5,<br \/>\n\t\t\ttruy\u1ec1n h\u00ecnh \u1ea3nh, qu\u00e9t m\u00e3 v\u1ea1ch, ph\u00e1t hi\u1ec7n h\u1ed3ng ngo\u1ea1i, nh\u00e0 th\u00f4ng minh, gi\u00e1m s\u00e1t an ninh,<br \/>\n\t\t\tcamera chuy\u1ec3n \u0111\u1ed9ng, c\u00f4ng nghi\u1ec7p v\u00e0 c\u00e1c l\u0129nh v\u1ef1c kh\u00e1c<\/span><\/td>\n<\/tr>\n<tr style=\"background-color:#f3f3f3;\">\n<td><span style=\"line-height:2.2;\">Giao di\u1ec7n<\/span><\/td>\n<td><span style=\"line-height:2.2;\">USB USB2.0 USB3.0 MIPI CSI CSI2 DVP<\/span><\/td>\n<\/tr>\n<tr>\n<td><span style=\"line-height:2.2;\">Th\u01b0\u01a1ng hi\u1ec7u chip<\/span><\/td>\n<td><span style=\"line-height:2.2;\">IMX\u3001Omnivision\u3001Gokway\u3001ON\u3001Micron, v.v.<\/span><\/td>\n<\/tr>\n<tr style=\"background-color:#f3f3f3;\">\n<td><span style=\"line-height:2.2;\">T\u00ednh n\u0103ng<\/span><\/td>\n<td><span style=\"line-height:2.2;\">\u00c1nh s\u00e1ng y\u1ebfu\uff0cPh\u01a1i s\u00e1ng to\u00e0n c\u1ea7u\uff0c\u00c1nh sao\uff0c\u00c1nh s\u00e1ng si\u00eau sao\uff0cHDR \u0111\u1ed9ng r\u1ed9ng\uff0cJPEG,YUV<\/span><\/td>\n<\/tr>\n<tr>\n<td style=\"word-break: break-all;\"><span style=\"line-height:2.2;\">AS-BA158A27M29-70<\/span><\/td>\n<td style=\"word-break: break-all;\"><span style=\"line-height:2.2;\">M\u00f4-\u0111un camera qu\u00e9t m\u00e3 QR g\u00f3c r\u1ed9ng \u0111en tr\u1eafng 0,3MP MIPI Global Exposure<\/span><\/td>\n<\/tr>\n<\/tbody>\n<\/table>\n<p><\/p>\n<p><img decoding=\"async\"  src=\"https:\/\/dgzx.hkwp-content\/siteimages\/1683797723_AS-BA158A27M29-70-%E8%AF%A6%E6%83%85_01.jpg\" title=\"DGZX-BA158A27M29-70 0.3MP MIPI Global exposure Black and White Wide Angle Scan QR Code Camera Module\u63d2\u56fe\" alt=\"DGZX-BA158A27M29-70 0.3MP MIPI Global exposure Black and White Wide Angle Scan QR Code Camera Module\u63d2\u56fe\" \/><img decoding=\"async\"  src=\"https:\/\/dgzx.hkwp-content\/siteimages\/1683797730_AS-BA158A27M29-70-%E8%AF%A6%E6%83%85_02.jpg\" title=\"DGZX-BA158A27M29-70 0.3MP MIPI Global exposure Black and White Wide Angle Scan QR Code Camera Module\u63d2\u56fe1\" alt=\"DGZX-BA158A27M29-70 0.3MP MIPI Global exposure Black and White Wide Angle Scan QR Code Camera Module\u63d2\u56fe1\" \/><img decoding=\"async\"  src=\"https:\/\/dgzx.hkwp-content\/siteimages\/1683797737_AS-BA158A27M29-70-%E8%AF%A6%E6%83%85_03.jpg\" title=\"DGZX-BA158A27M29-70 0.3MP MIPI Global exposure Black and White Wide Angle Scan QR Code Camera Module\u63d2\u56fe2\" alt=\"DGZX-BA158A27M29-70 0.3MP MIPI Global exposure Black and White Wide Angle Scan QR Code Camera Module\u63d2\u56fe2\" \/><img decoding=\"async\"  src=\"https:\/\/dgzx.hkwp-content\/siteimages\/1683797744_AS-BA158A27M29-70-%E8%AF%A6%E6%83%85_04.jpg\" title=\"DGZX-BA158A27M29-70 0.3MP MIPI Global exposure Black and White Wide Angle Scan QR Code Camera Module\u63d2\u56fe3\" alt=\"DGZX-BA158A27M29-70 0.3MP MIPI Global exposure Black and White Wide Angle Scan QR Code Camera Module\u63d2\u56fe3\" \/><img decoding=\"async\"  src=\"https:\/\/dgzx.hkwp-content\/siteimages\/1683797751_AS-BA158A27M29-70-%E8%AF%A6%E6%83%85_05.jpg\" title=\"DGZX-BA158A27M29-70 0.3MP MIPI Global exposure Black and White Wide Angle Scan QR Code Camera Module\u63d2\u56fe4\" alt=\"DGZX-BA158A27M29-70 0.3MP MIPI Global exposure Black and White Wide Angle Scan QR Code Camera Module\u63d2\u56fe4\" \/><\/p>","protected":false},"excerpt":{"rendered":"<p>The 0.3MP MIPI Global Exposure Black and White Wide Angle Scan QR Code Camera Module is a high-definition camera module with a MIPI interface. It utilizes global exposure technology to deliver excellent image quality and supports wide-angle scanning. This camera module is ideal for a range of applications that require fast and accurate recognition, such as mobile payment and smart security. By capturing QR code images, it enables quick and convenient data transmission and identity verification. SUPPORT CUSTOMIZATION Place of Origin Guangdong, China (Mainland) Image Sensor CMOS Pixel 0.2MP &#8211; 48MP\uff0calso could do according to customer&#39;s specific requirements Applications face recognition, biometrics, living body detection, AI machine vision, vehicle, UAV, self-service terminal, picture transmission,bar code scanning, infrared detection, smart home, security monitoring, motion camera, industry and other fields Interfacel USB USB2.0 USB3.0 MIPI CSI CSI2 DVP Chip brand IMX\u3001Omnivision\u3001Gokway\u3001ON\u3001Micron etc. Feature Low illumination\uff0cGlobal exposure\uff0cStarlight\uff0c Super Starlight\uff0cWide dynamic HDR\uff0cJPEG,YUV AS-BA158A27M29-70 0.3MP Black and White Wide Angle Scan QR Code MIPI Global exposure Camera Module<\/p>","protected":false},"featured_media":7671,"comment_status":"open","ping_status":"closed","template":"","meta":{"_eb_attr":""},"product_cat":[338,348],"product_tag":[],"class_list":{"0":"post-11359","1":"product","2":"type-product","3":"status-publish","4":"has-post-thumbnail","6":"product_cat-cmos-camera-module","7":"product_cat-global-shutter-camera-module","8":"pa_resolution-vag-0-3mp-camera-module","10":"first","11":"instock","12":"shipping-taxable","13":"product-type-simple"},"_links":{"self":[{"href":"https:\/\/dgzx.hk\/vi\/wp-json\/wp\/v2\/product\/11359","targetHints":{"allow":["GET"]}}],"collection":[{"href":"https:\/\/dgzx.hk\/vi\/wp-json\/wp\/v2\/product"}],"about":[{"href":"https:\/\/dgzx.hk\/vi\/wp-json\/wp\/v2\/types\/product"}],"replies":[{"embeddable":true,"href":"https:\/\/dgzx.hk\/vi\/wp-json\/wp\/v2\/comments?post=11359"}],"version-history":[{"count":0,"href":"https:\/\/dgzx.hk\/vi\/wp-json\/wp\/v2\/product\/11359\/revisions"}],"wp:featuredmedia":[{"embeddable":true,"href":"https:\/\/dgzx.hk\/vi\/wp-json\/wp\/v2\/media\/7671"}],"wp:attachment":[{"href":"https:\/\/dgzx.hk\/vi\/wp-json\/wp\/v2\/media?parent=11359"}],"wp:term":[{"taxonomy":"product_cat","embeddable":true,"href":"https:\/\/dgzx.hk\/vi\/wp-json\/wp\/v2\/product_cat?post=11359"},{"taxonomy":"product_tag","embeddable":true,"href":"https:\/\/dgzx.hk\/vi\/wp-json\/wp\/v2\/product_tag?post=11359"}],"curies":[{"name":"wp","href":"https:\/\/api.w.org\/{rel}","templated":true}]}}