{"id":11629,"date":"2023-06-20T12:20:54","date_gmt":"2023-06-20T12:20:54","guid":{"rendered":"https:\/\/dgzx.hkproduct\/imx334-imx317-8mp-4k-live-video-tiktok-live-webinar-teaching-video-conferencing-hdr-usb-camera-modul\/"},"modified":"2023-06-20T12:20:54","modified_gmt":"2023-06-20T12:20:54","slug":"imx334-imx317-8mp-4k-live-video-tiktok-live-webinar-teaching-video-conferencing-hdr-usb-camera-modul","status":"publish","type":"product","link":"https:\/\/dgzx.hk\/vi\/san-pham\/imx334-imx317-8mp-4k-video-truc-tiep-tiktok-hoi-thao-truc-tuyen-giang-day-hoi-nghi-truyen-hinh-hdr-usb-camera-modul\/","title":{"rendered":"Dogoozx Imx334 Imx317 8mp 4k Video tr\u1ef1c ti\u1ebfp Tiktok H\u1ed9i th\u1ea3o tr\u1ef1c tuy\u1ebfn Gi\u1ea3ng d\u1ea1y H\u1ed9i ngh\u1ecb truy\u1ec1n h\u00ecnh Hdr Usb Camera Modul"},"content":{"rendered":"<table align=\"left\" border=\"1\" cellpadding=\"1\" cellspacing=\"1\" style=\"height:120px;width:790px; border:1px solid #c3c3c3;\">\n<tbody>\n<tr>\n<th colspan=\"2\" style=\"text-align: center;\"><span style=\"line-height:2.2;\">H\u1ed6 TR\u1ee2 T\u00d9Y CH\u1ec8NH<\/span><\/th>\n<\/tr>\n<tr style=\"background-color:#f3f3f3;\">\n<td><span style=\"line-height:2.2;\">N\u01a1i xu\u1ea5t x\u1ee9<\/span><\/td>\n<td><span style=\"line-height:2.2;\">Qu\u1ea3ng \u0110\u00f4ng, Trung Qu\u1ed1c (\u0110\u1ea1i l\u1ee5c)<\/span><\/td>\n<\/tr>\n<tr>\n<td><span style=\"line-height:2.2;\">C\u1ea3m bi\u1ebfn h\u00ecnh \u1ea3nh<\/span><\/td>\n<td><span style=\"line-height:2.2;\">CMOS<\/span><\/td>\n<\/tr>\n<tr style=\"background-color:#f3f3f3;\">\n<td><span style=\"line-height:2.2;\">\u0110i\u1ec3m \u1ea3nh<\/span><\/td>\n<td><span style=\"line-height:2.2;\">0.2MP \u2013 48MP\uff0cc\u0169ng c\u00f3 th\u1ec3 th\u1ef1c hi\u1ec7n theo y\u00eau c\u1ea7u c\u1ee5 th\u1ec3 c\u1ee7a kh\u00e1ch h\u00e0ng<\/span><\/td>\n<\/tr>\n<tr>\n<td><span style=\"line-height:2.2;\">\u1ee8ng d\u1ee5ng<\/span><\/td>\n<td><span style=\"line-height:2.2;\">nh\u1eadn d\u1ea1ng khu\u00f4n m\u1eb7t, sinh tr\u1eafc h\u1ecdc, ph\u00e1t hi\u1ec7n c\u01a1 th\u1ec3 s\u1ed1ng, th\u1ecb gi\u00e1c m\u00e1y AI, xe c\u1ed9, UAV, thi\u1ebft b\u1ecb \u0111\u1ea7u cu\u1ed1i t\u1ef1 ph\u1ee5c v\u1ee5,<br \/>\n\t\t\ttruy\u1ec1n h\u00ecnh \u1ea3nh, qu\u00e9t m\u00e3 v\u1ea1ch, ph\u00e1t hi\u1ec7n h\u1ed3ng ngo\u1ea1i, nh\u00e0 th\u00f4ng minh, gi\u00e1m s\u00e1t an ninh,<br \/>\n\t\t\tcamera chuy\u1ec3n \u0111\u1ed9ng, c\u00f4ng nghi\u1ec7p v\u00e0 c\u00e1c l\u0129nh v\u1ef1c kh\u00e1c<\/span><\/td>\n<\/tr>\n<tr style=\"background-color:#f3f3f3;\">\n<td><span style=\"line-height:2.2;\">Giao di\u1ec7n<\/span><\/td>\n<td><span style=\"line-height:2.2;\">USB USB2.0 USB3.0 MIPI CSI CSI2 DVP<\/span><\/td>\n<\/tr>\n<tr>\n<td><span style=\"line-height:2.2;\">Th\u01b0\u01a1ng hi\u1ec7u chip<\/span><\/td>\n<td><span style=\"line-height:2.2;\">IMX\u3001Omnivision\u3001Gokway\u3001ON\u3001Micron, v.v.<\/span><\/td>\n<\/tr>\n<tr style=\"background-color:#f3f3f3;\">\n<td><span style=\"line-height:2.2;\">T\u00ednh n\u0103ng<\/span><\/td>\n<td><span style=\"line-height:2.2;\">\u00c1nh s\u00e1ng y\u1ebfu\uff0cPh\u01a1i s\u00e1ng to\u00e0n c\u1ea7u\uff0c\u00c1nh sao\uff0c\u00c1nh s\u00e1ng si\u00eau sao\uff0cHDR \u0111\u1ed9ng r\u1ed9ng\uff0cJPEG,YUV<\/span><\/td>\n<\/tr>\n<tr>\n<td><span style=\"line-height:2.2;\">QQSJ-8980\u00a0<\/span><\/td>\n<td><span style=\"line-height:2.2;\">Imx334 Imx317 8mp 4k Video tr\u1ef1c ti\u1ebfp Tiktok H\u1ed9i th\u1ea3o tr\u1ef1c tuy\u1ebfn Gi\u1ea3ng d\u1ea1y H\u1ed9i ngh\u1ecb truy\u1ec1n h\u00ecnh Hdr M\u00f4-\u0111un camera USB<\/span><\/td>\n<\/tr>\n<\/tbody>\n<\/table>\n<p style=\"text-align: center;\"><img decoding=\"async\" alt=\"Imx334 Imx317 8mp 4k Video tr\u1ef1c ti\u1ebfp Tiktok H\u1ed9i th\u1ea3o tr\u1ef1c tuy\u1ebfn Gi\u1ea3ng d\u1ea1y H\u1ed9i ngh\u1ecb truy\u1ec1n h\u00ecnh Hdr M\u00f4-\u0111un camera USB\" src=\"https:\/\/dgzx.hkwp-content\/siteimages\/1672714181_QQSJ-8980-%E8%AF%A6%E6%83%85_01.jpg\" style=\"float: left;\" title=\"Dogoozx Imx334 Imx317 8mp 4k Live Video Tiktok Live Webinar Teaching Video Conferencing Hdr Usb Camera Modul\u63d2\u56fe\" \/><img decoding=\"async\" alt=\"Imx334 Imx317 8mp 4k Video tr\u1ef1c ti\u1ebfp Tiktok H\u1ed9i th\u1ea3o tr\u1ef1c tuy\u1ebfn Gi\u1ea3ng d\u1ea1y H\u1ed9i ngh\u1ecb truy\u1ec1n h\u00ecnh Hdr M\u00f4-\u0111un camera USB\" src=\"https:\/\/dgzx.hkwp-content\/siteimages\/1672714191_QQSJ-8980-%E8%AF%A6%E6%83%85_02.jpg\" style=\"float: left;\" title=\"Dogoozx Imx334 Imx317 8mp 4k Live Video Tiktok Live Webinar Teaching Video Conferencing Hdr Usb Camera Modul\u63d2\u56fe1\" \/><img decoding=\"async\" alt=\"Imx334 Imx317 8mp 4k Video tr\u1ef1c ti\u1ebfp Tiktok H\u1ed9i th\u1ea3o tr\u1ef1c tuy\u1ebfn Gi\u1ea3ng d\u1ea1y H\u1ed9i ngh\u1ecb truy\u1ec1n h\u00ecnh Hdr M\u00f4-\u0111un camera USB\" src=\"https:\/\/dgzx.hkwp-content\/siteimages\/1672714200_QQSJ-8980-%E8%AF%A6%E6%83%85_03.jpg\" style=\"float: left;\" title=\"Dogoozx Imx334 Imx317 8mp 4k Live Video Tiktok Live Webinar Teaching Video Conferencing Hdr Usb Camera Modul\u63d2\u56fe2\" \/><img decoding=\"async\" alt=\"Imx334 Imx317 8mp 4k Video tr\u1ef1c ti\u1ebfp Tiktok H\u1ed9i th\u1ea3o tr\u1ef1c tuy\u1ebfn Gi\u1ea3ng d\u1ea1y H\u1ed9i ngh\u1ecb truy\u1ec1n h\u00ecnh Hdr M\u00f4-\u0111un camera USB\" src=\"https:\/\/dgzx.hkwp-content\/siteimages\/1672714210_QQSJ-8980-%E8%AF%A6%E6%83%85_04.jpg\" style=\"float: left;\" title=\"Dogoozx Imx334 Imx317 8mp 4k Live Video Tiktok Live Webinar Teaching Video Conferencing Hdr Usb Camera Modul\u63d2\u56fe3\" \/><img decoding=\"async\" alt=\"Imx334 Imx317 8mp 4k Video tr\u1ef1c ti\u1ebfp Tiktok H\u1ed9i th\u1ea3o tr\u1ef1c tuy\u1ebfn Gi\u1ea3ng d\u1ea1y H\u1ed9i ngh\u1ecb truy\u1ec1n h\u00ecnh Hdr M\u00f4-\u0111un camera USB\" src=\"https:\/\/dgzx.hkwp-content\/siteimages\/1672714217_QQSJ-8980-%E8%AF%A6%E6%83%85_05.jpg\" style=\"float: left;\" title=\"Dogoozx Imx334 Imx317 8mp 4k Live Video Tiktok Live Webinar Teaching Video Conferencing Hdr Usb Camera Modul\u63d2\u56fe4\" \/><\/p>\n<p style=\"text-align: center;\">\u00a0<\/p>","protected":false},"excerpt":{"rendered":"<p>SUPPORT CUSTOMIZATION Place of Origin Guangdong, China (Mainland) Image Sensor CMOS Pixel 0.2MP &#8211; 48MP\uff0calso could do according to customer&#8217;s specific requirements Applications face recognition, biometrics, living body detection, AI machine vision, vehicle, UAV, self-service terminal, picture transmission,bar code scanning, infrared detection, smart home, security monitoring, motion camera, industry and other fields Interfacel USB USB2.0 USB3.0 MIPI CSI CSI2 DVP Chip brand IMX\u3001Omnivision\u3001Gokway\u3001ON\u3001Micron etc. Feature Low illumination\uff0cGlobal exposure\uff0cStarlight\uff0c Super Starlight\uff0cWide dynamic HDR\uff0cJPEG,YUV QQSJ-8980\u00a0 Imx334 Imx317 8mp 4k Live Video Tiktok Live Webinar Teaching Video Conferencing Hdr Usb Camera Module \u00a0<\/p>","protected":false},"featured_media":9211,"comment_status":"open","ping_status":"closed","template":"","meta":{"_eb_attr":""},"product_cat":[338,340],"product_tag":[],"class_list":{"0":"post-11629","1":"product","2":"type-product","3":"status-publish","4":"has-post-thumbnail","6":"product_cat-cmos-camera-module","7":"product_cat-4k-8k-camera-module","9":"first","10":"instock","11":"shipping-taxable","12":"product-type-simple"},"_links":{"self":[{"href":"https:\/\/dgzx.hk\/vi\/wp-json\/wp\/v2\/product\/11629","targetHints":{"allow":["GET"]}}],"collection":[{"href":"https:\/\/dgzx.hk\/vi\/wp-json\/wp\/v2\/product"}],"about":[{"href":"https:\/\/dgzx.hk\/vi\/wp-json\/wp\/v2\/types\/product"}],"replies":[{"embeddable":true,"href":"https:\/\/dgzx.hk\/vi\/wp-json\/wp\/v2\/comments?post=11629"}],"version-history":[{"count":0,"href":"https:\/\/dgzx.hk\/vi\/wp-json\/wp\/v2\/product\/11629\/revisions"}],"wp:featuredmedia":[{"embeddable":true,"href":"https:\/\/dgzx.hk\/vi\/wp-json\/wp\/v2\/media\/9211"}],"wp:attachment":[{"href":"https:\/\/dgzx.hk\/vi\/wp-json\/wp\/v2\/media?parent=11629"}],"wp:term":[{"taxonomy":"product_cat","embeddable":true,"href":"https:\/\/dgzx.hk\/vi\/wp-json\/wp\/v2\/product_cat?post=11629"},{"taxonomy":"product_tag","embeddable":true,"href":"https:\/\/dgzx.hk\/vi\/wp-json\/wp\/v2\/product_tag?post=11629"}],"curies":[{"name":"wp","href":"https:\/\/api.w.org\/{rel}","templated":true}]}}