{"id":11923,"date":"2023-07-24T09:23:18","date_gmt":"2023-07-24T09:23:18","guid":{"rendered":"https:\/\/dgzx.hk?post_type=product&#038;p=11923"},"modified":"2025-03-10T11:54:07","modified_gmt":"2025-03-10T11:54:07","slug":"dgzx-gc2093-2mp-30fps-1080p-h-264-hdr-capture-license-plate-usb-camera-module","status":"publish","type":"product","link":"https:\/\/dgzx.hk\/vi\/san-pham\/dgzx-gc2093-2mp-30fps-1080p-h-264-hdr-capture-bien-so-xe-mo-dun-camera-usb\/","title":{"rendered":"DGZX-GC2093 2MP 30fps 1080p H.264 HDR Capture Bi\u1ec3n S\u1ed1 Xe M\u00f4-\u0111un Camera Usb"},"content":{"rendered":"<p><span style=\"font-family: arial, helvetica, sans-serif;\">M\u00f4-\u0111un camera \u0111\u1ed9ng c\u01a1 IRCUT t\u00f9y ch\u1ecdn MIPI OS04A10 HD 4MP NIR HDR l\u00e0 m\u00f4-\u0111un camera \u0111\u1ed9 n\u00e9t cao c\u00f3 giao di\u1ec7n MIPI. M\u00f4-\u0111un n\u00e0y c\u00f3 c\u1ea3m bi\u1ebfn HDR NIR (g\u1ea7n h\u1ed3ng ngo\u1ea1i) 4MP \u0111\u1ec3 ch\u1ee5p \u1ea3nh ch\u1ea5t l\u01b0\u1ee3ng cao trong \u0111i\u1ec1u ki\u1ec7n \u00e1nh s\u00e1ng y\u1ebfu. C\u00f3 s\u1eb5n IRCUT (b\u1ed9 l\u1ecdc c\u1eaft h\u1ed3ng ngo\u1ea1i) t\u00f9y ch\u1ecdn v\u00e0 \u1ed1ng k\u00ednh \u0111\u1ed9ng c\u01a1 \u0111\u1ec3 t\u0103ng c\u01b0\u1eddng h\u00ecnh \u1ea3nh. M\u00f4-\u0111un camera n\u00e0y \u0111\u01b0\u1ee3c thi\u1ebft k\u1ebf cho nhi\u1ec1u \u1ee9ng d\u1ee5ng, bao g\u1ed3m gi\u00e1m s\u00e1t, \u00f4 t\u00f4 v\u00e0 t\u1ef1 \u0111\u1ed9ng h\u00f3a c\u00f4ng nghi\u1ec7p. M\u00f4-\u0111un n\u00e0y cung c\u1ea5p h\u00ecnh \u1ea3nh c\u00f3 \u0111\u1ed9 ph\u00e2n gi\u1ea3i cao, \u0111\u1ed9 nh\u1ea1y cao v\u00e0 d\u1ea3i \u0111\u1ed9ng cao, ph\u00f9 h\u1ee3p v\u1edbi c\u00e1c \u1ee9ng d\u1ee5ng ch\u1ee5p \u1ea3nh \u0111\u00f2i h\u1ecfi kh\u1eaft khe.<\/span><\/p>\n<p><img decoding=\"async\" src=\"\/wp-content\/uploads\/image\/20230724\/1690190524783644.jpg\" title=\"1690190524783644.jpg\" alt=\"DGZX-GC2093 2MP 30fps 1080p H.264 HDR Capture License Plate Usb Camera Module\u63d2\u56fe\" \/><\/p>\n<p><img decoding=\"async\" src=\"\/wp-content\/uploads\/image\/20230724\/1690190524334774.jpg\" title=\"1690190524334774.jpg\" alt=\"DGZX-GC2093 2MP 30fps 1080p H.264 HDR Capture License Plate Usb Camera Module\u63d2\u56fe1\" \/><\/p>\n<p><img decoding=\"async\" src=\"\/wp-content\/uploads\/image\/20230724\/1690190524864902.jpg\" title=\"1690190524864902.jpg\" alt=\"DGZX-GC2093 2MP 30fps 1080p H.264 HDR Capture License Plate Usb Camera Module\u63d2\u56fe2\" \/><\/p>\n<p><img decoding=\"async\" src=\"\/wp-content\/uploads\/image\/20230724\/1690190524277906.jpg\" title=\"1690190524277906.jpg\" alt=\"DGZX-GC2093 2MP 30fps 1080p H.264 HDR Capture License Plate Usb Camera Module\u63d2\u56fe3\" \/><\/p>\n<p><img decoding=\"async\" src=\"\/wp-content\/uploads\/image\/20230724\/1690190525908814.jpg\" title=\"1690190525908814.jpg\" alt=\"DGZX-GC2093 2MP 30fps 1080p H.264 HDR Capture License Plate Usb Camera Module\u63d2\u56fe4\" \/><\/p>\n<p><img decoding=\"async\" src=\"\/wp-content\/uploads\/image\/20230724\/1690190525290193.jpg\" title=\"1690190525290193.jpg\" alt=\"DGZX-GC2093 2MP 30fps 1080p H.264 HDR Capture License Plate Usb Camera Module\u63d2\u56fe5\" \/><\/p>\n<p><img decoding=\"async\" src=\"\/wp-content\/uploads\/image\/20230724\/1690190525410382.jpg\" title=\"1690190525410382.jpg\" alt=\"DGZX-GC2093 2MP 30fps 1080p H.264 HDR Capture License Plate Usb Camera Module\u63d2\u56fe6\" \/><\/p>\n<p><img decoding=\"async\" src=\"\/wp-content\/uploads\/image\/20230724\/1690190525368404.png\" title=\"1690190525368404.png\" alt=\"DGZX-GC2093 2MP 30fps 1080p H.264 HDR Capture License Plate Usb Camera Module\u63d2\u56fe7\" \/><\/p>\n<p><img decoding=\"async\" src=\"\/wp-content\/uploads\/image\/20230724\/1690190525395294.png\" title=\"1690190525395294.png\" alt=\"DGZX-GC2093 2MP 30fps 1080p H.264 HDR Capture License Plate Usb Camera Module\u63d2\u56fe8\" \/><\/p>\n<p><img decoding=\"async\" src=\"\/wp-content\/uploads\/image\/20230724\/1690190526165720.png\" title=\"1690190526165720.png\" alt=\"DGZX-GC2093 2MP 30fps 1080p H.264 HDR Capture License Plate Usb Camera Module\u63d2\u56fe9\" \/><\/p>\n<p><img decoding=\"async\" src=\"\/wp-content\/uploads\/image\/20230724\/1690190526976274.png\" title=\"1690190526976274.png\" alt=\"DGZX-GC2093 2MP 30fps 1080p H.264 HDR Capture License Plate Usb Camera Module\u63d2\u56fe10\" \/><\/p>\n<p><img decoding=\"async\" src=\"\/wp-content\/uploads\/image\/20230724\/1690190526786854.png\" title=\"1690190526786854.png\" alt=\"DGZX-GC2093 2MP 30fps 1080p H.264 HDR Capture License Plate Usb Camera Module\u63d2\u56fe11\" \/><\/p>\n<p><img decoding=\"async\" src=\"\/wp-content\/uploads\/image\/20230724\/1690190526654108.png\" title=\"1690190526654108.png\" alt=\"DGZX-GC2093 2MP 30fps 1080p H.264 HDR Capture License Plate Usb Camera Module\u63d2\u56fe12\" \/><\/p>\n<p><img decoding=\"async\" src=\"\/wp-content\/uploads\/image\/20230724\/1690190527615750.png\" title=\"1690190527615750.png\" alt=\"DGZX-GC2093 2MP 30fps 1080p H.264 HDR Capture License Plate Usb Camera Module\u63d2\u56fe13\" \/><\/p>\n<p><img decoding=\"async\" src=\"\/wp-content\/uploads\/image\/20230724\/1690190527849255.png\" title=\"1690190527849255.png\" alt=\"DGZX-GC2093 2MP 30fps 1080p H.264 HDR Capture License Plate Usb Camera Module\u63d2\u56fe14\" \/><\/p>\n<p><\/p>","protected":false},"excerpt":{"rendered":"<p>M\u00f4-\u0111un camera \u0111\u1ed9ng c\u01a1 IRCUT t\u00f9y ch\u1ecdn MIPI OS04A10 HD 4MP NIR HDR l\u00e0 m\u00f4-\u0111un camera \u0111\u1ed9 n\u00e9t cao c\u00f3 giao di\u1ec7n MIPI. M\u00f4-\u0111un n\u00e0y c\u00f3 c\u1ea3m bi\u1ebfn HDR NIR (g\u1ea7n h\u1ed3ng ngo\u1ea1i) 4MP \u0111\u1ec3 ch\u1ee5p \u1ea3nh ch\u1ea5t l\u01b0\u1ee3ng cao trong \u0111i\u1ec1u ki\u1ec7n \u00e1nh s\u00e1ng y\u1ebfu. C\u00f3 s\u1eb5n IRCUT (b\u1ed9 l\u1ecdc c\u1eaft h\u1ed3ng ngo\u1ea1i) t\u00f9y ch\u1ecdn v\u00e0 \u1ed1ng k\u00ednh \u0111\u1ed9ng c\u01a1 \u0111\u1ec3 t\u0103ng c\u01b0\u1eddng h\u00ecnh \u1ea3nh. M\u00f4-\u0111un camera n\u00e0y \u0111\u01b0\u1ee3c thi\u1ebft k\u1ebf cho nhi\u1ec1u \u1ee9ng d\u1ee5ng, bao g\u1ed3m gi\u00e1m s\u00e1t, \u00f4 t\u00f4 v\u00e0 t\u1ef1 \u0111\u1ed9ng h\u00f3a c\u00f4ng nghi\u1ec7p. M\u00f4-\u0111un n\u00e0y cung c\u1ea5p h\u00ecnh \u1ea3nh c\u00f3 \u0111\u1ed9 ph\u00e2n gi\u1ea3i cao, \u0111\u1ed9 nh\u1ea1y cao v\u00e0 d\u1ea3i \u0111\u1ed9ng cao, ph\u00f9 h\u1ee3p v\u1edbi c\u00e1c \u1ee9ng d\u1ee5ng ch\u1ee5p \u1ea3nh \u0111\u00f2i h\u1ecfi kh\u1eaft khe.<\/p>","protected":false},"featured_media":11928,"comment_status":"closed","ping_status":"closed","template":"","meta":{"_eb_attr":""},"product_cat":[302],"product_tag":[],"class_list":{"0":"post-11923","1":"product","2":"type-product","3":"status-publish","4":"has-post-thumbnail","6":"product_cat-usb-camera-module","7":"pa_resolution-2mp-1080p-camera-module","9":"first","10":"instock","11":"shipping-taxable","12":"purchasable","13":"product-type-simple"},"_links":{"self":[{"href":"https:\/\/dgzx.hk\/vi\/wp-json\/wp\/v2\/product\/11923","targetHints":{"allow":["GET"]}}],"collection":[{"href":"https:\/\/dgzx.hk\/vi\/wp-json\/wp\/v2\/product"}],"about":[{"href":"https:\/\/dgzx.hk\/vi\/wp-json\/wp\/v2\/types\/product"}],"replies":[{"embeddable":true,"href":"https:\/\/dgzx.hk\/vi\/wp-json\/wp\/v2\/comments?post=11923"}],"version-history":[{"count":0,"href":"https:\/\/dgzx.hk\/vi\/wp-json\/wp\/v2\/product\/11923\/revisions"}],"wp:featuredmedia":[{"embeddable":true,"href":"https:\/\/dgzx.hk\/vi\/wp-json\/wp\/v2\/media\/11928"}],"wp:attachment":[{"href":"https:\/\/dgzx.hk\/vi\/wp-json\/wp\/v2\/media?parent=11923"}],"wp:term":[{"taxonomy":"product_cat","embeddable":true,"href":"https:\/\/dgzx.hk\/vi\/wp-json\/wp\/v2\/product_cat?post=11923"},{"taxonomy":"product_tag","embeddable":true,"href":"https:\/\/dgzx.hk\/vi\/wp-json\/wp\/v2\/product_tag?post=11923"}],"curies":[{"name":"wp","href":"https:\/\/api.w.org\/{rel}","templated":true}]}}