{"id":11936,"date":"2023-07-25T09:01:52","date_gmt":"2023-07-25T09:01:52","guid":{"rendered":"https:\/\/dgzx.hk?post_type=product&#038;p=11936"},"modified":"2025-03-10T11:53:13","modified_gmt":"2025-03-10T11:53:13","slug":"dgzx-imx334-8mp-4k-60fps-support-oem-hdr-starlight-night-vision-live-video-streaming-usb-camera-module","status":"publish","type":"product","link":"https:\/\/dgzx.hk\/vi\/san-pham\/dgzx-imx334-8mp-4k-60fps-ho-tro-oem-hdr-starlight-night-vision-phat-video-truc-tiep-mo-dun-camera-usb\/","title":{"rendered":"DGZX-IMX334 8MP 4K 60fps H\u1ed7 tr\u1ee3 OEM HDR Starlight Night Vision Ph\u00e1t video tr\u1ef1c ti\u1ebfp M\u00f4-\u0111un camera USB"},"content":{"rendered":"<p><span style=\"font-family: arial, helvetica, sans-serif;\">M\u00f4-\u0111un camera USB ph\u00e1t tr\u1ef1c ti\u1ebfp video ban \u0111\u00eam h\u1ed7 tr\u1ee3 OEM HDR Starlight IMX334 8MP 4K 60fps l\u00e0 m\u00f4-\u0111un camera hi\u1ec7u su\u1ea5t cao. N\u00f3 c\u00f3 c\u1ea3m bi\u1ebfn 8MP h\u1ed7 tr\u1ee3 quay video 4K \u1edf t\u1ed1c \u0111\u1ed9 60fps, \u0111\u1ea3m b\u1ea3o ch\u1ea5t l\u01b0\u1ee3ng h\u00ecnh \u1ea3nh \u0111\u1eb7c bi\u1ec7t v\u00e0 ph\u00e1t l\u1ea1i video m\u01b0\u1ee3t m\u00e0. H\u1ed7 tr\u1ee3 OEM HDR (d\u1ea3i \u0111\u1ed9ng cao) cung c\u1ea5p \u0111\u1ed9 t\u01b0\u01a1ng ph\u1ea3n v\u00e0 t\u00e1i t\u1ea1o m\u00e0u s\u1eafc \u0111\u01b0\u1ee3c c\u1ea3i thi\u1ec7n \u0111\u1ec3 c\u00f3 chi ti\u1ebft ch\u00e2n th\u1ef1c h\u01a1n. M\u00f4-\u0111un n\u00e0y c\u0169ng cung c\u1ea5p ch\u1ebf \u0111\u1ed9 nh\u00ecn ban \u0111\u00eam starlight, cho ph\u00e9p ch\u1ee5p \u1ea3nh r\u00f5 n\u00e9t trong \u0111i\u1ec1u ki\u1ec7n \u00e1nh s\u00e1ng c\u1ef1c y\u1ebfu. Kh\u1ea3 n\u0103ng ph\u00e1t tr\u1ef1c ti\u1ebfp video cho ph\u00e9p gi\u00e1m s\u00e1t th\u1eddi gian th\u1ef1c v\u00e0 truy c\u1eadp t\u1eeb xa. M\u00f4-\u0111un camera n\u00e0y r\u1ea5t ph\u00f9 h\u1ee3p cho nhi\u1ec1u \u1ee9ng d\u1ee5ng, bao g\u1ed3m an ninh nh\u00e0 th\u00f4ng minh, \u00f4 t\u00f4 v\u00e0 h\u1ec7 th\u1ed1ng t\u1ef1 \u0111\u1ed9ng h\u00f3a c\u00f4ng nghi\u1ec7p.<\/span><\/p>\n<p><img decoding=\"async\" src=\"\/wp-content\/uploads\/image\/20230725\/1690275621118896.jpg\" title=\"1690275621118896.jpg\" alt=\"1.jpg\"\/><\/p>\n<p><img decoding=\"async\" src=\"\/wp-content\/uploads\/image\/20230725\/1690275627769033.jpg\" title=\"1690275627769033.jpg\" alt=\"2.jpg\"\/><\/p>\n<p><img decoding=\"async\" src=\"\/wp-content\/uploads\/image\/20230725\/1690275633257063.jpg\" title=\"1690275633257063.jpg\" alt=\"3.jpg\"\/><\/p>\n<p><img decoding=\"async\" src=\"\/wp-content\/uploads\/image\/20230725\/1690275640722817.jpg\" title=\"1690275640722817.jpg\" alt=\"4.jpg\"\/><\/p>\n<p><img decoding=\"async\" src=\"\/wp-content\/uploads\/image\/20230725\/1690275646759441.jpg\" title=\"1690275646759441.jpg\" alt=\"5.jpg\"\/><\/p>\n<p><img decoding=\"async\" src=\"\/wp-content\/uploads\/image\/20230725\/1690275658734860.jpg\" title=\"1690275658734860.jpg\" alt=\"7.jpg\"\/><\/p>\n<p><img decoding=\"async\" src=\"\/wp-content\/uploads\/image\/20230725\/1690275664925548.png\" title=\"1690275664925548.png\" alt=\"8.png\"\/><\/p>\n<p><img decoding=\"async\" src=\"\/wp-content\/uploads\/image\/20230725\/1690275670391453.png\" title=\"1690275670391453.png\" alt=\"9.png\"\/><\/p>\n<p><img decoding=\"async\" src=\"\/wp-content\/uploads\/image\/20230725\/1690275677790239.png\" title=\"1690275677790239.png\" alt=\"10.png\"\/><\/p>\n<p><img decoding=\"async\" src=\"\/wp-content\/uploads\/image\/20230725\/1690275682134913.png\" title=\"1690275682134913.png\" alt=\"11.png\"\/><\/p>\n<p><img decoding=\"async\" src=\"\/wp-content\/uploads\/image\/20230725\/1690275689182686.png\" title=\"1690275689182686.png\" alt=\"12.png\"\/><\/p>\n<p><img decoding=\"async\" src=\"\/wp-content\/uploads\/image\/20230725\/1690275694840649.png\" title=\"1690275694840649.png\" alt=\"13.png\"\/><\/p>\n<p><img decoding=\"async\" src=\"\/wp-content\/uploads\/image\/20230725\/1690275700358582.png\" title=\"1690275700358582.png\" alt=\"14.png\"\/><\/p>\n<p><img decoding=\"async\" src=\"\/wp-content\/uploads\/image\/20230725\/1690275706324243.png\" title=\"1690275706324243.png\" alt=\"15.png\"\/><\/p>\n<p><\/p>","protected":false},"excerpt":{"rendered":"<p>M\u00f4-\u0111un camera USB ph\u00e1t tr\u1ef1c ti\u1ebfp video ban \u0111\u00eam h\u1ed7 tr\u1ee3 OEM HDR Starlight IMX334 8MP 4K 60fps l\u00e0 m\u00f4-\u0111un camera hi\u1ec7u su\u1ea5t cao. N\u00f3 c\u00f3 c\u1ea3m bi\u1ebfn 8MP h\u1ed7 tr\u1ee3 quay video 4K \u1edf t\u1ed1c \u0111\u1ed9 60fps, \u0111\u1ea3m b\u1ea3o ch\u1ea5t l\u01b0\u1ee3ng h\u00ecnh \u1ea3nh \u0111\u1eb7c bi\u1ec7t v\u00e0 ph\u00e1t l\u1ea1i video m\u01b0\u1ee3t m\u00e0. H\u1ed7 tr\u1ee3 OEM HDR (d\u1ea3i \u0111\u1ed9ng cao) cung c\u1ea5p \u0111\u1ed9 t\u01b0\u01a1ng ph\u1ea3n v\u00e0 t\u00e1i t\u1ea1o m\u00e0u s\u1eafc \u0111\u01b0\u1ee3c c\u1ea3i thi\u1ec7n \u0111\u1ec3 c\u00f3 chi ti\u1ebft ch\u00e2n th\u1ef1c h\u01a1n. M\u00f4-\u0111un n\u00e0y c\u0169ng cung c\u1ea5p ch\u1ebf \u0111\u1ed9 nh\u00ecn ban \u0111\u00eam starlight, cho ph\u00e9p ch\u1ee5p \u1ea3nh r\u00f5 n\u00e9t trong \u0111i\u1ec1u ki\u1ec7n \u00e1nh s\u00e1ng c\u1ef1c y\u1ebfu. Kh\u1ea3 n\u0103ng ph\u00e1t tr\u1ef1c ti\u1ebfp video cho ph\u00e9p gi\u00e1m s\u00e1t th\u1eddi gian th\u1ef1c v\u00e0 truy c\u1eadp t\u1eeb xa. M\u00f4-\u0111un camera n\u00e0y r\u1ea5t ph\u00f9 h\u1ee3p cho nhi\u1ec1u \u1ee9ng d\u1ee5ng, bao g\u1ed3m an ninh nh\u00e0 th\u00f4ng minh, \u00f4 t\u00f4 v\u00e0 h\u1ec7 th\u1ed1ng t\u1ef1 \u0111\u1ed9ng h\u00f3a c\u00f4ng nghi\u1ec7p.<\/p>","protected":false},"featured_media":11937,"comment_status":"closed","ping_status":"closed","template":"","meta":{"_eb_attr":""},"product_cat":[302],"product_tag":[],"class_list":{"0":"post-11936","1":"product","2":"type-product","3":"status-publish","4":"has-post-thumbnail","6":"product_cat-usb-camera-module","7":"pa_resolution-8mp-4k-camera-module","9":"first","10":"instock","11":"shipping-taxable","12":"product-type-simple"},"_links":{"self":[{"href":"https:\/\/dgzx.hk\/vi\/wp-json\/wp\/v2\/product\/11936","targetHints":{"allow":["GET"]}}],"collection":[{"href":"https:\/\/dgzx.hk\/vi\/wp-json\/wp\/v2\/product"}],"about":[{"href":"https:\/\/dgzx.hk\/vi\/wp-json\/wp\/v2\/types\/product"}],"replies":[{"embeddable":true,"href":"https:\/\/dgzx.hk\/vi\/wp-json\/wp\/v2\/comments?post=11936"}],"version-history":[{"count":0,"href":"https:\/\/dgzx.hk\/vi\/wp-json\/wp\/v2\/product\/11936\/revisions"}],"wp:featuredmedia":[{"embeddable":true,"href":"https:\/\/dgzx.hk\/vi\/wp-json\/wp\/v2\/media\/11937"}],"wp:attachment":[{"href":"https:\/\/dgzx.hk\/vi\/wp-json\/wp\/v2\/media?parent=11936"}],"wp:term":[{"taxonomy":"product_cat","embeddable":true,"href":"https:\/\/dgzx.hk\/vi\/wp-json\/wp\/v2\/product_cat?post=11936"},{"taxonomy":"product_tag","embeddable":true,"href":"https:\/\/dgzx.hk\/vi\/wp-json\/wp\/v2\/product_tag?post=11936"}],"curies":[{"name":"wp","href":"https:\/\/api.w.org\/{rel}","templated":true}]}}