{"id":11942,"date":"2023-07-25T09:25:06","date_gmt":"2023-07-25T09:25:06","guid":{"rendered":"https:\/\/dgzx.hk?post_type=product&#038;p=11942"},"modified":"2025-03-10T11:52:47","modified_gmt":"2025-03-10T11:52:47","slug":"dgzx-sc2210-1080p-low-light-starlight-night-vision-telephoto-wide-angle-industrial-usb2-0-camera-module","status":"publish","type":"product","link":"https:\/\/dgzx.hk\/vi\/san-pham\/dgzx-sc2210-1080p-anh-sang-yeu-starlight-tam-nhin-ban-dem-tele-goc-rong-cong-nghiep-usb2-0-mo-dun-may-anh\/","title":{"rendered":"DGZX-SC2210 1080P \u00c1nh s\u00e1ng y\u1ebfu T\u1ea7m nh\u00ecn ban \u0111\u00eam T\u1ea7m xa G\u00f3c r\u1ed9ng M\u00f4-\u0111un m\u00e1y \u1ea3nh USB2.0 c\u00f4ng nghi\u1ec7p"},"content":{"rendered":"<p><span style=\"font-family: arial, helvetica, sans-serif;\">M\u00f4-\u0111un camera c\u00f4ng nghi\u1ec7p USB2.0 g\u00f3c r\u1ed9ng, t\u1ea7m nh\u00ecn ban \u0111\u00eam, \u00e1nh s\u00e1ng y\u1ebfu 1080P SC2210 l\u00e0 m\u00f4-\u0111un camera tinh vi \u0111\u01b0\u1ee3c thi\u1ebft k\u1ebf cho nhi\u1ec1u \u1ee9ng d\u1ee5ng c\u00f4ng nghi\u1ec7p kh\u00e1c nhau. M\u00f4-\u0111un n\u00e0y t\u1ef1 h\u00e0o c\u00f3 c\u1ea3m bi\u1ebfn \u0111\u1ed9 n\u00e9t cao 1080P ch\u1ee5p \u0111\u01b0\u1ee3c h\u00ecnh \u1ea3nh s\u1eafc n\u00e9t v\u00e0 chi ti\u1ebft. T\u00ednh n\u0103ng nh\u00ecn ban \u0111\u00eam, \u00e1nh s\u00e1ng y\u1ebfu \u0111\u1ea3m b\u1ea3o h\u00ecnh \u1ea3nh r\u00f5 n\u00e9t v\u00e0 s\u00e1ng ngay c\u1ea3 trong m\u00f4i tr\u01b0\u1eddng thi\u1ebfu s\u00e1ng. \u1ed0ng k\u00ednh g\u00f3c r\u1ed9ng tele cho ph\u00e9p tr\u01b0\u1eddng nh\u00ecn r\u1ed9ng h\u01a1n, ch\u1ee5p \u0111\u01b0\u1ee3c nhi\u1ec1u chi ti\u1ebft h\u01a1n. M\u00f4-\u0111un camera n\u00e0y ho\u00e0n h\u1ea3o cho nhi\u1ec1u \u1ee9ng d\u1ee5ng gi\u00e1m s\u00e1t v\u00e0 ki\u1ec3m tra y\u00eau c\u1ea7u \u0111\u1ed9 ph\u00e2n gi\u1ea3i cao, hi\u1ec7u su\u1ea5t \u00e1nh s\u00e1ng y\u1ebfu v\u00e0 kh\u1ea3 n\u0103ng thu ph\u00f3ng. Giao di\u1ec7n USB2.0 \u0111\u1ea3m b\u1ea3o truy\u1ec1n d\u1eef li\u1ec7u nhanh ch\u00f3ng v\u00e0 thu\u1eadn ti\u1ec7n, gi\u00fap d\u1ec5 d\u00e0ng t\u00edch h\u1ee3p v\u00e0o c\u00e1c h\u1ec7 th\u1ed1ng hi\u1ec7n c\u00f3.<\/span><\/p>\n<p><img decoding=\"async\" src=\"\/wp-content\/uploads\/image\/20230725\/1690276971913275.jpg\" title=\"1690276971913275.jpg\" alt=\"1.jpg\"\/><\/p>\n<p><img decoding=\"async\" src=\"\/wp-content\/uploads\/image\/20230725\/1690276978955816.jpg\" title=\"1690276978955816.jpg\" alt=\"2.jpg\"\/><\/p>\n<p><img decoding=\"async\" src=\"\/wp-content\/uploads\/image\/20230725\/1690276984605219.jpg\" title=\"1690276984605219.jpg\" alt=\"3.jpg\"\/><\/p>\n<p><img decoding=\"async\" src=\"\/wp-content\/uploads\/image\/20230725\/1690276990371272.jpg\" title=\"1690276990371272.jpg\" alt=\"4.jpg\"\/><\/p>\n<p><img decoding=\"async\" src=\"\/wp-content\/uploads\/image\/20230725\/1690276996530474.jpg\" title=\"1690276996530474.jpg\" alt=\"5.jpg\"\/><\/p>\n<p><img decoding=\"async\" src=\"\/wp-content\/uploads\/image\/20230725\/1690277067534711.jpg\" title=\"1690277067534711.jpg\" alt=\"7.jpg\"\/><\/p>\n<p><img decoding=\"async\" src=\"\/wp-content\/uploads\/image\/20230725\/1690277086485913.png\" title=\"1690277086485913.png\" alt=\"8.png\"\/><\/p>\n<p><img decoding=\"async\" src=\"\/wp-content\/uploads\/image\/20230725\/1690277092611772.png\" title=\"1690277092611772.png\" alt=\"9.png\"\/><\/p>\n<p><img decoding=\"async\" src=\"\/wp-content\/uploads\/image\/20230725\/1690277098206493.png\" title=\"1690277098206493.png\" alt=\"10.png\"\/><\/p>\n<p><\/p>","protected":false},"excerpt":{"rendered":"<p>M\u00f4-\u0111un camera c\u00f4ng nghi\u1ec7p USB2.0 g\u00f3c r\u1ed9ng, t\u1ea7m nh\u00ecn ban \u0111\u00eam, \u00e1nh s\u00e1ng y\u1ebfu 1080P SC2210 l\u00e0 m\u00f4-\u0111un camera tinh vi \u0111\u01b0\u1ee3c thi\u1ebft k\u1ebf cho nhi\u1ec1u \u1ee9ng d\u1ee5ng c\u00f4ng nghi\u1ec7p kh\u00e1c nhau. M\u00f4-\u0111un n\u00e0y t\u1ef1 h\u00e0o c\u00f3 c\u1ea3m bi\u1ebfn \u0111\u1ed9 n\u00e9t cao 1080P ch\u1ee5p \u0111\u01b0\u1ee3c h\u00ecnh \u1ea3nh s\u1eafc n\u00e9t v\u00e0 chi ti\u1ebft. T\u00ednh n\u0103ng nh\u00ecn ban \u0111\u00eam, \u00e1nh s\u00e1ng y\u1ebfu \u0111\u1ea3m b\u1ea3o h\u00ecnh \u1ea3nh r\u00f5 n\u00e9t v\u00e0 s\u00e1ng ngay c\u1ea3 trong m\u00f4i tr\u01b0\u1eddng thi\u1ebfu s\u00e1ng. \u1ed0ng k\u00ednh g\u00f3c r\u1ed9ng tele cho ph\u00e9p tr\u01b0\u1eddng nh\u00ecn r\u1ed9ng h\u01a1n, ch\u1ee5p \u0111\u01b0\u1ee3c nhi\u1ec1u chi ti\u1ebft h\u01a1n. M\u00f4-\u0111un camera n\u00e0y ho\u00e0n h\u1ea3o cho nhi\u1ec1u \u1ee9ng d\u1ee5ng gi\u00e1m s\u00e1t v\u00e0 ki\u1ec3m tra y\u00eau c\u1ea7u \u0111\u1ed9 ph\u00e2n gi\u1ea3i cao, hi\u1ec7u su\u1ea5t \u00e1nh s\u00e1ng y\u1ebfu v\u00e0 kh\u1ea3 n\u0103ng thu ph\u00f3ng. Giao di\u1ec7n USB2.0 \u0111\u1ea3m b\u1ea3o truy\u1ec1n d\u1eef li\u1ec7u nhanh ch\u00f3ng v\u00e0 thu\u1eadn ti\u1ec7n, gi\u00fap d\u1ec5 d\u00e0ng t\u00edch h\u1ee3p v\u00e0o c\u00e1c h\u1ec7 th\u1ed1ng hi\u1ec7n c\u00f3.<\/p>","protected":false},"featured_media":11945,"comment_status":"closed","ping_status":"closed","template":"","meta":{"_eb_attr":""},"product_cat":[302],"product_tag":[],"class_list":{"0":"post-11942","1":"product","2":"type-product","3":"status-publish","4":"has-post-thumbnail","6":"product_cat-usb-camera-module","7":"pa_resolution-2mp-1080p-camera-module","9":"first","10":"instock","11":"shipping-taxable","12":"product-type-simple"},"_links":{"self":[{"href":"https:\/\/dgzx.hk\/vi\/wp-json\/wp\/v2\/product\/11942","targetHints":{"allow":["GET"]}}],"collection":[{"href":"https:\/\/dgzx.hk\/vi\/wp-json\/wp\/v2\/product"}],"about":[{"href":"https:\/\/dgzx.hk\/vi\/wp-json\/wp\/v2\/types\/product"}],"replies":[{"embeddable":true,"href":"https:\/\/dgzx.hk\/vi\/wp-json\/wp\/v2\/comments?post=11942"}],"version-history":[{"count":0,"href":"https:\/\/dgzx.hk\/vi\/wp-json\/wp\/v2\/product\/11942\/revisions"}],"wp:featuredmedia":[{"embeddable":true,"href":"https:\/\/dgzx.hk\/vi\/wp-json\/wp\/v2\/media\/11945"}],"wp:attachment":[{"href":"https:\/\/dgzx.hk\/vi\/wp-json\/wp\/v2\/media?parent=11942"}],"wp:term":[{"taxonomy":"product_cat","embeddable":true,"href":"https:\/\/dgzx.hk\/vi\/wp-json\/wp\/v2\/product_cat?post=11942"},{"taxonomy":"product_tag","embeddable":true,"href":"https:\/\/dgzx.hk\/vi\/wp-json\/wp\/v2\/product_tag?post=11942"}],"curies":[{"name":"wp","href":"https:\/\/api.w.org\/{rel}","templated":true}]}}