{"id":11994,"date":"2023-08-01T09:40:15","date_gmt":"2023-08-01T09:40:15","guid":{"rendered":"https:\/\/dgzx.hk?post_type=product&#038;p=11994"},"modified":"2025-03-10T11:47:10","modified_gmt":"2025-03-10T11:47:10","slug":"dgzx-qqsj-9023-720p-60fps-global-shutter-dual-ar0144-sensor-cmos-usb-camera-module","status":"publish","type":"product","link":"https:\/\/dgzx.hk\/vi\/san-pham\/dgzx-qqsj-9023-720p-60fps-global-shutter-dual-ar0144-cam-bien-cmos-usb-camera-module\/","title":{"rendered":"DGZX-QQSJ-9023 720p 60fps m\u00e0n tr\u1eadp to\u00e0n c\u1ea7u c\u1ea3m bi\u1ebfn k\u00e9p ar0144 cmos m\u00f4-\u0111un camera usb"},"content":{"rendered":"<p><span style=\"font-family: arial, helvetica, sans-serif;\">M\u00f4-\u0111un camera USB DGZX-QQSJ-9023 c\u00f3 c\u1ea3m bi\u1ebfn AR0144 k\u00e9p v\u00e0 c\u00f4ng ngh\u1ec7 CMOS, cung c\u1ea5p \u0111\u1ed9 ph\u00e2n gi\u1ea3i 720p \u1edf t\u1ed1c \u0111\u1ed9 60 khung h\u00ecnh\/gi\u00e2y v\u1edbi m\u00e0n tr\u1eadp to\u00e0n c\u1ee5c. \u0110\u00e2y l\u00e0 m\u00f4-\u0111un ti\u00ean ti\u1ebfn, hi\u1ec7u su\u1ea5t cao \u0111\u01b0\u1ee3c thi\u1ebft k\u1ebf cho nhi\u1ec1u \u1ee9ng d\u1ee5ng, bao g\u1ed3m an ninh, gi\u00e1m s\u00e1t, \u00f4 t\u00f4 v\u00e0 t\u1ea7m nh\u00ecn c\u00f4ng nghi\u1ec7p. M\u00f4-\u0111un h\u1ed7 tr\u1ee3 c\u1ea3 h\u1ec7 \u0111i\u1ec1u h\u00e0nh Windows v\u00e0 Linux v\u00e0 \u0111i k\u00e8m v\u1edbi ph\u1ea7n m\u1ec1m tr\u00ecnh \u0111i\u1ec1u khi\u1ec3n \u0111\u1ec3 d\u1ec5 d\u00e0ng t\u00edch h\u1ee3p v\u00e0o nhi\u1ec1u h\u1ec7 th\u1ed1ng kh\u00e1c nhau. Ngo\u00e0i ra, n\u00f3 nh\u1ecf v\u00e0 nh\u1eb9, khi\u1ebfn n\u00f3 tr\u1edf n\u00ean c\u1ef1c k\u1ef3 linh ho\u1ea1t \u0111\u1ec3 s\u1eed d\u1ee5ng trong nhi\u1ec1u thi\u1ebft b\u1ecb v\u00e0 h\u1ec7 th\u1ed1ng.<\/span><\/p>\n<p><img decoding=\"async\" src=\"\/wp-content\/uploads\/image\/20230801\/1690882773501171.jpg\" title=\"1690882773501171.jpg\" alt=\"1.jpg\"\/><img decoding=\"async\" src=\"\/wp-content\/uploads\/image\/20230801\/1690882778563977.jpg\" title=\"1690882778563977.jpg\" alt=\"2.jpg\"\/><img decoding=\"async\" src=\"\/wp-content\/uploads\/image\/20230801\/1690882782450045.jpg\" title=\"1690882782450045.jpg\" alt=\"3.jpg\"\/><img decoding=\"async\" src=\"\/wp-content\/uploads\/image\/20230801\/1690882787931281.jpg\" title=\"1690882787931281.jpg\" alt=\"4.jpg\"\/><img decoding=\"async\" src=\"\/wp-content\/uploads\/image\/20230801\/1690882792493407.jpg\" title=\"1690882792493407.jpg\" alt=\"5.jpg\"\/><img decoding=\"async\" src=\"\/wp-content\/uploads\/image\/20230801\/1690882797919375.jpg\" title=\"1690882797919375.jpg\" alt=\"6.jpg\"\/><\/p>\n<p><img decoding=\"async\" src=\"\/wp-content\/uploads\/image\/20230801\/1690882809351602.jpg\" title=\"1690882809351602.jpg\" alt=\"DGZX-QQSJ-9023 720p 60fps global shutter dual ar0144 sensor cmos  usb camera module\u63d2\u56fe6\" \/><\/p>\n<p><img decoding=\"async\" src=\"\/wp-content\/uploads\/image\/20230801\/1690882809222782.png\" title=\"1690882809222782.png\" alt=\"DGZX-QQSJ-9023 720p 60fps global shutter dual ar0144 sensor cmos  usb camera module\u63d2\u56fe7\" \/><\/p>\n<p><img decoding=\"async\" src=\"\/wp-content\/uploads\/image\/20230801\/1690882809247759.png\" title=\"1690882809247759.png\" alt=\"DGZX-QQSJ-9023 720p 60fps global shutter dual ar0144 sensor cmos  usb camera module\u63d2\u56fe8\" \/><\/p>\n<p><img decoding=\"async\" src=\"\/wp-content\/uploads\/image\/20230801\/1690882810637144.png\" title=\"1690882810637144.png\" alt=\"DGZX-QQSJ-9023 720p 60fps global shutter dual ar0144 sensor cmos  usb camera module\u63d2\u56fe9\" \/><\/p>\n<p><\/p>","protected":false},"excerpt":{"rendered":"<p>M\u00f4-\u0111un camera USB DGZX-QQSJ-9023 c\u00f3 c\u1ea3m bi\u1ebfn AR0144 k\u00e9p v\u00e0 c\u00f4ng ngh\u1ec7 CMOS, cung c\u1ea5p \u0111\u1ed9 ph\u00e2n gi\u1ea3i 720p \u1edf t\u1ed1c \u0111\u1ed9 60 khung h\u00ecnh\/gi\u00e2y v\u1edbi m\u00e0n tr\u1eadp to\u00e0n c\u1ee5c. \u0110\u00e2y l\u00e0 m\u00f4-\u0111un ti\u00ean ti\u1ebfn, hi\u1ec7u su\u1ea5t cao \u0111\u01b0\u1ee3c thi\u1ebft k\u1ebf cho nhi\u1ec1u \u1ee9ng d\u1ee5ng, bao g\u1ed3m an ninh, gi\u00e1m s\u00e1t, \u00f4 t\u00f4 v\u00e0 t\u1ea7m nh\u00ecn c\u00f4ng nghi\u1ec7p. M\u00f4-\u0111un h\u1ed7 tr\u1ee3 c\u1ea3 h\u1ec7 \u0111i\u1ec1u h\u00e0nh Windows v\u00e0 Linux v\u00e0 \u0111i k\u00e8m v\u1edbi ph\u1ea7n m\u1ec1m tr\u00ecnh \u0111i\u1ec1u khi\u1ec3n \u0111\u1ec3 d\u1ec5 d\u00e0ng t\u00edch h\u1ee3p v\u00e0o nhi\u1ec1u h\u1ec7 th\u1ed1ng kh\u00e1c nhau. Ngo\u00e0i ra, n\u00f3 nh\u1ecf v\u00e0 nh\u1eb9, khi\u1ebfn n\u00f3 tr\u1edf n\u00ean c\u1ef1c k\u1ef3 linh ho\u1ea1t \u0111\u1ec3 s\u1eed d\u1ee5ng trong nhi\u1ec1u thi\u1ebft b\u1ecb v\u00e0 h\u1ec7 th\u1ed1ng.<\/p>","protected":false},"featured_media":11995,"comment_status":"closed","ping_status":"closed","template":"","meta":{"_eb_attr":""},"product_cat":[302],"product_tag":[],"class_list":{"0":"post-11994","1":"product","2":"type-product","3":"status-publish","4":"has-post-thumbnail","6":"product_cat-usb-camera-module","7":"pa_resolution-2mp-1080p-camera-module","9":"first","10":"instock","11":"shipping-taxable","12":"product-type-simple"},"_links":{"self":[{"href":"https:\/\/dgzx.hk\/vi\/wp-json\/wp\/v2\/product\/11994","targetHints":{"allow":["GET"]}}],"collection":[{"href":"https:\/\/dgzx.hk\/vi\/wp-json\/wp\/v2\/product"}],"about":[{"href":"https:\/\/dgzx.hk\/vi\/wp-json\/wp\/v2\/types\/product"}],"replies":[{"embeddable":true,"href":"https:\/\/dgzx.hk\/vi\/wp-json\/wp\/v2\/comments?post=11994"}],"version-history":[{"count":0,"href":"https:\/\/dgzx.hk\/vi\/wp-json\/wp\/v2\/product\/11994\/revisions"}],"wp:featuredmedia":[{"embeddable":true,"href":"https:\/\/dgzx.hk\/vi\/wp-json\/wp\/v2\/media\/11995"}],"wp:attachment":[{"href":"https:\/\/dgzx.hk\/vi\/wp-json\/wp\/v2\/media?parent=11994"}],"wp:term":[{"taxonomy":"product_cat","embeddable":true,"href":"https:\/\/dgzx.hk\/vi\/wp-json\/wp\/v2\/product_cat?post=11994"},{"taxonomy":"product_tag","embeddable":true,"href":"https:\/\/dgzx.hk\/vi\/wp-json\/wp\/v2\/product_tag?post=11994"}],"curies":[{"name":"wp","href":"https:\/\/api.w.org\/{rel}","templated":true}]}}