{"id":12000,"date":"2023-08-01T09:46:20","date_gmt":"2023-08-01T09:46:20","guid":{"rendered":"https:\/\/dgzx.hk?post_type=product&#038;p=12000"},"modified":"2025-03-10T11:46:42","modified_gmt":"2025-03-10T11:46:42","slug":"dgzx-qqsj-9031-imx377-12mp-cmos-4k-30fps-high-definition-facial-photography-usb-camera-module","status":"publish","type":"product","link":"https:\/\/dgzx.hk\/vi\/san-pham\/dgzx-qqsj-9031-imx377-12mp-cmos-4k-30fps-chup-anh-khuon-mat-do-net-cao-mo-dun-camera-usb\/","title":{"rendered":"M\u00f4-\u0111un camera usb ch\u1ee5p \u1ea3nh khu\u00f4n m\u1eb7t \u0111\u1ed9 n\u00e9t cao DGZX-QQSJ-9031 IMX377 12MP CMOS 4K 30FPS"},"content":{"rendered":"<p><span style=\"font-family: arial, helvetica, sans-serif;\">M\u00f4-\u0111un camera USB DGZX-QQSJ-9031 c\u00f3 c\u1ea3m bi\u1ebfn CMOS IMX377 v\u00e0 cung c\u1ea5p \u0111\u1ed9 ph\u00e2n gi\u1ea3i 12MP, video 4K \u1edf t\u1ed1c \u0111\u1ed9 30 khung h\u00ecnh\/gi\u00e2y v\u00e0 ch\u1ee5p \u1ea3nh khu\u00f4n m\u1eb7t \u0111\u1ed9 n\u00e9t cao. \u0110\u00e2y l\u00e0 m\u00f4-\u0111un ti\u00ean ti\u1ebfn \u0111\u01b0\u1ee3c thi\u1ebft k\u1ebf cho c\u00e1c \u1ee9ng d\u1ee5ng chuy\u00ean nghi\u1ec7p v\u00e0 cao c\u1ea5p, ch\u1eb3ng h\u1ea1n nh\u01b0 an ninh, gi\u00e1m s\u00e1t, \u00f4 t\u00f4 v\u00e0 t\u1ea7m nh\u00ecn c\u00f4ng nghi\u1ec7p. M\u00f4-\u0111un h\u1ed7 tr\u1ee3 c\u1ea3 h\u1ec7 \u0111i\u1ec1u h\u00e0nh Windows v\u00e0 Linux v\u00e0 \u0111i k\u00e8m v\u1edbi ph\u1ea7n m\u1ec1m tr\u00ecnh \u0111i\u1ec1u khi\u1ec3n \u0111\u1ec3 t\u00edch h\u1ee3p li\u1ec1n m\u1ea1ch v\u00e0o nhi\u1ec1u h\u1ec7 th\u1ed1ng kh\u00e1c nhau. Ngo\u00e0i ra, n\u00f3 nh\u1ecf v\u00e0 nh\u1eb9, khi\u1ebfn n\u00f3 tr\u1edf n\u00ean c\u1ef1c k\u1ef3 linh ho\u1ea1t \u0111\u1ec3 s\u1eed d\u1ee5ng trong nhi\u1ec1u thi\u1ebft b\u1ecb v\u00e0 h\u1ec7 th\u1ed1ng.<\/span><\/p>\n<p><img decoding=\"async\" src=\"\/wp-content\/uploads\/image\/20230801\/1690883069549731.jpg\" title=\"1690883069549731.jpg\" alt=\"1.jpg\"\/><img decoding=\"async\" src=\"\/wp-content\/uploads\/image\/20230801\/1690883074148877.jpg\" title=\"1690883074148877.jpg\" alt=\"2.jpg\"\/><img decoding=\"async\" src=\"\/wp-content\/uploads\/image\/20230801\/1690883079354187.jpg\" title=\"1690883079354187.jpg\" alt=\"3.jpg\"\/><img decoding=\"async\" src=\"\/wp-content\/uploads\/image\/20230801\/1690883083422516.jpg\" title=\"1690883083422516.jpg\" alt=\"4.jpg\"\/><img decoding=\"async\" src=\"\/wp-content\/uploads\/image\/20230801\/1690883089823802.jpg\" title=\"1690883089823802.jpg\" alt=\"5.jpg\"\/><img decoding=\"async\" src=\"\/wp-content\/uploads\/image\/20230801\/1690883093272899.jpg\" title=\"1690883093272899.jpg\" alt=\"6.jpg\"\/><\/p>\n<p><img decoding=\"async\" src=\"\/wp-content\/uploads\/image\/20230801\/1690883131808436.png\" title=\"1690883131808436.png\" alt=\"h\u00ecnh \u1ea3nh.png\"\/><\/p>\n<p><img decoding=\"async\" src=\"\/wp-content\/uploads\/image\/20230801\/1690883149598001.jpg\" title=\"1690883149598001.jpg\" alt=\"DGZX-QQSJ-9031 IMX377 12MP CMOS 4K 30FPS high definition facial photography usb camera module\u63d2\u56fe7\" \/><\/p>\n<p><img decoding=\"async\" src=\"\/wp-content\/uploads\/image\/20230801\/1690883149866112.png\" title=\"1690883149866112.png\" alt=\"DGZX-QQSJ-9031 IMX377 12MP CMOS 4K 30FPS high definition facial photography usb camera module\u63d2\u56fe8\" \/><\/p>\n<p><img decoding=\"async\" src=\"\/wp-content\/uploads\/image\/20230801\/1690883149909713.png\" title=\"1690883149909713.png\" alt=\"DGZX-QQSJ-9031 IMX377 12MP CMOS 4K 30FPS high definition facial photography usb camera module\u63d2\u56fe9\" \/><\/p>\n<p><img decoding=\"async\" src=\"\/wp-content\/uploads\/image\/20230801\/1690883150477520.png\" title=\"1690883150477520.png\" alt=\"DGZX-QQSJ-9031 IMX377 12MP CMOS 4K 30FPS high definition facial photography usb camera module\u63d2\u56fe10\" \/><\/p>\n<p><\/p>","protected":false},"excerpt":{"rendered":"<p>M\u00f4-\u0111un camera USB DGZX-QQSJ-9031 c\u00f3 c\u1ea3m bi\u1ebfn CMOS IMX377 v\u00e0 cung c\u1ea5p \u0111\u1ed9 ph\u00e2n gi\u1ea3i 12MP, video 4K \u1edf t\u1ed1c \u0111\u1ed9 30 khung h\u00ecnh\/gi\u00e2y v\u00e0 ch\u1ee5p \u1ea3nh khu\u00f4n m\u1eb7t \u0111\u1ed9 n\u00e9t cao. \u0110\u00e2y l\u00e0 m\u00f4-\u0111un ti\u00ean ti\u1ebfn \u0111\u01b0\u1ee3c thi\u1ebft k\u1ebf cho c\u00e1c \u1ee9ng d\u1ee5ng chuy\u00ean nghi\u1ec7p v\u00e0 cao c\u1ea5p, ch\u1eb3ng h\u1ea1n nh\u01b0 an ninh, gi\u00e1m s\u00e1t, \u00f4 t\u00f4 v\u00e0 t\u1ea7m nh\u00ecn c\u00f4ng nghi\u1ec7p. M\u00f4-\u0111un h\u1ed7 tr\u1ee3 c\u1ea3 h\u1ec7 \u0111i\u1ec1u h\u00e0nh Windows v\u00e0 Linux v\u00e0 \u0111i k\u00e8m v\u1edbi ph\u1ea7n m\u1ec1m tr\u00ecnh \u0111i\u1ec1u khi\u1ec3n \u0111\u1ec3 t\u00edch h\u1ee3p li\u1ec1n m\u1ea1ch v\u00e0o nhi\u1ec1u h\u1ec7 th\u1ed1ng kh\u00e1c nhau. Ngo\u00e0i ra, n\u00f3 nh\u1ecf v\u00e0 nh\u1eb9, khi\u1ebfn n\u00f3 tr\u1edf n\u00ean c\u1ef1c k\u1ef3 linh ho\u1ea1t \u0111\u1ec3 s\u1eed d\u1ee5ng trong nhi\u1ec1u thi\u1ebft b\u1ecb v\u00e0 h\u1ec7 th\u1ed1ng.<\/p>","protected":false},"featured_media":12001,"comment_status":"closed","ping_status":"closed","template":"","meta":{"_eb_attr":""},"product_cat":[302],"product_tag":[],"class_list":{"0":"post-12000","1":"product","2":"type-product","3":"status-publish","4":"has-post-thumbnail","6":"product_cat-usb-camera-module","7":"pa_resolution-12mp-4k-camera-module","9":"first","10":"instock","11":"shipping-taxable","12":"product-type-simple"},"_links":{"self":[{"href":"https:\/\/dgzx.hk\/vi\/wp-json\/wp\/v2\/product\/12000","targetHints":{"allow":["GET"]}}],"collection":[{"href":"https:\/\/dgzx.hk\/vi\/wp-json\/wp\/v2\/product"}],"about":[{"href":"https:\/\/dgzx.hk\/vi\/wp-json\/wp\/v2\/types\/product"}],"replies":[{"embeddable":true,"href":"https:\/\/dgzx.hk\/vi\/wp-json\/wp\/v2\/comments?post=12000"}],"version-history":[{"count":0,"href":"https:\/\/dgzx.hk\/vi\/wp-json\/wp\/v2\/product\/12000\/revisions"}],"wp:featuredmedia":[{"embeddable":true,"href":"https:\/\/dgzx.hk\/vi\/wp-json\/wp\/v2\/media\/12001"}],"wp:attachment":[{"href":"https:\/\/dgzx.hk\/vi\/wp-json\/wp\/v2\/media?parent=12000"}],"wp:term":[{"taxonomy":"product_cat","embeddable":true,"href":"https:\/\/dgzx.hk\/vi\/wp-json\/wp\/v2\/product_cat?post=12000"},{"taxonomy":"product_tag","embeddable":true,"href":"https:\/\/dgzx.hk\/vi\/wp-json\/wp\/v2\/product_tag?post=12000"}],"curies":[{"name":"wp","href":"https:\/\/api.w.org\/{rel}","templated":true}]}}