{"id":12030,"date":"2023-08-04T10:04:20","date_gmt":"2023-08-04T10:04:20","guid":{"rendered":"https:\/\/dgzx.hk?post_type=product&#038;p=12030"},"modified":"2025-03-10T11:43:41","modified_gmt":"2025-03-10T11:43:41","slug":"dgzx-ab398a02m17-38x38-2mp-fixed-focus-mipi-camera-module-gc2093-hd-1080p-60fps-ircut-pcba-mipi-interface-wide-angle","status":"publish","type":"product","link":"https:\/\/dgzx.hk\/vi\/san-pham\/dgzx-ab398a02m17-38x38-2mp-fixed-focus-mipi-camera-module-gc2093-hd-1080p-60fps-ircut-pcba-mipi-interface-wide-angle\/","title":{"rendered":"DGZX-AB398A02M17-38X38 2mp M\u00f4-\u0111un camera MIPI ti\u00eau c\u1ef1 c\u1ed1 \u0111\u1ecbnh GC2093 HD 1080P 60fps IRCUT PCBA Giao di\u1ec7n MIPI G\u00f3c r\u1ed9ng"},"content":{"rendered":"<p><span style=\"font-family: arial, helvetica, sans-serif;\">The DGZX-AB398A02M17-38X38 USB camera module features a GC2093 CMOS sensor and provides 2MP resolution with fixed focus. It supports HD 1080P video at 60 frames per second and comes with an IRCUT PCBA MIPI interface for high-speed data transmission. Additionally, it has a wide angle lens for capturing a large field of view, making it perfect for a range of applications such as security, surveillance, automotive, and industrial vision. The module is easy to integrate into various systems due to its small size and lightweight design.<\/span><\/p>\n<p><img decoding=\"async\" src=\"\/wp-content\/uploads\/image\/20230804\/1691143430577057.jpg\" title=\"1691143430577057.jpg\" alt=\"1.jpg\"\/><img decoding=\"async\" src=\"\/wp-content\/uploads\/image\/20230804\/1691143434207744.jpg\" title=\"1691143434207744.jpg\" alt=\"2.jpg\"\/><img decoding=\"async\" src=\"\/wp-content\/uploads\/image\/20230804\/1691143438738635.jpg\" title=\"1691143438738635.jpg\" alt=\"3.jpg\"\/><img decoding=\"async\" src=\"\/wp-content\/uploads\/image\/20230804\/1691143442121796.jpg\" title=\"1691143442121796.jpg\" alt=\"4.jpg\"\/><img decoding=\"async\" src=\"\/wp-content\/uploads\/image\/20230804\/1691143446724465.jpg\" title=\"1691143446724465.jpg\" alt=\"5.jpg\"\/><\/p>\n<p><img decoding=\"async\" src=\"\/wp-content\/uploads\/image\/20230804\/1691143455763308.jpg\" title=\"1691143455763308.jpg\" alt=\"DGZX-AB398A02M17-38X38 2mp Fixed Focus MIPI Camera Module GC2093 HD 1080P 60fps IRCUT PCBA MIPI Interface Wide Angle\u63d2\u56fe5\" \/><\/p>\n<p><img decoding=\"async\" src=\"\/wp-content\/uploads\/image\/20230804\/1691143455531489.png\" title=\"1691143455531489.png\" alt=\"DGZX-AB398A02M17-38X38 2mp Fixed Focus MIPI Camera Module GC2093 HD 1080P 60fps IRCUT PCBA MIPI Interface Wide Angle\u63d2\u56fe6\" \/><\/p>\n<p><img decoding=\"async\" src=\"\/wp-content\/uploads\/image\/20230804\/1691143455806625.png\" title=\"1691143455806625.png\" alt=\"DGZX-AB398A02M17-38X38 2mp Fixed Focus MIPI Camera Module GC2093 HD 1080P 60fps IRCUT PCBA MIPI Interface Wide Angle\u63d2\u56fe7\" \/><\/p>\n<p><img decoding=\"async\" src=\"\/wp-content\/uploads\/image\/20230804\/1691143456312931.png\" title=\"1691143456312931.png\" alt=\"DGZX-AB398A02M17-38X38 2mp Fixed Focus MIPI Camera Module GC2093 HD 1080P 60fps IRCUT PCBA MIPI Interface Wide Angle\u63d2\u56fe8\" \/><\/p>\n<p><\/p>","protected":false},"excerpt":{"rendered":"<p>The DGZX-AB398A02M17-38X38 USB camera module features a GC2093 CMOS sensor and provides 2MP resolution with fixed focus. It supports HD 1080P video at 60 frames per second and comes with an IRCUT PCBA MIPI interface for high-speed data transmission. Additionally, it has a wide angle lens for capturing a large field of view, making it perfect for a range of applications such as security, surveillance, automotive, and industrial vision. The module is easy to integrate into various systems due to its small size and lightweight design.<\/p>","protected":false},"featured_media":12031,"comment_status":"closed","ping_status":"closed","template":"","meta":{"_eb_attr":""},"product_cat":[312],"product_tag":[],"class_list":{"0":"post-12030","1":"product","2":"type-product","3":"status-publish","4":"has-post-thumbnail","6":"product_cat-mipi-camera-module","7":"pa_resolution-2mp-1080p-camera-module","9":"first","10":"instock","11":"shipping-taxable","12":"product-type-simple"},"_links":{"self":[{"href":"https:\/\/dgzx.hk\/vi\/wp-json\/wp\/v2\/product\/12030","targetHints":{"allow":["GET"]}}],"collection":[{"href":"https:\/\/dgzx.hk\/vi\/wp-json\/wp\/v2\/product"}],"about":[{"href":"https:\/\/dgzx.hk\/vi\/wp-json\/wp\/v2\/types\/product"}],"replies":[{"embeddable":true,"href":"https:\/\/dgzx.hk\/vi\/wp-json\/wp\/v2\/comments?post=12030"}],"version-history":[{"count":0,"href":"https:\/\/dgzx.hk\/vi\/wp-json\/wp\/v2\/product\/12030\/revisions"}],"wp:featuredmedia":[{"embeddable":true,"href":"https:\/\/dgzx.hk\/vi\/wp-json\/wp\/v2\/media\/12031"}],"wp:attachment":[{"href":"https:\/\/dgzx.hk\/vi\/wp-json\/wp\/v2\/media?parent=12030"}],"wp:term":[{"taxonomy":"product_cat","embeddable":true,"href":"https:\/\/dgzx.hk\/vi\/wp-json\/wp\/v2\/product_cat?post=12030"},{"taxonomy":"product_tag","embeddable":true,"href":"https:\/\/dgzx.hk\/vi\/wp-json\/wp\/v2\/product_tag?post=12030"}],"curies":[{"name":"wp","href":"https:\/\/api.w.org\/{rel}","templated":true}]}}