{"id":12069,"date":"2023-08-11T09:58:52","date_gmt":"2023-08-11T09:58:52","guid":{"rendered":"https:\/\/dgzx.hk?post_type=product&#038;p=12069"},"modified":"2025-03-10T11:39:45","modified_gmt":"2025-03-10T11:39:45","slug":"dgzx-al328afm1-90-mipi-2mp-pixel-hd-1080p-full-wide-angle-low-light-f23-intelligent-surveillance-camera-module","status":"publish","type":"product","link":"https:\/\/dgzx.hk\/vi\/san-pham\/dgzx-al328afm1-90-mipi-2mp-pixel-hd-1080p-goc-rong-day-du-anh-sang-yeu-f23-mo-dun-camera-giam-sat-thong-minh\/","title":{"rendered":"M\u00f4-\u0111un camera gi\u00e1m s\u00e1t th\u00f4ng minh DGZX-AL328AFM1-90 MIPI 2MP Pixel HD 1080P g\u00f3c r\u1ed9ng \u0111\u1ea7y \u0111\u1ee7 \u00e1nh s\u00e1ng y\u1ebfu F23"},"content":{"rendered":"<p><span style=\"font-family: arial, helvetica, sans-serif;\">M\u00f4-\u0111un camera USB DGZX-AL328AFM1-90 c\u00f3 c\u1ea3m bi\u1ebfn pixel 2MP v\u00e0 cung c\u1ea5p \u0111\u1ed9 ph\u00e2n gi\u1ea3i video 1080P \u0111\u1ed9 n\u00e9t cao. N\u00f3 h\u1ed7 tr\u1ee3 giao di\u1ec7n MIPI \u0111\u1ec3 truy\u1ec1n d\u1eef li\u1ec7u t\u1ed1c \u0111\u1ed9 cao v\u00e0 c\u00f3 \u1ed1ng k\u00ednh g\u00f3c r\u1ed9ng \u0111\u1ec3 c\u00f3 tr\u01b0\u1eddng nh\u00ecn r\u1ed9ng h\u01a1n. M\u00f4-\u0111un \u0111\u01b0\u1ee3c t\u1ed1i \u01b0u h\u00f3a cho m\u00f4i tr\u01b0\u1eddng thi\u1ebfu s\u00e1ng v\u1edbi camera gi\u00e1m s\u00e1t th\u00f4ng minh F23. N\u00f3 c\u00f3 ch\u1ee9c n\u0103ng d\u1ea3i \u0111\u1ed9ng cao (HDR) \u0111\u1ec3 c\u1ea3i thi\u1ec7n \u0111\u1ed9 t\u01b0\u01a1ng ph\u1ea3n v\u00e0 t\u00e1i t\u1ea1o m\u00e0u s\u1eafc, v\u00e0 cung c\u1ea5p kh\u1ea3 n\u0103ng l\u1ea5y n\u00e9t ch\u00ednh x\u00e1c v\u1edbi ch\u1ee9c n\u0103ng l\u1ea5y n\u00e9t t\u1ef1 \u0111\u1ed9ng (AF). M\u00f4-\u0111un ho\u00e0n h\u1ea3o cho c\u00e1c \u1ee9ng d\u1ee5ng nh\u01b0 an ninh, gi\u00e1m s\u00e1t, \u00f4 t\u00f4 v\u00e0 t\u1ea7m nh\u00ecn c\u00f4ng nghi\u1ec7p. N\u00f3 nh\u1ecf v\u00e0 nh\u1eb9, l\u00e0m cho n\u00f3 c\u1ef1c k\u1ef3 linh ho\u1ea1t \u0111\u1ec3 s\u1eed d\u1ee5ng trong nhi\u1ec1u thi\u1ebft b\u1ecb v\u00e0 h\u1ec7 th\u1ed1ng.<\/span><\/p>\n<p><img decoding=\"async\" src=\"\/wp-content\/uploads\/image\/20230811\/1691747882958116.jpg\" title=\"1691747882958116.jpg\" alt=\"1.jpg\"\/><img decoding=\"async\" src=\"\/wp-content\/uploads\/image\/20230811\/1691747888498984.jpg\" title=\"1691747888498984.jpg\" alt=\"2.jpg\"\/><img decoding=\"async\" src=\"\/wp-content\/uploads\/image\/20230811\/1691747892563890.jpg\" title=\"1691747892563890.jpg\" alt=\"3.jpg\"\/><img decoding=\"async\" src=\"\/wp-content\/uploads\/image\/20230811\/1691747896175286.jpg\" title=\"1691747896175286.jpg\" alt=\"4.jpg\"\/><\/p>\n<p><img decoding=\"async\" src=\"\/wp-content\/uploads\/image\/20230811\/1691747905777237.jpg\" title=\"1691747905777237.jpg\" alt=\"DGZX-AL328AFM1-90 MIPI 2MP Pixel HD 1080P Full Wide Angle Low Light F23 Intelligent Surveillance Camera Module\u63d2\u56fe4\" \/><\/p>\n<p><img decoding=\"async\" src=\"\/wp-content\/uploads\/image\/20230811\/1691747906138422.png\" title=\"1691747906138422.png\" alt=\"DGZX-AL328AFM1-90 MIPI 2MP Pixel HD 1080P Full Wide Angle Low Light F23 Intelligent Surveillance Camera Module\u63d2\u56fe5\" \/><\/p>\n<p><img decoding=\"async\" src=\"\/wp-content\/uploads\/image\/20230811\/1691747906818040.png\" title=\"1691747906818040.png\" alt=\"DGZX-AL328AFM1-90 MIPI 2MP Pixel HD 1080P Full Wide Angle Low Light F23 Intelligent Surveillance Camera Module\u63d2\u56fe6\" \/><\/p>\n<p><img decoding=\"async\" src=\"\/wp-content\/uploads\/image\/20230811\/1691747906127454.png\" title=\"1691747906127454.png\" alt=\"DGZX-AL328AFM1-90 MIPI 2MP Pixel HD 1080P Full Wide Angle Low Light F23 Intelligent Surveillance Camera Module\u63d2\u56fe7\" \/><\/p>\n<p><\/p>","protected":false},"excerpt":{"rendered":"<p>M\u00f4-\u0111un camera USB DGZX-AL328AFM1-90 c\u00f3 c\u1ea3m bi\u1ebfn pixel 2MP v\u00e0 cung c\u1ea5p \u0111\u1ed9 ph\u00e2n gi\u1ea3i video 1080P \u0111\u1ed9 n\u00e9t cao. N\u00f3 h\u1ed7 tr\u1ee3 giao di\u1ec7n MIPI \u0111\u1ec3 truy\u1ec1n d\u1eef li\u1ec7u t\u1ed1c \u0111\u1ed9 cao v\u00e0 c\u00f3 \u1ed1ng k\u00ednh g\u00f3c r\u1ed9ng \u0111\u1ec3 c\u00f3 tr\u01b0\u1eddng nh\u00ecn r\u1ed9ng h\u01a1n. M\u00f4-\u0111un \u0111\u01b0\u1ee3c t\u1ed1i \u01b0u h\u00f3a cho m\u00f4i tr\u01b0\u1eddng thi\u1ebfu s\u00e1ng v\u1edbi camera gi\u00e1m s\u00e1t th\u00f4ng minh F23. N\u00f3 c\u00f3 ch\u1ee9c n\u0103ng d\u1ea3i \u0111\u1ed9ng cao (HDR) \u0111\u1ec3 c\u1ea3i thi\u1ec7n \u0111\u1ed9 t\u01b0\u01a1ng ph\u1ea3n v\u00e0 t\u00e1i t\u1ea1o m\u00e0u s\u1eafc, v\u00e0 cung c\u1ea5p kh\u1ea3 n\u0103ng l\u1ea5y n\u00e9t ch\u00ednh x\u00e1c v\u1edbi ch\u1ee9c n\u0103ng l\u1ea5y n\u00e9t t\u1ef1 \u0111\u1ed9ng (AF). M\u00f4-\u0111un ho\u00e0n h\u1ea3o cho c\u00e1c \u1ee9ng d\u1ee5ng nh\u01b0 an ninh, gi\u00e1m s\u00e1t, \u00f4 t\u00f4 v\u00e0 t\u1ea7m nh\u00ecn c\u00f4ng nghi\u1ec7p. N\u00f3 nh\u1ecf v\u00e0 nh\u1eb9, l\u00e0m cho n\u00f3 c\u1ef1c k\u1ef3 linh ho\u1ea1t \u0111\u1ec3 s\u1eed d\u1ee5ng trong nhi\u1ec1u thi\u1ebft b\u1ecb v\u00e0 h\u1ec7 th\u1ed1ng.<\/p>","protected":false},"featured_media":12074,"comment_status":"closed","ping_status":"closed","template":"","meta":{"_eb_attr":""},"product_cat":[312,349,345],"product_tag":[724,725,710,686,495],"class_list":{"0":"post-12069","1":"product","2":"type-product","3":"status-publish","4":"has-post-thumbnail","6":"product_cat-mipi-camera-module","7":"product_cat-wide-angle-camera-module","8":"product_cat-low-light-camera-module","9":"product_tag-f23-camera","10":"product_tag-full-wide-angle-camera","11":"product_tag-low-light-camera","12":"product_tag-2mp-camera","13":"product_tag-2mp","14":"pa_resolution-2mp-1080p-camera-module","16":"first","17":"instock","18":"shipping-taxable","19":"product-type-simple"},"_links":{"self":[{"href":"https:\/\/dgzx.hk\/vi\/wp-json\/wp\/v2\/product\/12069","targetHints":{"allow":["GET"]}}],"collection":[{"href":"https:\/\/dgzx.hk\/vi\/wp-json\/wp\/v2\/product"}],"about":[{"href":"https:\/\/dgzx.hk\/vi\/wp-json\/wp\/v2\/types\/product"}],"replies":[{"embeddable":true,"href":"https:\/\/dgzx.hk\/vi\/wp-json\/wp\/v2\/comments?post=12069"}],"version-history":[{"count":0,"href":"https:\/\/dgzx.hk\/vi\/wp-json\/wp\/v2\/product\/12069\/revisions"}],"wp:featuredmedia":[{"embeddable":true,"href":"https:\/\/dgzx.hk\/vi\/wp-json\/wp\/v2\/media\/12074"}],"wp:attachment":[{"href":"https:\/\/dgzx.hk\/vi\/wp-json\/wp\/v2\/media?parent=12069"}],"wp:term":[{"taxonomy":"product_cat","embeddable":true,"href":"https:\/\/dgzx.hk\/vi\/wp-json\/wp\/v2\/product_cat?post=12069"},{"taxonomy":"product_tag","embeddable":true,"href":"https:\/\/dgzx.hk\/vi\/wp-json\/wp\/v2\/product_tag?post=12069"}],"curies":[{"name":"wp","href":"https:\/\/api.w.org\/{rel}","templated":true}]}}