{"id":12081,"date":"2023-08-14T09:15:09","date_gmt":"2023-08-14T09:15:09","guid":{"rendered":"https:\/\/dgzx.hk?post_type=product&#038;p=12081"},"modified":"2025-03-10T11:38:53","modified_gmt":"2025-03-10T11:38:53","slug":"full-hd-imx327-starlight-night-vision-1080p-60fps-wdr-mipi-camera-module","status":"publish","type":"product","link":"https:\/\/dgzx.hk\/vi\/san-pham\/camera-full-hd-imx327-starlight-tam-nhin-ban-dem-1080p-60fps-wdr-mipi-module\/","title":{"rendered":"M\u00f4-\u0111un camera MIPI WDR IMX327 Full HD 1080P 60fps DGZX-BC728A3M8-67"},"content":{"rendered":"<p style=\"line-height: 2em;\"><span style=\"color: #1E1F24; text-align: justify; font-size: 16px; font-family: arial, helvetica, sans-serif;\">M\u00f4-\u0111un camera MIPI WDR nh\u00ecn \u0111\u00eam Full HD IMX327 Starlight 1080P 60fps l\u00e0 gi\u1ea3i ph\u00e1p h\u00ecnh \u1ea3nh hi\u1ec7u su\u1ea5t cao \u0111\u01b0\u1ee3c thi\u1ebft k\u1ebf cho nhi\u1ec1u \u1ee9ng d\u1ee5ng an ninh v\u00e0 gi\u00e1m s\u00e1t. M\u00f4-\u0111un n\u00e0y c\u00f3 c\u1ea3m bi\u1ebfn h\u00ecnh \u1ea3nh IMX327 c\u1ee7a Sony, cung c\u1ea5p \u0111\u1ed9 nh\u1ea1y s\u00e1ng y\u1ebfu tuy\u1ec7t v\u1eddi v\u00e0 ch\u1ea5t l\u01b0\u1ee3ng h\u00ecnh \u1ea3nh r\u00f5 n\u00e9t. V\u1edbi h\u1ed7 tr\u1ee3 video 1080P \u1edf t\u1ed1c \u0111\u1ed9 60 khung h\u00ecnh\/gi\u00e2y, m\u00f4-\u0111un n\u00e0y cung c\u1ea5p c\u1ea3nh quay video m\u01b0\u1ee3t m\u00e0 v\u00e0 chi ti\u1ebft ngay c\u1ea3 trong c\u00e1c t\u00ecnh hu\u1ed1ng chuy\u1ec3n \u0111\u1ed9ng cao. C\u00f4ng ngh\u1ec7 WDR (D\u1ea3i \u0111\u1ed9ng r\u1ed9ng) cho ph\u00e9p ch\u1ea5t l\u01b0\u1ee3ng h\u00ecnh \u1ea3nh tuy\u1ec7t v\u1eddi \u1edf c\u1ea3 v\u00f9ng s\u00e1ng v\u00e0 v\u00f9ng t\u1ed1i, \u0111\u1ea3m b\u1ea3o c\u1ea3 chi ti\u1ebft ti\u1ec1n c\u1ea3nh v\u00e0 h\u1eadu c\u1ea3nh \u0111\u1ec1u \u0111\u01b0\u1ee3c ch\u1ee5p ch\u00ednh x\u00e1c. Giao di\u1ec7n MIPI \u0111\u1ea3m b\u1ea3o truy\u1ec1n d\u1eef li\u1ec7u \u0111\u00e1ng tin c\u1eady \u0111\u1ec3 ph\u00e1t tr\u1ef1c tuy\u1ebfn v\u00e0 ghi video theo th\u1eddi gian th\u1ef1c, trong khi kh\u1ea3 n\u0103ng nh\u00ecn \u0111\u00eam Starlight cho ph\u00e9p ch\u1ee5p \u1ea3nh r\u00f5 n\u00e9t v\u00e0 chi ti\u1ebft trong \u0111i\u1ec1u ki\u1ec7n \u00e1nh s\u00e1ng y\u1ebfu. K\u00edch th\u01b0\u1edbc nh\u1ecf g\u1ecdn v\u00e0 m\u1ee9c ti\u00eau th\u1ee5 \u0111i\u1ec7n n\u0103ng th\u1ea5p c\u1ee7a m\u00f4-\u0111un gi\u00fap d\u1ec5 d\u00e0ng t\u00edch h\u1ee3p v\u00e0o nhi\u1ec1u h\u1ec7 th\u1ed1ng nh\u00fang kh\u00e1c nhau cho nhi\u1ec1u \u1ee9ng d\u1ee5ng an ninh.<\/span><\/p>\n<p style=\"line-height: 2em;\"><img decoding=\"async\" src=\"\/wp-content\/uploads\/image\/20230814\/1692004327202753.jpg\" title=\"1692004327202753.jpg\" alt=\"1.jpg\"\/><img decoding=\"async\" src=\"\/wp-content\/uploads\/image\/20230814\/1692004337277172.jpg\" title=\"1692004337277172.jpg\" alt=\"2.jpg\"\/><img decoding=\"async\" src=\"\/wp-content\/uploads\/image\/20230814\/1692004342167099.jpg\" title=\"1692004342167099.jpg\" alt=\"3.jpg\"\/><img decoding=\"async\" src=\"\/wp-content\/uploads\/image\/20230814\/1692004345376970.jpg\" title=\"1692004345376970.jpg\" alt=\"4.jpg\"\/><\/p>\n<p style=\"line-height: 2em;\"><img decoding=\"async\" src=\"\/wp-content\/uploads\/image\/20230814\/1692004361723557.jpg\" title=\"1692004361723557.jpg\" alt=\"5.jpg\"\/><img decoding=\"async\" src=\"\/wp-content\/uploads\/image\/20230814\/1692004367424712.jpg\" title=\"1692004367424712.jpg\" alt=\"6.jpg\"\/><\/p>\n<p style=\"line-height: 2em;\"><img decoding=\"async\" src=\"\/wp-content\/uploads\/image\/20230814\/1692004392587273.jpg\" title=\"1692004392587273.jpg\" alt=\"DGZX-BC728A3M8-67 Full HD IMX327 Starlight night vision 1080P 60fps WDR MIPI Camera Module\u63d2\u56fe6\" \/><\/p>\n<p style=\"line-height: 2em;\"><img decoding=\"async\" src=\"\/wp-content\/uploads\/image\/20230814\/1692004392194780.png\" title=\"1692004392194780.png\" alt=\"DGZX-BC728A3M8-67 Full HD IMX327 Starlight night vision 1080P 60fps WDR MIPI Camera Module\u63d2\u56fe7\" \/><\/p>\n<p style=\"line-height: 2em;\"><img decoding=\"async\" src=\"\/wp-content\/uploads\/image\/20230814\/1692004393944403.png\" title=\"1692004393944403.png\" alt=\"DGZX-BC728A3M8-67 Full HD IMX327 Starlight night vision 1080P 60fps WDR MIPI Camera Module\u63d2\u56fe8\" \/><\/p>\n<p style=\"line-height: 2em;\"><img decoding=\"async\" src=\"\/wp-content\/uploads\/image\/20230814\/1692004393616629.png\" title=\"1692004393616629.png\" alt=\"DGZX-BC728A3M8-67 Full HD IMX327 Starlight night vision 1080P 60fps WDR MIPI Camera Module\u63d2\u56fe9\" \/><\/p>\n<p><\/p>","protected":false},"excerpt":{"rendered":"<p>M\u00f4-\u0111un camera MIPI WDR nh\u00ecn \u0111\u00eam Full HD IMX327 Starlight 1080P 60fps l\u00e0 gi\u1ea3i ph\u00e1p h\u00ecnh \u1ea3nh hi\u1ec7u su\u1ea5t cao \u0111\u01b0\u1ee3c thi\u1ebft k\u1ebf cho nhi\u1ec1u \u1ee9ng d\u1ee5ng an ninh v\u00e0 gi\u00e1m s\u00e1t. M\u00f4-\u0111un n\u00e0y c\u00f3 c\u1ea3m bi\u1ebfn h\u00ecnh \u1ea3nh IMX327 c\u1ee7a Sony, cung c\u1ea5p \u0111\u1ed9 nh\u1ea1y s\u00e1ng y\u1ebfu tuy\u1ec7t v\u1eddi v\u00e0 ch\u1ea5t l\u01b0\u1ee3ng h\u00ecnh \u1ea3nh r\u00f5 n\u00e9t. V\u1edbi h\u1ed7 tr\u1ee3 video 1080P \u1edf t\u1ed1c \u0111\u1ed9 60 khung h\u00ecnh\/gi\u00e2y, m\u00f4-\u0111un n\u00e0y cung c\u1ea5p c\u1ea3nh quay video m\u01b0\u1ee3t m\u00e0 v\u00e0 chi ti\u1ebft ngay c\u1ea3 trong c\u00e1c t\u00ecnh hu\u1ed1ng chuy\u1ec3n \u0111\u1ed9ng cao. C\u00f4ng ngh\u1ec7 WDR (D\u1ea3i \u0111\u1ed9ng r\u1ed9ng) cho ph\u00e9p ch\u1ea5t l\u01b0\u1ee3ng h\u00ecnh \u1ea3nh tuy\u1ec7t v\u1eddi \u1edf c\u1ea3 v\u00f9ng s\u00e1ng v\u00e0 v\u00f9ng t\u1ed1i, \u0111\u1ea3m b\u1ea3o c\u1ea3 chi ti\u1ebft ti\u1ec1n c\u1ea3nh v\u00e0 h\u1eadu c\u1ea3nh \u0111\u1ec1u \u0111\u01b0\u1ee3c ch\u1ee5p ch\u00ednh x\u00e1c. Giao di\u1ec7n MIPI \u0111\u1ea3m b\u1ea3o truy\u1ec1n d\u1eef li\u1ec7u \u0111\u00e1ng tin c\u1eady \u0111\u1ec3 ph\u00e1t tr\u1ef1c tuy\u1ebfn v\u00e0 ghi video theo th\u1eddi gian th\u1ef1c, trong khi kh\u1ea3 n\u0103ng nh\u00ecn \u0111\u00eam Starlight cho ph\u00e9p ch\u1ee5p \u1ea3nh r\u00f5 n\u00e9t v\u00e0 chi ti\u1ebft trong \u0111i\u1ec1u ki\u1ec7n \u00e1nh s\u00e1ng y\u1ebfu. K\u00edch th\u01b0\u1edbc nh\u1ecf g\u1ecdn v\u00e0 m\u1ee9c ti\u00eau th\u1ee5 \u0111i\u1ec7n n\u0103ng th\u1ea5p c\u1ee7a m\u00f4-\u0111un gi\u00fap d\u1ec5 d\u00e0ng t\u00edch h\u1ee3p v\u00e0o nhi\u1ec1u h\u1ec7 th\u1ed1ng nh\u00fang kh\u00e1c nhau cho nhi\u1ec1u \u1ee9ng d\u1ee5ng an ninh.<\/p>","protected":false},"featured_media":12084,"comment_status":"closed","ping_status":"closed","template":"","meta":{"_eb_attr":""},"product_cat":[312],"product_tag":[556,547,495,473],"class_list":{"0":"post-12081","1":"product","2":"type-product","3":"status-publish","4":"has-post-thumbnail","6":"product_cat-mipi-camera-module","7":"product_tag-60fps","8":"product_tag-imx327","9":"product_tag-2mp","10":"product_tag-mipi","11":"pa_resolution-2mp-1080p-camera-module","13":"first","14":"instock","15":"shipping-taxable","16":"product-type-simple"},"_links":{"self":[{"href":"https:\/\/dgzx.hk\/vi\/wp-json\/wp\/v2\/product\/12081","targetHints":{"allow":["GET"]}}],"collection":[{"href":"https:\/\/dgzx.hk\/vi\/wp-json\/wp\/v2\/product"}],"about":[{"href":"https:\/\/dgzx.hk\/vi\/wp-json\/wp\/v2\/types\/product"}],"replies":[{"embeddable":true,"href":"https:\/\/dgzx.hk\/vi\/wp-json\/wp\/v2\/comments?post=12081"}],"version-history":[{"count":0,"href":"https:\/\/dgzx.hk\/vi\/wp-json\/wp\/v2\/product\/12081\/revisions"}],"wp:featuredmedia":[{"embeddable":true,"href":"https:\/\/dgzx.hk\/vi\/wp-json\/wp\/v2\/media\/12084"}],"wp:attachment":[{"href":"https:\/\/dgzx.hk\/vi\/wp-json\/wp\/v2\/media?parent=12081"}],"wp:term":[{"taxonomy":"product_cat","embeddable":true,"href":"https:\/\/dgzx.hk\/vi\/wp-json\/wp\/v2\/product_cat?post=12081"},{"taxonomy":"product_tag","embeddable":true,"href":"https:\/\/dgzx.hk\/vi\/wp-json\/wp\/v2\/product_tag?post=12081"}],"curies":[{"name":"wp","href":"https:\/\/api.w.org\/{rel}","templated":true}]}}