{"id":12104,"date":"2023-08-17T07:08:01","date_gmt":"2023-08-17T07:08:01","guid":{"rendered":"https:\/\/dgzx.hk?post_type=product&#038;p=12104"},"modified":"2025-03-10T11:38:26","modified_gmt":"2025-03-10T11:38:26","slug":"support-oem-13mp-ov13850-4k-30fps-af-mipi-monitoring-camera-module","status":"publish","type":"product","link":"https:\/\/dgzx.hk\/vi\/san-pham\/ho-tro-oem-13mp-ov13850-4k-30fps-af-mipi-mo-dun-camera-giam-sat\/","title":{"rendered":"DGZX-AA058A831M14-78 H\u1ed7 tr\u1ee3 OEM 13MP OV13850 4K 30fps AF MIPI M\u00f4-\u0111un camera gi\u00e1m s\u00e1t"},"content":{"rendered":"<p style=\"line-height: 2em;\"><span style=\"color: #1E1F24; text-align: justify; font-family: arial, helvetica, sans-serif; font-size: 16px;\">M\u00f4-\u0111un camera gi\u00e1m s\u00e1t MIPI AF 13MP OV13850 4K 30fps OEM l\u00e0 m\u00f4-\u0111un camera hi\u1ec7u su\u1ea5t cao \u0111\u01b0\u1ee3c thi\u1ebft k\u1ebf cho nhi\u1ec1u \u1ee9ng d\u1ee5ng, bao g\u1ed3m gi\u00e1m s\u00e1t, \u00f4 t\u00f4 v\u00e0 t\u1ef1 \u0111\u1ed9ng h\u00f3a c\u00f4ng nghi\u1ec7p. M\u00f4-\u0111un n\u00e0y c\u00f3 c\u1ea3m bi\u1ebfn OV13850 13 megapixel h\u1ed7 tr\u1ee3 video 4K \u1edf t\u1ed1c \u0111\u1ed9 30 khung h\u00ecnh\/gi\u00e2y, cung c\u1ea5p h\u00ecnh \u1ea3nh c\u00f3 \u0111\u1ed9 ph\u00e2n gi\u1ea3i cao v\u00e0 chi ti\u1ebft. Kh\u1ea3 n\u0103ng l\u1ea5y n\u00e9t t\u1ef1 \u0111\u1ed9ng (AF) c\u1ee7a m\u00f4-\u0111un \u0111\u1ea3m b\u1ea3o h\u00ecnh \u1ea3nh s\u1eafc n\u00e9t v\u00e0 r\u00f5 r\u00e0ng, trong khi giao di\u1ec7n MIPI \u0111\u1ea3m b\u1ea3o truy\u1ec1n d\u1eef li\u1ec7u \u0111\u00e1ng tin c\u1eady \u0111\u1ec3 gi\u00e1m s\u00e1t v\u00e0 ghi h\u00ecnh theo th\u1eddi gian th\u1ef1c. K\u00edch th\u01b0\u1edbc nh\u1ecf v\u00e0 m\u1ee9c ti\u00eau th\u1ee5 \u0111i\u1ec7n n\u0103ng th\u1ea5p gi\u00fap m\u00f4-\u0111un n\u00e0y ph\u00f9 h\u1ee3p \u0111\u1ec3 t\u00edch h\u1ee3p v\u00e0o nhi\u1ec1u h\u1ec7 th\u1ed1ng nh\u00fang kh\u00e1c nhau.<\/span><\/p>\n<p style=\"line-height: 2em;\"><img decoding=\"async\" src=\"\/wp-content\/uploads\/image\/20230817\/1692256047310835.jpg\" title=\"1692256047310835.jpg\" alt=\"1.jpg\"\/><img decoding=\"async\" src=\"\/wp-content\/uploads\/image\/20230817\/1692256054380269.jpg\" title=\"1692256054380269.jpg\" alt=\"2.jpg\"\/><img decoding=\"async\" src=\"\/wp-content\/uploads\/image\/20230817\/1692256058974043.jpg\" title=\"1692256058974043.jpg\" alt=\"3.jpg\"\/><\/p>\n<p style=\"line-height: 2em;\"><img decoding=\"async\" src=\"\/wp-content\/uploads\/image\/20230817\/1692256077470428.jpg\" title=\"1692256077470428.jpg\" alt=\"DGZX-AA058A831M14-78 Support OEM 13MP OV13850 4K 30fps AF MIPI Monitoring Camera Module\u63d2\u56fe3\" \/><\/p>\n<p style=\"line-height: 2em;\"><img decoding=\"async\" src=\"\/wp-content\/uploads\/image\/20230817\/1692256077422005.png\" title=\"1692256077422005.png\" alt=\"DGZX-AA058A831M14-78 Support OEM 13MP OV13850 4K 30fps AF MIPI Monitoring Camera Module\u63d2\u56fe4\" \/><\/p>\n<p style=\"line-height: 2em;\"><img decoding=\"async\" src=\"\/wp-content\/uploads\/image\/20230817\/1692256077451973.png\" title=\"1692256077451973.png\" alt=\"DGZX-AA058A831M14-78 Support OEM 13MP OV13850 4K 30fps AF MIPI Monitoring Camera Module\u63d2\u56fe5\" \/><\/p>\n<p style=\"line-height: 2em;\"><img decoding=\"async\" src=\"\/wp-content\/uploads\/image\/20230817\/1692256078487663.png\" title=\"1692256078487663.png\" alt=\"DGZX-AA058A831M14-78 Support OEM 13MP OV13850 4K 30fps AF MIPI Monitoring Camera Module\u63d2\u56fe6\" \/><\/p>\n<p><\/p>","protected":false},"excerpt":{"rendered":"<p>M\u00f4-\u0111un camera gi\u00e1m s\u00e1t MIPI AF 13MP OV13850 4K 30fps OEM l\u00e0 m\u00f4-\u0111un camera hi\u1ec7u su\u1ea5t cao \u0111\u01b0\u1ee3c thi\u1ebft k\u1ebf cho nhi\u1ec1u \u1ee9ng d\u1ee5ng, bao g\u1ed3m gi\u00e1m s\u00e1t, \u00f4 t\u00f4 v\u00e0 t\u1ef1 \u0111\u1ed9ng h\u00f3a c\u00f4ng nghi\u1ec7p. M\u00f4-\u0111un n\u00e0y c\u00f3 c\u1ea3m bi\u1ebfn OV13850 13 megapixel h\u1ed7 tr\u1ee3 video 4K \u1edf t\u1ed1c \u0111\u1ed9 30 khung h\u00ecnh\/gi\u00e2y, cung c\u1ea5p h\u00ecnh \u1ea3nh c\u00f3 \u0111\u1ed9 ph\u00e2n gi\u1ea3i cao v\u00e0 chi ti\u1ebft. Kh\u1ea3 n\u0103ng l\u1ea5y n\u00e9t t\u1ef1 \u0111\u1ed9ng (AF) c\u1ee7a m\u00f4-\u0111un \u0111\u1ea3m b\u1ea3o h\u00ecnh \u1ea3nh s\u1eafc n\u00e9t v\u00e0 r\u00f5 r\u00e0ng, trong khi giao di\u1ec7n MIPI \u0111\u1ea3m b\u1ea3o truy\u1ec1n d\u1eef li\u1ec7u \u0111\u00e1ng tin c\u1eady \u0111\u1ec3 gi\u00e1m s\u00e1t v\u00e0 ghi h\u00ecnh theo th\u1eddi gian th\u1ef1c. K\u00edch th\u01b0\u1edbc nh\u1ecf v\u00e0 m\u1ee9c ti\u00eau th\u1ee5 \u0111i\u1ec7n n\u0103ng th\u1ea5p gi\u00fap m\u00f4-\u0111un n\u00e0y ph\u00f9 h\u1ee3p \u0111\u1ec3 t\u00edch h\u1ee3p v\u00e0o nhi\u1ec1u h\u1ec7 th\u1ed1ng nh\u00fang kh\u00e1c nhau.<\/p>","protected":false},"featured_media":12108,"comment_status":"closed","ping_status":"closed","template":"","meta":{"_eb_attr":""},"product_cat":[312],"product_tag":[553,554,555,473,463,121],"class_list":{"0":"post-12104","1":"product","2":"type-product","3":"status-publish","4":"has-post-thumbnail","6":"product_cat-mipi-camera-module","7":"product_tag-monitoring-camera-module","8":"product_tag-ov13850","9":"product_tag-13mp","10":"product_tag-mipi","11":"product_tag-30fps","12":"product_tag-4k","13":"pa_resolution-13mp-4k-camera-module","15":"first","16":"instock","17":"shipping-taxable","18":"product-type-simple"},"_links":{"self":[{"href":"https:\/\/dgzx.hk\/vi\/wp-json\/wp\/v2\/product\/12104","targetHints":{"allow":["GET"]}}],"collection":[{"href":"https:\/\/dgzx.hk\/vi\/wp-json\/wp\/v2\/product"}],"about":[{"href":"https:\/\/dgzx.hk\/vi\/wp-json\/wp\/v2\/types\/product"}],"replies":[{"embeddable":true,"href":"https:\/\/dgzx.hk\/vi\/wp-json\/wp\/v2\/comments?post=12104"}],"version-history":[{"count":0,"href":"https:\/\/dgzx.hk\/vi\/wp-json\/wp\/v2\/product\/12104\/revisions"}],"wp:featuredmedia":[{"embeddable":true,"href":"https:\/\/dgzx.hk\/vi\/wp-json\/wp\/v2\/media\/12108"}],"wp:attachment":[{"href":"https:\/\/dgzx.hk\/vi\/wp-json\/wp\/v2\/media?parent=12104"}],"wp:term":[{"taxonomy":"product_cat","embeddable":true,"href":"https:\/\/dgzx.hk\/vi\/wp-json\/wp\/v2\/product_cat?post=12104"},{"taxonomy":"product_tag","embeddable":true,"href":"https:\/\/dgzx.hk\/vi\/wp-json\/wp\/v2\/product_tag?post=12104"}],"curies":[{"name":"wp","href":"https:\/\/api.w.org\/{rel}","templated":true}]}}