{"id":12231,"date":"2023-08-30T09:44:32","date_gmt":"2023-08-30T09:44:32","guid":{"rendered":"https:\/\/dgzx.hk?post_type=product&#038;p=12231"},"modified":"2025-03-05T11:18:38","modified_gmt":"2025-03-05T11:18:38","slug":"1-megapixel-hd-720p-60fps-h63-hdr-wdr-led-fill-light-night-vision-surveillance-camera-module","status":"publish","type":"product","link":"https:\/\/dgzx.hk\/vi\/san-pham\/1-megapixel-hd-720p-60fps-h63-hdr-wdr-led-den-chieu-sang-ban-dem-mo-dun-camera-giam-sat\/","title":{"rendered":"DGZX-AL368AHM8-30\u00d722 HDR WDR LED \u0110\u00e8n chi\u1ebfu s\u00e1ng ban \u0111\u00eam M\u00f4-\u0111un camera gi\u00e1m s\u00e1t 1 Megapixel HD 720P 60fps"},"content":{"rendered":"<p style=\"text-indent: 2em; line-height: 2em;\"><span style=\"color: #1E1F24; font-size: 16px; text-align: justify; font-family: arial, helvetica, sans-serif;\">M\u00f4-\u0111un camera gi\u00e1m s\u00e1t t\u1ea7m nh\u00ecn ban \u0111\u00eam DGZX-AL368AHM8-30\u00d722 +LED 1 Megapixel HD 720P 60fps H63 HDR WDR LED Fill Light l\u00e0 m\u00f4-\u0111un camera gi\u00e1m s\u00e1t hi\u1ec7u su\u1ea5t cao v\u1edbi \u0111\u1ed9 ph\u00e2n gi\u1ea3i HD 720P 1 Megapixel v\u00e0 t\u1ed1c \u0111\u1ed9 ch\u1ee5p 60 khung h\u00ecnh\/gi\u00e2y. N\u00f3 h\u1ed7 tr\u1ee3 c\u00f4ng ngh\u1ec7 H63 HDR v\u00e0 WDR \u0111\u1ec3 c\u1ea3i thi\u1ec7n ch\u1ea5t l\u01b0\u1ee3ng h\u00ecnh \u1ea3nh trong nhi\u1ec1u \u0111i\u1ec1u ki\u1ec7n \u00e1nh s\u00e1ng kh\u00e1c nhau. M\u00f4-\u0111un n\u00e0y c\u0169ng c\u00f3 \u0111\u00e8n LED fill light v\u00e0 kh\u1ea3 n\u0103ng nh\u00ecn ban \u0111\u00eam \u0111\u1ec3 t\u0103ng c\u01b0\u1eddng gi\u00e1m s\u00e1t trong m\u00f4i tr\u01b0\u1eddng thi\u1ebfu s\u00e1ng. M\u00f4-\u0111un camera gi\u00e1m s\u00e1t t\u1ea7m nh\u00ecn ban \u0111\u00eam DGZX-AL368AHM8-30\u00d722 +LED 1 Megapixel HD 720P 60fps H63 HDR WDR LED Fill Light ph\u00f9 h\u1ee3p cho nhi\u1ec1u \u1ee9ng d\u1ee5ng an ninh v\u00e0 gi\u00e1m s\u00e1t kh\u00e1c nhau.<\/span><img decoding=\"async\" src=\"\/wp-content\/uploads\/image\/20230830\/1693388629560536.jpg\" title=\"1693388629560536.jpg\" alt=\"1.jpg\"\/><\/p>\n<p style=\"text-indent: 2em; line-height: 2em;\"><img decoding=\"async\" src=\"\/wp-content\/uploads\/image\/20230830\/1693388636722676.jpg\" title=\"1693388636722676.jpg\" alt=\"2.jpg\"\/><img decoding=\"async\" src=\"\/wp-content\/uploads\/image\/20230830\/1693388640328466.jpg\" title=\"1693388640328466.jpg\" alt=\"3.jpg\"\/><img decoding=\"async\" src=\"\/wp-content\/uploads\/image\/20230830\/1693388645719408.jpg\" title=\"1693388645719408.jpg\" alt=\"4.jpg\"\/><img decoding=\"async\" src=\"\/wp-content\/uploads\/image\/20230830\/1693388652125326.jpg\" title=\"1693388652125326.jpg\" alt=\"5.jpg\"\/><img decoding=\"async\" src=\"\/wp-content\/uploads\/image\/20230830\/1693388659689919.jpg\" title=\"1693388659689919.jpg\" alt=\"6.jpg\"\/><\/p>\n<p style=\"text-indent: 2em; line-height: 2em;\"><img decoding=\"async\" src=\"\/wp-content\/uploads\/image\/20230830\/1693388666568818.jpg\" title=\"1693388666568818.jpg\" alt=\"DGZX-AL368AHM8-30&#215;22 HDR WDR LED Fill Light Night Vision Surveillance Camera Module 1 Megapixel HD 720P 60fps\u63d2\u56fe6\" \/><\/p>\n<p style=\"text-indent: 2em; line-height: 2em;\"><img decoding=\"async\" src=\"\/wp-content\/uploads\/image\/20230830\/1693388667658023.png\" title=\"1693388667658023.png\" alt=\"DGZX-AL368AHM8-30&#215;22 HDR WDR LED Fill Light Night Vision Surveillance Camera Module 1 Megapixel HD 720P 60fps\u63d2\u56fe7\" \/><\/p>\n<p style=\"text-indent: 2em; line-height: 2em;\"><img decoding=\"async\" src=\"\/wp-content\/uploads\/image\/20230830\/1693388667376150.png\" title=\"1693388667376150.png\" alt=\"DGZX-AL368AHM8-30&#215;22 HDR WDR LED Fill Light Night Vision Surveillance Camera Module 1 Megapixel HD 720P 60fps\u63d2\u56fe8\" \/><\/p>\n<p style=\"text-indent: 2em; line-height: 2em;\"><img decoding=\"async\" src=\"\/wp-content\/uploads\/image\/20230830\/1693388667345132.png\" title=\"1693388667345132.png\" alt=\"DGZX-AL368AHM8-30&#215;22 HDR WDR LED Fill Light Night Vision Surveillance Camera Module 1 Megapixel HD 720P 60fps\u63d2\u56fe9\" \/><\/p>\n<p><\/p>","protected":false},"excerpt":{"rendered":"<p>M\u00f4-\u0111un camera gi\u00e1m s\u00e1t t\u1ea7m nh\u00ecn ban \u0111\u00eam DGZX-AL368AHM8-30\u00d722 +LED 1 Megapixel HD 720P 60fps H63 HDR WDR LED Fill Light l\u00e0 m\u00f4-\u0111un camera gi\u00e1m s\u00e1t hi\u1ec7u su\u1ea5t cao v\u1edbi \u0111\u1ed9 ph\u00e2n gi\u1ea3i HD 720P 1 Megapixel v\u00e0 t\u1ed1c \u0111\u1ed9 ch\u1ee5p 60 khung h\u00ecnh\/gi\u00e2y. N\u00f3 h\u1ed7 tr\u1ee3 c\u00f4ng ngh\u1ec7 H63 HDR v\u00e0 WDR \u0111\u1ec3 c\u1ea3i thi\u1ec7n ch\u1ea5t l\u01b0\u1ee3ng h\u00ecnh \u1ea3nh trong nhi\u1ec1u \u0111i\u1ec1u ki\u1ec7n \u00e1nh s\u00e1ng kh\u00e1c nhau. M\u00f4-\u0111un n\u00e0y c\u0169ng c\u00f3 \u0111\u00e8n LED fill light v\u00e0 kh\u1ea3 n\u0103ng nh\u00ecn ban \u0111\u00eam \u0111\u1ec3 t\u0103ng c\u01b0\u1eddng gi\u00e1m s\u00e1t trong m\u00f4i tr\u01b0\u1eddng thi\u1ebfu s\u00e1ng. M\u00f4-\u0111un camera gi\u00e1m s\u00e1t t\u1ea7m nh\u00ecn ban \u0111\u00eam DGZX-AL368AHM8-30\u00d722 +LED 1 Megapixel HD 720P 60fps H63 HDR WDR LED Fill Light ph\u00f9 h\u1ee3p cho nhi\u1ec1u \u1ee9ng d\u1ee5ng an ninh v\u00e0 gi\u00e1m s\u00e1t kh\u00e1c nhau.<\/p>","protected":false},"featured_media":12232,"comment_status":"closed","ping_status":"closed","template":"","meta":{"_eb_attr":""},"product_cat":[312],"product_tag":[468,469,470,471],"class_list":{"0":"post-12231","1":"product","2":"type-product","3":"status-publish","4":"has-post-thumbnail","6":"product_cat-mipi-camera-module","7":"product_tag-hdr","8":"product_tag-wdr","9":"product_tag-led-fill-light-night","10":"product_tag-vision-surveillance","11":"pa_resolution-1mp-camera-module-2","13":"first","14":"instock","15":"shipping-taxable","16":"product-type-simple"},"_links":{"self":[{"href":"https:\/\/dgzx.hk\/vi\/wp-json\/wp\/v2\/product\/12231","targetHints":{"allow":["GET"]}}],"collection":[{"href":"https:\/\/dgzx.hk\/vi\/wp-json\/wp\/v2\/product"}],"about":[{"href":"https:\/\/dgzx.hk\/vi\/wp-json\/wp\/v2\/types\/product"}],"replies":[{"embeddable":true,"href":"https:\/\/dgzx.hk\/vi\/wp-json\/wp\/v2\/comments?post=12231"}],"version-history":[{"count":0,"href":"https:\/\/dgzx.hk\/vi\/wp-json\/wp\/v2\/product\/12231\/revisions"}],"wp:featuredmedia":[{"embeddable":true,"href":"https:\/\/dgzx.hk\/vi\/wp-json\/wp\/v2\/media\/12232"}],"wp:attachment":[{"href":"https:\/\/dgzx.hk\/vi\/wp-json\/wp\/v2\/media?parent=12231"}],"wp:term":[{"taxonomy":"product_cat","embeddable":true,"href":"https:\/\/dgzx.hk\/vi\/wp-json\/wp\/v2\/product_cat?post=12231"},{"taxonomy":"product_tag","embeddable":true,"href":"https:\/\/dgzx.hk\/vi\/wp-json\/wp\/v2\/product_tag?post=12231"}],"curies":[{"name":"wp","href":"https:\/\/api.w.org\/{rel}","templated":true}]}}