{"id":12238,"date":"2023-08-30T09:57:55","date_gmt":"2023-08-30T09:57:55","guid":{"rendered":"https:\/\/dgzx.hk?post_type=product&#038;p=12238"},"modified":"2025-03-05T11:19:21","modified_gmt":"2025-03-05T11:19:21","slug":"for-samsung-s5k3p9-ultra-hd-16mp-autofocus-wdr-surveillance-smartphone-tablet-camera-module","status":"publish","type":"product","link":"https:\/\/dgzx.hk\/vi\/san-pham\/cho-samsung-s5k3p9-ultra-hd-16mp-tu-dong-lay-net-wdr-giam-sat-dien-thoai-thong-minh-may-tinh-bang-camera-module\/","title":{"rendered":"M\u00f4-\u0111un camera DGZX-AM9P8A3M1-17 Samsung S5K3P9 ph\u00f9 h\u1ee3p \u0111\u1ec3 theo d\u00f5i \u0111i\u1ec7n tho\u1ea1i th\u00f4ng minh m\u00e1y t\u00ednh b\u1ea3ng si\u00eau HD 16MP t\u1ef1 \u0111\u1ed9ng l\u1ea5y n\u00e9t"},"content":{"rendered":"<p><span style=\"color: #1E1F24; text-align: justify; font-size: 16px; font-family: arial, helvetica, sans-serif;\">M\u00f4-\u0111un camera DGZX-AM9P8A3M1-17 Samsung S5K3P9 l\u00e0 gi\u1ea3i ph\u00e1p h\u00ecnh \u1ea3nh hi\u1ec7u su\u1ea5t cao \u0111\u01b0\u1ee3c thi\u1ebft k\u1ebf \u0111\u1ec3 gi\u00e1m s\u00e1t c\u00e1c \u1ee9ng d\u1ee5ng \u0111i\u1ec7n tho\u1ea1i th\u00f4ng minh v\u00e0 m\u00e1y t\u00ednh b\u1ea3ng. N\u00f3 c\u00f3 kh\u1ea3 n\u0103ng l\u1ea5y n\u00e9t t\u1ef1 \u0111\u1ed9ng si\u00eau HD 16MP, cho ph\u00e9p ch\u1ee5p \u1ea3nh r\u00f5 n\u00e9t v\u00e0 chi ti\u1ebft. M\u00f4-\u0111un cung c\u1ea5p h\u00ecnh \u1ea3nh ch\u1ea5t l\u01b0\u1ee3ng cao v\u00e0 ph\u00f9 h\u1ee3p v\u1edbi nhi\u1ec1u \u1ee9ng d\u1ee5ng kh\u00e1c nhau nh\u01b0 gi\u00e1m s\u00e1t, an ninh v\u00e0 h\u00ecnh \u1ea3nh m\u1ee5c \u0111\u00edch chung. M\u00f4-\u0111un camera DGZX-AM9P8A3M1-17 Samsung S5K3P9 l\u00e0 gi\u1ea3i ph\u00e1p ti\u1ebft ki\u1ec7m chi ph\u00ed cho c\u00e1c y\u00eau c\u1ea7u v\u1ec1 h\u00ecnh \u1ea3nh c\u00f3 \u0111\u1ed9 ph\u00e2n gi\u1ea3i cao v\u00e0 l\u1ea5y n\u00e9t t\u1ef1 \u0111\u1ed9ng.<\/span><\/p>\n<p style=\"text-align: center;\"><img decoding=\"async\" src=\"\/wp-content\/uploads\/image\/20230830\/1693389392411449.jpg\" title=\"1693389392411449.jpg\" alt=\"1.jpg\"\/><img decoding=\"async\" src=\"\/wp-content\/uploads\/image\/20230830\/1693389396426586.jpg\" title=\"1693389396426586.jpg\" alt=\"2.jpg\"\/><img decoding=\"async\" src=\"\/wp-content\/uploads\/image\/20230830\/1693389401291668.jpg\" title=\"1693389401291668.jpg\" alt=\"3.jpg\"\/><img decoding=\"async\" src=\"\/wp-content\/uploads\/image\/20230830\/1693389405116182.jpg\" title=\"1693389405116182.jpg\" alt=\"4.jpg\"\/><\/p>\n<p><img decoding=\"async\" src=\"\/wp-content\/uploads\/image\/20230830\/1693389418885854.jpg\" title=\"1693389418885854.jpg\" alt=\"DGZX-AM9P8A3M1-17 Samsung S5K3P9 camera module is suitable for monitoring smart phone tablet ultra HD 16MP autofocus\u63d2\u56fe4\" \/><\/p>\n<p><img decoding=\"async\" src=\"\/wp-content\/uploads\/image\/20230830\/1693389418432930.png\" title=\"1693389418432930.png\" alt=\"DGZX-AM9P8A3M1-17 Samsung S5K3P9 camera module is suitable for monitoring smart phone tablet ultra HD 16MP autofocus\u63d2\u56fe5\" \/><\/p>\n<p><img decoding=\"async\" src=\"\/wp-content\/uploads\/image\/20230830\/1693389418314415.png\" title=\"1693389418314415.png\" alt=\"DGZX-AM9P8A3M1-17 Samsung S5K3P9 camera module is suitable for monitoring smart phone tablet ultra HD 16MP autofocus\u63d2\u56fe6\" \/><\/p>\n<p><img decoding=\"async\" src=\"\/wp-content\/uploads\/image\/20230830\/1693389418415713.png\" title=\"1693389418415713.png\" alt=\"DGZX-AM9P8A3M1-17 Samsung S5K3P9 camera module is suitable for monitoring smart phone tablet ultra HD 16MP autofocus\u63d2\u56fe7\" \/><\/p>\n<p><\/p>","protected":false},"excerpt":{"rendered":"<p>M\u00f4-\u0111un camera DGZX-AM9P8A3M1-17 Samsung S5K3P9 l\u00e0 gi\u1ea3i ph\u00e1p h\u00ecnh \u1ea3nh hi\u1ec7u su\u1ea5t cao \u0111\u01b0\u1ee3c thi\u1ebft k\u1ebf \u0111\u1ec3 gi\u00e1m s\u00e1t c\u00e1c \u1ee9ng d\u1ee5ng \u0111i\u1ec7n tho\u1ea1i th\u00f4ng minh v\u00e0 m\u00e1y t\u00ednh b\u1ea3ng. N\u00f3 c\u00f3 kh\u1ea3 n\u0103ng l\u1ea5y n\u00e9t t\u1ef1 \u0111\u1ed9ng si\u00eau HD 16MP, cho ph\u00e9p ch\u1ee5p \u1ea3nh r\u00f5 n\u00e9t v\u00e0 chi ti\u1ebft. M\u00f4-\u0111un cung c\u1ea5p h\u00ecnh \u1ea3nh ch\u1ea5t l\u01b0\u1ee3ng cao v\u00e0 ph\u00f9 h\u1ee3p v\u1edbi nhi\u1ec1u \u1ee9ng d\u1ee5ng kh\u00e1c nhau nh\u01b0 gi\u00e1m s\u00e1t, an ninh v\u00e0 h\u00ecnh \u1ea3nh m\u1ee5c \u0111\u00edch chung. M\u00f4-\u0111un camera DGZX-AM9P8A3M1-17 Samsung S5K3P9 l\u00e0 gi\u1ea3i ph\u00e1p ti\u1ebft ki\u1ec7m chi ph\u00ed cho c\u00e1c y\u00eau c\u1ea7u v\u1ec1 h\u00ecnh \u1ea3nh c\u00f3 \u0111\u1ed9 ph\u00e2n gi\u1ea3i cao v\u00e0 l\u1ea5y n\u00e9t t\u1ef1 \u0111\u1ed9ng.<\/p>","protected":false},"featured_media":12244,"comment_status":"closed","ping_status":"closed","template":"","meta":{"_eb_attr":""},"product_cat":[312],"product_tag":[472,473],"class_list":{"0":"post-12238","1":"product","2":"type-product","3":"status-publish","4":"has-post-thumbnail","6":"product_cat-mipi-camera-module","7":"product_tag-s5k3p9","8":"product_tag-mipi","9":"pa_resolution-16mp-4k-camera-module","11":"first","12":"instock","13":"shipping-taxable","14":"product-type-simple"},"_links":{"self":[{"href":"https:\/\/dgzx.hk\/vi\/wp-json\/wp\/v2\/product\/12238","targetHints":{"allow":["GET"]}}],"collection":[{"href":"https:\/\/dgzx.hk\/vi\/wp-json\/wp\/v2\/product"}],"about":[{"href":"https:\/\/dgzx.hk\/vi\/wp-json\/wp\/v2\/types\/product"}],"replies":[{"embeddable":true,"href":"https:\/\/dgzx.hk\/vi\/wp-json\/wp\/v2\/comments?post=12238"}],"version-history":[{"count":0,"href":"https:\/\/dgzx.hk\/vi\/wp-json\/wp\/v2\/product\/12238\/revisions"}],"wp:featuredmedia":[{"embeddable":true,"href":"https:\/\/dgzx.hk\/vi\/wp-json\/wp\/v2\/media\/12244"}],"wp:attachment":[{"href":"https:\/\/dgzx.hk\/vi\/wp-json\/wp\/v2\/media?parent=12238"}],"wp:term":[{"taxonomy":"product_cat","embeddable":true,"href":"https:\/\/dgzx.hk\/vi\/wp-json\/wp\/v2\/product_cat?post=12238"},{"taxonomy":"product_tag","embeddable":true,"href":"https:\/\/dgzx.hk\/vi\/wp-json\/wp\/v2\/product_tag?post=12238"}],"curies":[{"name":"wp","href":"https:\/\/api.w.org\/{rel}","templated":true}]}}