{"id":12324,"date":"2023-09-10T07:14:03","date_gmt":"2023-09-10T07:14:03","guid":{"rendered":"https:\/\/dgzx.hk?post_type=product&#038;p=12324"},"modified":"2025-03-05T11:20:43","modified_gmt":"2025-03-05T11:20:43","slug":"dgzx-al368ahm8-30x22-led-with-led-h63-cmos-sensor-wdr-mipi-camera-module-1mp-720p-60fps","status":"publish","type":"product","link":"https:\/\/dgzx.hk\/vi\/san-pham\/dgzx-al368ahm8-30x22-led-voi-cam-bien-led-h63-cmos-module-camera-wdr-mipi-1mp-720p-60fps\/","title":{"rendered":"DGZX-AL368AHM8-30\u00d722 +LED v\u1edbi c\u1ea3m bi\u1ebfn CMOS H63 LED WDR MIPI Module Camera 1MP 720P 60fps"},"content":{"rendered":"<p style=\"line-height: 2em;\"><span style=\"color: #1E1F24; text-align: justify; font-size: 16px; font-family: arial, helvetica, sans-serif;\">M\u00f4-\u0111un camera WDR MIPI c\u1ea3m bi\u1ebfn CMOS LED H63 DGZX-AL368AHM8-30\u00d722+LED l\u00e0 gi\u1ea3i ph\u00e1p h\u00ecnh \u1ea3nh hi\u1ec7u su\u1ea5t cao \u0111\u01b0\u1ee3c thi\u1ebft k\u1ebf cho nhi\u1ec1u \u1ee9ng d\u1ee5ng kh\u00e1c nhau nh\u01b0 gi\u00e1m s\u00e1t, an ninh v\u00e0 h\u00ecnh \u1ea3nh m\u1ee5c \u0111\u00edch chung. N\u00f3 c\u00f3 \u0111\u1ed9 ph\u00e2n gi\u1ea3i c\u1ea3m bi\u1ebfn 1MP v\u00e0 h\u1ed7 tr\u1ee3 ghi h\u00ecnh 720P 60fps \u0111\u1ec3 c\u00f3 video r\u00f5 n\u00e9t v\u00e0 m\u01b0\u1ee3t m\u00e0. M\u00f4-\u0111un \u0111i k\u00e8m v\u1edbi \u0111\u00e8n LED cho c\u00e1c t\u00ecnh hu\u1ed1ng thi\u1ebfu s\u00e1ng v\u00e0 c\u00f3 d\u1ea3i \u0111\u1ed9ng r\u1ed9ng (WDR) \u0111\u1ec3 ch\u1ee5p \u1ea3nh v\u1edbi \u0111\u1ed9 chi ti\u1ebft v\u00e0 \u0111\u1ed9 t\u01b0\u01a1ng ph\u1ea3n tuy\u1ec7t v\u1eddi. M\u00f4-\u0111un camera WDR MIPI c\u1ea3m bi\u1ebfn CMOS LED H63 DGZX-AL368AHM8-30\u00d722+LED cung c\u1ea5p h\u00ecnh \u1ea3nh ch\u1ea5t l\u01b0\u1ee3ng cao v\u00e0 l\u00e0 gi\u1ea3i ph\u00e1p ti\u1ebft ki\u1ec7m chi ph\u00ed cho c\u00e1c y\u00eau c\u1ea7u v\u1ec1 \u0111\u1ed9 ph\u00e2n gi\u1ea3i cao v\u00e0 d\u1ea3i \u0111\u1ed9ng r\u1ed9ng.<\/span><span style=\"font-family: inherit; font-size: inherit; font-style: inherit; font-variant-ligatures: inherit; font-variant-caps: inherit; font-weight: inherit;\"><img decoding=\"async\" src=\"\/wp-content\/uploads\/image\/20230826\/1693043243299350.jpg\" title=\"1693043243299350.jpg\" alt=\"1.jpg\"\/><img decoding=\"async\" src=\"\/wp-content\/uploads\/image\/20230826\/1693043247876963.jpg\" title=\"1693043247876963.jpg\" alt=\"2.jpg\"\/><img decoding=\"async\" src=\"\/wp-content\/uploads\/image\/20230826\/1693043251662353.jpg\" title=\"1693043251662353.jpg\" alt=\"3.jpg\"\/><img decoding=\"async\" src=\"\/wp-content\/uploads\/image\/20230826\/1693043255873461.jpg\" title=\"1693043255873461.jpg\" alt=\"4.jpg\"\/><img decoding=\"async\" src=\"\/wp-content\/uploads\/image\/20230826\/1693043259920826.jpg\" title=\"1693043259920826.jpg\" alt=\"5.jpg\"\/><img decoding=\"async\" src=\"\/wp-content\/uploads\/image\/20230826\/1693043263108781.jpg\" title=\"1693043263108781.jpg\" alt=\"6.jpg\"\/><\/span><\/p>\n<p><span style=\"font-family: inherit; font-size: inherit; font-style: inherit; font-variant-ligatures: inherit; font-variant-caps: inherit; font-weight: inherit;\"><\/span><\/p>\n<p><img decoding=\"async\" src=\"\/wp-content\/uploads\/image\/20230826\/1693043276279384.jpg\" title=\"1693043276279384.jpg\" alt=\"DGZX-AL368AHM8-30&#215;22 +LED with led  H63 CMOS sensor WDR MIPI  Camera Module 1MP 720P 60fps\u63d2\u56fe6\" \/><\/p>\n<p><img decoding=\"async\" src=\"\/wp-content\/uploads\/image\/20230826\/1693043276417184.png\" title=\"1693043276417184.png\" alt=\"DGZX-AL368AHM8-30&#215;22 +LED with led  H63 CMOS sensor WDR MIPI  Camera Module 1MP 720P 60fps\u63d2\u56fe7\" \/><\/p>\n<p><img decoding=\"async\" src=\"\/wp-content\/uploads\/image\/20230826\/1693043277623366.png\" title=\"1693043277623366.png\" alt=\"DGZX-AL368AHM8-30&#215;22 +LED with led  H63 CMOS sensor WDR MIPI  Camera Module 1MP 720P 60fps\u63d2\u56fe8\" \/><\/p>\n<p><img decoding=\"async\" src=\"\/wp-content\/uploads\/image\/20230826\/1693043277116006.png\" title=\"1693043277116006.png\" alt=\"DGZX-AL368AHM8-30&#215;22 +LED with led  H63 CMOS sensor WDR MIPI  Camera Module 1MP 720P 60fps\u63d2\u56fe9\" \/><\/p>\n<p><span style=\"font-family: inherit; font-size: inherit; font-style: inherit; font-variant-ligatures: inherit; font-variant-caps: inherit; font-weight: inherit;\"><br \/><\/span><\/p>\n<p><span style=\"font-family: inherit; font-size: inherit; font-style: inherit; font-variant-ligatures: inherit; font-variant-caps: inherit; font-weight: inherit;\"><br \/><\/span><\/p>\n<p><\/p>","protected":false},"excerpt":{"rendered":"<p>M\u00f4-\u0111un camera WDR MIPI c\u1ea3m bi\u1ebfn CMOS LED H63 DGZX-AL368AHM8-30\u00d722+LED l\u00e0 gi\u1ea3i ph\u00e1p h\u00ecnh \u1ea3nh hi\u1ec7u su\u1ea5t cao \u0111\u01b0\u1ee3c thi\u1ebft k\u1ebf cho nhi\u1ec1u \u1ee9ng d\u1ee5ng kh\u00e1c nhau nh\u01b0 gi\u00e1m s\u00e1t, an ninh v\u00e0 h\u00ecnh \u1ea3nh m\u1ee5c \u0111\u00edch chung. N\u00f3 c\u00f3 \u0111\u1ed9 ph\u00e2n gi\u1ea3i c\u1ea3m bi\u1ebfn 1MP v\u00e0 h\u1ed7 tr\u1ee3 ghi h\u00ecnh 720P 60fps \u0111\u1ec3 c\u00f3 video r\u00f5 n\u00e9t v\u00e0 m\u01b0\u1ee3t m\u00e0. M\u00f4-\u0111un \u0111i k\u00e8m v\u1edbi \u0111\u00e8n LED cho c\u00e1c t\u00ecnh hu\u1ed1ng thi\u1ebfu s\u00e1ng v\u00e0 c\u00f3 d\u1ea3i \u0111\u1ed9ng r\u1ed9ng (WDR) \u0111\u1ec3 ch\u1ee5p \u1ea3nh v\u1edbi \u0111\u1ed9 chi ti\u1ebft v\u00e0 \u0111\u1ed9 t\u01b0\u01a1ng ph\u1ea3n tuy\u1ec7t v\u1eddi. M\u00f4-\u0111un camera WDR MIPI c\u1ea3m bi\u1ebfn CMOS LED H63 DGZX-AL368AHM8-30\u00d722+LED cung c\u1ea5p h\u00ecnh \u1ea3nh ch\u1ea5t l\u01b0\u1ee3ng cao v\u00e0 l\u00e0 gi\u1ea3i ph\u00e1p ti\u1ebft ki\u1ec7m chi ph\u00ed cho c\u00e1c y\u00eau c\u1ea7u v\u1ec1 \u0111\u1ed9 ph\u00e2n gi\u1ea3i cao v\u00e0 d\u1ea3i \u0111\u1ed9ng r\u1ed9ng.<\/p>","protected":false},"featured_media":12199,"comment_status":"closed","ping_status":"closed","template":"","meta":{"_eb_attr":""},"product_cat":[312],"product_tag":[481,482,473],"class_list":{"0":"post-12324","1":"product","2":"type-product","3":"status-publish","4":"has-post-thumbnail","6":"product_cat-mipi-camera-module","7":"product_tag-jx-h63","8":"product_tag-1mp","9":"product_tag-mipi","10":"pa_resolution-1mp-camera-module-2","12":"first","13":"instock","14":"shipping-taxable","15":"product-type-simple"},"_links":{"self":[{"href":"https:\/\/dgzx.hk\/vi\/wp-json\/wp\/v2\/product\/12324","targetHints":{"allow":["GET"]}}],"collection":[{"href":"https:\/\/dgzx.hk\/vi\/wp-json\/wp\/v2\/product"}],"about":[{"href":"https:\/\/dgzx.hk\/vi\/wp-json\/wp\/v2\/types\/product"}],"replies":[{"embeddable":true,"href":"https:\/\/dgzx.hk\/vi\/wp-json\/wp\/v2\/comments?post=12324"}],"version-history":[{"count":0,"href":"https:\/\/dgzx.hk\/vi\/wp-json\/wp\/v2\/product\/12324\/revisions"}],"wp:featuredmedia":[{"embeddable":true,"href":"https:\/\/dgzx.hk\/vi\/wp-json\/wp\/v2\/media\/12199"}],"wp:attachment":[{"href":"https:\/\/dgzx.hk\/vi\/wp-json\/wp\/v2\/media?parent=12324"}],"wp:term":[{"taxonomy":"product_cat","embeddable":true,"href":"https:\/\/dgzx.hk\/vi\/wp-json\/wp\/v2\/product_cat?post=12324"},{"taxonomy":"product_tag","embeddable":true,"href":"https:\/\/dgzx.hk\/vi\/wp-json\/wp\/v2\/product_tag?post=12324"}],"curies":[{"name":"wp","href":"https:\/\/api.w.org\/{rel}","templated":true}]}}