{"id":12337,"date":"2023-09-12T00:06:40","date_gmt":"2023-09-12T00:06:40","guid":{"rendered":"https:\/\/dgzx.hk?post_type=product&#038;p=12337"},"modified":"2025-03-05T11:23:22","modified_gmt":"2025-03-05T11:23:22","slug":"dgzx-aa118a32m2-100-ov2311-cmos-camera-module-1080p-60fps-mipi-2-megapixel-global-shutter-sensor-for-driver-monitoring-systems","status":"publish","type":"product","link":"https:\/\/dgzx.hk\/vi\/san-pham\/dgzx-aa118a32m2-100-ov2311-mo-dun-camera-cmos-1080p-60fps-mipi-cam-bien-man-trap-toan-cau-2-megapixel-cho-he-thong-giam-sat-lai-xe\/","title":{"rendered":"DGZX-AA118A32M2-100 ov2311 m\u00f4-\u0111un camera cmos 1080p 60fps mipi c\u1ea3m bi\u1ebfn m\u00e0n tr\u1eadp to\u00e0n c\u1ea7u 2 megapixel cho h\u1ec7 th\u1ed1ng gi\u00e1m s\u00e1t l\u00e1i xe"},"content":{"rendered":"<p style=\"margin-bottom: 0px; padding: 0px; cursor: text; counter-reset: list-1 0 list-2 0 list-3 0 list-4 0 list-5 0 list-6 0 list-7 0 list-8 0 list-9 0; text-indent: 2em; line-height: 2em;\"><span style=\"font-size: 16px; font-family: arial, helvetica, sans-serif;\">M\u00f4-\u0111un camera DGZX-AA118A32M2-100 ov2311 l\u00e0 m\u00f4-\u0111un hi\u1ec7u su\u1ea5t cao \u0111\u01b0\u1ee3c thi\u1ebft k\u1ebf cho h\u1ec7 th\u1ed1ng gi\u00e1m s\u00e1t t\u00e0i x\u1ebf. N\u00f3 c\u00f3 c\u1ea3m bi\u1ebfn m\u00e0n tr\u1eadp to\u00e0n c\u1ea7u 2 megapixel, \u0111\u1ed9 ph\u00e2n gi\u1ea3i 1080p \u1edf t\u1ed1c \u0111\u1ed9 60 khung h\u00ecnh\/gi\u00e2y v\u00e0 giao di\u1ec7n MIPI. M\u00f4-\u0111un n\u00e0y ph\u00f9 h\u1ee3p \u0111\u1ec3 ch\u1ee5p \u1ea3nh r\u00f5 n\u00e9t v\u00e0 chi ti\u1ebft trong nhi\u1ec1u \u0111i\u1ec1u ki\u1ec7n \u00e1nh s\u00e1ng kh\u00e1c nhau, khi\u1ebfn n\u00f3 tr\u1edf th\u00e0nh gi\u1ea3i ph\u00e1p tuy\u1ec7t v\u1eddi \u0111\u1ec3 gi\u00e1m s\u00e1t h\u00e0nh vi v\u00e0 t\u00ecnh tr\u1ea1ng c\u1ee7a t\u00e0i x\u1ebf theo th\u1eddi gian th\u1ef1c.<\/span><\/p>\n<p style=\"margin-bottom: 0px; padding: 0px; cursor: text; counter-reset: list-1 0 list-2 0 list-3 0 list-4 0 list-5 0 list-6 0 list-7 0 list-8 0 list-9 0; line-height: 1.5;\"><img decoding=\"async\" src=\"https:\/\/overseadia.bce.baidu.com\/online\/market-business-server\/41947123\/material\/picture\/affdea5ab32fad481f7c345dcb12d9b2\" title=\"DGZX-AA118A32M2-100 ov2311 cmos camera module 1080p 60fps mipi 2 megapixel global shutter sensor for driver monitoring systems\u63d2\u56fe\" alt=\"DGZX-AA118A32M2-100 ov2311 cmos camera module 1080p 60fps mipi 2 megapixel global shutter sensor for driver monitoring systems\u63d2\u56fe\" \/><img decoding=\"async\" src=\"https:\/\/overseadia.bce.baidu.com\/online\/market-business-server\/41947123\/material\/picture\/60df0ceea74977b959e202181c78613b\" title=\"DGZX-AA118A32M2-100 ov2311 cmos camera module 1080p 60fps mipi 2 megapixel global shutter sensor for driver monitoring systems\u63d2\u56fe1\" alt=\"DGZX-AA118A32M2-100 ov2311 cmos camera module 1080p 60fps mipi 2 megapixel global shutter sensor for driver monitoring systems\u63d2\u56fe1\" \/><img decoding=\"async\" src=\"https:\/\/overseadia.bce.baidu.com\/online\/market-business-server\/41947123\/material\/picture\/3160f20ac2208f39812305d4886f859f\" title=\"DGZX-AA118A32M2-100 ov2311 cmos camera module 1080p 60fps mipi 2 megapixel global shutter sensor for driver monitoring systems\u63d2\u56fe2\" alt=\"DGZX-AA118A32M2-100 ov2311 cmos camera module 1080p 60fps mipi 2 megapixel global shutter sensor for driver monitoring systems\u63d2\u56fe2\" \/><img decoding=\"async\" src=\"https:\/\/overseadia.bce.baidu.com\/online\/market-business-server\/41947123\/material\/picture\/923c98eee06b4fd6648f87eb7de0dde4\" title=\"DGZX-AA118A32M2-100 ov2311 cmos camera module 1080p 60fps mipi 2 megapixel global shutter sensor for driver monitoring systems\u63d2\u56fe3\" alt=\"DGZX-AA118A32M2-100 ov2311 cmos camera module 1080p 60fps mipi 2 megapixel global shutter sensor for driver monitoring systems\u63d2\u56fe3\" \/><img decoding=\"async\" src=\"https:\/\/overseadia.bce.baidu.com\/online\/market-business-server\/41947123\/material\/picture\/2086e5bb9bdb12d708aa4e0f09711213\" title=\"DGZX-AA118A32M2-100 ov2311 cmos camera module 1080p 60fps mipi 2 megapixel global shutter sensor for driver monitoring systems\u63d2\u56fe4\" alt=\"DGZX-AA118A32M2-100 ov2311 cmos camera module 1080p 60fps mipi 2 megapixel global shutter sensor for driver monitoring systems\u63d2\u56fe4\" \/><img decoding=\"async\" src=\"https:\/\/overseadia.bce.baidu.com\/online\/market-business-server\/41947123\/material\/picture\/f48aceed7885d71fff047807ce063908\" title=\"DGZX-AA118A32M2-100 ov2311 cmos camera module 1080p 60fps mipi 2 megapixel global shutter sensor for driver monitoring systems\u63d2\u56fe5\" alt=\"DGZX-AA118A32M2-100 ov2311 cmos camera module 1080p 60fps mipi 2 megapixel global shutter sensor for driver monitoring systems\u63d2\u56fe5\" \/><img decoding=\"async\" src=\"https:\/\/overseadia.bce.baidu.com\/online\/market-business-server\/41947123\/material\/picture\/55ad5bc63e017584cdf23b94cd5db0d0\" title=\"DGZX-AA118A32M2-100 ov2311 cmos camera module 1080p 60fps mipi 2 megapixel global shutter sensor for driver monitoring systems\u63d2\u56fe6\" alt=\"DGZX-AA118A32M2-100 ov2311 cmos camera module 1080p 60fps mipi 2 megapixel global shutter sensor for driver monitoring systems\u63d2\u56fe6\" \/><img decoding=\"async\" src=\"https:\/\/overseadia.bce.baidu.com\/online\/market-business-server\/41947123\/material\/picture\/8d7ec5288ab29b1be212d3ac6ccaedcd\" title=\"DGZX-AA118A32M2-100 ov2311 cmos camera module 1080p 60fps mipi 2 megapixel global shutter sensor for driver monitoring systems\u63d2\u56fe7\" alt=\"DGZX-AA118A32M2-100 ov2311 cmos camera module 1080p 60fps mipi 2 megapixel global shutter sensor for driver monitoring systems\u63d2\u56fe7\" \/><img decoding=\"async\" src=\"https:\/\/overseadia.bce.baidu.com\/online\/market-business-server\/41947123\/material\/picture\/459a4ae2d4bac68bb3739e4dacacf360\" title=\"DGZX-AA118A32M2-100 ov2311 cmos camera module 1080p 60fps mipi 2 megapixel global shutter sensor for driver monitoring systems\u63d2\u56fe8\" alt=\"DGZX-AA118A32M2-100 ov2311 cmos camera module 1080p 60fps mipi 2 megapixel global shutter sensor for driver monitoring systems\u63d2\u56fe8\" \/><\/p>\n<p style=\"margin-bottom: 0px; padding: 0px; cursor: text; counter-reset: list-1 0 list-2 0 list-3 0 list-4 0 list-5 0 list-6 0 list-7 0 list-8 0 list-9 0; line-height: 1.5;\"><\/p>\n<p><\/p>","protected":false},"excerpt":{"rendered":"<p>M\u00f4-\u0111un camera DGZX-AA118A32M2-100 ov2311 l\u00e0 m\u00f4-\u0111un hi\u1ec7u su\u1ea5t cao \u0111\u01b0\u1ee3c thi\u1ebft k\u1ebf cho h\u1ec7 th\u1ed1ng gi\u00e1m s\u00e1t t\u00e0i x\u1ebf. N\u00f3 c\u00f3 c\u1ea3m bi\u1ebfn m\u00e0n tr\u1eadp to\u00e0n c\u1ea7u 2 megapixel, \u0111\u1ed9 ph\u00e2n gi\u1ea3i 1080p \u1edf t\u1ed1c \u0111\u1ed9 60 khung h\u00ecnh\/gi\u00e2y v\u00e0 giao di\u1ec7n MIPI. M\u00f4-\u0111un n\u00e0y ph\u00f9 h\u1ee3p \u0111\u1ec3 ch\u1ee5p \u1ea3nh r\u00f5 n\u00e9t v\u00e0 chi ti\u1ebft trong nhi\u1ec1u \u0111i\u1ec1u ki\u1ec7n \u00e1nh s\u00e1ng kh\u00e1c nhau, khi\u1ebfn n\u00f3 tr\u1edf th\u00e0nh gi\u1ea3i ph\u00e1p tuy\u1ec7t v\u1eddi \u0111\u1ec3 gi\u00e1m s\u00e1t h\u00e0nh vi v\u00e0 t\u00ecnh tr\u1ea1ng c\u1ee7a t\u00e0i x\u1ebf theo th\u1eddi gian th\u1ef1c.<\/p>","protected":false},"featured_media":12162,"comment_status":"closed","ping_status":"closed","template":"","meta":{"_eb_attr":""},"product_cat":[312,35],"product_tag":[490,491,473,127],"class_list":{"0":"post-12337","1":"product","2":"type-product","3":"status-publish","4":"has-post-thumbnail","6":"product_cat-mipi-camera-module","7":"product_cat-oem-camera-module","8":"product_tag-ov2311","9":"product_tag-driver-monitoring-systems","10":"product_tag-mipi","11":"product_tag-1080p","12":"pa_resolution-2mp-1080p-camera-module","14":"first","15":"instock","16":"shipping-taxable","17":"product-type-simple"},"_links":{"self":[{"href":"https:\/\/dgzx.hk\/vi\/wp-json\/wp\/v2\/product\/12337","targetHints":{"allow":["GET"]}}],"collection":[{"href":"https:\/\/dgzx.hk\/vi\/wp-json\/wp\/v2\/product"}],"about":[{"href":"https:\/\/dgzx.hk\/vi\/wp-json\/wp\/v2\/types\/product"}],"replies":[{"embeddable":true,"href":"https:\/\/dgzx.hk\/vi\/wp-json\/wp\/v2\/comments?post=12337"}],"version-history":[{"count":0,"href":"https:\/\/dgzx.hk\/vi\/wp-json\/wp\/v2\/product\/12337\/revisions"}],"wp:featuredmedia":[{"embeddable":true,"href":"https:\/\/dgzx.hk\/vi\/wp-json\/wp\/v2\/media\/12162"}],"wp:attachment":[{"href":"https:\/\/dgzx.hk\/vi\/wp-json\/wp\/v2\/media?parent=12337"}],"wp:term":[{"taxonomy":"product_cat","embeddable":true,"href":"https:\/\/dgzx.hk\/vi\/wp-json\/wp\/v2\/product_cat?post=12337"},{"taxonomy":"product_tag","embeddable":true,"href":"https:\/\/dgzx.hk\/vi\/wp-json\/wp\/v2\/product_tag?post=12337"}],"curies":[{"name":"wp","href":"https:\/\/api.w.org\/{rel}","templated":true}]}}