{"id":12349,"date":"2023-09-14T00:23:32","date_gmt":"2023-09-14T00:23:32","guid":{"rendered":"https:\/\/dgzx.hk?post_type=product&#038;p=12349"},"modified":"2025-03-05T11:26:14","modified_gmt":"2025-03-05T11:26:14","slug":"dgzx-ba018aa40m3-51-os04a10-wire-camera-4mp-2kp-high-dynamic-infrared-enhanced-wide-angle-camera-module-mipi","status":"publish","type":"product","link":"https:\/\/dgzx.hk\/vi\/san-pham\/dgzx-ba018aa40m3-51-os04a10-camera-day-4mp-2kp-hong-ngoai-dong-cao-tang-cuong-camera-goc-rong-mo-dun-mipi\/","title":{"rendered":"DGZX-BA018AA40M3-51 OS04A10 Camera d\u00e2y 4MP 2KP M\u00f4-\u0111un camera g\u00f3c r\u1ed9ng t\u0103ng c\u01b0\u1eddng h\u1ed3ng ngo\u1ea1i \u0111\u1ed9ng cao MIPI"},"content":{"rendered":"<p style=\"margin-bottom: 0.12rem; padding: 0px; color: rgb(30, 31, 36); font-family: -apple-system, BlinkMacSystemFont, &quot;Segoe UI&quot;, Helvetica, Arial, sans-serif, &quot;Apple Color Emoji&quot;, &quot;Segoe UI Emoji&quot;; font-size: 16px; text-align: justify; white-space: normal; text-indent: 2em; line-height: 2em;\"><span style=\"font-family: arial, helvetica, sans-serif; font-size: 16px;\">Camera d\u00e2y DGZX-BA018AA40M3-51 OS04A10 4MP 2KP M\u00f4-\u0111un camera g\u00f3c r\u1ed9ng t\u0103ng c\u01b0\u1eddng h\u1ed3ng ngo\u1ea1i \u0111\u1ed9ng cao MIPI l\u00e0 m\u00f4-\u0111un camera hi\u1ec7u su\u1ea5t cao c\u00f3 giao di\u1ec7n MIPI. Ch\u1ee7 y\u1ebfu \u0111\u01b0\u1ee3c s\u1eed d\u1ee5ng \u0111\u1ec3 quay v\u00e0 truy\u1ec1n video \u0111\u1ed9 n\u00e9t cao, \u0111\u1ed9 ch\u00ednh x\u00e1c cao v\u00e0 t\u1ed1c \u0111\u1ed9 cao.<\/span><\/p>\n<p style=\"margin-bottom: 0px; padding: 0px; color: rgb(30, 31, 36); font-family: -apple-system, BlinkMacSystemFont, &quot;Segoe UI&quot;, Helvetica, Arial, sans-serif, &quot;Apple Color Emoji&quot;, &quot;Segoe UI Emoji&quot;; font-size: 16px; text-align: justify; white-space: normal; text-indent: 2em; line-height: 2em;\"><span style=\"font-family: arial, helvetica, sans-serif; font-size: 16px;\">M\u00f4-\u0111un m\u00e1y \u1ea3nh n\u00e0y s\u1eed d\u1ee5ng c\u1ea3m bi\u1ebfn h\u00ecnh \u1ea3nh CMOS 4 megapixel v\u00e0 c\u00f3 th\u1ec3 \u0111\u1ea1t \u0111\u01b0\u1ee3c \u0111\u1ed9 ph\u00e2n gi\u1ea3i video \u0111\u1ea7u ra 2K (1920 x 1080) \u1edf t\u1ed1c \u0111\u1ed9 30 khung h\u00ecnh\/gi\u00e2y. N\u00f3 h\u1ed7 tr\u1ee3 c\u00f4ng ngh\u1ec7 ch\u1ee5p \u1ea3nh HDR (D\u1ea3i \u0111\u1ed9ng cao), c\u00f3 th\u1ec3 c\u1ea3i thi\u1ec7n \u0111\u1ed9 s\u00e1ng v\u00e0 \u0111\u1ed9 t\u01b0\u01a1ng ph\u1ea3n c\u1ee7a h\u00ecnh \u1ea3nh. Ngo\u00e0i ra, m\u00f4-\u0111un c\u0169ng h\u1ed7 tr\u1ee3 ch\u1ee5p \u1ea3nh g\u00f3c r\u1ed9ng n\u00e2ng cao, c\u00f3 th\u1ec3 \u0111\u1ea1t \u0111\u01b0\u1ee3c g\u00f3c nh\u00ecn l\u00ean t\u1edbi 130 \u0111\u1ed9. M\u00f4-\u0111un c\u0169ng h\u1ed7 tr\u1ee3 ch\u1ee9c n\u0103ng nh\u00ecn ban \u0111\u00eam, c\u00f3 th\u1ec3 x\u00e1c \u0111\u1ecbnh hi\u1ec7u qu\u1ea3 c\u00e1c m\u1ee5c ti\u00eau trong m\u00f4i tr\u01b0\u1eddng thi\u1ebfu s\u00e1ng. Giao di\u1ec7n MIPI c\u1ee7a m\u00f4-\u0111un \u0111\u1ea3m b\u1ea3o t\u1ed1c \u0111\u1ed9 truy\u1ec1n d\u1eef li\u1ec7u cao v\u00e0 m\u1ee9c ti\u00eau th\u1ee5 \u0111i\u1ec7n n\u0103ng th\u1ea5p.<\/span><\/p>\n<p><\/p>\n<p style=\"text-align: center; text-indent: 2em; line-height: 2em;\"><img decoding=\"async\" src=\"\/wp-content\/uploads\/image\/20230818\/1692352386471518.jpg\" title=\"1692352386471518.jpg\" alt=\"1.jpg\"\/><img decoding=\"async\" src=\"\/wp-content\/uploads\/image\/20230818\/1692352390765186.jpg\" title=\"1692352390765186.jpg\" alt=\"2.jpg\"\/><img decoding=\"async\" src=\"\/wp-content\/uploads\/image\/20230818\/1692352394154187.jpg\" title=\"1692352394154187.jpg\" alt=\"3.jpg\"\/><img decoding=\"async\" src=\"\/wp-content\/uploads\/image\/20230818\/1692352397362415.jpg\" title=\"1692352397362415.jpg\" alt=\"4.jpg\"\/><\/p>\n<p style=\"text-indent: 2em; line-height: 2em;\"><img decoding=\"async\" src=\"\/wp-content\/uploads\/image\/20230818\/1692352408110008.jpg\" title=\"1692352408110008.jpg\" alt=\"DGZX-BA018AA40M3-51 OS04A10 Wire Camera 4MP 2KP High Dynamic infrared enhanced wide-angle camera module MIPI\u63d2\u56fe4\" \/><\/p>\n<p style=\"text-indent: 2em; line-height: 2em;\"><img decoding=\"async\" src=\"\/wp-content\/uploads\/image\/20230818\/1692352408748113.png\" title=\"1692352408748113.png\" alt=\"DGZX-BA018AA40M3-51 OS04A10 Wire Camera 4MP 2KP High Dynamic infrared enhanced wide-angle camera module MIPI\u63d2\u56fe5\" \/><\/p>\n<p style=\"text-indent: 2em; line-height: 2em;\"><img decoding=\"async\" src=\"\/wp-content\/uploads\/image\/20230818\/1692352408258388.png\" title=\"1692352408258388.png\" alt=\"DGZX-BA018AA40M3-51 OS04A10 Wire Camera 4MP 2KP High Dynamic infrared enhanced wide-angle camera module MIPI\u63d2\u56fe6\" \/><\/p>\n<p style=\"text-indent: 2em; line-height: 2em;\"><img decoding=\"async\" src=\"\/wp-content\/uploads\/image\/20230818\/1692352409426873.png\" title=\"1692352409426873.png\" alt=\"DGZX-BA018AA40M3-51 OS04A10 Wire Camera 4MP 2KP High Dynamic infrared enhanced wide-angle camera module MIPI\u63d2\u56fe7\" \/><\/p>\n<p><\/p>\n<p><\/p>\n<p><\/p>\n<p><\/p>\n<p><\/p>\n<p><\/p>\n<p><\/p>\n<p><\/p>\n<p><\/p>\n<p><\/p>\n<p><\/p>\n<p><\/p>\n<p><\/p>\n<p><\/p>","protected":false},"excerpt":{"rendered":"<p>The DGZX-BA018AA40M3-51 OS04A10 Wire Camera 4MP 2KP High Dynamic Infrared Enhanced Wide-angle Camera Module MIPI is a high-performance camera module with MIPI interface. It is mainly used for high-definition, high-precision and high-speed video capture and transmission. This camera module adopts a 4-megapixel CMOS image sensor and can achieve 2K (1920 x 1080) resolution video output at 30fps. It supports HDR (High Dynamic Range) image capture technology, which can improve the brightness and contrast of the image. In addition, the module also supports enhanced wide-angle image capture, which can achieve a viewing angle of up to 130 degrees. The module also supports night vision function, which can effectively identify targets in low light environments. The MIPI interface of the module ensures its high data transmission rate and low power consumption.<\/p>","protected":false},"featured_media":12137,"comment_status":"closed","ping_status":"closed","template":"","meta":{"_eb_attr":""},"product_cat":[312],"product_tag":[496,497,498,473],"class_list":{"0":"post-12349","1":"product","2":"type-product","3":"status-publish","4":"has-post-thumbnail","6":"product_cat-mipi-camera-module","7":"product_tag-os04a10","8":"product_tag-4mp","9":"product_tag-120fps","10":"product_tag-mipi","11":"pa_resolution-4mp-2k-camera-module","13":"first","14":"instock","15":"shipping-taxable","16":"product-type-simple"},"_links":{"self":[{"href":"https:\/\/dgzx.hk\/vi\/wp-json\/wp\/v2\/product\/12349","targetHints":{"allow":["GET"]}}],"collection":[{"href":"https:\/\/dgzx.hk\/vi\/wp-json\/wp\/v2\/product"}],"about":[{"href":"https:\/\/dgzx.hk\/vi\/wp-json\/wp\/v2\/types\/product"}],"replies":[{"embeddable":true,"href":"https:\/\/dgzx.hk\/vi\/wp-json\/wp\/v2\/comments?post=12349"}],"version-history":[{"count":0,"href":"https:\/\/dgzx.hk\/vi\/wp-json\/wp\/v2\/product\/12349\/revisions"}],"wp:featuredmedia":[{"embeddable":true,"href":"https:\/\/dgzx.hk\/vi\/wp-json\/wp\/v2\/media\/12137"}],"wp:attachment":[{"href":"https:\/\/dgzx.hk\/vi\/wp-json\/wp\/v2\/media?parent=12349"}],"wp:term":[{"taxonomy":"product_cat","embeddable":true,"href":"https:\/\/dgzx.hk\/vi\/wp-json\/wp\/v2\/product_cat?post=12349"},{"taxonomy":"product_tag","embeddable":true,"href":"https:\/\/dgzx.hk\/vi\/wp-json\/wp\/v2\/product_tag?post=12349"}],"curies":[{"name":"wp","href":"https:\/\/api.w.org\/{rel}","templated":true}]}}