{"id":13420,"date":"2024-10-28T11:39:15","date_gmt":"2024-10-28T11:39:15","guid":{"rendered":"https:\/\/dgzx.hk?post_type=product&#038;p=13420"},"modified":"2025-03-05T11:15:35","modified_gmt":"2025-03-05T11:15:35","slug":"psd030k-0-3mp-global-exposure-wide-angle-dvp-cmos-camera-module","status":"publish","type":"product","link":"https:\/\/dgzx.hk\/vi\/san-pham\/psd030k-0-3mp-global-exposure-wide-angle-dvp-cmos-camera-module\/","title":{"rendered":"PSD030K M\u00f4-\u0111un camera CMOS DVP g\u00f3c r\u1ed9ng 0,3MP to\u00e0n c\u1ea7u"},"content":{"rendered":"<p style=\"line-height: 1.5em; text-align: left; text-indent: 2em;\"><span style=\"font-size: 16px; font-family: arial, helvetica, sans-serif;\"><\/span><\/p>\n<h4 style=\"text-align: left; text-indent: 2em;\">Thu\u1ed9c t\u00ednh c\u1ee5 th\u1ec3 c\u1ee7a ng\u00e0nh<\/h4>\n<p style=\"text-align: left; text-indent: 2em;\">Ch\u1ee9c n\u0103ng: G\u00f3c r\u1ed9ng<\/p>\n<p style=\"text-align: left; text-indent: 2em;\">T\u00f9y ch\u1ecdn l\u01b0u tr\u1eef d\u1eef li\u1ec7u: Full HD<\/p>\n<h4 style=\"text-align: left; text-indent: 2em;\">C\u00e1c thu\u1ed9c t\u00ednh kh\u00e1c<\/h4>\n<p style=\"text-align: left; text-indent: 2em;\">B\u1ea3o h\u00e0nh: 1 n\u0103m<\/p>\n<p style=\"text-align: left; text-indent: 2em;\">T\u00ednh n\u0103ng \u0111\u1eb7c bi\u1ec7t: T\u1ea6M NH\u00ccN BAN \u0110\u00caM<\/p>\n<p style=\"text-align: left; text-indent: 2em;\">M\u1ea1ng\uff1aSDK<\/p>\n<p style=\"text-align: left; text-indent: 2em;\">\u0110\u1ecbnh d\u1ea1ng n\u00e9n video: H.264<\/p>\n<p style=\"text-align: left; text-indent: 2em;\">\u1ee8ng d\u1ee5ng: Trong nh\u00e0, Ngo\u00e0i tr\u1eddi<\/p>\n<p style=\"text-align: left; text-indent: 2em;\">H\u1ed7 tr\u1ee3 t\u00f9y ch\u1ec9nh: H\u1ed7 tr\u1ee3 k\u1ef9 thu\u1eadt tr\u1ef1c tuy\u1ebfn, Logo t\u00f9y ch\u1ec9nh, OEM, ODM, Thi\u1ebft k\u1ebf l\u1ea1i ph\u1ea7n m\u1ec1m<\/p>\n<p style=\"text-align: left; text-indent: 2em;\">Image Sensor\uff1aPSD030K<\/p>\n<p style=\"text-align: left; text-indent: 2em;\">Interface\uff1advp<\/p>\n<p style=\"text-align: left; text-indent: 2em;\">Pixel\uff1a0.3MP<\/p>\n<p style=\"text-align: left; text-indent: 2em;\">Module Dimensions\uff1a24mm<\/p>\n<p style=\"text-align: left; text-indent: 2em;\">HD\uff1a644*484<\/p>\n<p style=\"text-align: left; text-indent: 2em;\">Frame rate\uff1a240fps<\/p>\n<p style=\"text-align: left; text-indent: 2em;\">Lens Size\uff1a1\/7.5 inch<\/p>\n<p style=\"text-align: left; text-indent: 2em;\">Kh\u00f4ng gian m\u00e0u \/ n\u00e9n\uff1aRAW<\/p>\n<p style=\"text-align: left; text-indent: 2em;\">H\u1ec7 th\u1ed1ng t\u01b0\u01a1ng th\u00edch\uff1aWindows Android Linux<\/p>\n<p style=\"text-align: left; text-indent: 2em;\">Ch\u1ee9ng nh\u1eadn: RoHS<\/p>\n<p style=\"line-height: 1.5em; text-align: left; text-indent: 2em;\"><span style=\"font-size: 16px; font-family: arial, helvetica, sans-serif;\"><\/span><\/p>\n<p style=\"text-align: left; text-indent: 2em;\"><img decoding=\"async\" src=\"https:\/\/sc04.alicdn.com\/kf\/H6c7078a16dbb490494e346b5114cd0bfb\/252249410\/H6c7078a16dbb490494e346b5114cd0bfb.jpg\" class=\"magic-3\" title=\"PSD030K 0.3MP Global exposure wide angle DVP CMOS camera module\u63d2\u56fe\" alt=\"PSD030K 0.3MP Global exposure wide angle DVP CMOS camera module\u63d2\u56fe\" \/><\/p>\n<p style=\"line-height: 1.5em; text-align: left; text-indent: 2em;\"><img decoding=\"async\" src=\"https:\/\/sc04.alicdn.com\/kf\/Hc20554137d7f49b392575d10c393a849w\/252249410\/Hc20554137d7f49b392575d10c393a849w.jpg\" class=\"magic-3\" title=\"PSD030K 0.3MP Global exposure wide angle DVP CMOS camera module\u63d2\u56fe1\" alt=\"PSD030K 0.3MP Global exposure wide angle DVP CMOS camera module\u63d2\u56fe1\" \/><\/p>\n<p style=\"line-height: 1.5em; text-align: left; text-indent: 2em;\"><img decoding=\"async\" src=\"https:\/\/sc04.alicdn.com\/kf\/H1e9ac2ad012c400fbc899570f93a4aceX\/252249410\/H1e9ac2ad012c400fbc899570f93a4aceX.jpg\" class=\"magic-3\" title=\"PSD030K 0.3MP Global exposure wide angle DVP CMOS camera module\u63d2\u56fe2\" alt=\"PSD030K 0.3MP Global exposure wide angle DVP CMOS camera module\u63d2\u56fe2\" \/><\/p>\n<p style=\"line-height: 1.5em; text-align: left; text-indent: 2em;\"><img decoding=\"async\" src=\"https:\/\/sc04.alicdn.com\/kf\/He133e459b4d8435e8af095d88d02873fQ\/252249410\/He133e459b4d8435e8af095d88d02873fQ.jpg\" class=\"magic-3\" title=\"PSD030K 0.3MP Global exposure wide angle DVP CMOS camera module\u63d2\u56fe3\" alt=\"PSD030K 0.3MP Global exposure wide angle DVP CMOS camera module\u63d2\u56fe3\" \/><\/p>\n<p style=\"line-height: 1.5em; text-align: left; text-indent: 2em;\"><img decoding=\"async\" src=\"https:\/\/sc04.alicdn.com\/kf\/H34f5fd4e9c554b39aa063f361577cec4c\/252249410\/H34f5fd4e9c554b39aa063f361577cec4c.jpg\" class=\"magic-3\" title=\"PSD030K 0.3MP Global exposure wide angle DVP CMOS camera module\u63d2\u56fe4\" alt=\"PSD030K 0.3MP Global exposure wide angle DVP CMOS camera module\u63d2\u56fe4\" \/><\/p>\n<p style=\"line-height: 1.5em; text-align: left; text-indent: 2em;\"><img decoding=\"async\" src=\"\/wp-content\/uploads\/image\/20230908\/1694166099339520.jpg\" title=\"1694166099339520.jpg\" alt=\"PSD030K 0.3MP Global exposure wide angle DVP CMOS camera module\u63d2\u56fe5\" \/><\/p>\n<p style=\"line-height: 1.5em; text-align: left; text-indent: 2em;\"><img decoding=\"async\" src=\"\/wp-content\/uploads\/image\/20230908\/1694166099743735.png\" title=\"1694166099743735.png\" alt=\"PSD030K 0.3MP Global exposure wide angle DVP CMOS camera module\u63d2\u56fe6\" \/><\/p>\n<p style=\"line-height: 1.5em; text-align: left; text-indent: 2em;\"><img decoding=\"async\" src=\"\/wp-content\/uploads\/image\/20230908\/1694166100543576.png\" title=\"1694166100543576.png\" alt=\"PSD030K 0.3MP Global exposure wide angle DVP CMOS camera module\u63d2\u56fe7\" \/><\/p>\n<p style=\"line-height: 1.5em; text-align: left; text-indent: 2em;\"><img decoding=\"async\" src=\"\/wp-content\/uploads\/image\/20230908\/1694166100531099.png\" title=\"1694166100531099.png\" alt=\"PSD030K 0.3MP Global exposure wide angle DVP CMOS camera module\u63d2\u56fe8\" \/><\/p>\n<p style=\"line-height: 1.5em; text-align: left; text-indent: 2em;\"><span style=\"font-style: inherit; font-variant-ligatures: inherit; font-variant-caps: inherit; font-weight: inherit; color: #0C0C0C; font-size: 16px; font-family: arial, helvetica, sans-serif;\"><\/p>\n<p><\/span><\/p>\n<p><\/p>","protected":false},"excerpt":{"rendered":"<p>Industry-specific attributes Function\uff1aWide Angle Data Storage Options\uff1aFull HD Other attributes Warranty\uff1a1 Year Special Features\uff1aNIGHT VISION Network\uff1aSDK Video Compression Format\uff1aH.264 Application\uff1aIndoor, Outdoor Customized support\uff1aOnline technical support, Customized logo, OEM, ODM, Software reengineering Image Sensor\uff1aPSD030K Interface\uff1advp Pixel\uff1a0.3MP Module Dimensions\uff1a24mm HD\uff1a644*484 Frame rate\uff1a240fps Lens Size\uff1a1\/7.5 inch Color space \/ compression\uff1aRAW System compatible\uff1aWindows Android Linux Certification\uff1aRoHS<\/p>","protected":false},"featured_media":12294,"comment_status":"closed","ping_status":"closed","template":"","meta":{"_eb_attr":""},"product_cat":[35],"product_tag":[467,456,458,459],"class_list":{"0":"post-13420","1":"product","2":"type-product","3":"status-publish","4":"has-post-thumbnail","6":"product_cat-oem-camera-module","7":"product_tag-dvp","8":"product_tag-psd030k","9":"product_tag-global-exposure","10":"product_tag-wide-angle","11":"pa_resolution-vag-0-3mp-camera-module","13":"first","14":"instock","15":"shipping-taxable","16":"product-type-simple"},"_links":{"self":[{"href":"https:\/\/dgzx.hk\/vi\/wp-json\/wp\/v2\/product\/13420","targetHints":{"allow":["GET"]}}],"collection":[{"href":"https:\/\/dgzx.hk\/vi\/wp-json\/wp\/v2\/product"}],"about":[{"href":"https:\/\/dgzx.hk\/vi\/wp-json\/wp\/v2\/types\/product"}],"replies":[{"embeddable":true,"href":"https:\/\/dgzx.hk\/vi\/wp-json\/wp\/v2\/comments?post=13420"}],"version-history":[{"count":0,"href":"https:\/\/dgzx.hk\/vi\/wp-json\/wp\/v2\/product\/13420\/revisions"}],"wp:featuredmedia":[{"embeddable":true,"href":"https:\/\/dgzx.hk\/vi\/wp-json\/wp\/v2\/media\/12294"}],"wp:attachment":[{"href":"https:\/\/dgzx.hk\/vi\/wp-json\/wp\/v2\/media?parent=13420"}],"wp:term":[{"taxonomy":"product_cat","embeddable":true,"href":"https:\/\/dgzx.hk\/vi\/wp-json\/wp\/v2\/product_cat?post=13420"},{"taxonomy":"product_tag","embeddable":true,"href":"https:\/\/dgzx.hk\/vi\/wp-json\/wp\/v2\/product_tag?post=13420"}],"curies":[{"name":"wp","href":"https:\/\/api.w.org\/{rel}","templated":true}]}}