{"id":15922,"date":"2025-12-27T09:37:29","date_gmt":"2025-12-27T09:37:29","guid":{"rendered":"https:\/\/dgzx.hk\/?post_type=product&#038;p=15922"},"modified":"2025-12-27T09:37:30","modified_gmt":"2025-12-27T09:37:30","slug":"dgzx-starlight-low-illumination-camera-imx290-chip-1080p-120fps-fill-light-option-module-mipi-output-wide-dynamic","status":"publish","type":"product","link":"https:\/\/dgzx.hk\/vi\/san-pham\/camera-dgzx-starlight-chieu-sang-yeu-chip-imx290-do-phan-giai-1080p-toc-do-khung-hinh-120fps-tuy-chon-den-chieu-sang-phu-module-dau-ra-mipi-dai-dong-rong\/","title":{"rendered":"Camera DGZX Starlight \u0111\u1ed9 nh\u1ea1y s\u00e1ng th\u1ea5p, chip IMX290, \u0111\u1ed9 ph\u00e2n gi\u1ea3i 1080P, t\u1ed1c \u0111\u1ed9 khung h\u00ecnh 120fps, m\u00f4-\u0111un t\u00f9y ch\u1ecdn \u0111\u00e8n chi\u1ebfu s\u00e1ng ph\u1ee5, \u0111\u1ea7u ra Mipi, d\u1ea3i \u0111\u1ed9ng r\u1ed9ng."},"content":{"rendered":"<div class=\"magic-2\"><img decoding=\"async\" class=\"magic-3 aligncenter\" src=\"https:\/\/sc04.alicdn.com\/kf\/H85d5869cc38448f284dcc7507a77e5829\/252249410\/H85d5869cc38448f284dcc7507a77e5829.jpg\" data-src=\"\/\/sc04.alicdn.com\/kf\/H85d5869cc38448f284dcc7507a77e5829\/252249410\/H85d5869cc38448f284dcc7507a77e5829.jpg\" data-spm-anchor-id=\"a2700.details-description.0.i0.60ed1hMz1hMzZ3\" title=\"DGZX Starlight Low Illumination Camera IMX290 Chip 1080P 120fps Fill Light Option Module Mipi Output Wide Dynamic\u63d2\u56fe\" alt=\"DGZX Starlight Low Illumination Camera IMX290 Chip 1080P 120fps Fill Light Option Module Mipi Output Wide Dynamic\u63d2\u56fe\" \/><\/div>\n<div class=\"magic-2\" style=\"text-align: center;\"><img decoding=\"async\" class=\"magic-3\" src=\"https:\/\/sc04.alicdn.com\/kf\/Hd219c85e343643e8b2434140982feb31D\/252249410\/Hd219c85e343643e8b2434140982feb31D.jpg\" data-src=\"\/\/sc04.alicdn.com\/kf\/Hd219c85e343643e8b2434140982feb31D\/252249410\/Hd219c85e343643e8b2434140982feb31D.jpg\" data-spm-anchor-id=\"a2700.details-description.0.i1.60ed1hMz1hMzZ3\" title=\"DGZX Starlight Low Illumination Camera IMX290 Chip 1080P 120fps Fill Light Option Module Mipi Output Wide Dynamic\u63d2\u56fe1\" alt=\"DGZX Starlight Low Illumination Camera IMX290 Chip 1080P 120fps Fill Light Option Module Mipi Output Wide Dynamic\u63d2\u56fe1\" \/><\/div>\n<div class=\"magic-2\" style=\"text-align: center;\"><img decoding=\"async\" class=\"magic-3\" src=\"https:\/\/sc04.alicdn.com\/kf\/H6ea3a24eb6774e33b15453fe19cecec0s\/252249410\/H6ea3a24eb6774e33b15453fe19cecec0s.jpg\" data-src=\"\/\/sc04.alicdn.com\/kf\/H6ea3a24eb6774e33b15453fe19cecec0s\/252249410\/H6ea3a24eb6774e33b15453fe19cecec0s.jpg\" data-spm-anchor-id=\"a2700.details-description.0.i2.60ed1hMz1hMzZ3\" title=\"DGZX Starlight Low Illumination Camera IMX290 Chip 1080P 120fps Fill Light Option Module Mipi Output Wide Dynamic\u63d2\u56fe2\" alt=\"DGZX Starlight Low Illumination Camera IMX290 Chip 1080P 120fps Fill Light Option Module Mipi Output Wide Dynamic\u63d2\u56fe2\" \/><\/div>\n<div class=\"magic-2\" style=\"text-align: center;\"><img decoding=\"async\" class=\"magic-3\" src=\"https:\/\/sc04.alicdn.com\/kf\/H72bfcde0153d42d8857f6b58fb6e113aT\/252249410\/H72bfcde0153d42d8857f6b58fb6e113aT.jpg\" data-src=\"\/\/sc04.alicdn.com\/kf\/H72bfcde0153d42d8857f6b58fb6e113aT\/252249410\/H72bfcde0153d42d8857f6b58fb6e113aT.jpg\" data-spm-anchor-id=\"a2700.details-description.0.i3.60ed1hMz1hMzZ3\" title=\"DGZX Starlight Low Illumination Camera IMX290 Chip 1080P 120fps Fill Light Option Module Mipi Output Wide Dynamic\u63d2\u56fe3\" alt=\"DGZX Starlight Low Illumination Camera IMX290 Chip 1080P 120fps Fill Light Option Module Mipi Output Wide Dynamic\u63d2\u56fe3\" \/><\/div>\n<div class=\"magic-2\"><img decoding=\"async\" class=\"magic-3 aligncenter\" src=\"https:\/\/sc04.alicdn.com\/kf\/H2bdff098a32841a7a2d5c0f3d284489di\/252249410\/H2bdff098a32841a7a2d5c0f3d284489di.jpg\" data-src=\"\/\/sc04.alicdn.com\/kf\/H2bdff098a32841a7a2d5c0f3d284489di\/252249410\/H2bdff098a32841a7a2d5c0f3d284489di.jpg\" data-spm-anchor-id=\"a2700.details-description.0.i4.60ed1hMz1hMzZ3\" title=\"DGZX Starlight Low Illumination Camera IMX290 Chip 1080P 120fps Fill Light Option Module Mipi Output Wide Dynamic\u63d2\u56fe4\" alt=\"DGZX Starlight Low Illumination Camera IMX290 Chip 1080P 120fps Fill Light Option Module Mipi Output Wide Dynamic\u63d2\u56fe4\" \/><\/div>","protected":false},"excerpt":{"rendered":"","protected":false},"featured_media":15928,"comment_status":"closed","ping_status":"closed","template":"","meta":{"_eb_attr":""},"product_cat":[312],"product_tag":[765,748,498,495,473,466,127],"class_list":{"0":"post-15922","1":"product","2":"type-product","3":"status-publish","4":"has-post-thumbnail","6":"product_cat-mipi-camera-module","7":"product_tag-low-illumination","8":"product_tag-hd","9":"product_tag-120fps","10":"product_tag-2mp","11":"product_tag-mipi","12":"product_tag-infrared","13":"product_tag-1080p","14":"pa_resolution-2mp-1080p-camera-module","16":"first","17":"instock","18":"shipping-taxable","19":"product-type-simple"},"_links":{"self":[{"href":"https:\/\/dgzx.hk\/vi\/wp-json\/wp\/v2\/product\/15922","targetHints":{"allow":["GET"]}}],"collection":[{"href":"https:\/\/dgzx.hk\/vi\/wp-json\/wp\/v2\/product"}],"about":[{"href":"https:\/\/dgzx.hk\/vi\/wp-json\/wp\/v2\/types\/product"}],"replies":[{"embeddable":true,"href":"https:\/\/dgzx.hk\/vi\/wp-json\/wp\/v2\/comments?post=15922"}],"version-history":[{"count":1,"href":"https:\/\/dgzx.hk\/vi\/wp-json\/wp\/v2\/product\/15922\/revisions"}],"predecessor-version":[{"id":15929,"href":"https:\/\/dgzx.hk\/vi\/wp-json\/wp\/v2\/product\/15922\/revisions\/15929"}],"wp:featuredmedia":[{"embeddable":true,"href":"https:\/\/dgzx.hk\/vi\/wp-json\/wp\/v2\/media\/15928"}],"wp:attachment":[{"href":"https:\/\/dgzx.hk\/vi\/wp-json\/wp\/v2\/media?parent=15922"}],"wp:term":[{"taxonomy":"product_cat","embeddable":true,"href":"https:\/\/dgzx.hk\/vi\/wp-json\/wp\/v2\/product_cat?post=15922"},{"taxonomy":"product_tag","embeddable":true,"href":"https:\/\/dgzx.hk\/vi\/wp-json\/wp\/v2\/product_tag?post=15922"}],"curies":[{"name":"wp","href":"https:\/\/api.w.org\/{rel}","templated":true}]}}